{"id":7521,"date":"2025-10-15T13:45:08","date_gmt":"2025-10-15T10:45:08","guid":{"rendered":"https:\/\/ledana.lt\/produktas\/%d0%bd%d0%be%d0%b2%d0%b8%d0%bd%d0%ba%d0%b0-raw-mix-5-%d1%81%d0%bc%d0%b5%d1%81%d1%8c-%d0%b6%d0%b5%d0%bb%d1%83%d0%b4%d0%ba%d0%be%d0%b2-%d0%b8-%d0%bc%d1%8f%d1%81%d0%b0-%d0%b8%d0%b7%d0%bc%d0%b5%d0%bb\/"},"modified":"2025-11-09T20:40:19","modified_gmt":"2025-11-09T18:40:19","slug":"%d0%bd%d0%be%d0%b2%d0%b8%d0%bd%d0%ba%d0%b0-raw-mix-5-%d1%81%d0%bc%d0%b5%d1%81%d1%8c-%d0%b6%d0%b5%d0%bb%d1%83%d0%b4%d0%ba%d0%be%d0%b2-%d0%b8-%d0%bc%d1%8f%d1%81%d0%b0-%d0%b8%d0%b7%d0%bc%d0%b5%d0%bb","status":"publish","type":"product","link":"https:\/\/ledana.lt\/ru\/produktas\/%d0%bd%d0%be%d0%b2%d0%b8%d0%bd%d0%ba%d0%b0-raw-mix-5-%d1%81%d0%bc%d0%b5%d1%81%d1%8c-%d0%b6%d0%b5%d0%bb%d1%83%d0%b4%d0%ba%d0%be%d0%b2-%d0%b8-%d0%bc%d1%8f%d1%81%d0%b0-%d0%b8%d0%b7%d0%bc%d0%b5%d0%bb\/","title":{"rendered":"\u041d\u041e\u0412\u0418\u041d\u041a\u0410!!! Raw MIX-5, \u0441\u043c\u0435\u0441\u044c \u0436\u0435\u043b\u0443\u0434\u043a\u043e\u0432 \u0438 \u043c\u044f\u0441\u0430, \u0438\u0437\u043c\u0435\u043b\u044c\u0447\u0435\u043d\u0438\u0435 -\u2205 16 \u043c\u043c"},"content":{"rendered":"<p>\u2205\u2205\u0421\u043c\u0435\u0441\u044c \u0438\u0437 (\u0431\u044b\u0447\u044c\u0435\u0433\u043e) :\u0440\u0430\u0437\u043b\u0438\u0447\u043d\u044b\u0435 \u0436\u0435\u043b\u0443\u0434\u043a\u0438-30%,\u043f\u043e\u0447\u043a\u0438-15%,\u0441\u0435\u0440\u0434\u0446\u0430-10%,\u043c\u044f\u0441\u043d\u044b\u0435 \u043e\u0431\u0440\u0435\u0437\u043a\u0438-15%,\u0436\u0435\u043b\u0443\u0434\u043a\u0438-20%,\u0442\u0440\u0430\u0445\u0435\u0438-20%,\u0432\u044b\u043c\u044f-10%,\u0434\u043b\u044f \u0432\u0437\u0440\u043e\u0441\u043b\u044b\u0445 \u0441\u043e\u0431\u0430\u043a.\u0416\u0438\u0440-11,1%,\u0441\u044b\u0440\u043e\u0439 \u043f\u0440\u043e\u0442\u0435\u0438\u043d-15,8%,\u0441\u044b\u0440\u0430\u044f \u0437\u043e\u043b\u0430-1,04%<\/p>\n","protected":false},"excerpt":{"rendered":"<p>\u2205\u2205\u0421\u043c\u0435\u0441\u044c \u0438\u0437 (\u0431\u044b\u0447\u044c\u0435\u0433\u043e) :\u0440\u0430\u0437\u043b\u0438\u0447\u043d\u044b\u0435 \u0436\u0435\u043b\u0443\u0434\u043a\u0438-30%,\u043f\u043e\u0447\u043a\u0438-15%,\u0441\u0435\u0440\u0434\u0446\u0430-10%,\u043c\u044f\u0441\u043d\u044b\u0435 \u043e\u0431\u0440\u0435\u0437\u043a\u0438-15%,\u0436\u0435\u043b\u0443\u0434\u043a\u0438-20%,\u0442\u0440\u0430\u0445\u0435\u0438-20%,\u0432\u044b\u043c\u044f-10%,\u0434\u043b\u044f \u0432\u0437\u0440\u043e\u0441\u043b\u044b\u0445 \u0441\u043e\u0431\u0430\u043a.\u0416\u0438\u0440-11,1%,\u0441\u044b\u0440\u043e\u0439 \u043f\u0440\u043e\u0442\u0435\u0438\u043d-15,8%,\u0441\u044b\u0440\u0430\u044f \u0437\u043e\u043b\u0430-1,04%<\/p>\n","protected":false},"featured_media":7681,"comment_status":"closed","ping_status":"closed","template":"","meta":{"_acf_changed":false},"product_brand":[],"product_cat":[52,54],"product_tag":[],"class_list":{"0":"post-7521","1":"product","2":"type-product","3":"status-publish","4":"has-post-thumbnail","6":"product_cat-52","7":"product_cat-54","9":"first","10":"instock","11":"taxable","12":"shipping-taxable","13":"purchasable","14":"product-type-simple"},"acf":[],"yoast_head":"<!-- This site is optimized with the Yoast SEO plugin v27.3 - https:\/\/yoast.com\/product\/yoast-seo-wordpress\/ -->\n<title>\u041d\u041e\u0412\u0418\u041d\u041a\u0410!!! Raw MIX-5, \u0441\u043c\u0435\u0441\u044c \u0436\u0435\u043b\u0443\u0434\u043a\u043e\u0432 \u0438 \u043c\u044f\u0441\u0430, \u0438\u0437\u043c\u0435\u043b\u044c\u0447\u0435\u043d\u0438\u0435 -\u2205 16 \u043c\u043c - Ledana<\/title>\n<meta name=\"robots\" content=\"index, follow, max-snippet:-1, max-image-preview:large, max-video-preview:-1\" \/>\n<link rel=\"canonical\" href=\"https:\/\/ledana.lt\/ru\/produktas\/%d0%bd%d0%be%d0%b2%d0%b8%d0%bd%d0%ba%d0%b0-raw-mix-5-%d1%81%d0%bc%d0%b5%d1%81%d1%8c-%d0%b6%d0%b5%d0%bb%d1%83%d0%b4%d0%ba%d0%be%d0%b2-%d0%b8-%d0%bc%d1%8f%d1%81%d0%b0-%d0%b8%d0%b7%d0%bc%d0%b5%d0%bb\/\" \/>\n<meta property=\"og:locale\" content=\"ru_RU\" \/>\n<meta property=\"og:type\" content=\"article\" \/>\n<meta property=\"og:title\" content=\"\u041d\u041e\u0412\u0418\u041d\u041a\u0410!!! Raw MIX-5, \u0441\u043c\u0435\u0441\u044c \u0436\u0435\u043b\u0443\u0434\u043a\u043e\u0432 \u0438 \u043c\u044f\u0441\u0430, \u0438\u0437\u043c\u0435\u043b\u044c\u0447\u0435\u043d\u0438\u0435 -\u2205 16 \u043c\u043c - Ledana\" \/>\n<meta property=\"og:description\" content=\"\u2205\u2205\u0421\u043c\u0435\u0441\u044c \u0438\u0437 (\u0431\u044b\u0447\u044c\u0435\u0433\u043e) :\u0440\u0430\u0437\u043b\u0438\u0447\u043d\u044b\u0435 \u0436\u0435\u043b\u0443\u0434\u043a\u0438-30%,\u043f\u043e\u0447\u043a\u0438-15%,\u0441\u0435\u0440\u0434\u0446\u0430-10%,\u043c\u044f\u0441\u043d\u044b\u0435 \u043e\u0431\u0440\u0435\u0437\u043a\u0438-15%,\u0436\u0435\u043b\u0443\u0434\u043a\u0438-20%,\u0442\u0440\u0430\u0445\u0435\u0438-20%,\u0432\u044b\u043c\u044f-10%,\u0434\u043b\u044f \u0432\u0437\u0440\u043e\u0441\u043b\u044b\u0445 \u0441\u043e\u0431\u0430\u043a.\u0416\u0438\u0440-11,1%,\u0441\u044b\u0440\u043e\u0439 \u043f\u0440\u043e\u0442\u0435\u0438\u043d-15,8%,\u0441\u044b\u0440\u0430\u044f \u0437\u043e\u043b\u0430-1,04%\" \/>\n<meta property=\"og:url\" content=\"https:\/\/ledana.lt\/ru\/produktas\/%d0%bd%d0%be%d0%b2%d0%b8%d0%bd%d0%ba%d0%b0-raw-mix-5-%d1%81%d0%bc%d0%b5%d1%81%d1%8c-%d0%b6%d0%b5%d0%bb%d1%83%d0%b4%d0%ba%d0%be%d0%b2-%d0%b8-%d0%bc%d1%8f%d1%81%d0%b0-%d0%b8%d0%b7%d0%bc%d0%b5%d0%bb\/\" \/>\n<meta property=\"og:site_name\" content=\"Ledana\" \/>\n<meta property=\"article:publisher\" content=\"https:\/\/www.facebook.com\/uabledana\" \/>\n<meta property=\"article:modified_time\" content=\"2025-11-09T18:40:19+00:00\" \/>\n<meta property=\"og:image\" content=\"https:\/\/ledana.lt\/wp-content\/uploads\/2023\/08\/suo-atsidedes-pre-stalo.jpg\" \/>\n\t<meta property=\"og:image:width\" content=\"1177\" \/>\n\t<meta property=\"og:image:height\" content=\"627\" \/>\n\t<meta property=\"og:image:type\" content=\"image\/jpeg\" \/>\n<meta name=\"twitter:card\" content=\"summary_large_image\" \/>\n<script type=\"application\/ld+json\" class=\"yoast-schema-graph\">{\"@context\":\"https:\\\/\\\/schema.org\",\"@graph\":[{\"@type\":\"WebPage\",\"@id\":\"https:\\\/\\\/ledana.lt\\\/ru\\\/produktas\\\/%d0%bd%d0%be%d0%b2%d0%b8%d0%bd%d0%ba%d0%b0-raw-mix-5-%d1%81%d0%bc%d0%b5%d1%81%d1%8c-%d0%b6%d0%b5%d0%bb%d1%83%d0%b4%d0%ba%d0%be%d0%b2-%d0%b8-%d0%bc%d1%8f%d1%81%d0%b0-%d0%b8%d0%b7%d0%bc%d0%b5%d0%bb\\\/\",\"url\":\"https:\\\/\\\/ledana.lt\\\/ru\\\/produktas\\\/%d0%bd%d0%be%d0%b2%d0%b8%d0%bd%d0%ba%d0%b0-raw-mix-5-%d1%81%d0%bc%d0%b5%d1%81%d1%8c-%d0%b6%d0%b5%d0%bb%d1%83%d0%b4%d0%ba%d0%be%d0%b2-%d0%b8-%d0%bc%d1%8f%d1%81%d0%b0-%d0%b8%d0%b7%d0%bc%d0%b5%d0%bb\\\/\",\"name\":\"\u041d\u041e\u0412\u0418\u041d\u041a\u0410!!! Raw MIX-5, \u0441\u043c\u0435\u0441\u044c \u0436\u0435\u043b\u0443\u0434\u043a\u043e\u0432 \u0438 \u043c\u044f\u0441\u0430, \u0438\u0437\u043c\u0435\u043b\u044c\u0447\u0435\u043d\u0438\u0435 -\u2205 16 \u043c\u043c - Ledana\",\"isPartOf\":{\"@id\":\"https:\\\/\\\/ledana.lt\\\/ru\\\/#website\"},\"primaryImageOfPage\":{\"@id\":\"https:\\\/\\\/ledana.lt\\\/ru\\\/produktas\\\/%d0%bd%d0%be%d0%b2%d0%b8%d0%bd%d0%ba%d0%b0-raw-mix-5-%d1%81%d0%bc%d0%b5%d1%81%d1%8c-%d0%b6%d0%b5%d0%bb%d1%83%d0%b4%d0%ba%d0%be%d0%b2-%d0%b8-%d0%bc%d1%8f%d1%81%d0%b0-%d0%b8%d0%b7%d0%bc%d0%b5%d0%bb\\\/#primaryimage\"},\"image\":{\"@id\":\"https:\\\/\\\/ledana.lt\\\/ru\\\/produktas\\\/%d0%bd%d0%be%d0%b2%d0%b8%d0%bd%d0%ba%d0%b0-raw-mix-5-%d1%81%d0%bc%d0%b5%d1%81%d1%8c-%d0%b6%d0%b5%d0%bb%d1%83%d0%b4%d0%ba%d0%be%d0%b2-%d0%b8-%d0%bc%d1%8f%d1%81%d0%b0-%d0%b8%d0%b7%d0%bc%d0%b5%d0%bb\\\/#primaryimage\"},\"thumbnailUrl\":\"https:\\\/\\\/ledana.lt\\\/wp-content\\\/uploads\\\/2025\\\/10\\\/dsc4047-2-scaled.jpeg\",\"datePublished\":\"2025-10-15T10:45:08+00:00\",\"dateModified\":\"2025-11-09T18:40:19+00:00\",\"breadcrumb\":{\"@id\":\"https:\\\/\\\/ledana.lt\\\/ru\\\/produktas\\\/%d0%bd%d0%be%d0%b2%d0%b8%d0%bd%d0%ba%d0%b0-raw-mix-5-%d1%81%d0%bc%d0%b5%d1%81%d1%8c-%d0%b6%d0%b5%d0%bb%d1%83%d0%b4%d0%ba%d0%be%d0%b2-%d0%b8-%d0%bc%d1%8f%d1%81%d0%b0-%d0%b8%d0%b7%d0%bc%d0%b5%d0%bb\\\/#breadcrumb\"},\"inLanguage\":\"ru-RU\",\"potentialAction\":[{\"@type\":\"ReadAction\",\"target\":[\"https:\\\/\\\/ledana.lt\\\/ru\\\/produktas\\\/%d0%bd%d0%be%d0%b2%d0%b8%d0%bd%d0%ba%d0%b0-raw-mix-5-%d1%81%d0%bc%d0%b5%d1%81%d1%8c-%d0%b6%d0%b5%d0%bb%d1%83%d0%b4%d0%ba%d0%be%d0%b2-%d0%b8-%d0%bc%d1%8f%d1%81%d0%b0-%d0%b8%d0%b7%d0%bc%d0%b5%d0%bb\\\/\"]}]},{\"@type\":\"ImageObject\",\"inLanguage\":\"ru-RU\",\"@id\":\"https:\\\/\\\/ledana.lt\\\/ru\\\/produktas\\\/%d0%bd%d0%be%d0%b2%d0%b8%d0%bd%d0%ba%d0%b0-raw-mix-5-%d1%81%d0%bc%d0%b5%d1%81%d1%8c-%d0%b6%d0%b5%d0%bb%d1%83%d0%b4%d0%ba%d0%be%d0%b2-%d0%b8-%d0%bc%d1%8f%d1%81%d0%b0-%d0%b8%d0%b7%d0%bc%d0%b5%d0%bb\\\/#primaryimage\",\"url\":\"https:\\\/\\\/ledana.lt\\\/wp-content\\\/uploads\\\/2025\\\/10\\\/dsc4047-2-scaled.jpeg\",\"contentUrl\":\"https:\\\/\\\/ledana.lt\\\/wp-content\\\/uploads\\\/2025\\\/10\\\/dsc4047-2-scaled.jpeg\",\"width\":2560,\"height\":1726},{\"@type\":\"BreadcrumbList\",\"@id\":\"https:\\\/\\\/ledana.lt\\\/ru\\\/produktas\\\/%d0%bd%d0%be%d0%b2%d0%b8%d0%bd%d0%ba%d0%b0-raw-mix-5-%d1%81%d0%bc%d0%b5%d1%81%d1%8c-%d0%b6%d0%b5%d0%bb%d1%83%d0%b4%d0%ba%d0%be%d0%b2-%d0%b8-%d0%bc%d1%8f%d1%81%d0%b0-%d0%b8%d0%b7%d0%bc%d0%b5%d0%bb\\\/#breadcrumb\",\"itemListElement\":[{\"@type\":\"ListItem\",\"position\":1,\"name\":\"Home\",\"item\":\"https:\\\/\\\/ledana.lt\\\/ru\\\/\"},{\"@type\":\"ListItem\",\"position\":2,\"name\":\"Parduotuv\u0117\",\"item\":\"https:\\\/\\\/ledana.lt\\\/parduotuve\\\/\"},{\"@type\":\"ListItem\",\"position\":3,\"name\":\"\u041d\u041e\u0412\u0418\u041d\u041a\u0410!!! Raw MIX-5, \u0441\u043c\u0435\u0441\u044c \u0436\u0435\u043b\u0443\u0434\u043a\u043e\u0432 \u0438 \u043c\u044f\u0441\u0430, \u0438\u0437\u043c\u0435\u043b\u044c\u0447\u0435\u043d\u0438\u0435 -\u2205 16 \u043c\u043c\"}]},{\"@type\":\"WebSite\",\"@id\":\"https:\\\/\\\/ledana.lt\\\/ru\\\/#website\",\"url\":\"https:\\\/\\\/ledana.lt\\\/ru\\\/\",\"name\":\"Ledana\",\"description\":\"Naturalus \u0161un\u0173 \u0117dalas\",\"publisher\":{\"@id\":\"https:\\\/\\\/ledana.lt\\\/ru\\\/#organization\"},\"potentialAction\":[{\"@type\":\"SearchAction\",\"target\":{\"@type\":\"EntryPoint\",\"urlTemplate\":\"https:\\\/\\\/ledana.lt\\\/ru\\\/?s={search_term_string}\"},\"query-input\":{\"@type\":\"PropertyValueSpecification\",\"valueRequired\":true,\"valueName\":\"search_term_string\"}}],\"inLanguage\":\"ru-RU\"},{\"@type\":\"Organization\",\"@id\":\"https:\\\/\\\/ledana.lt\\\/ru\\\/#organization\",\"name\":\"Ledana\",\"url\":\"https:\\\/\\\/ledana.lt\\\/ru\\\/\",\"logo\":{\"@type\":\"ImageObject\",\"inLanguage\":\"ru-RU\",\"@id\":\"https:\\\/\\\/ledana.lt\\\/ru\\\/#\\\/schema\\\/logo\\\/image\\\/\",\"url\":\"https:\\\/\\\/ledana.lt\\\/wp-content\\\/uploads\\\/2023\\\/08\\\/Ledana-Logo.png\",\"contentUrl\":\"https:\\\/\\\/ledana.lt\\\/wp-content\\\/uploads\\\/2023\\\/08\\\/Ledana-Logo.png\",\"width\":534,\"height\":355,\"caption\":\"Ledana\"},\"image\":{\"@id\":\"https:\\\/\\\/ledana.lt\\\/ru\\\/#\\\/schema\\\/logo\\\/image\\\/\"},\"sameAs\":[\"https:\\\/\\\/www.facebook.com\\\/uabledana\"]}]}<\/script>\n<!-- \/ Yoast SEO plugin. -->","yoast_head_json":{"title":"\u041d\u041e\u0412\u0418\u041d\u041a\u0410!!! Raw MIX-5, \u0441\u043c\u0435\u0441\u044c \u0436\u0435\u043b\u0443\u0434\u043a\u043e\u0432 \u0438 \u043c\u044f\u0441\u0430, \u0438\u0437\u043c\u0435\u043b\u044c\u0447\u0435\u043d\u0438\u0435 -\u2205 16 \u043c\u043c - Ledana","robots":{"index":"index","follow":"follow","max-snippet":"max-snippet:-1","max-image-preview":"max-image-preview:large","max-video-preview":"max-video-preview:-1"},"canonical":"https:\/\/ledana.lt\/ru\/produktas\/%d0%bd%d0%be%d0%b2%d0%b8%d0%bd%d0%ba%d0%b0-raw-mix-5-%d1%81%d0%bc%d0%b5%d1%81%d1%8c-%d0%b6%d0%b5%d0%bb%d1%83%d0%b4%d0%ba%d0%be%d0%b2-%d0%b8-%d0%bc%d1%8f%d1%81%d0%b0-%d0%b8%d0%b7%d0%bc%d0%b5%d0%bb\/","og_locale":"ru_RU","og_type":"article","og_title":"\u041d\u041e\u0412\u0418\u041d\u041a\u0410!!! Raw MIX-5, \u0441\u043c\u0435\u0441\u044c \u0436\u0435\u043b\u0443\u0434\u043a\u043e\u0432 \u0438 \u043c\u044f\u0441\u0430, \u0438\u0437\u043c\u0435\u043b\u044c\u0447\u0435\u043d\u0438\u0435 -\u2205 16 \u043c\u043c - Ledana","og_description":"\u2205\u2205\u0421\u043c\u0435\u0441\u044c \u0438\u0437 (\u0431\u044b\u0447\u044c\u0435\u0433\u043e) :\u0440\u0430\u0437\u043b\u0438\u0447\u043d\u044b\u0435 \u0436\u0435\u043b\u0443\u0434\u043a\u0438-30%,\u043f\u043e\u0447\u043a\u0438-15%,\u0441\u0435\u0440\u0434\u0446\u0430-10%,\u043c\u044f\u0441\u043d\u044b\u0435 \u043e\u0431\u0440\u0435\u0437\u043a\u0438-15%,\u0436\u0435\u043b\u0443\u0434\u043a\u0438-20%,\u0442\u0440\u0430\u0445\u0435\u0438-20%,\u0432\u044b\u043c\u044f-10%,\u0434\u043b\u044f \u0432\u0437\u0440\u043e\u0441\u043b\u044b\u0445 \u0441\u043e\u0431\u0430\u043a.\u0416\u0438\u0440-11,1%,\u0441\u044b\u0440\u043e\u0439 \u043f\u0440\u043e\u0442\u0435\u0438\u043d-15,8%,\u0441\u044b\u0440\u0430\u044f \u0437\u043e\u043b\u0430-1,04%","og_url":"https:\/\/ledana.lt\/ru\/produktas\/%d0%bd%d0%be%d0%b2%d0%b8%d0%bd%d0%ba%d0%b0-raw-mix-5-%d1%81%d0%bc%d0%b5%d1%81%d1%8c-%d0%b6%d0%b5%d0%bb%d1%83%d0%b4%d0%ba%d0%be%d0%b2-%d0%b8-%d0%bc%d1%8f%d1%81%d0%b0-%d0%b8%d0%b7%d0%bc%d0%b5%d0%bb\/","og_site_name":"Ledana","article_publisher":"https:\/\/www.facebook.com\/uabledana","article_modified_time":"2025-11-09T18:40:19+00:00","og_image":[{"width":1177,"height":627,"url":"https:\/\/ledana.lt\/wp-content\/uploads\/2023\/08\/suo-atsidedes-pre-stalo.jpg","type":"image\/jpeg"}],"twitter_card":"summary_large_image","schema":{"@context":"https:\/\/schema.org","@graph":[{"@type":"WebPage","@id":"https:\/\/ledana.lt\/ru\/produktas\/%d0%bd%d0%be%d0%b2%d0%b8%d0%bd%d0%ba%d0%b0-raw-mix-5-%d1%81%d0%bc%d0%b5%d1%81%d1%8c-%d0%b6%d0%b5%d0%bb%d1%83%d0%b4%d0%ba%d0%be%d0%b2-%d0%b8-%d0%bc%d1%8f%d1%81%d0%b0-%d0%b8%d0%b7%d0%bc%d0%b5%d0%bb\/","url":"https:\/\/ledana.lt\/ru\/produktas\/%d0%bd%d0%be%d0%b2%d0%b8%d0%bd%d0%ba%d0%b0-raw-mix-5-%d1%81%d0%bc%d0%b5%d1%81%d1%8c-%d0%b6%d0%b5%d0%bb%d1%83%d0%b4%d0%ba%d0%be%d0%b2-%d0%b8-%d0%bc%d1%8f%d1%81%d0%b0-%d0%b8%d0%b7%d0%bc%d0%b5%d0%bb\/","name":"\u041d\u041e\u0412\u0418\u041d\u041a\u0410!!! Raw MIX-5, \u0441\u043c\u0435\u0441\u044c \u0436\u0435\u043b\u0443\u0434\u043a\u043e\u0432 \u0438 \u043c\u044f\u0441\u0430, \u0438\u0437\u043c\u0435\u043b\u044c\u0447\u0435\u043d\u0438\u0435 -\u2205 16 \u043c\u043c - Ledana","isPartOf":{"@id":"https:\/\/ledana.lt\/ru\/#website"},"primaryImageOfPage":{"@id":"https:\/\/ledana.lt\/ru\/produktas\/%d0%bd%d0%be%d0%b2%d0%b8%d0%bd%d0%ba%d0%b0-raw-mix-5-%d1%81%d0%bc%d0%b5%d1%81%d1%8c-%d0%b6%d0%b5%d0%bb%d1%83%d0%b4%d0%ba%d0%be%d0%b2-%d0%b8-%d0%bc%d1%8f%d1%81%d0%b0-%d0%b8%d0%b7%d0%bc%d0%b5%d0%bb\/#primaryimage"},"image":{"@id":"https:\/\/ledana.lt\/ru\/produktas\/%d0%bd%d0%be%d0%b2%d0%b8%d0%bd%d0%ba%d0%b0-raw-mix-5-%d1%81%d0%bc%d0%b5%d1%81%d1%8c-%d0%b6%d0%b5%d0%bb%d1%83%d0%b4%d0%ba%d0%be%d0%b2-%d0%b8-%d0%bc%d1%8f%d1%81%d0%b0-%d0%b8%d0%b7%d0%bc%d0%b5%d0%bb\/#primaryimage"},"thumbnailUrl":"https:\/\/ledana.lt\/wp-content\/uploads\/2025\/10\/dsc4047-2-scaled.jpeg","datePublished":"2025-10-15T10:45:08+00:00","dateModified":"2025-11-09T18:40:19+00:00","breadcrumb":{"@id":"https:\/\/ledana.lt\/ru\/produktas\/%d0%bd%d0%be%d0%b2%d0%b8%d0%bd%d0%ba%d0%b0-raw-mix-5-%d1%81%d0%bc%d0%b5%d1%81%d1%8c-%d0%b6%d0%b5%d0%bb%d1%83%d0%b4%d0%ba%d0%be%d0%b2-%d0%b8-%d0%bc%d1%8f%d1%81%d0%b0-%d0%b8%d0%b7%d0%bc%d0%b5%d0%bb\/#breadcrumb"},"inLanguage":"ru-RU","potentialAction":[{"@type":"ReadAction","target":["https:\/\/ledana.lt\/ru\/produktas\/%d0%bd%d0%be%d0%b2%d0%b8%d0%bd%d0%ba%d0%b0-raw-mix-5-%d1%81%d0%bc%d0%b5%d1%81%d1%8c-%d0%b6%d0%b5%d0%bb%d1%83%d0%b4%d0%ba%d0%be%d0%b2-%d0%b8-%d0%bc%d1%8f%d1%81%d0%b0-%d0%b8%d0%b7%d0%bc%d0%b5%d0%bb\/"]}]},{"@type":"ImageObject","inLanguage":"ru-RU","@id":"https:\/\/ledana.lt\/ru\/produktas\/%d0%bd%d0%be%d0%b2%d0%b8%d0%bd%d0%ba%d0%b0-raw-mix-5-%d1%81%d0%bc%d0%b5%d1%81%d1%8c-%d0%b6%d0%b5%d0%bb%d1%83%d0%b4%d0%ba%d0%be%d0%b2-%d0%b8-%d0%bc%d1%8f%d1%81%d0%b0-%d0%b8%d0%b7%d0%bc%d0%b5%d0%bb\/#primaryimage","url":"https:\/\/ledana.lt\/wp-content\/uploads\/2025\/10\/dsc4047-2-scaled.jpeg","contentUrl":"https:\/\/ledana.lt\/wp-content\/uploads\/2025\/10\/dsc4047-2-scaled.jpeg","width":2560,"height":1726},{"@type":"BreadcrumbList","@id":"https:\/\/ledana.lt\/ru\/produktas\/%d0%bd%d0%be%d0%b2%d0%b8%d0%bd%d0%ba%d0%b0-raw-mix-5-%d1%81%d0%bc%d0%b5%d1%81%d1%8c-%d0%b6%d0%b5%d0%bb%d1%83%d0%b4%d0%ba%d0%be%d0%b2-%d0%b8-%d0%bc%d1%8f%d1%81%d0%b0-%d0%b8%d0%b7%d0%bc%d0%b5%d0%bb\/#breadcrumb","itemListElement":[{"@type":"ListItem","position":1,"name":"Home","item":"https:\/\/ledana.lt\/ru\/"},{"@type":"ListItem","position":2,"name":"Parduotuv\u0117","item":"https:\/\/ledana.lt\/parduotuve\/"},{"@type":"ListItem","position":3,"name":"\u041d\u041e\u0412\u0418\u041d\u041a\u0410!!! Raw MIX-5, \u0441\u043c\u0435\u0441\u044c \u0436\u0435\u043b\u0443\u0434\u043a\u043e\u0432 \u0438 \u043c\u044f\u0441\u0430, \u0438\u0437\u043c\u0435\u043b\u044c\u0447\u0435\u043d\u0438\u0435 -\u2205 16 \u043c\u043c"}]},{"@type":"WebSite","@id":"https:\/\/ledana.lt\/ru\/#website","url":"https:\/\/ledana.lt\/ru\/","name":"Ledana","description":"Naturalus \u0161un\u0173 \u0117dalas","publisher":{"@id":"https:\/\/ledana.lt\/ru\/#organization"},"potentialAction":[{"@type":"SearchAction","target":{"@type":"EntryPoint","urlTemplate":"https:\/\/ledana.lt\/ru\/?s={search_term_string}"},"query-input":{"@type":"PropertyValueSpecification","valueRequired":true,"valueName":"search_term_string"}}],"inLanguage":"ru-RU"},{"@type":"Organization","@id":"https:\/\/ledana.lt\/ru\/#organization","name":"Ledana","url":"https:\/\/ledana.lt\/ru\/","logo":{"@type":"ImageObject","inLanguage":"ru-RU","@id":"https:\/\/ledana.lt\/ru\/#\/schema\/logo\/image\/","url":"https:\/\/ledana.lt\/wp-content\/uploads\/2023\/08\/Ledana-Logo.png","contentUrl":"https:\/\/ledana.lt\/wp-content\/uploads\/2023\/08\/Ledana-Logo.png","width":534,"height":355,"caption":"Ledana"},"image":{"@id":"https:\/\/ledana.lt\/ru\/#\/schema\/logo\/image\/"},"sameAs":["https:\/\/www.facebook.com\/uabledana"]}]}},"jetpack_sharing_enabled":true,"_links":{"self":[{"href":"https:\/\/ledana.lt\/ru\/wp-json\/wp\/v2\/product\/7521","targetHints":{"allow":["GET"]}}],"collection":[{"href":"https:\/\/ledana.lt\/ru\/wp-json\/wp\/v2\/product"}],"about":[{"href":"https:\/\/ledana.lt\/ru\/wp-json\/wp\/v2\/types\/product"}],"replies":[{"embeddable":true,"href":"https:\/\/ledana.lt\/ru\/wp-json\/wp\/v2\/comments?post=7521"}],"wp:featuredmedia":[{"embeddable":true,"href":"https:\/\/ledana.lt\/ru\/wp-json\/wp\/v2\/media\/7681"}],"wp:attachment":[{"href":"https:\/\/ledana.lt\/ru\/wp-json\/wp\/v2\/media?parent=7521"}],"wp:term":[{"taxonomy":"product_brand","embeddable":true,"href":"https:\/\/ledana.lt\/ru\/wp-json\/wp\/v2\/product_brand?post=7521"},{"taxonomy":"product_cat","embeddable":true,"href":"https:\/\/ledana.lt\/ru\/wp-json\/wp\/v2\/product_cat?post=7521"},{"taxonomy":"product_tag","embeddable":true,"href":"https:\/\/ledana.lt\/ru\/wp-json\/wp\/v2\/product_tag?post=7521"}],"curies":[{"name":"wp","href":"https:\/\/api.w.org\/{rel}","templated":true}]}}