{"id":4714,"date":"2024-10-11T10:05:41","date_gmt":"2024-10-11T07:05:41","guid":{"rendered":"https:\/\/ledana.lt\/produktas\/%d0%bc%d0%b8%d0%ba%d1%81-4-%d0%bc%d0%b8%d0%ba%d1%81-4-%d0%bc%d0%b8%d0%ba%d1%81-4-%d0%bc%d0%b8%d0%ba%d1%81-4-%d0%bc%d0%b8%d0%ba%d1%81-4-%d0%bc%d0%b8%d0%ba%d1%81-4-%d0%bc%d0%b8%d0%ba%d1%81-4-%d0%bc\/"},"modified":"2026-04-10T11:32:05","modified_gmt":"2026-04-10T08:32:05","slug":"%d0%bc%d0%b8%d0%ba%d1%81-4-%d0%bc%d0%b8%d0%ba%d1%81-4-%d0%bc%d0%b8%d0%ba%d1%81-4-%d0%bc%d0%b8%d0%ba%d1%81-4-%d0%bc%d0%b8%d0%ba%d1%81-4-%d0%bc%d0%b8%d0%ba%d1%81-4-%d0%bc%d0%b8%d0%ba%d1%81-4-%d0%bc","status":"publish","type":"product","link":"https:\/\/ledana.lt\/ru\/produktas\/%d0%bc%d0%b8%d0%ba%d1%81-4-%d0%bc%d0%b8%d0%ba%d1%81-4-%d0%bc%d0%b8%d0%ba%d1%81-4-%d0%bc%d0%b8%d0%ba%d1%81-4-%d0%bc%d0%b8%d0%ba%d1%81-4-%d0%bc%d0%b8%d0%ba%d1%81-4-%d0%bc%d0%b8%d0%ba%d1%81-4-%d0%bc\/","title":{"rendered":"\u0421\u041c\u0415\u0421\u042c \u0414\u0418\u0427\u0418, \u0413\u041e\u0412\u042f\u0414\u0418\u041d\u042b \u0418 \u041e\u0412\u041e\u0429\u0415\u0419 \u041c\u0418\u041a\u0421-4, \u00d8 \u0438\u0437\u043c\u0435\u043b\u044c\u0447\u0435\u043d\u0438\u044f 25\u043c\u043c"},"content":{"rendered":"<p>\u041c\u044b \u0438\u0441\u043f\u043e\u043b\u044c\u0437\u0443\u0435\u043c \u043e\u043b\u0435\u043d\u0438\u043d\u0443 (\u043e\u043b\u0435\u043d\u044f \u0438 \u043a\u043e\u0441\u0443\u043b\u044e), \u0433\u043e\u0432\u044f\u0436\u044c\u0438 \u043e\u0431\u0440\u0435\u0437\u043a\u0438, \u0441\u0443\u0431\u043f\u0440\u043e\u0434\u0443\u043a\u0442\u044b \u043a\u0440\u0443\u043f\u043d\u043e\u0433\u043e \u0440\u043e\u0433\u0430\u0442\u043e\u0433\u043e \u0441\u043a\u043e\u0442\u0430: \u043f\u0435\u0447\u0435\u043d\u043e\u0447\u043d\u044b\u0435 \u0441\u0435\u0440\u0434\u0446\u0430, \u0436\u0435\u043b\u0443\u0434\u043a\u0438, \u0442\u0440\u0430\u0445\u0435\u0438, \u0431\u0430\u0442\u0442\u0435\u0440\u043d\u0430\u0442, \u0445\u0440\u0435\u0431\u0442\u043e\u0432\u0443\u044e \u043f\u0430\u0441\u0442\u0443 \u0438\u043d\u0434\u0435\u0439\u043a\u0438.<\/p>\n","protected":false},"excerpt":{"rendered":"<p class=\"p1\"><b>\u0423\u043f\u0430\u043a\u043e\u0432\u0430\u043d\u043e \u043f\u043e 1 \u043a\u0433 \u0438\u043b\u0438 0,5 \u043a\u0433<\/b><\/p>\n<p>\u041e\u043b\u0435\u043d\u0438\u043d\u0430\/\u0441\u0432\u0438\u043d\u0438\u043d\u0430-25%<br \/>\n\u0413\u043e\u0432\u044f\u0436\u044c\u044f \u043e\u0431\u0440\u0435\u0437\u044c-25%<br \/>\n\u0416\u0435\u043b\u0443\u0434\u043a\u0438, \u043f\u0435\u0447\u0435\u043d\u044c, \u0442\u044b\u043a\u0432\u0430 \u043a\u0440\u0443\u043f\u043d\u043e\u0433\u043e \u0440\u043e\u0433\u0430\u0442\u043e\u0433\u043e \u0441\u043a\u043e\u0442\u0430-5% \u043a\u0430\u0436\u0434\u043e\u0435<br \/>\n\u0421\u0435\u0440\u0434\u0446\u0430 \u043a\u0440\u0443\u043f\u043d\u043e\u0433\u043e \u0440\u043e\u0433\u0430\u0442\u043e\u0433\u043e \u0441\u043a\u043e\u0442\u0430, \u043f\u0430\u0441\u0442\u0430 \u0438\u0437 \u0445\u0440\u0435\u0431\u0442\u0430 \u0438\u043d\u0434\u0435\u0439\u043a\u0438-10% \u043a\u0430\u0436\u0434\u043e\u0435<br \/>\n\u0413\u043b\u043e\u0442\u043a\u0438, \u0442\u0440\u0430\u0445\u0435\u0438, \u043f\u0440\u0435\u0434\u0441\u0435\u0440\u0434\u0438\u044f \u043a\u0440\u0443\u043f\u043d\u043e\u0433\u043e \u0440\u043e\u0433\u0430\u0442\u043e\u0433\u043e \u0441\u043a\u043e\u0442\u0430-15%<\/p>\n","protected":false},"featured_media":4722,"comment_status":"closed","ping_status":"closed","template":"","meta":{"_acf_changed":false},"product_brand":[],"product_cat":[54],"product_tag":[],"class_list":{"0":"post-4714","1":"product","2":"type-product","3":"status-publish","4":"has-post-thumbnail","6":"product_cat-54","8":"first","9":"instock","10":"taxable","11":"shipping-taxable","12":"purchasable","13":"product-type-simple"},"acf":[],"yoast_head":"<!-- This site is optimized with the Yoast SEO plugin v27.3 - https:\/\/yoast.com\/product\/yoast-seo-wordpress\/ -->\n<title>\u0421\u041c\u0415\u0421\u042c \u0414\u0418\u0427\u0418, \u0413\u041e\u0412\u042f\u0414\u0418\u041d\u042b \u0418 \u041e\u0412\u041e\u0429\u0415\u0419 \u041c\u0418\u041a\u0421-4, \u00d8 \u0438\u0437\u043c\u0435\u043b\u044c\u0447\u0435\u043d\u0438\u044f 25\u043c\u043c - Ledana<\/title>\n<meta name=\"robots\" content=\"index, follow, max-snippet:-1, max-image-preview:large, max-video-preview:-1\" \/>\n<link rel=\"canonical\" href=\"https:\/\/ledana.lt\/ru\/produktas\/%d0%bc%d0%b8%d0%ba%d1%81-4-%d0%bc%d0%b8%d0%ba%d1%81-4-%d0%bc%d0%b8%d0%ba%d1%81-4-%d0%bc%d0%b8%d0%ba%d1%81-4-%d0%bc%d0%b8%d0%ba%d1%81-4-%d0%bc%d0%b8%d0%ba%d1%81-4-%d0%bc%d0%b8%d0%ba%d1%81-4-%d0%bc\/\" \/>\n<meta property=\"og:locale\" content=\"ru_RU\" \/>\n<meta property=\"og:type\" content=\"article\" \/>\n<meta property=\"og:title\" content=\"\u0421\u041c\u0415\u0421\u042c \u0414\u0418\u0427\u0418, \u0413\u041e\u0412\u042f\u0414\u0418\u041d\u042b \u0418 \u041e\u0412\u041e\u0429\u0415\u0419 \u041c\u0418\u041a\u0421-4, \u00d8 \u0438\u0437\u043c\u0435\u043b\u044c\u0447\u0435\u043d\u0438\u044f 25\u043c\u043c - Ledana\" \/>\n<meta property=\"og:description\" content=\"\u0423\u043f\u0430\u043a\u043e\u0432\u0430\u043d\u043e \u043f\u043e 1 \u043a\u0433 \u0438\u043b\u0438 0,5 \u043a\u0433  \u041e\u043b\u0435\u043d\u0438\u043d\u0430\/\u0441\u0432\u0438\u043d\u0438\u043d\u0430-25% \u0413\u043e\u0432\u044f\u0436\u044c\u044f \u043e\u0431\u0440\u0435\u0437\u044c-25% \u0416\u0435\u043b\u0443\u0434\u043a\u0438, \u043f\u0435\u0447\u0435\u043d\u044c, \u0442\u044b\u043a\u0432\u0430 \u043a\u0440\u0443\u043f\u043d\u043e\u0433\u043e \u0440\u043e\u0433\u0430\u0442\u043e\u0433\u043e \u0441\u043a\u043e\u0442\u0430-5% \u043a\u0430\u0436\u0434\u043e\u0435 \u0421\u0435\u0440\u0434\u0446\u0430 \u043a\u0440\u0443\u043f\u043d\u043e\u0433\u043e \u0440\u043e\u0433\u0430\u0442\u043e\u0433\u043e \u0441\u043a\u043e\u0442\u0430, \u043f\u0430\u0441\u0442\u0430 \u0438\u0437 \u0445\u0440\u0435\u0431\u0442\u0430 \u0438\u043d\u0434\u0435\u0439\u043a\u0438-10% \u043a\u0430\u0436\u0434\u043e\u0435 \u0413\u043b\u043e\u0442\u043a\u0438, \u0442\u0440\u0430\u0445\u0435\u0438, \u043f\u0440\u0435\u0434\u0441\u0435\u0440\u0434\u0438\u044f \u043a\u0440\u0443\u043f\u043d\u043e\u0433\u043e \u0440\u043e\u0433\u0430\u0442\u043e\u0433\u043e \u0441\u043a\u043e\u0442\u0430-15%\" \/>\n<meta property=\"og:url\" content=\"https:\/\/ledana.lt\/ru\/produktas\/%d0%bc%d0%b8%d0%ba%d1%81-4-%d0%bc%d0%b8%d0%ba%d1%81-4-%d0%bc%d0%b8%d0%ba%d1%81-4-%d0%bc%d0%b8%d0%ba%d1%81-4-%d0%bc%d0%b8%d0%ba%d1%81-4-%d0%bc%d0%b8%d0%ba%d1%81-4-%d0%bc%d0%b8%d0%ba%d1%81-4-%d0%bc\/\" \/>\n<meta property=\"og:site_name\" content=\"Ledana\" \/>\n<meta property=\"article:publisher\" content=\"https:\/\/www.facebook.com\/uabledana\" \/>\n<meta property=\"article:modified_time\" content=\"2026-04-10T08:32:05+00:00\" \/>\n<meta property=\"og:image\" content=\"https:\/\/ledana.lt\/wp-content\/uploads\/2024\/10\/DSC6313-scaled.jpg\" \/>\n\t<meta property=\"og:image:width\" content=\"2560\" \/>\n\t<meta property=\"og:image:height\" content=\"1606\" \/>\n\t<meta property=\"og:image:type\" content=\"image\/jpeg\" \/>\n<meta name=\"twitter:card\" content=\"summary_large_image\" \/>\n<meta name=\"twitter:label1\" content=\"\u041f\u0440\u0438\u043c\u0435\u0440\u043d\u043e\u0435 \u0432\u0440\u0435\u043c\u044f \u0434\u043b\u044f \u0447\u0442\u0435\u043d\u0438\u044f\" \/>\n\t<meta name=\"twitter:data1\" content=\"1 \u043c\u0438\u043d\u0443\u0442\u0430\" \/>\n<script type=\"application\/ld+json\" class=\"yoast-schema-graph\">{\"@context\":\"https:\\\/\\\/schema.org\",\"@graph\":[{\"@type\":\"WebPage\",\"@id\":\"https:\\\/\\\/ledana.lt\\\/ru\\\/produktas\\\/%d0%bc%d0%b8%d0%ba%d1%81-4-%d0%bc%d0%b8%d0%ba%d1%81-4-%d0%bc%d0%b8%d0%ba%d1%81-4-%d0%bc%d0%b8%d0%ba%d1%81-4-%d0%bc%d0%b8%d0%ba%d1%81-4-%d0%bc%d0%b8%d0%ba%d1%81-4-%d0%bc%d0%b8%d0%ba%d1%81-4-%d0%bc\\\/\",\"url\":\"https:\\\/\\\/ledana.lt\\\/ru\\\/produktas\\\/%d0%bc%d0%b8%d0%ba%d1%81-4-%d0%bc%d0%b8%d0%ba%d1%81-4-%d0%bc%d0%b8%d0%ba%d1%81-4-%d0%bc%d0%b8%d0%ba%d1%81-4-%d0%bc%d0%b8%d0%ba%d1%81-4-%d0%bc%d0%b8%d0%ba%d1%81-4-%d0%bc%d0%b8%d0%ba%d1%81-4-%d0%bc\\\/\",\"name\":\"\u0421\u041c\u0415\u0421\u042c \u0414\u0418\u0427\u0418, \u0413\u041e\u0412\u042f\u0414\u0418\u041d\u042b \u0418 \u041e\u0412\u041e\u0429\u0415\u0419 \u041c\u0418\u041a\u0421-4, \u00d8 \u0438\u0437\u043c\u0435\u043b\u044c\u0447\u0435\u043d\u0438\u044f 25\u043c\u043c - Ledana\",\"isPartOf\":{\"@id\":\"https:\\\/\\\/ledana.lt\\\/ru\\\/#website\"},\"primaryImageOfPage\":{\"@id\":\"https:\\\/\\\/ledana.lt\\\/ru\\\/produktas\\\/%d0%bc%d0%b8%d0%ba%d1%81-4-%d0%bc%d0%b8%d0%ba%d1%81-4-%d0%bc%d0%b8%d0%ba%d1%81-4-%d0%bc%d0%b8%d0%ba%d1%81-4-%d0%bc%d0%b8%d0%ba%d1%81-4-%d0%bc%d0%b8%d0%ba%d1%81-4-%d0%bc%d0%b8%d0%ba%d1%81-4-%d0%bc\\\/#primaryimage\"},\"image\":{\"@id\":\"https:\\\/\\\/ledana.lt\\\/ru\\\/produktas\\\/%d0%bc%d0%b8%d0%ba%d1%81-4-%d0%bc%d0%b8%d0%ba%d1%81-4-%d0%bc%d0%b8%d0%ba%d1%81-4-%d0%bc%d0%b8%d0%ba%d1%81-4-%d0%bc%d0%b8%d0%ba%d1%81-4-%d0%bc%d0%b8%d0%ba%d1%81-4-%d0%bc%d0%b8%d0%ba%d1%81-4-%d0%bc\\\/#primaryimage\"},\"thumbnailUrl\":\"https:\\\/\\\/ledana.lt\\\/wp-content\\\/uploads\\\/2024\\\/10\\\/DSC6313-scaled.jpg\",\"datePublished\":\"2024-10-11T07:05:41+00:00\",\"dateModified\":\"2026-04-10T08:32:05+00:00\",\"breadcrumb\":{\"@id\":\"https:\\\/\\\/ledana.lt\\\/ru\\\/produktas\\\/%d0%bc%d0%b8%d0%ba%d1%81-4-%d0%bc%d0%b8%d0%ba%d1%81-4-%d0%bc%d0%b8%d0%ba%d1%81-4-%d0%bc%d0%b8%d0%ba%d1%81-4-%d0%bc%d0%b8%d0%ba%d1%81-4-%d0%bc%d0%b8%d0%ba%d1%81-4-%d0%bc%d0%b8%d0%ba%d1%81-4-%d0%bc\\\/#breadcrumb\"},\"inLanguage\":\"ru-RU\",\"potentialAction\":[{\"@type\":\"ReadAction\",\"target\":[\"https:\\\/\\\/ledana.lt\\\/ru\\\/produktas\\\/%d0%bc%d0%b8%d0%ba%d1%81-4-%d0%bc%d0%b8%d0%ba%d1%81-4-%d0%bc%d0%b8%d0%ba%d1%81-4-%d0%bc%d0%b8%d0%ba%d1%81-4-%d0%bc%d0%b8%d0%ba%d1%81-4-%d0%bc%d0%b8%d0%ba%d1%81-4-%d0%bc%d0%b8%d0%ba%d1%81-4-%d0%bc\\\/\"]}]},{\"@type\":\"ImageObject\",\"inLanguage\":\"ru-RU\",\"@id\":\"https:\\\/\\\/ledana.lt\\\/ru\\\/produktas\\\/%d0%bc%d0%b8%d0%ba%d1%81-4-%d0%bc%d0%b8%d0%ba%d1%81-4-%d0%bc%d0%b8%d0%ba%d1%81-4-%d0%bc%d0%b8%d0%ba%d1%81-4-%d0%bc%d0%b8%d0%ba%d1%81-4-%d0%bc%d0%b8%d0%ba%d1%81-4-%d0%bc%d0%b8%d0%ba%d1%81-4-%d0%bc\\\/#primaryimage\",\"url\":\"https:\\\/\\\/ledana.lt\\\/wp-content\\\/uploads\\\/2024\\\/10\\\/DSC6313-scaled.jpg\",\"contentUrl\":\"https:\\\/\\\/ledana.lt\\\/wp-content\\\/uploads\\\/2024\\\/10\\\/DSC6313-scaled.jpg\",\"width\":2560,\"height\":1606},{\"@type\":\"BreadcrumbList\",\"@id\":\"https:\\\/\\\/ledana.lt\\\/ru\\\/produktas\\\/%d0%bc%d0%b8%d0%ba%d1%81-4-%d0%bc%d0%b8%d0%ba%d1%81-4-%d0%bc%d0%b8%d0%ba%d1%81-4-%d0%bc%d0%b8%d0%ba%d1%81-4-%d0%bc%d0%b8%d0%ba%d1%81-4-%d0%bc%d0%b8%d0%ba%d1%81-4-%d0%bc%d0%b8%d0%ba%d1%81-4-%d0%bc\\\/#breadcrumb\",\"itemListElement\":[{\"@type\":\"ListItem\",\"position\":1,\"name\":\"Home\",\"item\":\"https:\\\/\\\/ledana.lt\\\/ru\\\/\"},{\"@type\":\"ListItem\",\"position\":2,\"name\":\"Parduotuv\u0117\",\"item\":\"https:\\\/\\\/ledana.lt\\\/parduotuve\\\/\"},{\"@type\":\"ListItem\",\"position\":3,\"name\":\"\u0421\u041c\u0415\u0421\u042c \u0414\u0418\u0427\u0418, \u0413\u041e\u0412\u042f\u0414\u0418\u041d\u042b \u0418 \u041e\u0412\u041e\u0429\u0415\u0419 \u041c\u0418\u041a\u0421-4, \u00d8 \u0438\u0437\u043c\u0435\u043b\u044c\u0447\u0435\u043d\u0438\u044f 25\u043c\u043c\"}]},{\"@type\":\"WebSite\",\"@id\":\"https:\\\/\\\/ledana.lt\\\/ru\\\/#website\",\"url\":\"https:\\\/\\\/ledana.lt\\\/ru\\\/\",\"name\":\"Ledana\",\"description\":\"Naturalus \u0161un\u0173 \u0117dalas\",\"publisher\":{\"@id\":\"https:\\\/\\\/ledana.lt\\\/ru\\\/#organization\"},\"potentialAction\":[{\"@type\":\"SearchAction\",\"target\":{\"@type\":\"EntryPoint\",\"urlTemplate\":\"https:\\\/\\\/ledana.lt\\\/ru\\\/?s={search_term_string}\"},\"query-input\":{\"@type\":\"PropertyValueSpecification\",\"valueRequired\":true,\"valueName\":\"search_term_string\"}}],\"inLanguage\":\"ru-RU\"},{\"@type\":\"Organization\",\"@id\":\"https:\\\/\\\/ledana.lt\\\/ru\\\/#organization\",\"name\":\"Ledana\",\"url\":\"https:\\\/\\\/ledana.lt\\\/ru\\\/\",\"logo\":{\"@type\":\"ImageObject\",\"inLanguage\":\"ru-RU\",\"@id\":\"https:\\\/\\\/ledana.lt\\\/ru\\\/#\\\/schema\\\/logo\\\/image\\\/\",\"url\":\"https:\\\/\\\/ledana.lt\\\/wp-content\\\/uploads\\\/2023\\\/08\\\/Ledana-Logo.png\",\"contentUrl\":\"https:\\\/\\\/ledana.lt\\\/wp-content\\\/uploads\\\/2023\\\/08\\\/Ledana-Logo.png\",\"width\":534,\"height\":355,\"caption\":\"Ledana\"},\"image\":{\"@id\":\"https:\\\/\\\/ledana.lt\\\/ru\\\/#\\\/schema\\\/logo\\\/image\\\/\"},\"sameAs\":[\"https:\\\/\\\/www.facebook.com\\\/uabledana\"]}]}<\/script>\n<!-- \/ Yoast SEO plugin. -->","yoast_head_json":{"title":"\u0421\u041c\u0415\u0421\u042c \u0414\u0418\u0427\u0418, \u0413\u041e\u0412\u042f\u0414\u0418\u041d\u042b \u0418 \u041e\u0412\u041e\u0429\u0415\u0419 \u041c\u0418\u041a\u0421-4, \u00d8 \u0438\u0437\u043c\u0435\u043b\u044c\u0447\u0435\u043d\u0438\u044f 25\u043c\u043c - Ledana","robots":{"index":"index","follow":"follow","max-snippet":"max-snippet:-1","max-image-preview":"max-image-preview:large","max-video-preview":"max-video-preview:-1"},"canonical":"https:\/\/ledana.lt\/ru\/produktas\/%d0%bc%d0%b8%d0%ba%d1%81-4-%d0%bc%d0%b8%d0%ba%d1%81-4-%d0%bc%d0%b8%d0%ba%d1%81-4-%d0%bc%d0%b8%d0%ba%d1%81-4-%d0%bc%d0%b8%d0%ba%d1%81-4-%d0%bc%d0%b8%d0%ba%d1%81-4-%d0%bc%d0%b8%d0%ba%d1%81-4-%d0%bc\/","og_locale":"ru_RU","og_type":"article","og_title":"\u0421\u041c\u0415\u0421\u042c \u0414\u0418\u0427\u0418, \u0413\u041e\u0412\u042f\u0414\u0418\u041d\u042b \u0418 \u041e\u0412\u041e\u0429\u0415\u0419 \u041c\u0418\u041a\u0421-4, \u00d8 \u0438\u0437\u043c\u0435\u043b\u044c\u0447\u0435\u043d\u0438\u044f 25\u043c\u043c - Ledana","og_description":"\u0423\u043f\u0430\u043a\u043e\u0432\u0430\u043d\u043e \u043f\u043e 1 \u043a\u0433 \u0438\u043b\u0438 0,5 \u043a\u0433  \u041e\u043b\u0435\u043d\u0438\u043d\u0430\/\u0441\u0432\u0438\u043d\u0438\u043d\u0430-25% \u0413\u043e\u0432\u044f\u0436\u044c\u044f \u043e\u0431\u0440\u0435\u0437\u044c-25% \u0416\u0435\u043b\u0443\u0434\u043a\u0438, \u043f\u0435\u0447\u0435\u043d\u044c, \u0442\u044b\u043a\u0432\u0430 \u043a\u0440\u0443\u043f\u043d\u043e\u0433\u043e \u0440\u043e\u0433\u0430\u0442\u043e\u0433\u043e \u0441\u043a\u043e\u0442\u0430-5% \u043a\u0430\u0436\u0434\u043e\u0435 \u0421\u0435\u0440\u0434\u0446\u0430 \u043a\u0440\u0443\u043f\u043d\u043e\u0433\u043e \u0440\u043e\u0433\u0430\u0442\u043e\u0433\u043e \u0441\u043a\u043e\u0442\u0430, \u043f\u0430\u0441\u0442\u0430 \u0438\u0437 \u0445\u0440\u0435\u0431\u0442\u0430 \u0438\u043d\u0434\u0435\u0439\u043a\u0438-10% \u043a\u0430\u0436\u0434\u043e\u0435 \u0413\u043b\u043e\u0442\u043a\u0438, \u0442\u0440\u0430\u0445\u0435\u0438, \u043f\u0440\u0435\u0434\u0441\u0435\u0440\u0434\u0438\u044f \u043a\u0440\u0443\u043f\u043d\u043e\u0433\u043e \u0440\u043e\u0433\u0430\u0442\u043e\u0433\u043e \u0441\u043a\u043e\u0442\u0430-15%","og_url":"https:\/\/ledana.lt\/ru\/produktas\/%d0%bc%d0%b8%d0%ba%d1%81-4-%d0%bc%d0%b8%d0%ba%d1%81-4-%d0%bc%d0%b8%d0%ba%d1%81-4-%d0%bc%d0%b8%d0%ba%d1%81-4-%d0%bc%d0%b8%d0%ba%d1%81-4-%d0%bc%d0%b8%d0%ba%d1%81-4-%d0%bc%d0%b8%d0%ba%d1%81-4-%d0%bc\/","og_site_name":"Ledana","article_publisher":"https:\/\/www.facebook.com\/uabledana","article_modified_time":"2026-04-10T08:32:05+00:00","og_image":[{"width":2560,"height":1606,"url":"https:\/\/ledana.lt\/wp-content\/uploads\/2024\/10\/DSC6313-scaled.jpg","type":"image\/jpeg"}],"twitter_card":"summary_large_image","twitter_misc":{"\u041f\u0440\u0438\u043c\u0435\u0440\u043d\u043e\u0435 \u0432\u0440\u0435\u043c\u044f \u0434\u043b\u044f \u0447\u0442\u0435\u043d\u0438\u044f":"1 \u043c\u0438\u043d\u0443\u0442\u0430"},"schema":{"@context":"https:\/\/schema.org","@graph":[{"@type":"WebPage","@id":"https:\/\/ledana.lt\/ru\/produktas\/%d0%bc%d0%b8%d0%ba%d1%81-4-%d0%bc%d0%b8%d0%ba%d1%81-4-%d0%bc%d0%b8%d0%ba%d1%81-4-%d0%bc%d0%b8%d0%ba%d1%81-4-%d0%bc%d0%b8%d0%ba%d1%81-4-%d0%bc%d0%b8%d0%ba%d1%81-4-%d0%bc%d0%b8%d0%ba%d1%81-4-%d0%bc\/","url":"https:\/\/ledana.lt\/ru\/produktas\/%d0%bc%d0%b8%d0%ba%d1%81-4-%d0%bc%d0%b8%d0%ba%d1%81-4-%d0%bc%d0%b8%d0%ba%d1%81-4-%d0%bc%d0%b8%d0%ba%d1%81-4-%d0%bc%d0%b8%d0%ba%d1%81-4-%d0%bc%d0%b8%d0%ba%d1%81-4-%d0%bc%d0%b8%d0%ba%d1%81-4-%d0%bc\/","name":"\u0421\u041c\u0415\u0421\u042c \u0414\u0418\u0427\u0418, \u0413\u041e\u0412\u042f\u0414\u0418\u041d\u042b \u0418 \u041e\u0412\u041e\u0429\u0415\u0419 \u041c\u0418\u041a\u0421-4, \u00d8 \u0438\u0437\u043c\u0435\u043b\u044c\u0447\u0435\u043d\u0438\u044f 25\u043c\u043c - Ledana","isPartOf":{"@id":"https:\/\/ledana.lt\/ru\/#website"},"primaryImageOfPage":{"@id":"https:\/\/ledana.lt\/ru\/produktas\/%d0%bc%d0%b8%d0%ba%d1%81-4-%d0%bc%d0%b8%d0%ba%d1%81-4-%d0%bc%d0%b8%d0%ba%d1%81-4-%d0%bc%d0%b8%d0%ba%d1%81-4-%d0%bc%d0%b8%d0%ba%d1%81-4-%d0%bc%d0%b8%d0%ba%d1%81-4-%d0%bc%d0%b8%d0%ba%d1%81-4-%d0%bc\/#primaryimage"},"image":{"@id":"https:\/\/ledana.lt\/ru\/produktas\/%d0%bc%d0%b8%d0%ba%d1%81-4-%d0%bc%d0%b8%d0%ba%d1%81-4-%d0%bc%d0%b8%d0%ba%d1%81-4-%d0%bc%d0%b8%d0%ba%d1%81-4-%d0%bc%d0%b8%d0%ba%d1%81-4-%d0%bc%d0%b8%d0%ba%d1%81-4-%d0%bc%d0%b8%d0%ba%d1%81-4-%d0%bc\/#primaryimage"},"thumbnailUrl":"https:\/\/ledana.lt\/wp-content\/uploads\/2024\/10\/DSC6313-scaled.jpg","datePublished":"2024-10-11T07:05:41+00:00","dateModified":"2026-04-10T08:32:05+00:00","breadcrumb":{"@id":"https:\/\/ledana.lt\/ru\/produktas\/%d0%bc%d0%b8%d0%ba%d1%81-4-%d0%bc%d0%b8%d0%ba%d1%81-4-%d0%bc%d0%b8%d0%ba%d1%81-4-%d0%bc%d0%b8%d0%ba%d1%81-4-%d0%bc%d0%b8%d0%ba%d1%81-4-%d0%bc%d0%b8%d0%ba%d1%81-4-%d0%bc%d0%b8%d0%ba%d1%81-4-%d0%bc\/#breadcrumb"},"inLanguage":"ru-RU","potentialAction":[{"@type":"ReadAction","target":["https:\/\/ledana.lt\/ru\/produktas\/%d0%bc%d0%b8%d0%ba%d1%81-4-%d0%bc%d0%b8%d0%ba%d1%81-4-%d0%bc%d0%b8%d0%ba%d1%81-4-%d0%bc%d0%b8%d0%ba%d1%81-4-%d0%bc%d0%b8%d0%ba%d1%81-4-%d0%bc%d0%b8%d0%ba%d1%81-4-%d0%bc%d0%b8%d0%ba%d1%81-4-%d0%bc\/"]}]},{"@type":"ImageObject","inLanguage":"ru-RU","@id":"https:\/\/ledana.lt\/ru\/produktas\/%d0%bc%d0%b8%d0%ba%d1%81-4-%d0%bc%d0%b8%d0%ba%d1%81-4-%d0%bc%d0%b8%d0%ba%d1%81-4-%d0%bc%d0%b8%d0%ba%d1%81-4-%d0%bc%d0%b8%d0%ba%d1%81-4-%d0%bc%d0%b8%d0%ba%d1%81-4-%d0%bc%d0%b8%d0%ba%d1%81-4-%d0%bc\/#primaryimage","url":"https:\/\/ledana.lt\/wp-content\/uploads\/2024\/10\/DSC6313-scaled.jpg","contentUrl":"https:\/\/ledana.lt\/wp-content\/uploads\/2024\/10\/DSC6313-scaled.jpg","width":2560,"height":1606},{"@type":"BreadcrumbList","@id":"https:\/\/ledana.lt\/ru\/produktas\/%d0%bc%d0%b8%d0%ba%d1%81-4-%d0%bc%d0%b8%d0%ba%d1%81-4-%d0%bc%d0%b8%d0%ba%d1%81-4-%d0%bc%d0%b8%d0%ba%d1%81-4-%d0%bc%d0%b8%d0%ba%d1%81-4-%d0%bc%d0%b8%d0%ba%d1%81-4-%d0%bc%d0%b8%d0%ba%d1%81-4-%d0%bc\/#breadcrumb","itemListElement":[{"@type":"ListItem","position":1,"name":"Home","item":"https:\/\/ledana.lt\/ru\/"},{"@type":"ListItem","position":2,"name":"Parduotuv\u0117","item":"https:\/\/ledana.lt\/parduotuve\/"},{"@type":"ListItem","position":3,"name":"\u0421\u041c\u0415\u0421\u042c \u0414\u0418\u0427\u0418, \u0413\u041e\u0412\u042f\u0414\u0418\u041d\u042b \u0418 \u041e\u0412\u041e\u0429\u0415\u0419 \u041c\u0418\u041a\u0421-4, \u00d8 \u0438\u0437\u043c\u0435\u043b\u044c\u0447\u0435\u043d\u0438\u044f 25\u043c\u043c"}]},{"@type":"WebSite","@id":"https:\/\/ledana.lt\/ru\/#website","url":"https:\/\/ledana.lt\/ru\/","name":"Ledana","description":"Naturalus \u0161un\u0173 \u0117dalas","publisher":{"@id":"https:\/\/ledana.lt\/ru\/#organization"},"potentialAction":[{"@type":"SearchAction","target":{"@type":"EntryPoint","urlTemplate":"https:\/\/ledana.lt\/ru\/?s={search_term_string}"},"query-input":{"@type":"PropertyValueSpecification","valueRequired":true,"valueName":"search_term_string"}}],"inLanguage":"ru-RU"},{"@type":"Organization","@id":"https:\/\/ledana.lt\/ru\/#organization","name":"Ledana","url":"https:\/\/ledana.lt\/ru\/","logo":{"@type":"ImageObject","inLanguage":"ru-RU","@id":"https:\/\/ledana.lt\/ru\/#\/schema\/logo\/image\/","url":"https:\/\/ledana.lt\/wp-content\/uploads\/2023\/08\/Ledana-Logo.png","contentUrl":"https:\/\/ledana.lt\/wp-content\/uploads\/2023\/08\/Ledana-Logo.png","width":534,"height":355,"caption":"Ledana"},"image":{"@id":"https:\/\/ledana.lt\/ru\/#\/schema\/logo\/image\/"},"sameAs":["https:\/\/www.facebook.com\/uabledana"]}]}},"jetpack_sharing_enabled":true,"_links":{"self":[{"href":"https:\/\/ledana.lt\/ru\/wp-json\/wp\/v2\/product\/4714","targetHints":{"allow":["GET"]}}],"collection":[{"href":"https:\/\/ledana.lt\/ru\/wp-json\/wp\/v2\/product"}],"about":[{"href":"https:\/\/ledana.lt\/ru\/wp-json\/wp\/v2\/types\/product"}],"replies":[{"embeddable":true,"href":"https:\/\/ledana.lt\/ru\/wp-json\/wp\/v2\/comments?post=4714"}],"wp:featuredmedia":[{"embeddable":true,"href":"https:\/\/ledana.lt\/ru\/wp-json\/wp\/v2\/media\/4722"}],"wp:attachment":[{"href":"https:\/\/ledana.lt\/ru\/wp-json\/wp\/v2\/media?parent=4714"}],"wp:term":[{"taxonomy":"product_brand","embeddable":true,"href":"https:\/\/ledana.lt\/ru\/wp-json\/wp\/v2\/product_brand?post=4714"},{"taxonomy":"product_cat","embeddable":true,"href":"https:\/\/ledana.lt\/ru\/wp-json\/wp\/v2\/product_cat?post=4714"},{"taxonomy":"product_tag","embeddable":true,"href":"https:\/\/ledana.lt\/ru\/wp-json\/wp\/v2\/product_tag?post=4714"}],"curies":[{"name":"wp","href":"https:\/\/api.w.org\/{rel}","templated":true}]}}