{"id":1489,"date":"2023-09-12T13:09:45","date_gmt":"2023-09-12T10:09:45","guid":{"rendered":"https:\/\/ledana.lt\/produktas\/%d0%bd%d0%b0%d1%80%d0%b5%d0%b7%d0%b0%d0%bd%d0%bd%d1%8b%d0%b5-%d0%b3%d0%be%d0%b2%d1%8f%d0%b6%d1%8c%d0%b8-%d0%be%d0%b1%d1%80%d0%b5%d0%b7%d0%ba%d0%b8\/"},"modified":"2026-02-28T07:59:54","modified_gmt":"2026-02-28T05:59:54","slug":"kapota-lamb-atraizos","status":"publish","type":"product","link":"https:\/\/ledana.lt\/ru\/produktas\/kapota-lamb-atraizos\/","title":{"rendered":"\u0413\u043e\u0432\u044f\u0436\u044c\u044f \u043e\u0431\u0440\u0435\u0437\u044c \u043a\u0440\u0443\u043f\u043d\u043e \u0440\u0443\u0431\u043b\u0435\u043d\u0430\u044f  \u00d8 25 \u043c\u043c I c\u043e\u0440\u0442"},"content":{"rendered":"","protected":false},"excerpt":{"rendered":"","protected":false},"featured_media":1452,"comment_status":"open","ping_status":"closed","template":"","meta":{"_acf_changed":false},"product_brand":[],"product_cat":[52],"product_tag":[],"class_list":{"0":"post-1489","1":"product","2":"type-product","3":"status-publish","4":"has-post-thumbnail","6":"product_cat-52","8":"first","9":"outofstock","10":"taxable","11":"shipping-taxable","12":"purchasable","13":"product-type-simple"},"acf":[],"yoast_head":"<!-- This site is optimized with the Yoast SEO plugin v26.8 - https:\/\/yoast.com\/product\/yoast-seo-wordpress\/ -->\n<title>\u0413\u043e\u0432\u044f\u0436\u044c\u044f \u043e\u0431\u0440\u0435\u0437\u044c \u043a\u0440\u0443\u043f\u043d\u043e \u0440\u0443\u0431\u043b\u0435\u043d\u0430\u044f \u00d8 25 \u043c\u043c I c\u043e\u0440\u0442 - Ledana<\/title>\n<meta name=\"robots\" content=\"index, follow, max-snippet:-1, max-image-preview:large, max-video-preview:-1\" \/>\n<link rel=\"canonical\" href=\"https:\/\/ledana.lt\/ru\/produktas\/kapota-lamb-atraizos\/\" \/>\n<meta property=\"og:locale\" content=\"ru_RU\" \/>\n<meta property=\"og:type\" content=\"article\" \/>\n<meta property=\"og:title\" content=\"\u0413\u043e\u0432\u044f\u0436\u044c\u044f \u043e\u0431\u0440\u0435\u0437\u044c \u043a\u0440\u0443\u043f\u043d\u043e \u0440\u0443\u0431\u043b\u0435\u043d\u0430\u044f \u00d8 25 \u043c\u043c I c\u043e\u0440\u0442 - Ledana\" \/>\n<meta property=\"og:url\" content=\"https:\/\/ledana.lt\/ru\/produktas\/kapota-lamb-atraizos\/\" \/>\n<meta property=\"og:site_name\" content=\"Ledana\" \/>\n<meta property=\"article:publisher\" content=\"https:\/\/www.facebook.com\/uabledana\" \/>\n<meta property=\"article:modified_time\" content=\"2026-02-28T05:59:54+00:00\" \/>\n<meta property=\"og:image\" content=\"https:\/\/ledana.lt\/wp-content\/uploads\/2023\/08\/DSC3617-scaled.jpg\" \/>\n\t<meta property=\"og:image:width\" content=\"2560\" \/>\n\t<meta property=\"og:image:height\" content=\"1625\" \/>\n\t<meta property=\"og:image:type\" content=\"image\/jpeg\" \/>\n<meta name=\"twitter:card\" content=\"summary_large_image\" \/>\n<meta name=\"twitter:label1\" content=\"\u041f\u0440\u0438\u043c\u0435\u0440\u043d\u043e\u0435 \u0432\u0440\u0435\u043c\u044f \u0434\u043b\u044f \u0447\u0442\u0435\u043d\u0438\u044f\" \/>\n\t<meta name=\"twitter:data1\" content=\"1 \u043c\u0438\u043d\u0443\u0442\u0430\" \/>\n<script type=\"application\/ld+json\" class=\"yoast-schema-graph\">{\"@context\":\"https:\/\/schema.org\",\"@graph\":[{\"@type\":\"WebPage\",\"@id\":\"https:\/\/ledana.lt\/ru\/produktas\/kapota-lamb-atraizos\/\",\"url\":\"https:\/\/ledana.lt\/ru\/produktas\/kapota-lamb-atraizos\/\",\"name\":\"\u0413\u043e\u0432\u044f\u0436\u044c\u044f \u043e\u0431\u0440\u0435\u0437\u044c \u043a\u0440\u0443\u043f\u043d\u043e \u0440\u0443\u0431\u043b\u0435\u043d\u0430\u044f \u00d8 25 \u043c\u043c I c\u043e\u0440\u0442 - Ledana\",\"isPartOf\":{\"@id\":\"https:\/\/ledana.lt\/ru\/#website\"},\"primaryImageOfPage\":{\"@id\":\"https:\/\/ledana.lt\/ru\/produktas\/kapota-lamb-atraizos\/#primaryimage\"},\"image\":{\"@id\":\"https:\/\/ledana.lt\/ru\/produktas\/kapota-lamb-atraizos\/#primaryimage\"},\"thumbnailUrl\":\"https:\/\/ledana.lt\/wp-content\/uploads\/2023\/08\/DSC3617-scaled.jpg\",\"datePublished\":\"2023-09-12T10:09:45+00:00\",\"dateModified\":\"2026-02-28T05:59:54+00:00\",\"breadcrumb\":{\"@id\":\"https:\/\/ledana.lt\/ru\/produktas\/kapota-lamb-atraizos\/#breadcrumb\"},\"inLanguage\":\"ru-RU\",\"potentialAction\":[{\"@type\":\"ReadAction\",\"target\":[\"https:\/\/ledana.lt\/ru\/produktas\/kapota-lamb-atraizos\/\"]}]},{\"@type\":\"ImageObject\",\"inLanguage\":\"ru-RU\",\"@id\":\"https:\/\/ledana.lt\/ru\/produktas\/kapota-lamb-atraizos\/#primaryimage\",\"url\":\"https:\/\/ledana.lt\/wp-content\/uploads\/2023\/08\/DSC3617-scaled.jpg\",\"contentUrl\":\"https:\/\/ledana.lt\/wp-content\/uploads\/2023\/08\/DSC3617-scaled.jpg\",\"width\":2560,\"height\":1625},{\"@type\":\"BreadcrumbList\",\"@id\":\"https:\/\/ledana.lt\/ru\/produktas\/kapota-lamb-atraizos\/#breadcrumb\",\"itemListElement\":[{\"@type\":\"ListItem\",\"position\":1,\"name\":\"Home\",\"item\":\"https:\/\/ledana.lt\/ru\/\"},{\"@type\":\"ListItem\",\"position\":2,\"name\":\"Parduotuv\u0117\",\"item\":\"https:\/\/ledana.lt\/parduotuve\/\"},{\"@type\":\"ListItem\",\"position\":3,\"name\":\"\u0413\u043e\u0432\u044f\u0436\u044c\u044f \u043e\u0431\u0440\u0435\u0437\u044c \u043a\u0440\u0443\u043f\u043d\u043e \u0440\u0443\u0431\u043b\u0435\u043d\u0430\u044f \u00d8 25 \u043c\u043c I c\u043e\u0440\u0442\"}]},{\"@type\":\"WebSite\",\"@id\":\"https:\/\/ledana.lt\/ru\/#website\",\"url\":\"https:\/\/ledana.lt\/ru\/\",\"name\":\"Ledana\",\"description\":\"Naturalus \u0161un\u0173 \u0117dalas\",\"publisher\":{\"@id\":\"https:\/\/ledana.lt\/ru\/#organization\"},\"potentialAction\":[{\"@type\":\"SearchAction\",\"target\":{\"@type\":\"EntryPoint\",\"urlTemplate\":\"https:\/\/ledana.lt\/ru\/?s={search_term_string}\"},\"query-input\":{\"@type\":\"PropertyValueSpecification\",\"valueRequired\":true,\"valueName\":\"search_term_string\"}}],\"inLanguage\":\"ru-RU\"},{\"@type\":\"Organization\",\"@id\":\"https:\/\/ledana.lt\/ru\/#organization\",\"name\":\"Ledana\",\"url\":\"https:\/\/ledana.lt\/ru\/\",\"logo\":{\"@type\":\"ImageObject\",\"inLanguage\":\"ru-RU\",\"@id\":\"https:\/\/ledana.lt\/ru\/#\/schema\/logo\/image\/\",\"url\":\"https:\/\/ledana.lt\/wp-content\/uploads\/2023\/08\/Ledana-Logo.png\",\"contentUrl\":\"https:\/\/ledana.lt\/wp-content\/uploads\/2023\/08\/Ledana-Logo.png\",\"width\":534,\"height\":355,\"caption\":\"Ledana\"},\"image\":{\"@id\":\"https:\/\/ledana.lt\/ru\/#\/schema\/logo\/image\/\"},\"sameAs\":[\"https:\/\/www.facebook.com\/uabledana\"]}]}<\/script>\n<!-- \/ Yoast SEO plugin. -->","yoast_head_json":{"title":"\u0413\u043e\u0432\u044f\u0436\u044c\u044f \u043e\u0431\u0440\u0435\u0437\u044c \u043a\u0440\u0443\u043f\u043d\u043e \u0440\u0443\u0431\u043b\u0435\u043d\u0430\u044f \u00d8 25 \u043c\u043c I c\u043e\u0440\u0442 - Ledana","robots":{"index":"index","follow":"follow","max-snippet":"max-snippet:-1","max-image-preview":"max-image-preview:large","max-video-preview":"max-video-preview:-1"},"canonical":"https:\/\/ledana.lt\/ru\/produktas\/kapota-lamb-atraizos\/","og_locale":"ru_RU","og_type":"article","og_title":"\u0413\u043e\u0432\u044f\u0436\u044c\u044f \u043e\u0431\u0440\u0435\u0437\u044c \u043a\u0440\u0443\u043f\u043d\u043e \u0440\u0443\u0431\u043b\u0435\u043d\u0430\u044f \u00d8 25 \u043c\u043c I c\u043e\u0440\u0442 - Ledana","og_url":"https:\/\/ledana.lt\/ru\/produktas\/kapota-lamb-atraizos\/","og_site_name":"Ledana","article_publisher":"https:\/\/www.facebook.com\/uabledana","article_modified_time":"2026-02-28T05:59:54+00:00","og_image":[{"width":2560,"height":1625,"url":"https:\/\/ledana.lt\/wp-content\/uploads\/2023\/08\/DSC3617-scaled.jpg","type":"image\/jpeg"}],"twitter_card":"summary_large_image","twitter_misc":{"\u041f\u0440\u0438\u043c\u0435\u0440\u043d\u043e\u0435 \u0432\u0440\u0435\u043c\u044f \u0434\u043b\u044f \u0447\u0442\u0435\u043d\u0438\u044f":"1 \u043c\u0438\u043d\u0443\u0442\u0430"},"schema":{"@context":"https:\/\/schema.org","@graph":[{"@type":"WebPage","@id":"https:\/\/ledana.lt\/ru\/produktas\/kapota-lamb-atraizos\/","url":"https:\/\/ledana.lt\/ru\/produktas\/kapota-lamb-atraizos\/","name":"\u0413\u043e\u0432\u044f\u0436\u044c\u044f \u043e\u0431\u0440\u0435\u0437\u044c \u043a\u0440\u0443\u043f\u043d\u043e \u0440\u0443\u0431\u043b\u0435\u043d\u0430\u044f \u00d8 25 \u043c\u043c I c\u043e\u0440\u0442 - Ledana","isPartOf":{"@id":"https:\/\/ledana.lt\/ru\/#website"},"primaryImageOfPage":{"@id":"https:\/\/ledana.lt\/ru\/produktas\/kapota-lamb-atraizos\/#primaryimage"},"image":{"@id":"https:\/\/ledana.lt\/ru\/produktas\/kapota-lamb-atraizos\/#primaryimage"},"thumbnailUrl":"https:\/\/ledana.lt\/wp-content\/uploads\/2023\/08\/DSC3617-scaled.jpg","datePublished":"2023-09-12T10:09:45+00:00","dateModified":"2026-02-28T05:59:54+00:00","breadcrumb":{"@id":"https:\/\/ledana.lt\/ru\/produktas\/kapota-lamb-atraizos\/#breadcrumb"},"inLanguage":"ru-RU","potentialAction":[{"@type":"ReadAction","target":["https:\/\/ledana.lt\/ru\/produktas\/kapota-lamb-atraizos\/"]}]},{"@type":"ImageObject","inLanguage":"ru-RU","@id":"https:\/\/ledana.lt\/ru\/produktas\/kapota-lamb-atraizos\/#primaryimage","url":"https:\/\/ledana.lt\/wp-content\/uploads\/2023\/08\/DSC3617-scaled.jpg","contentUrl":"https:\/\/ledana.lt\/wp-content\/uploads\/2023\/08\/DSC3617-scaled.jpg","width":2560,"height":1625},{"@type":"BreadcrumbList","@id":"https:\/\/ledana.lt\/ru\/produktas\/kapota-lamb-atraizos\/#breadcrumb","itemListElement":[{"@type":"ListItem","position":1,"name":"Home","item":"https:\/\/ledana.lt\/ru\/"},{"@type":"ListItem","position":2,"name":"Parduotuv\u0117","item":"https:\/\/ledana.lt\/parduotuve\/"},{"@type":"ListItem","position":3,"name":"\u0413\u043e\u0432\u044f\u0436\u044c\u044f \u043e\u0431\u0440\u0435\u0437\u044c \u043a\u0440\u0443\u043f\u043d\u043e \u0440\u0443\u0431\u043b\u0435\u043d\u0430\u044f \u00d8 25 \u043c\u043c I c\u043e\u0440\u0442"}]},{"@type":"WebSite","@id":"https:\/\/ledana.lt\/ru\/#website","url":"https:\/\/ledana.lt\/ru\/","name":"Ledana","description":"Naturalus \u0161un\u0173 \u0117dalas","publisher":{"@id":"https:\/\/ledana.lt\/ru\/#organization"},"potentialAction":[{"@type":"SearchAction","target":{"@type":"EntryPoint","urlTemplate":"https:\/\/ledana.lt\/ru\/?s={search_term_string}"},"query-input":{"@type":"PropertyValueSpecification","valueRequired":true,"valueName":"search_term_string"}}],"inLanguage":"ru-RU"},{"@type":"Organization","@id":"https:\/\/ledana.lt\/ru\/#organization","name":"Ledana","url":"https:\/\/ledana.lt\/ru\/","logo":{"@type":"ImageObject","inLanguage":"ru-RU","@id":"https:\/\/ledana.lt\/ru\/#\/schema\/logo\/image\/","url":"https:\/\/ledana.lt\/wp-content\/uploads\/2023\/08\/Ledana-Logo.png","contentUrl":"https:\/\/ledana.lt\/wp-content\/uploads\/2023\/08\/Ledana-Logo.png","width":534,"height":355,"caption":"Ledana"},"image":{"@id":"https:\/\/ledana.lt\/ru\/#\/schema\/logo\/image\/"},"sameAs":["https:\/\/www.facebook.com\/uabledana"]}]}},"jetpack_sharing_enabled":true,"_links":{"self":[{"href":"https:\/\/ledana.lt\/ru\/wp-json\/wp\/v2\/product\/1489","targetHints":{"allow":["GET"]}}],"collection":[{"href":"https:\/\/ledana.lt\/ru\/wp-json\/wp\/v2\/product"}],"about":[{"href":"https:\/\/ledana.lt\/ru\/wp-json\/wp\/v2\/types\/product"}],"replies":[{"embeddable":true,"href":"https:\/\/ledana.lt\/ru\/wp-json\/wp\/v2\/comments?post=1489"}],"wp:featuredmedia":[{"embeddable":true,"href":"https:\/\/ledana.lt\/ru\/wp-json\/wp\/v2\/media\/1452"}],"wp:attachment":[{"href":"https:\/\/ledana.lt\/ru\/wp-json\/wp\/v2\/media?parent=1489"}],"wp:term":[{"taxonomy":"product_brand","embeddable":true,"href":"https:\/\/ledana.lt\/ru\/wp-json\/wp\/v2\/product_brand?post=1489"},{"taxonomy":"product_cat","embeddable":true,"href":"https:\/\/ledana.lt\/ru\/wp-json\/wp\/v2\/product_cat?post=1489"},{"taxonomy":"product_tag","embeddable":true,"href":"https:\/\/ledana.lt\/ru\/wp-json\/wp\/v2\/product_tag?post=1489"}],"curies":[{"name":"wp","href":"https:\/\/api.w.org\/{rel}","templated":true}]}}