{"id":1488,"date":"2023-09-12T10:09:45","date_gmt":"2023-09-12T07:09:45","guid":{"rendered":"https:\/\/ledana.lt\/produktas\/elniena-pl\/"},"modified":"2025-11-28T13:06:37","modified_gmt":"2025-11-28T11:06:37","slug":"elniena-pl","status":"publish","type":"product","link":"https:\/\/ledana.lt\/ru\/produktas\/elniena-pl\/","title":{"rendered":"\u041e\u041b\u0415\u041d\u0418\u041d\u0410 \u0438\u043b\u0438 \u043c\u044f\u0441\u043e \u041a\u041e\u0421\u0423\u041b\u0418,\u0440\u0443\u0431\u043b\u0435\u043d\u043e\u0435 \u00d8 16 \u043c\u043c, (\u041f\u041e\u041b\u042c\u0428\u0410)"},"content":{"rendered":"<p>\u00d8<\/p>\n","protected":false},"excerpt":{"rendered":"<p>\u00d8<\/p>\n","protected":false},"featured_media":1447,"comment_status":"open","ping_status":"closed","template":"","meta":{"_acf_changed":false},"product_brand":[],"product_cat":[53],"product_tag":[],"class_list":{"0":"post-1488","1":"product","2":"type-product","3":"status-publish","4":"has-post-thumbnail","6":"product_cat-53","8":"first","9":"instock","10":"taxable","11":"shipping-taxable","12":"purchasable","13":"product-type-simple"},"acf":[],"yoast_head":"<!-- This site is optimized with the Yoast SEO plugin v27.3 - https:\/\/yoast.com\/product\/yoast-seo-wordpress\/ -->\n<title>\u041e\u041b\u0415\u041d\u0418\u041d\u0410 \u0438\u043b\u0438 \u043c\u044f\u0441\u043e \u041a\u041e\u0421\u0423\u041b\u0418,\u0440\u0443\u0431\u043b\u0435\u043d\u043e\u0435 \u00d8 16 \u043c\u043c, (\u041f\u041e\u041b\u042c\u0428\u0410) - Ledana<\/title>\n<meta name=\"robots\" content=\"index, follow, max-snippet:-1, max-image-preview:large, max-video-preview:-1\" \/>\n<link rel=\"canonical\" href=\"https:\/\/ledana.lt\/ru\/produktas\/elniena-pl\/\" \/>\n<meta property=\"og:locale\" content=\"ru_RU\" \/>\n<meta property=\"og:type\" content=\"article\" \/>\n<meta property=\"og:title\" content=\"\u041e\u041b\u0415\u041d\u0418\u041d\u0410 \u0438\u043b\u0438 \u043c\u044f\u0441\u043e \u041a\u041e\u0421\u0423\u041b\u0418,\u0440\u0443\u0431\u043b\u0435\u043d\u043e\u0435 \u00d8 16 \u043c\u043c, (\u041f\u041e\u041b\u042c\u0428\u0410) - Ledana\" \/>\n<meta property=\"og:description\" content=\"\u00d8\" \/>\n<meta property=\"og:url\" content=\"https:\/\/ledana.lt\/ru\/produktas\/elniena-pl\/\" \/>\n<meta property=\"og:site_name\" content=\"Ledana\" \/>\n<meta property=\"article:publisher\" content=\"https:\/\/www.facebook.com\/uabledana\" \/>\n<meta property=\"article:modified_time\" content=\"2025-11-28T11:06:37+00:00\" \/>\n<meta property=\"og:image\" content=\"https:\/\/ledana.lt\/wp-content\/uploads\/2023\/08\/DSC3604-scaled.jpg\" \/>\n\t<meta property=\"og:image:width\" content=\"2560\" \/>\n\t<meta property=\"og:image:height\" content=\"1727\" \/>\n\t<meta property=\"og:image:type\" content=\"image\/jpeg\" \/>\n<meta name=\"twitter:card\" content=\"summary_large_image\" \/>\n<meta name=\"twitter:label1\" content=\"\u041f\u0440\u0438\u043c\u0435\u0440\u043d\u043e\u0435 \u0432\u0440\u0435\u043c\u044f \u0434\u043b\u044f \u0447\u0442\u0435\u043d\u0438\u044f\" \/>\n\t<meta name=\"twitter:data1\" content=\"1 \u043c\u0438\u043d\u0443\u0442\u0430\" \/>\n<script type=\"application\/ld+json\" class=\"yoast-schema-graph\">{\"@context\":\"https:\\\/\\\/schema.org\",\"@graph\":[{\"@type\":\"WebPage\",\"@id\":\"https:\\\/\\\/ledana.lt\\\/ru\\\/produktas\\\/elniena-pl\\\/\",\"url\":\"https:\\\/\\\/ledana.lt\\\/ru\\\/produktas\\\/elniena-pl\\\/\",\"name\":\"\u041e\u041b\u0415\u041d\u0418\u041d\u0410 \u0438\u043b\u0438 \u043c\u044f\u0441\u043e \u041a\u041e\u0421\u0423\u041b\u0418,\u0440\u0443\u0431\u043b\u0435\u043d\u043e\u0435 \u00d8 16 \u043c\u043c, (\u041f\u041e\u041b\u042c\u0428\u0410) - Ledana\",\"isPartOf\":{\"@id\":\"https:\\\/\\\/ledana.lt\\\/ru\\\/#website\"},\"primaryImageOfPage\":{\"@id\":\"https:\\\/\\\/ledana.lt\\\/ru\\\/produktas\\\/elniena-pl\\\/#primaryimage\"},\"image\":{\"@id\":\"https:\\\/\\\/ledana.lt\\\/ru\\\/produktas\\\/elniena-pl\\\/#primaryimage\"},\"thumbnailUrl\":\"https:\\\/\\\/ledana.lt\\\/wp-content\\\/uploads\\\/2023\\\/08\\\/DSC3604-scaled.jpg\",\"datePublished\":\"2023-09-12T07:09:45+00:00\",\"dateModified\":\"2025-11-28T11:06:37+00:00\",\"breadcrumb\":{\"@id\":\"https:\\\/\\\/ledana.lt\\\/ru\\\/produktas\\\/elniena-pl\\\/#breadcrumb\"},\"inLanguage\":\"ru-RU\",\"potentialAction\":[{\"@type\":\"ReadAction\",\"target\":[\"https:\\\/\\\/ledana.lt\\\/ru\\\/produktas\\\/elniena-pl\\\/\"]}]},{\"@type\":\"ImageObject\",\"inLanguage\":\"ru-RU\",\"@id\":\"https:\\\/\\\/ledana.lt\\\/ru\\\/produktas\\\/elniena-pl\\\/#primaryimage\",\"url\":\"https:\\\/\\\/ledana.lt\\\/wp-content\\\/uploads\\\/2023\\\/08\\\/DSC3604-scaled.jpg\",\"contentUrl\":\"https:\\\/\\\/ledana.lt\\\/wp-content\\\/uploads\\\/2023\\\/08\\\/DSC3604-scaled.jpg\",\"width\":2560,\"height\":1727},{\"@type\":\"BreadcrumbList\",\"@id\":\"https:\\\/\\\/ledana.lt\\\/ru\\\/produktas\\\/elniena-pl\\\/#breadcrumb\",\"itemListElement\":[{\"@type\":\"ListItem\",\"position\":1,\"name\":\"Home\",\"item\":\"https:\\\/\\\/ledana.lt\\\/ru\\\/\"},{\"@type\":\"ListItem\",\"position\":2,\"name\":\"Parduotuv\u0117\",\"item\":\"https:\\\/\\\/ledana.lt\\\/parduotuve\\\/\"},{\"@type\":\"ListItem\",\"position\":3,\"name\":\"\u041e\u041b\u0415\u041d\u0418\u041d\u0410 \u0438\u043b\u0438 \u043c\u044f\u0441\u043e \u041a\u041e\u0421\u0423\u041b\u0418,\u0440\u0443\u0431\u043b\u0435\u043d\u043e\u0435 \u00d8 16 \u043c\u043c, (\u041f\u041e\u041b\u042c\u0428\u0410)\"}]},{\"@type\":\"WebSite\",\"@id\":\"https:\\\/\\\/ledana.lt\\\/ru\\\/#website\",\"url\":\"https:\\\/\\\/ledana.lt\\\/ru\\\/\",\"name\":\"Ledana\",\"description\":\"Naturalus \u0161un\u0173 \u0117dalas\",\"publisher\":{\"@id\":\"https:\\\/\\\/ledana.lt\\\/ru\\\/#organization\"},\"potentialAction\":[{\"@type\":\"SearchAction\",\"target\":{\"@type\":\"EntryPoint\",\"urlTemplate\":\"https:\\\/\\\/ledana.lt\\\/ru\\\/?s={search_term_string}\"},\"query-input\":{\"@type\":\"PropertyValueSpecification\",\"valueRequired\":true,\"valueName\":\"search_term_string\"}}],\"inLanguage\":\"ru-RU\"},{\"@type\":\"Organization\",\"@id\":\"https:\\\/\\\/ledana.lt\\\/ru\\\/#organization\",\"name\":\"Ledana\",\"url\":\"https:\\\/\\\/ledana.lt\\\/ru\\\/\",\"logo\":{\"@type\":\"ImageObject\",\"inLanguage\":\"ru-RU\",\"@id\":\"https:\\\/\\\/ledana.lt\\\/ru\\\/#\\\/schema\\\/logo\\\/image\\\/\",\"url\":\"https:\\\/\\\/ledana.lt\\\/wp-content\\\/uploads\\\/2023\\\/08\\\/Ledana-Logo.png\",\"contentUrl\":\"https:\\\/\\\/ledana.lt\\\/wp-content\\\/uploads\\\/2023\\\/08\\\/Ledana-Logo.png\",\"width\":534,\"height\":355,\"caption\":\"Ledana\"},\"image\":{\"@id\":\"https:\\\/\\\/ledana.lt\\\/ru\\\/#\\\/schema\\\/logo\\\/image\\\/\"},\"sameAs\":[\"https:\\\/\\\/www.facebook.com\\\/uabledana\"]}]}<\/script>\n<!-- \/ Yoast SEO plugin. -->","yoast_head_json":{"title":"\u041e\u041b\u0415\u041d\u0418\u041d\u0410 \u0438\u043b\u0438 \u043c\u044f\u0441\u043e \u041a\u041e\u0421\u0423\u041b\u0418,\u0440\u0443\u0431\u043b\u0435\u043d\u043e\u0435 \u00d8 16 \u043c\u043c, (\u041f\u041e\u041b\u042c\u0428\u0410) - Ledana","robots":{"index":"index","follow":"follow","max-snippet":"max-snippet:-1","max-image-preview":"max-image-preview:large","max-video-preview":"max-video-preview:-1"},"canonical":"https:\/\/ledana.lt\/ru\/produktas\/elniena-pl\/","og_locale":"ru_RU","og_type":"article","og_title":"\u041e\u041b\u0415\u041d\u0418\u041d\u0410 \u0438\u043b\u0438 \u043c\u044f\u0441\u043e \u041a\u041e\u0421\u0423\u041b\u0418,\u0440\u0443\u0431\u043b\u0435\u043d\u043e\u0435 \u00d8 16 \u043c\u043c, (\u041f\u041e\u041b\u042c\u0428\u0410) - Ledana","og_description":"\u00d8","og_url":"https:\/\/ledana.lt\/ru\/produktas\/elniena-pl\/","og_site_name":"Ledana","article_publisher":"https:\/\/www.facebook.com\/uabledana","article_modified_time":"2025-11-28T11:06:37+00:00","og_image":[{"width":2560,"height":1727,"url":"https:\/\/ledana.lt\/wp-content\/uploads\/2023\/08\/DSC3604-scaled.jpg","type":"image\/jpeg"}],"twitter_card":"summary_large_image","twitter_misc":{"\u041f\u0440\u0438\u043c\u0435\u0440\u043d\u043e\u0435 \u0432\u0440\u0435\u043c\u044f \u0434\u043b\u044f \u0447\u0442\u0435\u043d\u0438\u044f":"1 \u043c\u0438\u043d\u0443\u0442\u0430"},"schema":{"@context":"https:\/\/schema.org","@graph":[{"@type":"WebPage","@id":"https:\/\/ledana.lt\/ru\/produktas\/elniena-pl\/","url":"https:\/\/ledana.lt\/ru\/produktas\/elniena-pl\/","name":"\u041e\u041b\u0415\u041d\u0418\u041d\u0410 \u0438\u043b\u0438 \u043c\u044f\u0441\u043e \u041a\u041e\u0421\u0423\u041b\u0418,\u0440\u0443\u0431\u043b\u0435\u043d\u043e\u0435 \u00d8 16 \u043c\u043c, (\u041f\u041e\u041b\u042c\u0428\u0410) - Ledana","isPartOf":{"@id":"https:\/\/ledana.lt\/ru\/#website"},"primaryImageOfPage":{"@id":"https:\/\/ledana.lt\/ru\/produktas\/elniena-pl\/#primaryimage"},"image":{"@id":"https:\/\/ledana.lt\/ru\/produktas\/elniena-pl\/#primaryimage"},"thumbnailUrl":"https:\/\/ledana.lt\/wp-content\/uploads\/2023\/08\/DSC3604-scaled.jpg","datePublished":"2023-09-12T07:09:45+00:00","dateModified":"2025-11-28T11:06:37+00:00","breadcrumb":{"@id":"https:\/\/ledana.lt\/ru\/produktas\/elniena-pl\/#breadcrumb"},"inLanguage":"ru-RU","potentialAction":[{"@type":"ReadAction","target":["https:\/\/ledana.lt\/ru\/produktas\/elniena-pl\/"]}]},{"@type":"ImageObject","inLanguage":"ru-RU","@id":"https:\/\/ledana.lt\/ru\/produktas\/elniena-pl\/#primaryimage","url":"https:\/\/ledana.lt\/wp-content\/uploads\/2023\/08\/DSC3604-scaled.jpg","contentUrl":"https:\/\/ledana.lt\/wp-content\/uploads\/2023\/08\/DSC3604-scaled.jpg","width":2560,"height":1727},{"@type":"BreadcrumbList","@id":"https:\/\/ledana.lt\/ru\/produktas\/elniena-pl\/#breadcrumb","itemListElement":[{"@type":"ListItem","position":1,"name":"Home","item":"https:\/\/ledana.lt\/ru\/"},{"@type":"ListItem","position":2,"name":"Parduotuv\u0117","item":"https:\/\/ledana.lt\/parduotuve\/"},{"@type":"ListItem","position":3,"name":"\u041e\u041b\u0415\u041d\u0418\u041d\u0410 \u0438\u043b\u0438 \u043c\u044f\u0441\u043e \u041a\u041e\u0421\u0423\u041b\u0418,\u0440\u0443\u0431\u043b\u0435\u043d\u043e\u0435 \u00d8 16 \u043c\u043c, (\u041f\u041e\u041b\u042c\u0428\u0410)"}]},{"@type":"WebSite","@id":"https:\/\/ledana.lt\/ru\/#website","url":"https:\/\/ledana.lt\/ru\/","name":"Ledana","description":"Naturalus \u0161un\u0173 \u0117dalas","publisher":{"@id":"https:\/\/ledana.lt\/ru\/#organization"},"potentialAction":[{"@type":"SearchAction","target":{"@type":"EntryPoint","urlTemplate":"https:\/\/ledana.lt\/ru\/?s={search_term_string}"},"query-input":{"@type":"PropertyValueSpecification","valueRequired":true,"valueName":"search_term_string"}}],"inLanguage":"ru-RU"},{"@type":"Organization","@id":"https:\/\/ledana.lt\/ru\/#organization","name":"Ledana","url":"https:\/\/ledana.lt\/ru\/","logo":{"@type":"ImageObject","inLanguage":"ru-RU","@id":"https:\/\/ledana.lt\/ru\/#\/schema\/logo\/image\/","url":"https:\/\/ledana.lt\/wp-content\/uploads\/2023\/08\/Ledana-Logo.png","contentUrl":"https:\/\/ledana.lt\/wp-content\/uploads\/2023\/08\/Ledana-Logo.png","width":534,"height":355,"caption":"Ledana"},"image":{"@id":"https:\/\/ledana.lt\/ru\/#\/schema\/logo\/image\/"},"sameAs":["https:\/\/www.facebook.com\/uabledana"]}]}},"jetpack_sharing_enabled":true,"_links":{"self":[{"href":"https:\/\/ledana.lt\/ru\/wp-json\/wp\/v2\/product\/1488","targetHints":{"allow":["GET"]}}],"collection":[{"href":"https:\/\/ledana.lt\/ru\/wp-json\/wp\/v2\/product"}],"about":[{"href":"https:\/\/ledana.lt\/ru\/wp-json\/wp\/v2\/types\/product"}],"replies":[{"embeddable":true,"href":"https:\/\/ledana.lt\/ru\/wp-json\/wp\/v2\/comments?post=1488"}],"wp:featuredmedia":[{"embeddable":true,"href":"https:\/\/ledana.lt\/ru\/wp-json\/wp\/v2\/media\/1447"}],"wp:attachment":[{"href":"https:\/\/ledana.lt\/ru\/wp-json\/wp\/v2\/media?parent=1488"}],"wp:term":[{"taxonomy":"product_brand","embeddable":true,"href":"https:\/\/ledana.lt\/ru\/wp-json\/wp\/v2\/product_brand?post=1488"},{"taxonomy":"product_cat","embeddable":true,"href":"https:\/\/ledana.lt\/ru\/wp-json\/wp\/v2\/product_cat?post=1488"},{"taxonomy":"product_tag","embeddable":true,"href":"https:\/\/ledana.lt\/ru\/wp-json\/wp\/v2\/product_tag?post=1488"}],"curies":[{"name":"wp","href":"https:\/\/api.w.org\/{rel}","templated":true}]}}