{"id":1476,"date":"2023-09-25T14:59:07","date_gmt":"2023-09-25T11:59:07","guid":{"rendered":"https:\/\/ledana.lt\/produktas\/%d1%82%d0%b5%d0%be%d0%b4%d0%be%d1%80\/"},"modified":"2026-03-23T17:28:49","modified_gmt":"2026-03-23T15:28:49","slug":"%d1%82%d0%b5%d0%be%d0%b4%d0%be%d1%80","status":"publish","type":"product","link":"https:\/\/ledana.lt\/ru\/produktas\/%d1%82%d0%b5%d0%be%d0%b4%d0%be%d1%80\/","title":{"rendered":"\u0421\u043c\u0435\u0441\u044c \u0422\u041e\u0420 (\u043c\u0438\u043a\u0441-9)"},"content":{"rendered":"<p>&#171;\u0422\u041e\u0420&#187; &#8212; \u044d\u0442\u043e \u0441\u0431\u0430\u043b\u0430\u043d\u0441\u0438\u0440\u043e\u0432\u0430\u043d\u043d\u0430\u044f \u0438 \u043f\u0438\u0442\u0430\u0442\u0435\u043b\u044c\u043d\u0430\u044f \u043a\u043e\u0440\u043c\u043e\u0432\u0430\u044f \u0441\u043c\u0435\u0441\u044c \u0434\u043b\u044f \u0441\u043e\u0431\u0430\u043a, \u0440\u0430\u0437\u0440\u0430\u0431\u043e\u0442\u0430\u043d\u043d\u0430\u044f \u0441 \u0443\u0447\u0435\u0442\u043e\u043c \u043f\u043e\u0442\u0440\u0435\u0431\u043d\u043e\u0441\u0442\u0435\u0439 \u0434\u043e\u043c\u0430\u0448\u043d\u0438\u0445 \u0436\u0438\u0432\u043e\u0442\u043d\u044b\u0445 \u0432 \u0437\u0434\u043e\u0440\u043e\u0432\u044c\u0435 \u0438 \u043f\u0438\u0442\u0430\u043d\u0438\u0438:<\/p>\n<ul>\n<li><strong>\u0420\u0443\u0431\u0435\u0446 \u043a\u0440\u0443\u043f\u043d\u043e\u0433\u043e \u0440\u043e\u0433\u0430\u0442\u043e\u0433\u043e \u0441\u043a\u043e\u0442\u0430 (5%)<\/strong> \u044f\u0432\u043b\u044f\u044e\u0442\u0441\u044f \u0438\u0441\u0442\u043e\u0447\u043d\u0438\u043a\u043e\u043c \u043f\u0440\u043e\u0431\u0438\u043e\u0442\u0438\u043a\u043e\u0432 \u0438 \u0444\u0435\u0440\u043c\u0435\u043d\u0442\u043e\u0432, \u0441\u043f\u043e\u0441\u043e\u0431\u0441\u0442\u0432\u0443\u044e\u0449\u0438\u0445 \u0443\u043b\u0443\u0447\u0448\u0435\u043d\u0438\u044e \u043f\u0438\u0449\u0435\u0432\u0430\u0440\u0435\u043d\u0438\u044f.<\/li>\n<li><strong>\u0411\u044b\u0447\u044c\u044f \u0442\u0440\u0430\u0445\u0435\u044f \u0438 \u043f\u0440\u0435\u0434\u0441\u0435\u0440\u0434\u0438\u044f (5%)<\/strong> &#8212; \u043d\u0430\u0442\u0443\u0440\u0430\u043b\u044c\u043d\u044b\u0439 \u0438 \u043f\u043e\u043b\u0435\u0437\u043d\u044b\u0439 \u0441\u043d\u0435\u043a, \u043a\u043e\u0442\u043e\u0440\u044b\u0439 \u043f\u043e\u043c\u043e\u0433\u0430\u0435\u0442 \u043e\u0447\u0438\u0441\u0442\u0438\u0442\u044c \u0437\u0443\u0431\u044b \u0441\u043e\u0431\u0430\u043a \u0438 \u0443\u043b\u0443\u0447\u0448\u0438\u0442\u044c \u0441\u043e\u0441\u0442\u043e\u044f\u043d\u0438\u0435 \u0440\u043e\u0442\u043e\u0432\u043e\u0439 \u043f\u043e\u043b\u043e\u0441\u0442\u0438.<\/li>\n<li><strong>\u0411\u044b\u0447\u044c\u0438 \u043f\u043e\u0447\u043a\u0438 (10%)<\/strong> \u044f\u0432\u043b\u044f\u044e\u0442\u0441\u044f \u043f\u0440\u0435\u043a\u0440\u0430\u0441\u043d\u044b\u043c \u0438\u0441\u0442\u043e\u0447\u043d\u0438\u043a\u043e\u043c \u0442\u0430\u043a\u0438\u0445 \u043d\u0435\u043e\u0431\u0445\u043e\u0434\u0438\u043c\u044b\u0445 \u043f\u0438\u0442\u0430\u0442\u0435\u043b\u044c\u043d\u044b\u0445 \u0432\u0435\u0449\u0435\u0441\u0442\u0432, \u043a\u0430\u043a \u0436\u0435\u043b\u0435\u0437\u043e, \u0446\u0438\u043d\u043a \u0438 \u0432\u0438\u0442\u0430\u043c\u0438\u043d\u044b \u0433\u0440\u0443\u043f\u043f\u044b \u0412.<\/li>\n<li><strong>\u0421\u0435\u043c\u044f\u043d\u043d\u0438\u043a\u0438 (5%)<\/strong> \u044f\u0432\u043b\u044f\u044e\u0442\u0441\u044f \u0432\u044b\u0441\u043e\u043a\u043e\u043a\u0430\u0447\u0435\u0441\u0442\u0432\u0435\u043d\u043d\u044b\u043c \u0438\u0441\u0442\u043e\u0447\u043d\u0438\u043a\u043e\u043c \u0431\u0435\u043b\u043a\u0430, \u043a\u043e\u0442\u043e\u0440\u044b\u0439 \u043d\u0435\u043e\u0431\u0445\u043e\u0434\u0438\u043c \u0434\u043b\u044f \u0440\u043e\u0441\u0442\u0430 \u0438 \u043f\u043e\u0434\u0434\u0435\u0440\u0436\u0430\u043d\u0438\u044f \u043c\u044b\u0448\u0446 \u0441\u043e\u0431\u0430\u043a.<\/li>\n<li><strong>\u0413\u043e\u0432\u044f\u0436\u044c\u044f \u043e\u0431\u0440\u0435\u0437\u044c \u0430\/\u0440 (40%)<\/strong> &#8212; \u0432\u044b\u0441\u043e\u043a\u043e\u043a\u0430\u0447\u0435\u0441\u0442\u0432\u0435\u043d\u043d\u044b\u0439 \u0438\u0441\u0442\u043e\u0447\u043d\u0438\u043a \u0431\u0435\u043b\u043a\u0430, \u043a\u043e\u0442\u043e\u0440\u044b\u0439 \u043d\u0435\u043e\u0431\u0445\u043e\u0434\u0438\u043c \u0434\u043b\u044f \u0440\u043e\u0441\u0442\u0430 \u0438 \u043f\u043e\u0434\u0434\u0435\u0440\u0436\u0430\u043d\u0438\u044f \u043c\u044b\u0448\u0435\u0447\u043d\u043e\u0439 \u043c\u0430\u0441\u0441\u044b \u0441\u043e\u0431\u0430\u043a.<\/li>\n<li><strong>\u041c\u044f\u0441\u043e \u0433\u043e\u043b\u043e\u0432\u044b\u044b \u0438\u0437-\u043f\u043e\u0434 \u044f\u0437\u044b\u043a\u0430 (20%)<\/strong> \u044f\u0432\u043b\u044f\u0435\u0442\u0441\u044f \u043e\u0442\u043b\u0438\u0447\u043d\u044b\u043c \u0438\u0441\u0442\u043e\u0447\u043d\u0438\u043a\u043e\u043c \u0431\u0435\u043b\u043a\u0430, \u043a\u043e\u0442\u043e\u0440\u044b\u0439 \u043d\u0435\u043e\u0431\u0445\u043e\u0434\u0438\u043c \u0434\u043b\u044f \u0440\u043e\u0441\u0442\u0430 \u0438 \u043f\u043e\u0434\u0434\u0435\u0440\u0436\u0430\u043d\u0438\u044f \u043c\u044b\u0448\u0446 \u0441\u043e\u0431\u0430\u043a.<\/li>\n<li><strong>\u041a\u043e\u0441\u0442\u043d\u0430\u044f \u043f\u0430\u0441\u0442\u0430 \u0438\u0437 \u0438\u043d\u0434\u044e\u0448\u0438\u043d\u044b\u0445 \u043a\u0430\u0440\u043a\u0430\u0441\u0432 (10%)<\/strong> \u044f\u0432\u043b\u044f\u0435\u0442\u0441\u044f \u043d\u0430\u0442\u0443\u0440\u0430\u043b\u044c\u043d\u044b\u043c \u0438\u0441\u0442\u043e\u0447\u043d\u0438\u043a\u043e\u043c \u043a\u0430\u043b\u044c\u0446\u0438\u044f \u0438 \u0444\u043e\u0441\u0444\u043e\u0440\u0430, \u043a\u043e\u0442\u043e\u0440\u044b\u0435 \u043d\u0435\u043e\u0431\u0445\u043e\u0434\u0438\u043c\u044b \u0434\u043b\u044f \u043a\u0440\u0435\u043f\u043a\u0438\u0445 \u0438 \u0437\u0434\u043e\u0440\u043e\u0432\u044b\u0445 \u043a\u043e\u0441\u0442\u0435\u0439.<\/li>\n<li><strong>\u041c\u043e\u0440\u043a\u043e\u0432\u044c (2,5%)<\/strong> \u0438 <strong>\u0442\u044b\u043a\u0432\u0430 \u043c\u0430\u0441\u043b\u044f\u043d\u0438\u0447\u043d\u0430\u044f(2,5%)<\/strong> \u044f\u0432\u043b\u044f\u044e\u0442\u0441\u044f \u043f\u0440\u0435\u043a\u0440\u0430\u0441\u043d\u044b\u043c\u0438 \u0438\u0441\u0442\u043e\u0447\u043d\u0438\u043a\u0430\u043c\u0438 \u043a\u043b\u0435\u0442\u0447\u0430\u0442\u043a\u0438, \u043a\u043e\u0442\u043e\u0440\u0430\u044f \u043f\u043e\u043c\u043e\u0433\u0430\u0435\u0442 \u0440\u0435\u0433\u0443\u043b\u0438\u0440\u043e\u0432\u0430\u0442\u044c \u043f\u0438\u0449\u0435\u0432\u0430\u0440\u0435\u043d\u0438\u0435 \u0438 \u043f\u043e\u043b\u0435\u0437\u043d\u0430 \u0434\u043b\u044f \u0441\u043e\u0431\u0430\u043a \u0441 \u043f\u0440\u043e\u0431\u043b\u0435\u043c\u0430\u043c\u0438 \u043f\u0438\u0449\u0435\u0432\u0430\u0440\u0435\u043d\u0438\u044f.<\/li>\n<\/ul>\n<p>\u042d\u0442\u0430 \u0444\u043e\u0440\u043c\u0443\u043b\u0430 \u0440\u0430\u0437\u0440\u0430\u0431\u043e\u0442\u0430\u043d\u0430 \u0434\u043b\u044f \u043e\u0431\u0435\u0441\u043f\u0435\u0447\u0435\u043d\u0438\u044f \u043f\u043e\u043b\u043d\u043e\u0446\u0435\u043d\u043d\u043e\u0433\u043e \u0438 \u0441\u0431\u0430\u043b\u0430\u043d\u0441\u0438\u0440\u043e\u0432\u0430\u043d\u043d\u043e\u0433\u043e \u043f\u0438\u0442\u0430\u043d\u0438\u044f \u0412\u0430\u0448\u0435\u0433\u043e \u043f\u0438\u0442\u043e\u043c\u0446\u0430 \u0441 \u0443\u0447\u0435\u0442\u043e\u043c \u0435\u0433\u043e \u0432\u043e\u0437\u0440\u0430\u0441\u0442\u0430, \u0432\u0435\u0441\u0430 \u0438 \u0441\u043e\u0441\u0442\u043e\u044f\u043d\u0438\u044f \u0437\u0434\u043e\u0440\u043e\u0432\u044c\u044f.<\/p>\n","protected":false},"excerpt":{"rendered":"<table>\n<thead>\n<tr>\n<th><strong>\u0418\u043d\u0433\u0440\u0435\u0434\u0438\u0435\u043d\u0442<\/strong><\/th>\n<th><strong>\u041f\u0440\u043e\u0446\u0435\u043d\u0442\u044b (%)<\/strong><\/th>\n<\/tr>\n<\/thead>\n<tbody>\n<tr>\n<td>\u0416\u0435\u043b\u0443\u0434\u043a\u0438 \u043a\u0440\u0443\u043f\u043d\u043e\u0433\u043e \u0440\u043e\u0433\u0430\u0442\u043e\u0433\u043e \u0441\u043a\u043e\u0442\u0430<\/td>\n<td>5<\/td>\n<\/tr>\n<tr>\n<td>\u0422\u0440\u0430\u0445\u0435\u044f \u043a\u0440\u0443\u043f\u043d\u043e\u0433\u043e \u0440\u043e\u0433\u0430\u0442\u043e\u0433\u043e \u0441\u043a\u043e\u0442\u0430, \u043f\u0440\u0435\u0434\u0441\u0435\u0440\u0434\u0438\u044f<\/td>\n<td>5<\/td>\n<\/tr>\n<tr>\n<td>\u0411\u044b\u0447\u044c\u0438 \u043f\u043e\u0447\u043a\u0438<\/td>\n<td>10<\/td>\n<\/tr>\n<tr>\n<td>\u042f\u0438\u0447\u043a\u0438 \u0431\u044b\u043a\u043e\u0432<\/td>\n<td>5<\/td>\n<\/tr>\n<tr>\n<td>\u041e\u0431\u0440\u0435\u0437\u043a\u0438 \u043c\u044f\u0441\u0430 \u043a\u0440\u0443\u043f\u043d\u043e\u0433\u043e \u0440\u043e\u0433\u0430\u0442\u043e\u0433\u043e \u0441\u043a\u043e\u0442\u0430 \u0430\/\u0440<\/td>\n<td>40<\/td>\n<\/tr>\n<tr>\n<td>\u0411\u044b\u0447\u044c\u0435 \u043f\u043e\u043b\u0438\u0440\u044b\u0431\u043d\u043e\u0435 \u043c\u044f\u0441\u043e<\/td>\n<td>20<\/td>\n<\/tr>\n<tr>\n<td>\u041f\u0430\u0441\u0442\u0430 \u0438\u0437 \u043a\u043e\u0441\u0442\u0435\u0439 \u0438\u043d\u0434\u0435\u0439\u043a\u0438<\/td>\n<td>10<\/td>\n<\/tr>\n<tr>\n<td>\u041c\u043e\u0440\u043a\u043e\u0432\u044c<\/td>\n<td>2.5<\/td>\n<\/tr>\n<tr>\n<td>\u041a\u0430\u0431\u0430\u0447\u043e\u043a<\/td>\n<td>2.5<\/td>\n<\/tr>\n<\/tbody>\n<\/table>\n","protected":false},"featured_media":1464,"comment_status":"open","ping_status":"closed","template":"","meta":{"_acf_changed":false},"product_brand":[],"product_cat":[54],"product_tag":[],"class_list":{"0":"post-1476","1":"product","2":"type-product","3":"status-publish","4":"has-post-thumbnail","6":"product_cat-54","8":"first","9":"instock","10":"taxable","11":"shipping-taxable","12":"purchasable","13":"product-type-simple"},"acf":[],"yoast_head":"<!-- This site is optimized with the Yoast SEO plugin v26.8 - https:\/\/yoast.com\/product\/yoast-seo-wordpress\/ -->\n<title>\u0421\u043c\u0435\u0441\u044c \u0422\u041e\u0420 (\u043c\u0438\u043a\u0441-9) - Ledana<\/title>\n<meta name=\"robots\" content=\"index, follow, max-snippet:-1, max-image-preview:large, max-video-preview:-1\" \/>\n<link rel=\"canonical\" href=\"https:\/\/ledana.lt\/ru\/produktas\/%d1%82%d0%b5%d0%be%d0%b4%d0%be%d1%80\/\" \/>\n<meta property=\"og:locale\" content=\"ru_RU\" \/>\n<meta property=\"og:type\" content=\"article\" \/>\n<meta property=\"og:title\" content=\"\u0421\u043c\u0435\u0441\u044c \u0422\u041e\u0420 (\u043c\u0438\u043a\u0441-9) - Ledana\" \/>\n<meta property=\"og:description\" content=\"\u0418\u043d\u0433\u0440\u0435\u0434\u0438\u0435\u043d\u0442 \u041f\u0440\u043e\u0446\u0435\u043d\u0442\u044b (%)     \u0416\u0435\u043b\u0443\u0434\u043a\u0438 \u043a\u0440\u0443\u043f\u043d\u043e\u0433\u043e \u0440\u043e\u0433\u0430\u0442\u043e\u0433\u043e \u0441\u043a\u043e\u0442\u0430 5   \u0422\u0440\u0430\u0445\u0435\u044f \u043a\u0440\u0443\u043f\u043d\u043e\u0433\u043e \u0440\u043e\u0433\u0430\u0442\u043e\u0433\u043e \u0441\u043a\u043e\u0442\u0430, \u043f\u0440\u0435\u0434\u0441\u0435\u0440\u0434\u0438\u044f 5   \u0411\u044b\u0447\u044c\u0438 \u043f\u043e\u0447\u043a\u0438 10   \u042f\u0438\u0447\u043a\u0438 \u0431\u044b\u043a\u043e\u0432 5   \u041e\u0431\u0440\u0435\u0437\u043a\u0438 \u043c\u044f\u0441\u0430 \u043a\u0440\u0443\u043f\u043d\u043e\u0433\u043e \u0440\u043e\u0433\u0430\u0442\u043e\u0433\u043e \u0441\u043a\u043e\u0442\u0430 \u0430\/\u0440 40   \u0411\u044b\u0447\u044c\u0435 \u043f\u043e\u043b\u0438\u0440\u044b\u0431\u043d\u043e\u0435 \u043c\u044f\u0441\u043e 20   \u041f\u0430\u0441\u0442\u0430 \u0438\u0437 \u043a\u043e\u0441\u0442\u0435\u0439 \u0438\u043d\u0434\u0435\u0439\u043a\u0438 10   \u041c\u043e\u0440\u043a\u043e\u0432\u044c 2.5   \u041a\u0430\u0431\u0430\u0447\u043e\u043a 2.5\" \/>\n<meta property=\"og:url\" content=\"https:\/\/ledana.lt\/ru\/produktas\/%d1%82%d0%b5%d0%be%d0%b4%d0%be%d1%80\/\" \/>\n<meta property=\"og:site_name\" content=\"Ledana\" \/>\n<meta property=\"article:publisher\" content=\"https:\/\/www.facebook.com\/uabledana\" \/>\n<meta property=\"article:modified_time\" content=\"2026-03-23T15:28:49+00:00\" \/>\n<meta property=\"og:image\" content=\"https:\/\/ledana.lt\/wp-content\/uploads\/2023\/08\/DSC3698-copy-scaled.jpg\" \/>\n\t<meta property=\"og:image:width\" content=\"2560\" \/>\n\t<meta property=\"og:image:height\" content=\"1649\" \/>\n\t<meta property=\"og:image:type\" content=\"image\/jpeg\" \/>\n<meta name=\"twitter:card\" content=\"summary_large_image\" \/>\n<meta name=\"twitter:label1\" content=\"\u041f\u0440\u0438\u043c\u0435\u0440\u043d\u043e\u0435 \u0432\u0440\u0435\u043c\u044f \u0434\u043b\u044f \u0447\u0442\u0435\u043d\u0438\u044f\" \/>\n\t<meta name=\"twitter:data1\" content=\"1 \u043c\u0438\u043d\u0443\u0442\u0430\" \/>\n<script type=\"application\/ld+json\" class=\"yoast-schema-graph\">{\"@context\":\"https:\/\/schema.org\",\"@graph\":[{\"@type\":\"WebPage\",\"@id\":\"https:\/\/ledana.lt\/ru\/produktas\/%d1%82%d0%b5%d0%be%d0%b4%d0%be%d1%80\/\",\"url\":\"https:\/\/ledana.lt\/ru\/produktas\/%d1%82%d0%b5%d0%be%d0%b4%d0%be%d1%80\/\",\"name\":\"\u0421\u043c\u0435\u0441\u044c \u0422\u041e\u0420 (\u043c\u0438\u043a\u0441-9) - Ledana\",\"isPartOf\":{\"@id\":\"https:\/\/ledana.lt\/ru\/#website\"},\"primaryImageOfPage\":{\"@id\":\"https:\/\/ledana.lt\/ru\/produktas\/%d1%82%d0%b5%d0%be%d0%b4%d0%be%d1%80\/#primaryimage\"},\"image\":{\"@id\":\"https:\/\/ledana.lt\/ru\/produktas\/%d1%82%d0%b5%d0%be%d0%b4%d0%be%d1%80\/#primaryimage\"},\"thumbnailUrl\":\"https:\/\/ledana.lt\/wp-content\/uploads\/2023\/08\/DSC3698-copy-scaled.jpg\",\"datePublished\":\"2023-09-25T11:59:07+00:00\",\"dateModified\":\"2026-03-23T15:28:49+00:00\",\"breadcrumb\":{\"@id\":\"https:\/\/ledana.lt\/ru\/produktas\/%d1%82%d0%b5%d0%be%d0%b4%d0%be%d1%80\/#breadcrumb\"},\"inLanguage\":\"ru-RU\",\"potentialAction\":[{\"@type\":\"ReadAction\",\"target\":[\"https:\/\/ledana.lt\/ru\/produktas\/%d1%82%d0%b5%d0%be%d0%b4%d0%be%d1%80\/\"]}]},{\"@type\":\"ImageObject\",\"inLanguage\":\"ru-RU\",\"@id\":\"https:\/\/ledana.lt\/ru\/produktas\/%d1%82%d0%b5%d0%be%d0%b4%d0%be%d1%80\/#primaryimage\",\"url\":\"https:\/\/ledana.lt\/wp-content\/uploads\/2023\/08\/DSC3698-copy-scaled.jpg\",\"contentUrl\":\"https:\/\/ledana.lt\/wp-content\/uploads\/2023\/08\/DSC3698-copy-scaled.jpg\",\"width\":2560,\"height\":1649},{\"@type\":\"BreadcrumbList\",\"@id\":\"https:\/\/ledana.lt\/ru\/produktas\/%d1%82%d0%b5%d0%be%d0%b4%d0%be%d1%80\/#breadcrumb\",\"itemListElement\":[{\"@type\":\"ListItem\",\"position\":1,\"name\":\"Home\",\"item\":\"https:\/\/ledana.lt\/ru\/\"},{\"@type\":\"ListItem\",\"position\":2,\"name\":\"Parduotuv\u0117\",\"item\":\"https:\/\/ledana.lt\/parduotuve\/\"},{\"@type\":\"ListItem\",\"position\":3,\"name\":\"\u0421\u043c\u0435\u0441\u044c \u0422\u041e\u0420 (\u043c\u0438\u043a\u0441-9)\"}]},{\"@type\":\"WebSite\",\"@id\":\"https:\/\/ledana.lt\/ru\/#website\",\"url\":\"https:\/\/ledana.lt\/ru\/\",\"name\":\"Ledana\",\"description\":\"Naturalus \u0161un\u0173 \u0117dalas\",\"publisher\":{\"@id\":\"https:\/\/ledana.lt\/ru\/#organization\"},\"potentialAction\":[{\"@type\":\"SearchAction\",\"target\":{\"@type\":\"EntryPoint\",\"urlTemplate\":\"https:\/\/ledana.lt\/ru\/?s={search_term_string}\"},\"query-input\":{\"@type\":\"PropertyValueSpecification\",\"valueRequired\":true,\"valueName\":\"search_term_string\"}}],\"inLanguage\":\"ru-RU\"},{\"@type\":\"Organization\",\"@id\":\"https:\/\/ledana.lt\/ru\/#organization\",\"name\":\"Ledana\",\"url\":\"https:\/\/ledana.lt\/ru\/\",\"logo\":{\"@type\":\"ImageObject\",\"inLanguage\":\"ru-RU\",\"@id\":\"https:\/\/ledana.lt\/ru\/#\/schema\/logo\/image\/\",\"url\":\"https:\/\/ledana.lt\/wp-content\/uploads\/2023\/08\/Ledana-Logo.png\",\"contentUrl\":\"https:\/\/ledana.lt\/wp-content\/uploads\/2023\/08\/Ledana-Logo.png\",\"width\":534,\"height\":355,\"caption\":\"Ledana\"},\"image\":{\"@id\":\"https:\/\/ledana.lt\/ru\/#\/schema\/logo\/image\/\"},\"sameAs\":[\"https:\/\/www.facebook.com\/uabledana\"]}]}<\/script>\n<!-- \/ Yoast SEO plugin. -->","yoast_head_json":{"title":"\u0421\u043c\u0435\u0441\u044c \u0422\u041e\u0420 (\u043c\u0438\u043a\u0441-9) - Ledana","robots":{"index":"index","follow":"follow","max-snippet":"max-snippet:-1","max-image-preview":"max-image-preview:large","max-video-preview":"max-video-preview:-1"},"canonical":"https:\/\/ledana.lt\/ru\/produktas\/%d1%82%d0%b5%d0%be%d0%b4%d0%be%d1%80\/","og_locale":"ru_RU","og_type":"article","og_title":"\u0421\u043c\u0435\u0441\u044c \u0422\u041e\u0420 (\u043c\u0438\u043a\u0441-9) - Ledana","og_description":"\u0418\u043d\u0433\u0440\u0435\u0434\u0438\u0435\u043d\u0442 \u041f\u0440\u043e\u0446\u0435\u043d\u0442\u044b (%)     \u0416\u0435\u043b\u0443\u0434\u043a\u0438 \u043a\u0440\u0443\u043f\u043d\u043e\u0433\u043e \u0440\u043e\u0433\u0430\u0442\u043e\u0433\u043e \u0441\u043a\u043e\u0442\u0430 5   \u0422\u0440\u0430\u0445\u0435\u044f \u043a\u0440\u0443\u043f\u043d\u043e\u0433\u043e \u0440\u043e\u0433\u0430\u0442\u043e\u0433\u043e \u0441\u043a\u043e\u0442\u0430, \u043f\u0440\u0435\u0434\u0441\u0435\u0440\u0434\u0438\u044f 5   \u0411\u044b\u0447\u044c\u0438 \u043f\u043e\u0447\u043a\u0438 10   \u042f\u0438\u0447\u043a\u0438 \u0431\u044b\u043a\u043e\u0432 5   \u041e\u0431\u0440\u0435\u0437\u043a\u0438 \u043c\u044f\u0441\u0430 \u043a\u0440\u0443\u043f\u043d\u043e\u0433\u043e \u0440\u043e\u0433\u0430\u0442\u043e\u0433\u043e \u0441\u043a\u043e\u0442\u0430 \u0430\/\u0440 40   \u0411\u044b\u0447\u044c\u0435 \u043f\u043e\u043b\u0438\u0440\u044b\u0431\u043d\u043e\u0435 \u043c\u044f\u0441\u043e 20   \u041f\u0430\u0441\u0442\u0430 \u0438\u0437 \u043a\u043e\u0441\u0442\u0435\u0439 \u0438\u043d\u0434\u0435\u0439\u043a\u0438 10   \u041c\u043e\u0440\u043a\u043e\u0432\u044c 2.5   \u041a\u0430\u0431\u0430\u0447\u043e\u043a 2.5","og_url":"https:\/\/ledana.lt\/ru\/produktas\/%d1%82%d0%b5%d0%be%d0%b4%d0%be%d1%80\/","og_site_name":"Ledana","article_publisher":"https:\/\/www.facebook.com\/uabledana","article_modified_time":"2026-03-23T15:28:49+00:00","og_image":[{"width":2560,"height":1649,"url":"https:\/\/ledana.lt\/wp-content\/uploads\/2023\/08\/DSC3698-copy-scaled.jpg","type":"image\/jpeg"}],"twitter_card":"summary_large_image","twitter_misc":{"\u041f\u0440\u0438\u043c\u0435\u0440\u043d\u043e\u0435 \u0432\u0440\u0435\u043c\u044f \u0434\u043b\u044f \u0447\u0442\u0435\u043d\u0438\u044f":"1 \u043c\u0438\u043d\u0443\u0442\u0430"},"schema":{"@context":"https:\/\/schema.org","@graph":[{"@type":"WebPage","@id":"https:\/\/ledana.lt\/ru\/produktas\/%d1%82%d0%b5%d0%be%d0%b4%d0%be%d1%80\/","url":"https:\/\/ledana.lt\/ru\/produktas\/%d1%82%d0%b5%d0%be%d0%b4%d0%be%d1%80\/","name":"\u0421\u043c\u0435\u0441\u044c \u0422\u041e\u0420 (\u043c\u0438\u043a\u0441-9) - Ledana","isPartOf":{"@id":"https:\/\/ledana.lt\/ru\/#website"},"primaryImageOfPage":{"@id":"https:\/\/ledana.lt\/ru\/produktas\/%d1%82%d0%b5%d0%be%d0%b4%d0%be%d1%80\/#primaryimage"},"image":{"@id":"https:\/\/ledana.lt\/ru\/produktas\/%d1%82%d0%b5%d0%be%d0%b4%d0%be%d1%80\/#primaryimage"},"thumbnailUrl":"https:\/\/ledana.lt\/wp-content\/uploads\/2023\/08\/DSC3698-copy-scaled.jpg","datePublished":"2023-09-25T11:59:07+00:00","dateModified":"2026-03-23T15:28:49+00:00","breadcrumb":{"@id":"https:\/\/ledana.lt\/ru\/produktas\/%d1%82%d0%b5%d0%be%d0%b4%d0%be%d1%80\/#breadcrumb"},"inLanguage":"ru-RU","potentialAction":[{"@type":"ReadAction","target":["https:\/\/ledana.lt\/ru\/produktas\/%d1%82%d0%b5%d0%be%d0%b4%d0%be%d1%80\/"]}]},{"@type":"ImageObject","inLanguage":"ru-RU","@id":"https:\/\/ledana.lt\/ru\/produktas\/%d1%82%d0%b5%d0%be%d0%b4%d0%be%d1%80\/#primaryimage","url":"https:\/\/ledana.lt\/wp-content\/uploads\/2023\/08\/DSC3698-copy-scaled.jpg","contentUrl":"https:\/\/ledana.lt\/wp-content\/uploads\/2023\/08\/DSC3698-copy-scaled.jpg","width":2560,"height":1649},{"@type":"BreadcrumbList","@id":"https:\/\/ledana.lt\/ru\/produktas\/%d1%82%d0%b5%d0%be%d0%b4%d0%be%d1%80\/#breadcrumb","itemListElement":[{"@type":"ListItem","position":1,"name":"Home","item":"https:\/\/ledana.lt\/ru\/"},{"@type":"ListItem","position":2,"name":"Parduotuv\u0117","item":"https:\/\/ledana.lt\/parduotuve\/"},{"@type":"ListItem","position":3,"name":"\u0421\u043c\u0435\u0441\u044c \u0422\u041e\u0420 (\u043c\u0438\u043a\u0441-9)"}]},{"@type":"WebSite","@id":"https:\/\/ledana.lt\/ru\/#website","url":"https:\/\/ledana.lt\/ru\/","name":"Ledana","description":"Naturalus \u0161un\u0173 \u0117dalas","publisher":{"@id":"https:\/\/ledana.lt\/ru\/#organization"},"potentialAction":[{"@type":"SearchAction","target":{"@type":"EntryPoint","urlTemplate":"https:\/\/ledana.lt\/ru\/?s={search_term_string}"},"query-input":{"@type":"PropertyValueSpecification","valueRequired":true,"valueName":"search_term_string"}}],"inLanguage":"ru-RU"},{"@type":"Organization","@id":"https:\/\/ledana.lt\/ru\/#organization","name":"Ledana","url":"https:\/\/ledana.lt\/ru\/","logo":{"@type":"ImageObject","inLanguage":"ru-RU","@id":"https:\/\/ledana.lt\/ru\/#\/schema\/logo\/image\/","url":"https:\/\/ledana.lt\/wp-content\/uploads\/2023\/08\/Ledana-Logo.png","contentUrl":"https:\/\/ledana.lt\/wp-content\/uploads\/2023\/08\/Ledana-Logo.png","width":534,"height":355,"caption":"Ledana"},"image":{"@id":"https:\/\/ledana.lt\/ru\/#\/schema\/logo\/image\/"},"sameAs":["https:\/\/www.facebook.com\/uabledana"]}]}},"jetpack_sharing_enabled":true,"_links":{"self":[{"href":"https:\/\/ledana.lt\/ru\/wp-json\/wp\/v2\/product\/1476","targetHints":{"allow":["GET"]}}],"collection":[{"href":"https:\/\/ledana.lt\/ru\/wp-json\/wp\/v2\/product"}],"about":[{"href":"https:\/\/ledana.lt\/ru\/wp-json\/wp\/v2\/types\/product"}],"replies":[{"embeddable":true,"href":"https:\/\/ledana.lt\/ru\/wp-json\/wp\/v2\/comments?post=1476"}],"wp:featuredmedia":[{"embeddable":true,"href":"https:\/\/ledana.lt\/ru\/wp-json\/wp\/v2\/media\/1464"}],"wp:attachment":[{"href":"https:\/\/ledana.lt\/ru\/wp-json\/wp\/v2\/media?parent=1476"}],"wp:term":[{"taxonomy":"product_brand","embeddable":true,"href":"https:\/\/ledana.lt\/ru\/wp-json\/wp\/v2\/product_brand?post=1476"},{"taxonomy":"product_cat","embeddable":true,"href":"https:\/\/ledana.lt\/ru\/wp-json\/wp\/v2\/product_cat?post=1476"},{"taxonomy":"product_tag","embeddable":true,"href":"https:\/\/ledana.lt\/ru\/wp-json\/wp\/v2\/product_tag?post=1476"}],"curies":[{"name":"wp","href":"https:\/\/api.w.org\/{rel}","templated":true}]}}