{"id":1441,"date":"2023-09-12T10:09:46","date_gmt":"2023-09-12T07:09:46","guid":{"rendered":"https:\/\/ledana.lt\/produktas\/%d0%bc%d0%be%d0%bb%d0%be%d1%82%d1%8b%d0%b5-%d1%81%d0%b2%d0%b8%d0%bd%d1%8b%d0%b5-%d0%b3%d0%bb%d0%be%d1%82%d0%ba%d0%b8\/"},"modified":"2023-10-30T09:55:05","modified_gmt":"2023-10-30T09:55:05","slug":"%d1%81%d0%b2%d0%b8%d0%bd%d0%be-%d0%b1%d0%b0%d1%80%d0%b0%d0%bd%d1%8c%d0%b8-%d0%b7%d0%b0%d0%b2%d0%be%d0%b4%d1%8b","status":"publish","type":"product","link":"https:\/\/ledana.lt\/ru\/produktas\/%d1%81%d0%b2%d0%b8%d0%bd%d0%be-%d0%b1%d0%b0%d1%80%d0%b0%d0%bd%d1%8c%d0%b8-%d0%b7%d0%b0%d0%b2%d0%be%d0%b4%d1%8b\/","title":{"rendered":"\u0421\u0432\u0438\u043d\u044b\u0435 \u0433\u043b\u043e\u0442\u043a\u0438,\u0442\u0440\u0430\u0445\u0435\u0438 \u0440\u0443\u0431\u043b\u0435\u043d\u044b\u0435 \u00d8 25 \u043c\u043c"},"content":{"rendered":"","protected":false},"excerpt":{"rendered":"","protected":false},"featured_media":1869,"comment_status":"open","ping_status":"closed","template":"","meta":{"_acf_changed":false},"product_brand":[],"product_cat":[51],"product_tag":[],"class_list":{"0":"post-1441","1":"product","2":"type-product","3":"status-publish","4":"has-post-thumbnail","6":"product_cat-51","8":"first","9":"instock","10":"taxable","11":"shipping-taxable","12":"purchasable","13":"product-type-simple"},"acf":[],"yoast_head":"<!-- This site is optimized with the Yoast SEO plugin v27.3 - https:\/\/yoast.com\/product\/yoast-seo-wordpress\/ -->\n<title>\u0421\u0432\u0438\u043d\u044b\u0435 \u0433\u043b\u043e\u0442\u043a\u0438,\u0442\u0440\u0430\u0445\u0435\u0438 \u0440\u0443\u0431\u043b\u0435\u043d\u044b\u0435 \u00d8 25 \u043c\u043c - Ledana<\/title>\n<meta name=\"robots\" content=\"index, follow, max-snippet:-1, max-image-preview:large, max-video-preview:-1\" \/>\n<link rel=\"canonical\" href=\"https:\/\/ledana.lt\/ru\/produktas\/%d1%81%d0%b2%d0%b8%d0%bd%d0%be-%d0%b1%d0%b0%d1%80%d0%b0%d0%bd%d1%8c%d0%b8-%d0%b7%d0%b0%d0%b2%d0%be%d0%b4%d1%8b\/\" \/>\n<meta property=\"og:locale\" content=\"ru_RU\" \/>\n<meta property=\"og:type\" content=\"article\" \/>\n<meta property=\"og:title\" content=\"\u0421\u0432\u0438\u043d\u044b\u0435 \u0433\u043b\u043e\u0442\u043a\u0438,\u0442\u0440\u0430\u0445\u0435\u0438 \u0440\u0443\u0431\u043b\u0435\u043d\u044b\u0435 \u00d8 25 \u043c\u043c - Ledana\" \/>\n<meta property=\"og:url\" content=\"https:\/\/ledana.lt\/ru\/produktas\/%d1%81%d0%b2%d0%b8%d0%bd%d0%be-%d0%b1%d0%b0%d1%80%d0%b0%d0%bd%d1%8c%d0%b8-%d0%b7%d0%b0%d0%b2%d0%be%d0%b4%d1%8b\/\" \/>\n<meta property=\"og:site_name\" content=\"Ledana\" \/>\n<meta property=\"article:publisher\" content=\"https:\/\/www.facebook.com\/uabledana\" \/>\n<meta property=\"article:modified_time\" content=\"2023-10-30T09:55:05+00:00\" \/>\n<meta property=\"og:image\" content=\"https:\/\/ledana.lt\/wp-content\/uploads\/2023\/11\/img_0038-scaled.jpeg\" \/>\n\t<meta property=\"og:image:width\" content=\"2560\" \/>\n\t<meta property=\"og:image:height\" content=\"1707\" \/>\n\t<meta property=\"og:image:type\" content=\"image\/jpeg\" \/>\n<meta name=\"twitter:card\" content=\"summary_large_image\" \/>\n<script type=\"application\/ld+json\" class=\"yoast-schema-graph\">{\"@context\":\"https:\\\/\\\/schema.org\",\"@graph\":[{\"@type\":\"WebPage\",\"@id\":\"https:\\\/\\\/ledana.lt\\\/ru\\\/produktas\\\/%d1%81%d0%b2%d0%b8%d0%bd%d0%be-%d0%b1%d0%b0%d1%80%d0%b0%d0%bd%d1%8c%d0%b8-%d0%b7%d0%b0%d0%b2%d0%be%d0%b4%d1%8b\\\/\",\"url\":\"https:\\\/\\\/ledana.lt\\\/ru\\\/produktas\\\/%d1%81%d0%b2%d0%b8%d0%bd%d0%be-%d0%b1%d0%b0%d1%80%d0%b0%d0%bd%d1%8c%d0%b8-%d0%b7%d0%b0%d0%b2%d0%be%d0%b4%d1%8b\\\/\",\"name\":\"\u0421\u0432\u0438\u043d\u044b\u0435 \u0433\u043b\u043e\u0442\u043a\u0438,\u0442\u0440\u0430\u0445\u0435\u0438 \u0440\u0443\u0431\u043b\u0435\u043d\u044b\u0435 \u00d8 25 \u043c\u043c - Ledana\",\"isPartOf\":{\"@id\":\"https:\\\/\\\/ledana.lt\\\/ru\\\/#website\"},\"primaryImageOfPage\":{\"@id\":\"https:\\\/\\\/ledana.lt\\\/ru\\\/produktas\\\/%d1%81%d0%b2%d0%b8%d0%bd%d0%be-%d0%b1%d0%b0%d1%80%d0%b0%d0%bd%d1%8c%d0%b8-%d0%b7%d0%b0%d0%b2%d0%be%d0%b4%d1%8b\\\/#primaryimage\"},\"image\":{\"@id\":\"https:\\\/\\\/ledana.lt\\\/ru\\\/produktas\\\/%d1%81%d0%b2%d0%b8%d0%bd%d0%be-%d0%b1%d0%b0%d1%80%d0%b0%d0%bd%d1%8c%d0%b8-%d0%b7%d0%b0%d0%b2%d0%be%d0%b4%d1%8b\\\/#primaryimage\"},\"thumbnailUrl\":\"https:\\\/\\\/ledana.lt\\\/wp-content\\\/uploads\\\/2023\\\/11\\\/img_0038-scaled.jpeg\",\"datePublished\":\"2023-09-12T07:09:46+00:00\",\"dateModified\":\"2023-10-30T09:55:05+00:00\",\"breadcrumb\":{\"@id\":\"https:\\\/\\\/ledana.lt\\\/ru\\\/produktas\\\/%d1%81%d0%b2%d0%b8%d0%bd%d0%be-%d0%b1%d0%b0%d1%80%d0%b0%d0%bd%d1%8c%d0%b8-%d0%b7%d0%b0%d0%b2%d0%be%d0%b4%d1%8b\\\/#breadcrumb\"},\"inLanguage\":\"ru-RU\",\"potentialAction\":[{\"@type\":\"ReadAction\",\"target\":[\"https:\\\/\\\/ledana.lt\\\/ru\\\/produktas\\\/%d1%81%d0%b2%d0%b8%d0%bd%d0%be-%d0%b1%d0%b0%d1%80%d0%b0%d0%bd%d1%8c%d0%b8-%d0%b7%d0%b0%d0%b2%d0%be%d0%b4%d1%8b\\\/\"]}]},{\"@type\":\"ImageObject\",\"inLanguage\":\"ru-RU\",\"@id\":\"https:\\\/\\\/ledana.lt\\\/ru\\\/produktas\\\/%d1%81%d0%b2%d0%b8%d0%bd%d0%be-%d0%b1%d0%b0%d1%80%d0%b0%d0%bd%d1%8c%d0%b8-%d0%b7%d0%b0%d0%b2%d0%be%d0%b4%d1%8b\\\/#primaryimage\",\"url\":\"https:\\\/\\\/ledana.lt\\\/wp-content\\\/uploads\\\/2023\\\/11\\\/img_0038-scaled.jpeg\",\"contentUrl\":\"https:\\\/\\\/ledana.lt\\\/wp-content\\\/uploads\\\/2023\\\/11\\\/img_0038-scaled.jpeg\",\"width\":2560,\"height\":1707},{\"@type\":\"BreadcrumbList\",\"@id\":\"https:\\\/\\\/ledana.lt\\\/ru\\\/produktas\\\/%d1%81%d0%b2%d0%b8%d0%bd%d0%be-%d0%b1%d0%b0%d1%80%d0%b0%d0%bd%d1%8c%d0%b8-%d0%b7%d0%b0%d0%b2%d0%be%d0%b4%d1%8b\\\/#breadcrumb\",\"itemListElement\":[{\"@type\":\"ListItem\",\"position\":1,\"name\":\"Home\",\"item\":\"https:\\\/\\\/ledana.lt\\\/ru\\\/\"},{\"@type\":\"ListItem\",\"position\":2,\"name\":\"Parduotuv\u0117\",\"item\":\"https:\\\/\\\/ledana.lt\\\/parduotuve\\\/\"},{\"@type\":\"ListItem\",\"position\":3,\"name\":\"\u0421\u0432\u0438\u043d\u044b\u0435 \u0433\u043b\u043e\u0442\u043a\u0438,\u0442\u0440\u0430\u0445\u0435\u0438 \u0440\u0443\u0431\u043b\u0435\u043d\u044b\u0435 \u00d8 25 \u043c\u043c\"}]},{\"@type\":\"WebSite\",\"@id\":\"https:\\\/\\\/ledana.lt\\\/ru\\\/#website\",\"url\":\"https:\\\/\\\/ledana.lt\\\/ru\\\/\",\"name\":\"Ledana\",\"description\":\"Naturalus \u0161un\u0173 \u0117dalas\",\"publisher\":{\"@id\":\"https:\\\/\\\/ledana.lt\\\/ru\\\/#organization\"},\"potentialAction\":[{\"@type\":\"SearchAction\",\"target\":{\"@type\":\"EntryPoint\",\"urlTemplate\":\"https:\\\/\\\/ledana.lt\\\/ru\\\/?s={search_term_string}\"},\"query-input\":{\"@type\":\"PropertyValueSpecification\",\"valueRequired\":true,\"valueName\":\"search_term_string\"}}],\"inLanguage\":\"ru-RU\"},{\"@type\":\"Organization\",\"@id\":\"https:\\\/\\\/ledana.lt\\\/ru\\\/#organization\",\"name\":\"Ledana\",\"url\":\"https:\\\/\\\/ledana.lt\\\/ru\\\/\",\"logo\":{\"@type\":\"ImageObject\",\"inLanguage\":\"ru-RU\",\"@id\":\"https:\\\/\\\/ledana.lt\\\/ru\\\/#\\\/schema\\\/logo\\\/image\\\/\",\"url\":\"https:\\\/\\\/ledana.lt\\\/wp-content\\\/uploads\\\/2023\\\/08\\\/Ledana-Logo.png\",\"contentUrl\":\"https:\\\/\\\/ledana.lt\\\/wp-content\\\/uploads\\\/2023\\\/08\\\/Ledana-Logo.png\",\"width\":534,\"height\":355,\"caption\":\"Ledana\"},\"image\":{\"@id\":\"https:\\\/\\\/ledana.lt\\\/ru\\\/#\\\/schema\\\/logo\\\/image\\\/\"},\"sameAs\":[\"https:\\\/\\\/www.facebook.com\\\/uabledana\"]}]}<\/script>\n<!-- \/ Yoast SEO plugin. -->","yoast_head_json":{"title":"\u0421\u0432\u0438\u043d\u044b\u0435 \u0433\u043b\u043e\u0442\u043a\u0438,\u0442\u0440\u0430\u0445\u0435\u0438 \u0440\u0443\u0431\u043b\u0435\u043d\u044b\u0435 \u00d8 25 \u043c\u043c - Ledana","robots":{"index":"index","follow":"follow","max-snippet":"max-snippet:-1","max-image-preview":"max-image-preview:large","max-video-preview":"max-video-preview:-1"},"canonical":"https:\/\/ledana.lt\/ru\/produktas\/%d1%81%d0%b2%d0%b8%d0%bd%d0%be-%d0%b1%d0%b0%d1%80%d0%b0%d0%bd%d1%8c%d0%b8-%d0%b7%d0%b0%d0%b2%d0%be%d0%b4%d1%8b\/","og_locale":"ru_RU","og_type":"article","og_title":"\u0421\u0432\u0438\u043d\u044b\u0435 \u0433\u043b\u043e\u0442\u043a\u0438,\u0442\u0440\u0430\u0445\u0435\u0438 \u0440\u0443\u0431\u043b\u0435\u043d\u044b\u0435 \u00d8 25 \u043c\u043c - Ledana","og_url":"https:\/\/ledana.lt\/ru\/produktas\/%d1%81%d0%b2%d0%b8%d0%bd%d0%be-%d0%b1%d0%b0%d1%80%d0%b0%d0%bd%d1%8c%d0%b8-%d0%b7%d0%b0%d0%b2%d0%be%d0%b4%d1%8b\/","og_site_name":"Ledana","article_publisher":"https:\/\/www.facebook.com\/uabledana","article_modified_time":"2023-10-30T09:55:05+00:00","og_image":[{"width":2560,"height":1707,"url":"https:\/\/ledana.lt\/wp-content\/uploads\/2023\/11\/img_0038-scaled.jpeg","type":"image\/jpeg"}],"twitter_card":"summary_large_image","schema":{"@context":"https:\/\/schema.org","@graph":[{"@type":"WebPage","@id":"https:\/\/ledana.lt\/ru\/produktas\/%d1%81%d0%b2%d0%b8%d0%bd%d0%be-%d0%b1%d0%b0%d1%80%d0%b0%d0%bd%d1%8c%d0%b8-%d0%b7%d0%b0%d0%b2%d0%be%d0%b4%d1%8b\/","url":"https:\/\/ledana.lt\/ru\/produktas\/%d1%81%d0%b2%d0%b8%d0%bd%d0%be-%d0%b1%d0%b0%d1%80%d0%b0%d0%bd%d1%8c%d0%b8-%d0%b7%d0%b0%d0%b2%d0%be%d0%b4%d1%8b\/","name":"\u0421\u0432\u0438\u043d\u044b\u0435 \u0433\u043b\u043e\u0442\u043a\u0438,\u0442\u0440\u0430\u0445\u0435\u0438 \u0440\u0443\u0431\u043b\u0435\u043d\u044b\u0435 \u00d8 25 \u043c\u043c - Ledana","isPartOf":{"@id":"https:\/\/ledana.lt\/ru\/#website"},"primaryImageOfPage":{"@id":"https:\/\/ledana.lt\/ru\/produktas\/%d1%81%d0%b2%d0%b8%d0%bd%d0%be-%d0%b1%d0%b0%d1%80%d0%b0%d0%bd%d1%8c%d0%b8-%d0%b7%d0%b0%d0%b2%d0%be%d0%b4%d1%8b\/#primaryimage"},"image":{"@id":"https:\/\/ledana.lt\/ru\/produktas\/%d1%81%d0%b2%d0%b8%d0%bd%d0%be-%d0%b1%d0%b0%d1%80%d0%b0%d0%bd%d1%8c%d0%b8-%d0%b7%d0%b0%d0%b2%d0%be%d0%b4%d1%8b\/#primaryimage"},"thumbnailUrl":"https:\/\/ledana.lt\/wp-content\/uploads\/2023\/11\/img_0038-scaled.jpeg","datePublished":"2023-09-12T07:09:46+00:00","dateModified":"2023-10-30T09:55:05+00:00","breadcrumb":{"@id":"https:\/\/ledana.lt\/ru\/produktas\/%d1%81%d0%b2%d0%b8%d0%bd%d0%be-%d0%b1%d0%b0%d1%80%d0%b0%d0%bd%d1%8c%d0%b8-%d0%b7%d0%b0%d0%b2%d0%be%d0%b4%d1%8b\/#breadcrumb"},"inLanguage":"ru-RU","potentialAction":[{"@type":"ReadAction","target":["https:\/\/ledana.lt\/ru\/produktas\/%d1%81%d0%b2%d0%b8%d0%bd%d0%be-%d0%b1%d0%b0%d1%80%d0%b0%d0%bd%d1%8c%d0%b8-%d0%b7%d0%b0%d0%b2%d0%be%d0%b4%d1%8b\/"]}]},{"@type":"ImageObject","inLanguage":"ru-RU","@id":"https:\/\/ledana.lt\/ru\/produktas\/%d1%81%d0%b2%d0%b8%d0%bd%d0%be-%d0%b1%d0%b0%d1%80%d0%b0%d0%bd%d1%8c%d0%b8-%d0%b7%d0%b0%d0%b2%d0%be%d0%b4%d1%8b\/#primaryimage","url":"https:\/\/ledana.lt\/wp-content\/uploads\/2023\/11\/img_0038-scaled.jpeg","contentUrl":"https:\/\/ledana.lt\/wp-content\/uploads\/2023\/11\/img_0038-scaled.jpeg","width":2560,"height":1707},{"@type":"BreadcrumbList","@id":"https:\/\/ledana.lt\/ru\/produktas\/%d1%81%d0%b2%d0%b8%d0%bd%d0%be-%d0%b1%d0%b0%d1%80%d0%b0%d0%bd%d1%8c%d0%b8-%d0%b7%d0%b0%d0%b2%d0%be%d0%b4%d1%8b\/#breadcrumb","itemListElement":[{"@type":"ListItem","position":1,"name":"Home","item":"https:\/\/ledana.lt\/ru\/"},{"@type":"ListItem","position":2,"name":"Parduotuv\u0117","item":"https:\/\/ledana.lt\/parduotuve\/"},{"@type":"ListItem","position":3,"name":"\u0421\u0432\u0438\u043d\u044b\u0435 \u0433\u043b\u043e\u0442\u043a\u0438,\u0442\u0440\u0430\u0445\u0435\u0438 \u0440\u0443\u0431\u043b\u0435\u043d\u044b\u0435 \u00d8 25 \u043c\u043c"}]},{"@type":"WebSite","@id":"https:\/\/ledana.lt\/ru\/#website","url":"https:\/\/ledana.lt\/ru\/","name":"Ledana","description":"Naturalus \u0161un\u0173 \u0117dalas","publisher":{"@id":"https:\/\/ledana.lt\/ru\/#organization"},"potentialAction":[{"@type":"SearchAction","target":{"@type":"EntryPoint","urlTemplate":"https:\/\/ledana.lt\/ru\/?s={search_term_string}"},"query-input":{"@type":"PropertyValueSpecification","valueRequired":true,"valueName":"search_term_string"}}],"inLanguage":"ru-RU"},{"@type":"Organization","@id":"https:\/\/ledana.lt\/ru\/#organization","name":"Ledana","url":"https:\/\/ledana.lt\/ru\/","logo":{"@type":"ImageObject","inLanguage":"ru-RU","@id":"https:\/\/ledana.lt\/ru\/#\/schema\/logo\/image\/","url":"https:\/\/ledana.lt\/wp-content\/uploads\/2023\/08\/Ledana-Logo.png","contentUrl":"https:\/\/ledana.lt\/wp-content\/uploads\/2023\/08\/Ledana-Logo.png","width":534,"height":355,"caption":"Ledana"},"image":{"@id":"https:\/\/ledana.lt\/ru\/#\/schema\/logo\/image\/"},"sameAs":["https:\/\/www.facebook.com\/uabledana"]}]}},"jetpack_sharing_enabled":true,"_links":{"self":[{"href":"https:\/\/ledana.lt\/ru\/wp-json\/wp\/v2\/product\/1441","targetHints":{"allow":["GET"]}}],"collection":[{"href":"https:\/\/ledana.lt\/ru\/wp-json\/wp\/v2\/product"}],"about":[{"href":"https:\/\/ledana.lt\/ru\/wp-json\/wp\/v2\/types\/product"}],"replies":[{"embeddable":true,"href":"https:\/\/ledana.lt\/ru\/wp-json\/wp\/v2\/comments?post=1441"}],"wp:featuredmedia":[{"embeddable":true,"href":"https:\/\/ledana.lt\/ru\/wp-json\/wp\/v2\/media\/1869"}],"wp:attachment":[{"href":"https:\/\/ledana.lt\/ru\/wp-json\/wp\/v2\/media?parent=1441"}],"wp:term":[{"taxonomy":"product_brand","embeddable":true,"href":"https:\/\/ledana.lt\/ru\/wp-json\/wp\/v2\/product_brand?post=1441"},{"taxonomy":"product_cat","embeddable":true,"href":"https:\/\/ledana.lt\/ru\/wp-json\/wp\/v2\/product_cat?post=1441"},{"taxonomy":"product_tag","embeddable":true,"href":"https:\/\/ledana.lt\/ru\/wp-json\/wp\/v2\/product_tag?post=1441"}],"curies":[{"name":"wp","href":"https:\/\/api.w.org\/{rel}","templated":true}]}}