{"id":1368,"date":"2023-09-04T06:20:45","date_gmt":"2023-09-04T06:20:45","guid":{"rendered":"https:\/\/ledana.lt\/%d0%b3%d0%b4%d0%b5-%d0%ba%d1%83%d0%bf%d0%b8%d1%82%d1%8c\/"},"modified":"2023-11-21T08:34:01","modified_gmt":"2023-11-21T08:34:01","slug":"%d0%b3%d0%b4%d0%b5-%d0%ba%d1%83%d0%bf%d0%b8%d1%82%d1%8c","status":"publish","type":"page","link":"https:\/\/ledana.lt\/ru\/%d0%b3%d0%b4%d0%b5-%d0%ba%d1%83%d0%bf%d0%b8%d1%82%d1%8c\/","title":{"rendered":"\u0413\u0434\u0435 \u043a\u0443\u043f\u0438\u0442\u044c"},"content":{"rendered":"\t\t<div data-elementor-type=\"wp-page\" data-elementor-id=\"1368\" class=\"elementor elementor-1368 elementor-758\" data-elementor-post-type=\"page\">\n\t\t\t\t<div class=\"elementor-element elementor-element-d3da79c e-flex e-con-boxed lakit-col-width-auto-no e-container e-root-container elementor-top-section e-con e-parent\" data-id=\"d3da79c\" data-element_type=\"container\" data-e-type=\"container\">\n\t\t\t\t\t<div class=\"e-con-inner\">\n\t\t\t\t<div class=\"elementor-element elementor-element-380df1d elementor-widget elementor-widget-text-editor\" data-id=\"380df1d\" data-element_type=\"widget\" data-e-type=\"widget\" data-widget_type=\"text-editor.default\">\n\t\t\t\t<div class=\"elementor-widget-container\">\n\t\t\t\t\t\t\t\t\t<p><\/p>\n<h5><span style=\"color: #874600;\"><strong>\u0412\u044b \u043c\u043e\u0436\u0435\u0442\u0435 \u043f\u0440\u0438\u043e\u0431\u0440\u0435\u0441\u0442\u0438 \u043d\u0430\u0448\u0443 \u043f\u0440\u043e\u0434\u0443\u043a\u0446\u0438\u044e <a href=\"\/parduotuve\/\">\n  <span style=\"text-decoration: underline;\">\u0432 \u043d\u0430\u0448\u0435\u043c \u0438\u043d\u0442\u0435\u0440\u043d\u0435\u0442-\u043c\u0430\u0433\u0430\u0437\u0438\u043d\u0435<\/span>\n<\/a> \u0438\u043b\u0438:<\/strong><\/span><\/h5>\n<p><\/p>\n<p>1<strong>.\u0412 \u043a\u043e\u043c\u043f\u0430\u043d\u0438\u0438 &#8212; \u0440\u0430\u0431\u043e\u0447\u0438\u0435<\/strong> \u0434\u043d\u0438 08.00-16.30 Plento g.16, U\u017elied\u017eiai, Kaunas district (\u0431\u0435\u0437 \u043d\u0435\u0431\u043e\u043b\u044c\u0448\u043e\u0439 \u043d\u0430\u0446\u0435\u043d\u043a\u0438) \u0438\u043b\u0438&nbsp;<strong>\u0434\u043b\u044f \u0434\u043e\u0441\u0442\u0430\u0432\u043a\u0438 \u043d\u0430 \u0434\u043e\u043c<\/strong><\/p>\n<p><\/p>\n<p>2<strong>.\u0412 \u041a\u0430\u0443\u043d\u0430\u0441\u0435<\/strong>: \u0440\u044b\u043d\u043a\u0438 \u0414\u0430\u0439\u043d\u0430\u0432\u0430, \u0413\u0438\u0440\u0448\u0442\u0443\u043f\u0438\u043e, \u0412\u0438\u043b\u0438\u044f\u043c\u043f\u043e\u043b\u0435<\/p>\n<p><\/p>\n<p>3<strong>.Prienai-UAB<\/strong>&#171;Osmedas&#187;<\/p>\n<p><\/p>\n<p>4<strong>.Alytus-UAB<\/strong>&#171;Alytus vet.vaistin\u0117&#187;<\/p>\n<p><\/p>\n<p>-Canis Dina Institution Statybinink\u0173 g.76<\/p>\n<p><\/p>\n<p>5<strong>.\u0412\u0438\u043b\u044c\u043d\u044e\u0441<\/strong>:<\/p>\n<p><\/p>\n<p>1. \u0417\u0410\u041e &#171;\u0412\u042d\u0422-1&#187; \u0416\u0435\u043c\u0438\u043d\u043e\u0441 \u0433.30<\/p>\n<p><\/p>\n<p>2.UAB \u0415\u0437\u0434\u043e\u0432\u044b\u0435 \u0441\u043e\u0431\u0430\u043a\u0438 \u0411\u0430\u043b\u0442\u0438\u0439\u0441\u043a\u0438\u0439 \u043f\u0430\u0440\u0434. \u0410\u043b\u044c\u0433\u0438\u0440\u0434\u0430\u0441 37&nbsp;&nbsp;&nbsp;&nbsp;&nbsp;&nbsp;&nbsp;&nbsp;&nbsp;&nbsp;&nbsp;&nbsp;&nbsp;&nbsp;&nbsp;&nbsp;&nbsp;&nbsp;&nbsp;&nbsp;&nbsp;&nbsp;&nbsp;&nbsp;&nbsp;&nbsp;  10.00-18.00<\/p>\n<p><\/p>\n<p><\/p>\n<p>3<strong>.<\/strong>\u0420\u044b\u043d\u043e\u043a<strong>Jonava-UAB<\/strong>&#171;Katsas&#187;<\/p>\n<p><\/p>\n<p><\/p>\n<p>4<strong>.\u0412 \u0420\u0430\u0443\u0434\u043e\u043d\u0434\u0432\u0430\u0440\u0438\u0441\u0435 (<\/strong>\u041a\u0430\u0443\u043d\u0430\u0441\u0441\u043a\u0438\u0439 \u0440\u0430\u0439\u043e\u043d<strong>)-\u041c\u0411<\/strong>&#171;\u041d\u0435\u0442\u043e\u043d\u0438\u0441&#187; \u041d\u0430\u0443\u044f\u043b\u0438\u043e \u0433\u0440.4<\/p>\n<p><\/p>\n<p><\/p>\n<p>7<strong>.Vilkija-UAB<\/strong>&#171;Rau\u010dulys&#187;<\/p>\n<p><\/p>\n<p>8<strong>.Vievyas &#8212; \u0432\u0435\u0442\u0435\u0440\u0438\u043d\u0430\u0440\u043d\u0430\u044f<\/strong> \u0430\u043f\u0442\u0435\u043a\u0430 Vilniaus g.38<\/p>\n<p><\/p>\n<p>9<strong>.Elektrenai &#8212; \u0432\u0435\u0442\u0435\u0440\u0438\u043d\u0430\u0440\u043d\u0430\u044f<\/strong> \u0430\u043f\u0442\u0435\u043a\u0430 \u041f\u041a &#171;\u0418\u041a\u0418&#187; Draugyst\u0117s 14<\/p>\n<p><\/p>\t\t\t\t\t\t\t\t<\/div>\n\t\t\t\t<\/div>\n\t\t\t\t<div class=\"elementor-element elementor-element-668a771 elementor-widget elementor-widget-spacer\" data-id=\"668a771\" data-element_type=\"widget\" data-e-type=\"widget\" data-widget_type=\"spacer.default\">\n\t\t\t\t<div class=\"elementor-widget-container\">\n\t\t\t\t\t\t\t<div class=\"elementor-spacer\">\n\t\t\t<div class=\"elementor-spacer-inner\"><\/div>\n\t\t<\/div>\n\t\t\t\t\t\t<\/div>\n\t\t\t\t<\/div>\n\t\t\t\t\t<\/div>\n\t\t\t\t<\/div>\n\t\t\t\t<\/div>\n\t\t","protected":false},"excerpt":{"rendered":"<p>\u0412\u044b \u043c\u043e\u0436\u0435\u0442\u0435 \u043f\u0440\u0438\u043e\u0431\u0440\u0435\u0441\u0442\u0438 \u043d\u0430\u0448\u0443 \u043f\u0440\u043e\u0434\u0443\u043a\u0446\u0438\u044e \u0432 \u043d\u0430\u0448\u0435\u043c \u0438\u043d\u0442\u0435\u0440\u043d\u0435\u0442-\u043c\u0430\u0433\u0430\u0437\u0438\u043d\u0435 \u0438\u043b\u0438: 1.\u0412 \u043a\u043e\u043c\u043f\u0430\u043d\u0438\u0438 &#8212; \u0440\u0430\u0431\u043e\u0447\u0438\u0435 \u0434\u043d\u0438 08.00-16.30 Plento g.16, U\u017elied\u017eiai, Kaunas district (\u0431\u0435\u0437 \u043d\u0435\u0431\u043e\u043b\u044c\u0448\u043e\u0439 \u043d\u0430\u0446\u0435\u043d\u043a\u0438) \u0438\u043b\u0438&nbsp;\u0434\u043b\u044f \u0434\u043e\u0441\u0442\u0430\u0432\u043a\u0438 \u043d\u0430 \u0434\u043e\u043c 2.\u0412 \u041a\u0430\u0443\u043d\u0430\u0441\u0435: \u0440\u044b\u043d\u043a\u0438 \u0414\u0430\u0439\u043d\u0430\u0432\u0430, \u0413\u0438\u0440\u0448\u0442\u0443\u043f\u0438\u043e, \u0412\u0438\u043b\u0438\u044f\u043c\u043f\u043e\u043b\u0435 3.Prienai-UAB&#171;Osmedas&#187; 4.Alytus-UAB&#171;Alytus vet.vaistin\u0117&#187; -Canis Dina Institution Statybinink\u0173 g.76 5.\u0412\u0438\u043b\u044c\u043d\u044e\u0441: 1. \u0417\u0410\u041e &#171;\u0412\u042d\u0422-1&#187; \u0416\u0435\u043c\u0438\u043d\u043e\u0441 \u0433.30 2.UAB \u0415\u0437\u0434\u043e\u0432\u044b\u0435 \u0441\u043e\u0431\u0430\u043a\u0438 \u0411\u0430\u043b\u0442\u0438\u0439\u0441\u043a\u0438\u0439&hellip;<\/p>\n","protected":false},"author":1,"featured_media":0,"parent":0,"menu_order":0,"comment_status":"closed","ping_status":"closed","template":"","meta":{"_acf_changed":false,"footnotes":""},"class_list":["post-1368","page","type-page","status-publish","hentry"],"acf":[],"yoast_head":"<!-- This site is optimized with the Yoast SEO plugin v27.3 - https:\/\/yoast.com\/product\/yoast-seo-wordpress\/ -->\n<title>\u0413\u0434\u0435 \u043a\u0443\u043f\u0438\u0442\u044c - Ledana<\/title>\n<meta name=\"robots\" content=\"index, follow, max-snippet:-1, max-image-preview:large, max-video-preview:-1\" \/>\n<link rel=\"canonical\" href=\"https:\/\/ledana.lt\/ru\/%d0%b3%d0%b4%d0%b5-%d0%ba%d1%83%d0%bf%d0%b8%d1%82%d1%8c\/\" \/>\n<meta property=\"og:locale\" content=\"ru_RU\" \/>\n<meta property=\"og:type\" content=\"article\" \/>\n<meta property=\"og:title\" content=\"\u0413\u0434\u0435 \u043a\u0443\u043f\u0438\u0442\u044c - Ledana\" \/>\n<meta property=\"og:description\" content=\"\u0412\u044b \u043c\u043e\u0436\u0435\u0442\u0435 \u043f\u0440\u0438\u043e\u0431\u0440\u0435\u0441\u0442\u0438 \u043d\u0430\u0448\u0443 \u043f\u0440\u043e\u0434\u0443\u043a\u0446\u0438\u044e \u0432 \u043d\u0430\u0448\u0435\u043c \u0438\u043d\u0442\u0435\u0440\u043d\u0435\u0442-\u043c\u0430\u0433\u0430\u0437\u0438\u043d\u0435 \u0438\u043b\u0438: 1.\u0412 \u043a\u043e\u043c\u043f\u0430\u043d\u0438\u0438 &#8212; \u0440\u0430\u0431\u043e\u0447\u0438\u0435 \u0434\u043d\u0438 08.00-16.30 Plento g.16, U\u017elied\u017eiai, Kaunas district (\u0431\u0435\u0437 \u043d\u0435\u0431\u043e\u043b\u044c\u0448\u043e\u0439 \u043d\u0430\u0446\u0435\u043d\u043a\u0438) \u0438\u043b\u0438&nbsp;\u0434\u043b\u044f \u0434\u043e\u0441\u0442\u0430\u0432\u043a\u0438 \u043d\u0430 \u0434\u043e\u043c 2.\u0412 \u041a\u0430\u0443\u043d\u0430\u0441\u0435: \u0440\u044b\u043d\u043a\u0438 \u0414\u0430\u0439\u043d\u0430\u0432\u0430, \u0413\u0438\u0440\u0448\u0442\u0443\u043f\u0438\u043e, \u0412\u0438\u043b\u0438\u044f\u043c\u043f\u043e\u043b\u0435 3.Prienai-UAB&#171;Osmedas&#187; 4.Alytus-UAB&#171;Alytus vet.vaistin\u0117&#187; -Canis Dina Institution Statybinink\u0173 g.76 5.\u0412\u0438\u043b\u044c\u043d\u044e\u0441: 1. \u0417\u0410\u041e &#171;\u0412\u042d\u0422-1&#187; \u0416\u0435\u043c\u0438\u043d\u043e\u0441 \u0433.30 2.UAB \u0415\u0437\u0434\u043e\u0432\u044b\u0435 \u0441\u043e\u0431\u0430\u043a\u0438 \u0411\u0430\u043b\u0442\u0438\u0439\u0441\u043a\u0438\u0439&hellip;\" \/>\n<meta property=\"og:url\" content=\"https:\/\/ledana.lt\/ru\/%d0%b3%d0%b4%d0%b5-%d0%ba%d1%83%d0%bf%d0%b8%d1%82%d1%8c\/\" \/>\n<meta property=\"og:site_name\" content=\"Ledana\" \/>\n<meta property=\"article:publisher\" content=\"https:\/\/www.facebook.com\/uabledana\" \/>\n<meta property=\"article:modified_time\" content=\"2023-11-21T08:34:01+00:00\" \/>\n<meta property=\"og:image\" content=\"https:\/\/ledana.lt\/wp-content\/uploads\/2023\/08\/suo-atsidedes-pre-stalo.jpg\" \/>\n\t<meta property=\"og:image:width\" content=\"1177\" \/>\n\t<meta property=\"og:image:height\" content=\"627\" \/>\n\t<meta property=\"og:image:type\" content=\"image\/jpeg\" \/>\n<meta name=\"twitter:card\" content=\"summary_large_image\" \/>\n<script type=\"application\/ld+json\" class=\"yoast-schema-graph\">{\"@context\":\"https:\\\/\\\/schema.org\",\"@graph\":[{\"@type\":\"WebPage\",\"@id\":\"https:\\\/\\\/ledana.lt\\\/ru\\\/%d0%b3%d0%b4%d0%b5-%d0%ba%d1%83%d0%bf%d0%b8%d1%82%d1%8c\\\/\",\"url\":\"https:\\\/\\\/ledana.lt\\\/ru\\\/%d0%b3%d0%b4%d0%b5-%d0%ba%d1%83%d0%bf%d0%b8%d1%82%d1%8c\\\/\",\"name\":\"\u0413\u0434\u0435 \u043a\u0443\u043f\u0438\u0442\u044c - Ledana\",\"isPartOf\":{\"@id\":\"https:\\\/\\\/ledana.lt\\\/ru\\\/#website\"},\"datePublished\":\"2023-09-04T06:20:45+00:00\",\"dateModified\":\"2023-11-21T08:34:01+00:00\",\"breadcrumb\":{\"@id\":\"https:\\\/\\\/ledana.lt\\\/ru\\\/%d0%b3%d0%b4%d0%b5-%d0%ba%d1%83%d0%bf%d0%b8%d1%82%d1%8c\\\/#breadcrumb\"},\"inLanguage\":\"ru-RU\",\"potentialAction\":[{\"@type\":\"ReadAction\",\"target\":[\"https:\\\/\\\/ledana.lt\\\/ru\\\/%d0%b3%d0%b4%d0%b5-%d0%ba%d1%83%d0%bf%d0%b8%d1%82%d1%8c\\\/\"]}]},{\"@type\":\"BreadcrumbList\",\"@id\":\"https:\\\/\\\/ledana.lt\\\/ru\\\/%d0%b3%d0%b4%d0%b5-%d0%ba%d1%83%d0%bf%d0%b8%d1%82%d1%8c\\\/#breadcrumb\",\"itemListElement\":[{\"@type\":\"ListItem\",\"position\":1,\"name\":\"Home\",\"item\":\"https:\\\/\\\/ledana.lt\\\/ru\\\/\"},{\"@type\":\"ListItem\",\"position\":2,\"name\":\"\u0413\u0434\u0435 \u043a\u0443\u043f\u0438\u0442\u044c\"}]},{\"@type\":\"WebSite\",\"@id\":\"https:\\\/\\\/ledana.lt\\\/ru\\\/#website\",\"url\":\"https:\\\/\\\/ledana.lt\\\/ru\\\/\",\"name\":\"Ledana\",\"description\":\"Naturalus \u0161un\u0173 \u0117dalas\",\"publisher\":{\"@id\":\"https:\\\/\\\/ledana.lt\\\/ru\\\/#organization\"},\"potentialAction\":[{\"@type\":\"SearchAction\",\"target\":{\"@type\":\"EntryPoint\",\"urlTemplate\":\"https:\\\/\\\/ledana.lt\\\/ru\\\/?s={search_term_string}\"},\"query-input\":{\"@type\":\"PropertyValueSpecification\",\"valueRequired\":true,\"valueName\":\"search_term_string\"}}],\"inLanguage\":\"ru-RU\"},{\"@type\":\"Organization\",\"@id\":\"https:\\\/\\\/ledana.lt\\\/ru\\\/#organization\",\"name\":\"Ledana\",\"url\":\"https:\\\/\\\/ledana.lt\\\/ru\\\/\",\"logo\":{\"@type\":\"ImageObject\",\"inLanguage\":\"ru-RU\",\"@id\":\"https:\\\/\\\/ledana.lt\\\/ru\\\/#\\\/schema\\\/logo\\\/image\\\/\",\"url\":\"https:\\\/\\\/ledana.lt\\\/wp-content\\\/uploads\\\/2023\\\/08\\\/Ledana-Logo.png\",\"contentUrl\":\"https:\\\/\\\/ledana.lt\\\/wp-content\\\/uploads\\\/2023\\\/08\\\/Ledana-Logo.png\",\"width\":534,\"height\":355,\"caption\":\"Ledana\"},\"image\":{\"@id\":\"https:\\\/\\\/ledana.lt\\\/ru\\\/#\\\/schema\\\/logo\\\/image\\\/\"},\"sameAs\":[\"https:\\\/\\\/www.facebook.com\\\/uabledana\"]}]}<\/script>\n<!-- \/ Yoast SEO plugin. -->","yoast_head_json":{"title":"\u0413\u0434\u0435 \u043a\u0443\u043f\u0438\u0442\u044c - Ledana","robots":{"index":"index","follow":"follow","max-snippet":"max-snippet:-1","max-image-preview":"max-image-preview:large","max-video-preview":"max-video-preview:-1"},"canonical":"https:\/\/ledana.lt\/ru\/%d0%b3%d0%b4%d0%b5-%d0%ba%d1%83%d0%bf%d0%b8%d1%82%d1%8c\/","og_locale":"ru_RU","og_type":"article","og_title":"\u0413\u0434\u0435 \u043a\u0443\u043f\u0438\u0442\u044c - Ledana","og_description":"\u0412\u044b \u043c\u043e\u0436\u0435\u0442\u0435 \u043f\u0440\u0438\u043e\u0431\u0440\u0435\u0441\u0442\u0438 \u043d\u0430\u0448\u0443 \u043f\u0440\u043e\u0434\u0443\u043a\u0446\u0438\u044e \u0432 \u043d\u0430\u0448\u0435\u043c \u0438\u043d\u0442\u0435\u0440\u043d\u0435\u0442-\u043c\u0430\u0433\u0430\u0437\u0438\u043d\u0435 \u0438\u043b\u0438: 1.\u0412 \u043a\u043e\u043c\u043f\u0430\u043d\u0438\u0438 &#8212; \u0440\u0430\u0431\u043e\u0447\u0438\u0435 \u0434\u043d\u0438 08.00-16.30 Plento g.16, U\u017elied\u017eiai, Kaunas district (\u0431\u0435\u0437 \u043d\u0435\u0431\u043e\u043b\u044c\u0448\u043e\u0439 \u043d\u0430\u0446\u0435\u043d\u043a\u0438) \u0438\u043b\u0438&nbsp;\u0434\u043b\u044f \u0434\u043e\u0441\u0442\u0430\u0432\u043a\u0438 \u043d\u0430 \u0434\u043e\u043c 2.\u0412 \u041a\u0430\u0443\u043d\u0430\u0441\u0435: \u0440\u044b\u043d\u043a\u0438 \u0414\u0430\u0439\u043d\u0430\u0432\u0430, \u0413\u0438\u0440\u0448\u0442\u0443\u043f\u0438\u043e, \u0412\u0438\u043b\u0438\u044f\u043c\u043f\u043e\u043b\u0435 3.Prienai-UAB&#171;Osmedas&#187; 4.Alytus-UAB&#171;Alytus vet.vaistin\u0117&#187; -Canis Dina Institution Statybinink\u0173 g.76 5.\u0412\u0438\u043b\u044c\u043d\u044e\u0441: 1. \u0417\u0410\u041e &#171;\u0412\u042d\u0422-1&#187; \u0416\u0435\u043c\u0438\u043d\u043e\u0441 \u0433.30 2.UAB \u0415\u0437\u0434\u043e\u0432\u044b\u0435 \u0441\u043e\u0431\u0430\u043a\u0438 \u0411\u0430\u043b\u0442\u0438\u0439\u0441\u043a\u0438\u0439&hellip;","og_url":"https:\/\/ledana.lt\/ru\/%d0%b3%d0%b4%d0%b5-%d0%ba%d1%83%d0%bf%d0%b8%d1%82%d1%8c\/","og_site_name":"Ledana","article_publisher":"https:\/\/www.facebook.com\/uabledana","article_modified_time":"2023-11-21T08:34:01+00:00","og_image":[{"width":1177,"height":627,"url":"https:\/\/ledana.lt\/wp-content\/uploads\/2023\/08\/suo-atsidedes-pre-stalo.jpg","type":"image\/jpeg"}],"twitter_card":"summary_large_image","schema":{"@context":"https:\/\/schema.org","@graph":[{"@type":"WebPage","@id":"https:\/\/ledana.lt\/ru\/%d0%b3%d0%b4%d0%b5-%d0%ba%d1%83%d0%bf%d0%b8%d1%82%d1%8c\/","url":"https:\/\/ledana.lt\/ru\/%d0%b3%d0%b4%d0%b5-%d0%ba%d1%83%d0%bf%d0%b8%d1%82%d1%8c\/","name":"\u0413\u0434\u0435 \u043a\u0443\u043f\u0438\u0442\u044c - Ledana","isPartOf":{"@id":"https:\/\/ledana.lt\/ru\/#website"},"datePublished":"2023-09-04T06:20:45+00:00","dateModified":"2023-11-21T08:34:01+00:00","breadcrumb":{"@id":"https:\/\/ledana.lt\/ru\/%d0%b3%d0%b4%d0%b5-%d0%ba%d1%83%d0%bf%d0%b8%d1%82%d1%8c\/#breadcrumb"},"inLanguage":"ru-RU","potentialAction":[{"@type":"ReadAction","target":["https:\/\/ledana.lt\/ru\/%d0%b3%d0%b4%d0%b5-%d0%ba%d1%83%d0%bf%d0%b8%d1%82%d1%8c\/"]}]},{"@type":"BreadcrumbList","@id":"https:\/\/ledana.lt\/ru\/%d0%b3%d0%b4%d0%b5-%d0%ba%d1%83%d0%bf%d0%b8%d1%82%d1%8c\/#breadcrumb","itemListElement":[{"@type":"ListItem","position":1,"name":"Home","item":"https:\/\/ledana.lt\/ru\/"},{"@type":"ListItem","position":2,"name":"\u0413\u0434\u0435 \u043a\u0443\u043f\u0438\u0442\u044c"}]},{"@type":"WebSite","@id":"https:\/\/ledana.lt\/ru\/#website","url":"https:\/\/ledana.lt\/ru\/","name":"Ledana","description":"Naturalus \u0161un\u0173 \u0117dalas","publisher":{"@id":"https:\/\/ledana.lt\/ru\/#organization"},"potentialAction":[{"@type":"SearchAction","target":{"@type":"EntryPoint","urlTemplate":"https:\/\/ledana.lt\/ru\/?s={search_term_string}"},"query-input":{"@type":"PropertyValueSpecification","valueRequired":true,"valueName":"search_term_string"}}],"inLanguage":"ru-RU"},{"@type":"Organization","@id":"https:\/\/ledana.lt\/ru\/#organization","name":"Ledana","url":"https:\/\/ledana.lt\/ru\/","logo":{"@type":"ImageObject","inLanguage":"ru-RU","@id":"https:\/\/ledana.lt\/ru\/#\/schema\/logo\/image\/","url":"https:\/\/ledana.lt\/wp-content\/uploads\/2023\/08\/Ledana-Logo.png","contentUrl":"https:\/\/ledana.lt\/wp-content\/uploads\/2023\/08\/Ledana-Logo.png","width":534,"height":355,"caption":"Ledana"},"image":{"@id":"https:\/\/ledana.lt\/ru\/#\/schema\/logo\/image\/"},"sameAs":["https:\/\/www.facebook.com\/uabledana"]}]}},"jetpack_sharing_enabled":true,"_links":{"self":[{"href":"https:\/\/ledana.lt\/ru\/wp-json\/wp\/v2\/pages\/1368","targetHints":{"allow":["GET"]}}],"collection":[{"href":"https:\/\/ledana.lt\/ru\/wp-json\/wp\/v2\/pages"}],"about":[{"href":"https:\/\/ledana.lt\/ru\/wp-json\/wp\/v2\/types\/page"}],"author":[{"embeddable":true,"href":"https:\/\/ledana.lt\/ru\/wp-json\/wp\/v2\/users\/1"}],"replies":[{"embeddable":true,"href":"https:\/\/ledana.lt\/ru\/wp-json\/wp\/v2\/comments?post=1368"}],"version-history":[{"count":4,"href":"https:\/\/ledana.lt\/ru\/wp-json\/wp\/v2\/pages\/1368\/revisions"}],"predecessor-version":[{"id":1955,"href":"https:\/\/ledana.lt\/ru\/wp-json\/wp\/v2\/pages\/1368\/revisions\/1955"}],"wp:attachment":[{"href":"https:\/\/ledana.lt\/ru\/wp-json\/wp\/v2\/media?parent=1368"}],"curies":[{"name":"wp","href":"https:\/\/api.w.org\/{rel}","templated":true}]}}