{"id":7522,"date":"2025-10-15T13:45:08","date_gmt":"2025-10-15T10:45:08","guid":{"rendered":"https:\/\/ledana.lt\/produktas\/jaunums-raw-mix-5-kungu-un-galas-maisijums-sasmalcinats%e2%88%85-16-mm\/"},"modified":"2025-11-15T11:32:18","modified_gmt":"2025-11-15T09:32:18","slug":"jaunums-raw-mix-5-kungu-un-galas-maisijums-sasmalcinats%e2%88%85-16-mm","status":"publish","type":"product","link":"https:\/\/ledana.lt\/lv\/produktas\/jaunums-raw-mix-5-kungu-un-galas-maisijums-sasmalcinats%e2%88%85-16-mm\/","title":{"rendered":"JAUNUMS!!! Raw MIX-5, ku\u0146\u0123u un ga\u013cas mais\u012bjums, sasmalcin\u0101ts\u2205 16 mm"},"content":{"rendered":"<p>\u2205\u2205Mais\u012bjums no (liellopu) :da\u017e\u0101di ku\u0146\u0123i-30 %,nieres-15 %,sirdis-10 %,ga\u013cas atgriezumi-15 %,ku\u0146\u0123i-20 %,trahejas-20 %,tesme\u0146i-10 %,pieaugu\u0161iem su\u0146iem.Tauki-11,1 %,j\u0113lprote\u012bns-15,8 %,j\u0113lpelni-1,04 %.<\/p>\n","protected":false},"excerpt":{"rendered":"<p>\u2205\u2205Mais\u012bjums no (liellopu) :da\u017e\u0101di ku\u0146\u0123i-30 %,nieres-15 %,sirdis-10 %,ga\u013cas atgriezumi-15 %,ku\u0146\u0123i-20 %,trahejas-20 %,tesme\u0146i-10 %,pieaugu\u0161iem su\u0146iem.Tauki-11,1 %,j\u0113lprote\u012bns-15,8 %,j\u0113lpelni-1,04 %.<\/p>\n","protected":false},"featured_media":7680,"comment_status":"closed","ping_status":"closed","template":"","meta":{"_acf_changed":false},"product_brand":[],"product_cat":[40,43],"product_tag":[],"class_list":{"0":"post-7522","1":"product","2":"type-product","3":"status-publish","4":"has-post-thumbnail","6":"product_cat-liellopu-gala","7":"product_cat-maisijumi-lv","9":"first","10":"instock","11":"taxable","12":"shipping-taxable","13":"purchasable","14":"product-type-simple"},"acf":[],"yoast_head":"<!-- This site is optimized with the Yoast SEO plugin v27.3 - https:\/\/yoast.com\/product\/yoast-seo-wordpress\/ -->\n<title>JAUNUMS!!! Raw MIX-5, ku\u0146\u0123u un ga\u013cas mais\u012bjums, sasmalcin\u0101ts\u2205 16 mm - Ledana<\/title>\n<meta name=\"robots\" content=\"index, follow, max-snippet:-1, max-image-preview:large, max-video-preview:-1\" \/>\n<link rel=\"canonical\" href=\"https:\/\/ledana.lt\/lv\/produktas\/jaunums-raw-mix-5-kungu-un-galas-maisijums-sasmalcinats%e2%88%85-16-mm\/\" \/>\n<meta property=\"og:locale\" content=\"lv_LV\" \/>\n<meta property=\"og:type\" content=\"article\" \/>\n<meta property=\"og:title\" content=\"JAUNUMS!!! Raw MIX-5, ku\u0146\u0123u un ga\u013cas mais\u012bjums, sasmalcin\u0101ts\u2205 16 mm - Ledana\" \/>\n<meta property=\"og:description\" content=\"\u2205\u2205Mais\u012bjums no (liellopu) :da\u017e\u0101di ku\u0146\u0123i-30 %,nieres-15 %,sirdis-10 %,ga\u013cas atgriezumi-15 %,ku\u0146\u0123i-20 %,trahejas-20 %,tesme\u0146i-10 %,pieaugu\u0161iem su\u0146iem.Tauki-11,1 %,j\u0113lprote\u012bns-15,8 %,j\u0113lpelni-1,04 %.\" \/>\n<meta property=\"og:url\" content=\"https:\/\/ledana.lt\/lv\/produktas\/jaunums-raw-mix-5-kungu-un-galas-maisijums-sasmalcinats%e2%88%85-16-mm\/\" \/>\n<meta property=\"og:site_name\" content=\"Ledana\" \/>\n<meta property=\"article:publisher\" content=\"https:\/\/www.facebook.com\/uabledana\" \/>\n<meta property=\"article:modified_time\" content=\"2025-11-15T09:32:18+00:00\" \/>\n<meta property=\"og:image\" content=\"https:\/\/ledana.lt\/wp-content\/uploads\/2023\/08\/suo-atsidedes-pre-stalo.jpg\" \/>\n\t<meta property=\"og:image:width\" content=\"1177\" \/>\n\t<meta property=\"og:image:height\" content=\"627\" \/>\n\t<meta property=\"og:image:type\" content=\"image\/jpeg\" \/>\n<meta name=\"twitter:card\" content=\"summary_large_image\" \/>\n<script type=\"application\/ld+json\" class=\"yoast-schema-graph\">{\"@context\":\"https:\\\/\\\/schema.org\",\"@graph\":[{\"@type\":\"WebPage\",\"@id\":\"https:\\\/\\\/ledana.lt\\\/lv\\\/produktas\\\/jaunums-raw-mix-5-kungu-un-galas-maisijums-sasmalcinats%e2%88%85-16-mm\\\/\",\"url\":\"https:\\\/\\\/ledana.lt\\\/lv\\\/produktas\\\/jaunums-raw-mix-5-kungu-un-galas-maisijums-sasmalcinats%e2%88%85-16-mm\\\/\",\"name\":\"JAUNUMS!!! Raw MIX-5, ku\u0146\u0123u un ga\u013cas mais\u012bjums, sasmalcin\u0101ts\u2205 16 mm - Ledana\",\"isPartOf\":{\"@id\":\"https:\\\/\\\/ledana.lt\\\/lv\\\/#website\"},\"primaryImageOfPage\":{\"@id\":\"https:\\\/\\\/ledana.lt\\\/lv\\\/produktas\\\/jaunums-raw-mix-5-kungu-un-galas-maisijums-sasmalcinats%e2%88%85-16-mm\\\/#primaryimage\"},\"image\":{\"@id\":\"https:\\\/\\\/ledana.lt\\\/lv\\\/produktas\\\/jaunums-raw-mix-5-kungu-un-galas-maisijums-sasmalcinats%e2%88%85-16-mm\\\/#primaryimage\"},\"thumbnailUrl\":\"https:\\\/\\\/ledana.lt\\\/wp-content\\\/uploads\\\/2025\\\/10\\\/dsc4047-2-scaled.jpeg\",\"datePublished\":\"2025-10-15T10:45:08+00:00\",\"dateModified\":\"2025-11-15T09:32:18+00:00\",\"breadcrumb\":{\"@id\":\"https:\\\/\\\/ledana.lt\\\/lv\\\/produktas\\\/jaunums-raw-mix-5-kungu-un-galas-maisijums-sasmalcinats%e2%88%85-16-mm\\\/#breadcrumb\"},\"inLanguage\":\"lv-LV\",\"potentialAction\":[{\"@type\":\"ReadAction\",\"target\":[\"https:\\\/\\\/ledana.lt\\\/lv\\\/produktas\\\/jaunums-raw-mix-5-kungu-un-galas-maisijums-sasmalcinats%e2%88%85-16-mm\\\/\"]}]},{\"@type\":\"ImageObject\",\"inLanguage\":\"lv-LV\",\"@id\":\"https:\\\/\\\/ledana.lt\\\/lv\\\/produktas\\\/jaunums-raw-mix-5-kungu-un-galas-maisijums-sasmalcinats%e2%88%85-16-mm\\\/#primaryimage\",\"url\":\"https:\\\/\\\/ledana.lt\\\/wp-content\\\/uploads\\\/2025\\\/10\\\/dsc4047-2-scaled.jpeg\",\"contentUrl\":\"https:\\\/\\\/ledana.lt\\\/wp-content\\\/uploads\\\/2025\\\/10\\\/dsc4047-2-scaled.jpeg\",\"width\":2560,\"height\":1726},{\"@type\":\"BreadcrumbList\",\"@id\":\"https:\\\/\\\/ledana.lt\\\/lv\\\/produktas\\\/jaunums-raw-mix-5-kungu-un-galas-maisijums-sasmalcinats%e2%88%85-16-mm\\\/#breadcrumb\",\"itemListElement\":[{\"@type\":\"ListItem\",\"position\":1,\"name\":\"Home\",\"item\":\"https:\\\/\\\/ledana.lt\\\/lv\\\/\"},{\"@type\":\"ListItem\",\"position\":2,\"name\":\"Parduotuv\u0117\",\"item\":\"https:\\\/\\\/ledana.lt\\\/parduotuve\\\/\"},{\"@type\":\"ListItem\",\"position\":3,\"name\":\"JAUNUMS!!! Raw MIX-5, ku\u0146\u0123u un ga\u013cas mais\u012bjums, sasmalcin\u0101ts\u2205 16 mm\"}]},{\"@type\":\"WebSite\",\"@id\":\"https:\\\/\\\/ledana.lt\\\/lv\\\/#website\",\"url\":\"https:\\\/\\\/ledana.lt\\\/lv\\\/\",\"name\":\"Ledana\",\"description\":\"Naturalus \u0161un\u0173 \u0117dalas\",\"publisher\":{\"@id\":\"https:\\\/\\\/ledana.lt\\\/lv\\\/#organization\"},\"potentialAction\":[{\"@type\":\"SearchAction\",\"target\":{\"@type\":\"EntryPoint\",\"urlTemplate\":\"https:\\\/\\\/ledana.lt\\\/lv\\\/?s={search_term_string}\"},\"query-input\":{\"@type\":\"PropertyValueSpecification\",\"valueRequired\":true,\"valueName\":\"search_term_string\"}}],\"inLanguage\":\"lv-LV\"},{\"@type\":\"Organization\",\"@id\":\"https:\\\/\\\/ledana.lt\\\/lv\\\/#organization\",\"name\":\"Ledana\",\"url\":\"https:\\\/\\\/ledana.lt\\\/lv\\\/\",\"logo\":{\"@type\":\"ImageObject\",\"inLanguage\":\"lv-LV\",\"@id\":\"https:\\\/\\\/ledana.lt\\\/lv\\\/#\\\/schema\\\/logo\\\/image\\\/\",\"url\":\"https:\\\/\\\/ledana.lt\\\/wp-content\\\/uploads\\\/2023\\\/08\\\/Ledana-Logo.png\",\"contentUrl\":\"https:\\\/\\\/ledana.lt\\\/wp-content\\\/uploads\\\/2023\\\/08\\\/Ledana-Logo.png\",\"width\":534,\"height\":355,\"caption\":\"Ledana\"},\"image\":{\"@id\":\"https:\\\/\\\/ledana.lt\\\/lv\\\/#\\\/schema\\\/logo\\\/image\\\/\"},\"sameAs\":[\"https:\\\/\\\/www.facebook.com\\\/uabledana\"]}]}<\/script>\n<!-- \/ Yoast SEO plugin. -->","yoast_head_json":{"title":"JAUNUMS!!! Raw MIX-5, ku\u0146\u0123u un ga\u013cas mais\u012bjums, sasmalcin\u0101ts\u2205 16 mm - Ledana","robots":{"index":"index","follow":"follow","max-snippet":"max-snippet:-1","max-image-preview":"max-image-preview:large","max-video-preview":"max-video-preview:-1"},"canonical":"https:\/\/ledana.lt\/lv\/produktas\/jaunums-raw-mix-5-kungu-un-galas-maisijums-sasmalcinats%e2%88%85-16-mm\/","og_locale":"lv_LV","og_type":"article","og_title":"JAUNUMS!!! Raw MIX-5, ku\u0146\u0123u un ga\u013cas mais\u012bjums, sasmalcin\u0101ts\u2205 16 mm - Ledana","og_description":"\u2205\u2205Mais\u012bjums no (liellopu) :da\u017e\u0101di ku\u0146\u0123i-30 %,nieres-15 %,sirdis-10 %,ga\u013cas atgriezumi-15 %,ku\u0146\u0123i-20 %,trahejas-20 %,tesme\u0146i-10 %,pieaugu\u0161iem su\u0146iem.Tauki-11,1 %,j\u0113lprote\u012bns-15,8 %,j\u0113lpelni-1,04 %.","og_url":"https:\/\/ledana.lt\/lv\/produktas\/jaunums-raw-mix-5-kungu-un-galas-maisijums-sasmalcinats%e2%88%85-16-mm\/","og_site_name":"Ledana","article_publisher":"https:\/\/www.facebook.com\/uabledana","article_modified_time":"2025-11-15T09:32:18+00:00","og_image":[{"width":1177,"height":627,"url":"https:\/\/ledana.lt\/wp-content\/uploads\/2023\/08\/suo-atsidedes-pre-stalo.jpg","type":"image\/jpeg"}],"twitter_card":"summary_large_image","schema":{"@context":"https:\/\/schema.org","@graph":[{"@type":"WebPage","@id":"https:\/\/ledana.lt\/lv\/produktas\/jaunums-raw-mix-5-kungu-un-galas-maisijums-sasmalcinats%e2%88%85-16-mm\/","url":"https:\/\/ledana.lt\/lv\/produktas\/jaunums-raw-mix-5-kungu-un-galas-maisijums-sasmalcinats%e2%88%85-16-mm\/","name":"JAUNUMS!!! Raw MIX-5, ku\u0146\u0123u un ga\u013cas mais\u012bjums, sasmalcin\u0101ts\u2205 16 mm - Ledana","isPartOf":{"@id":"https:\/\/ledana.lt\/lv\/#website"},"primaryImageOfPage":{"@id":"https:\/\/ledana.lt\/lv\/produktas\/jaunums-raw-mix-5-kungu-un-galas-maisijums-sasmalcinats%e2%88%85-16-mm\/#primaryimage"},"image":{"@id":"https:\/\/ledana.lt\/lv\/produktas\/jaunums-raw-mix-5-kungu-un-galas-maisijums-sasmalcinats%e2%88%85-16-mm\/#primaryimage"},"thumbnailUrl":"https:\/\/ledana.lt\/wp-content\/uploads\/2025\/10\/dsc4047-2-scaled.jpeg","datePublished":"2025-10-15T10:45:08+00:00","dateModified":"2025-11-15T09:32:18+00:00","breadcrumb":{"@id":"https:\/\/ledana.lt\/lv\/produktas\/jaunums-raw-mix-5-kungu-un-galas-maisijums-sasmalcinats%e2%88%85-16-mm\/#breadcrumb"},"inLanguage":"lv-LV","potentialAction":[{"@type":"ReadAction","target":["https:\/\/ledana.lt\/lv\/produktas\/jaunums-raw-mix-5-kungu-un-galas-maisijums-sasmalcinats%e2%88%85-16-mm\/"]}]},{"@type":"ImageObject","inLanguage":"lv-LV","@id":"https:\/\/ledana.lt\/lv\/produktas\/jaunums-raw-mix-5-kungu-un-galas-maisijums-sasmalcinats%e2%88%85-16-mm\/#primaryimage","url":"https:\/\/ledana.lt\/wp-content\/uploads\/2025\/10\/dsc4047-2-scaled.jpeg","contentUrl":"https:\/\/ledana.lt\/wp-content\/uploads\/2025\/10\/dsc4047-2-scaled.jpeg","width":2560,"height":1726},{"@type":"BreadcrumbList","@id":"https:\/\/ledana.lt\/lv\/produktas\/jaunums-raw-mix-5-kungu-un-galas-maisijums-sasmalcinats%e2%88%85-16-mm\/#breadcrumb","itemListElement":[{"@type":"ListItem","position":1,"name":"Home","item":"https:\/\/ledana.lt\/lv\/"},{"@type":"ListItem","position":2,"name":"Parduotuv\u0117","item":"https:\/\/ledana.lt\/parduotuve\/"},{"@type":"ListItem","position":3,"name":"JAUNUMS!!! Raw MIX-5, ku\u0146\u0123u un ga\u013cas mais\u012bjums, sasmalcin\u0101ts\u2205 16 mm"}]},{"@type":"WebSite","@id":"https:\/\/ledana.lt\/lv\/#website","url":"https:\/\/ledana.lt\/lv\/","name":"Ledana","description":"Naturalus \u0161un\u0173 \u0117dalas","publisher":{"@id":"https:\/\/ledana.lt\/lv\/#organization"},"potentialAction":[{"@type":"SearchAction","target":{"@type":"EntryPoint","urlTemplate":"https:\/\/ledana.lt\/lv\/?s={search_term_string}"},"query-input":{"@type":"PropertyValueSpecification","valueRequired":true,"valueName":"search_term_string"}}],"inLanguage":"lv-LV"},{"@type":"Organization","@id":"https:\/\/ledana.lt\/lv\/#organization","name":"Ledana","url":"https:\/\/ledana.lt\/lv\/","logo":{"@type":"ImageObject","inLanguage":"lv-LV","@id":"https:\/\/ledana.lt\/lv\/#\/schema\/logo\/image\/","url":"https:\/\/ledana.lt\/wp-content\/uploads\/2023\/08\/Ledana-Logo.png","contentUrl":"https:\/\/ledana.lt\/wp-content\/uploads\/2023\/08\/Ledana-Logo.png","width":534,"height":355,"caption":"Ledana"},"image":{"@id":"https:\/\/ledana.lt\/lv\/#\/schema\/logo\/image\/"},"sameAs":["https:\/\/www.facebook.com\/uabledana"]}]}},"jetpack_sharing_enabled":true,"_links":{"self":[{"href":"https:\/\/ledana.lt\/lv\/wp-json\/wp\/v2\/product\/7522","targetHints":{"allow":["GET"]}}],"collection":[{"href":"https:\/\/ledana.lt\/lv\/wp-json\/wp\/v2\/product"}],"about":[{"href":"https:\/\/ledana.lt\/lv\/wp-json\/wp\/v2\/types\/product"}],"replies":[{"embeddable":true,"href":"https:\/\/ledana.lt\/lv\/wp-json\/wp\/v2\/comments?post=7522"}],"wp:featuredmedia":[{"embeddable":true,"href":"https:\/\/ledana.lt\/lv\/wp-json\/wp\/v2\/media\/7680"}],"wp:attachment":[{"href":"https:\/\/ledana.lt\/lv\/wp-json\/wp\/v2\/media?parent=7522"}],"wp:term":[{"taxonomy":"product_brand","embeddable":true,"href":"https:\/\/ledana.lt\/lv\/wp-json\/wp\/v2\/product_brand?post=7522"},{"taxonomy":"product_cat","embeddable":true,"href":"https:\/\/ledana.lt\/lv\/wp-json\/wp\/v2\/product_cat?post=7522"},{"taxonomy":"product_tag","embeddable":true,"href":"https:\/\/ledana.lt\/lv\/wp-json\/wp\/v2\/product_tag?post=7522"}],"curies":[{"name":"wp","href":"https:\/\/api.w.org\/{rel}","templated":true}]}}