{"id":4715,"date":"2024-10-11T10:05:41","date_gmt":"2024-10-11T07:05:41","guid":{"rendered":"https:\/\/ledana.lt\/produktas\/miks-4-miks-4-miks-4-miks-4-miks-4-miks-4-miks-4-miks-4-miks-4-miks-4-miks-4-miks-4-miks-4-miks-4-miks-4-miks-4-miks-4-miks-4-miks-4-miks-4-miks-4-miks-4-miks-4-miks-4-miks-4-miks-4\/"},"modified":"2025-11-12T11:12:03","modified_gmt":"2025-11-12T09:12:03","slug":"miks-4-miks-4-miks-4-miks-4-miks-4-miks-4-miks-4-miks-4-miks-4-miks-4-miks-4-miks-4-miks-4-miks-4-miks-4-miks-4-miks-4-miks-4-miks-4-miks-4-miks-4-miks-4-miks-4-miks-4-miks-4-miks-4","status":"publish","type":"product","link":"https:\/\/ledana.lt\/lv\/produktas\/miks-4-miks-4-miks-4-miks-4-miks-4-miks-4-miks-4-miks-4-miks-4-miks-4-miks-4-miks-4-miks-4-miks-4-miks-4-miks-4-miks-4-miks-4-miks-4-miks-4-miks-4-miks-4-miks-4-miks-4-miks-4-miks-4\/","title":{"rendered":"JAUNUMS !!! \u201cMIX-4\u201d \u0160\u0137iedra lauku saimniec\u012bb\u0101m, p\u0101rtikai un d\u0101rze\u0146u smalcin\u0101\u0161anai \u00d8 25 mm"},"content":{"rendered":"<p>M\u0113s izmantojam brie\u017ea ga\u013cu (brie\u017ea un stirnas), liellopu ga\u013cas atgriezumus, liellopu subproduktus: aknu sirdis, ku\u0146\u0123us, trahejas, tauri\u0146d\u0101rzu, t\u012btara mugurkaula masu.<\/p>\n","protected":false},"excerpt":{"rendered":"<p>Brie\u017ea ga\u013ca\/c\u016bkga\u013ca-25% Liellopu ga\u013cas atgriezumi-25% Liellopu ku\u0146\u0123i, aknas, \u0137irbji-5% katrs Liellopu sirdis, t\u012btara mugurkaula pasta-10% katrs Liellopu r\u012bkles, trahejas, priek\u0161dziedzeri-15% katrs.<\/p>\n","protected":false},"featured_media":4721,"comment_status":"closed","ping_status":"closed","template":"","meta":{"_acf_changed":false},"product_brand":[],"product_cat":[43],"product_tag":[],"class_list":{"0":"post-4715","1":"product","2":"type-product","3":"status-publish","4":"has-post-thumbnail","6":"product_cat-maisijumi-lv","8":"first","9":"instock","10":"taxable","11":"shipping-taxable","12":"purchasable","13":"product-type-simple"},"acf":[],"yoast_head":"<!-- This site is optimized with the Yoast SEO plugin v26.8 - https:\/\/yoast.com\/product\/yoast-seo-wordpress\/ -->\n<title>JAUNUMS !!! \u201cMIX-4\u201d \u0160\u0137iedra lauku saimniec\u012bb\u0101m, p\u0101rtikai un d\u0101rze\u0146u smalcin\u0101\u0161anai \u00d8 25 mm - Ledana<\/title>\n<meta name=\"robots\" content=\"index, follow, max-snippet:-1, max-image-preview:large, max-video-preview:-1\" \/>\n<link rel=\"canonical\" href=\"https:\/\/ledana.lt\/lv\/produktas\/miks-4-miks-4-miks-4-miks-4-miks-4-miks-4-miks-4-miks-4-miks-4-miks-4-miks-4-miks-4-miks-4-miks-4-miks-4-miks-4-miks-4-miks-4-miks-4-miks-4-miks-4-miks-4-miks-4-miks-4-miks-4-miks-4\/\" \/>\n<meta property=\"og:locale\" content=\"lv_LV\" \/>\n<meta property=\"og:type\" content=\"article\" \/>\n<meta property=\"og:title\" content=\"JAUNUMS !!! \u201cMIX-4\u201d \u0160\u0137iedra lauku saimniec\u012bb\u0101m, p\u0101rtikai un d\u0101rze\u0146u smalcin\u0101\u0161anai \u00d8 25 mm - Ledana\" \/>\n<meta property=\"og:description\" content=\"Brie\u017ea ga\u013ca\/c\u016bkga\u013ca-25% Liellopu ga\u013cas atgriezumi-25% Liellopu ku\u0146\u0123i, aknas, \u0137irbji-5% katrs Liellopu sirdis, t\u012btara mugurkaula pasta-10% katrs Liellopu r\u012bkles, trahejas, priek\u0161dziedzeri-15% katrs.\" \/>\n<meta property=\"og:url\" content=\"https:\/\/ledana.lt\/lv\/produktas\/miks-4-miks-4-miks-4-miks-4-miks-4-miks-4-miks-4-miks-4-miks-4-miks-4-miks-4-miks-4-miks-4-miks-4-miks-4-miks-4-miks-4-miks-4-miks-4-miks-4-miks-4-miks-4-miks-4-miks-4-miks-4-miks-4\/\" \/>\n<meta property=\"og:site_name\" content=\"Ledana\" \/>\n<meta property=\"article:publisher\" content=\"https:\/\/www.facebook.com\/uabledana\" \/>\n<meta property=\"article:modified_time\" content=\"2025-11-12T09:12:03+00:00\" \/>\n<meta property=\"og:image\" content=\"https:\/\/ledana.lt\/wp-content\/uploads\/2024\/10\/DSC6313-scaled.jpg\" \/>\n\t<meta property=\"og:image:width\" content=\"2560\" \/>\n\t<meta property=\"og:image:height\" content=\"1606\" \/>\n\t<meta property=\"og:image:type\" content=\"image\/jpeg\" \/>\n<meta name=\"twitter:card\" content=\"summary_large_image\" \/>\n<script type=\"application\/ld+json\" class=\"yoast-schema-graph\">{\"@context\":\"https:\/\/schema.org\",\"@graph\":[{\"@type\":\"WebPage\",\"@id\":\"https:\/\/ledana.lt\/lv\/produktas\/miks-4-miks-4-miks-4-miks-4-miks-4-miks-4-miks-4-miks-4-miks-4-miks-4-miks-4-miks-4-miks-4-miks-4-miks-4-miks-4-miks-4-miks-4-miks-4-miks-4-miks-4-miks-4-miks-4-miks-4-miks-4-miks-4\/\",\"url\":\"https:\/\/ledana.lt\/lv\/produktas\/miks-4-miks-4-miks-4-miks-4-miks-4-miks-4-miks-4-miks-4-miks-4-miks-4-miks-4-miks-4-miks-4-miks-4-miks-4-miks-4-miks-4-miks-4-miks-4-miks-4-miks-4-miks-4-miks-4-miks-4-miks-4-miks-4\/\",\"name\":\"JAUNUMS !!! \u201cMIX-4\u201d \u0160\u0137iedra lauku saimniec\u012bb\u0101m, p\u0101rtikai un d\u0101rze\u0146u smalcin\u0101\u0161anai \u00d8 25 mm - Ledana\",\"isPartOf\":{\"@id\":\"https:\/\/ledana.lt\/lv\/#website\"},\"primaryImageOfPage\":{\"@id\":\"https:\/\/ledana.lt\/lv\/produktas\/miks-4-miks-4-miks-4-miks-4-miks-4-miks-4-miks-4-miks-4-miks-4-miks-4-miks-4-miks-4-miks-4-miks-4-miks-4-miks-4-miks-4-miks-4-miks-4-miks-4-miks-4-miks-4-miks-4-miks-4-miks-4-miks-4\/#primaryimage\"},\"image\":{\"@id\":\"https:\/\/ledana.lt\/lv\/produktas\/miks-4-miks-4-miks-4-miks-4-miks-4-miks-4-miks-4-miks-4-miks-4-miks-4-miks-4-miks-4-miks-4-miks-4-miks-4-miks-4-miks-4-miks-4-miks-4-miks-4-miks-4-miks-4-miks-4-miks-4-miks-4-miks-4\/#primaryimage\"},\"thumbnailUrl\":\"https:\/\/ledana.lt\/wp-content\/uploads\/2024\/10\/DSC6313-scaled.jpg\",\"datePublished\":\"2024-10-11T07:05:41+00:00\",\"dateModified\":\"2025-11-12T09:12:03+00:00\",\"breadcrumb\":{\"@id\":\"https:\/\/ledana.lt\/lv\/produktas\/miks-4-miks-4-miks-4-miks-4-miks-4-miks-4-miks-4-miks-4-miks-4-miks-4-miks-4-miks-4-miks-4-miks-4-miks-4-miks-4-miks-4-miks-4-miks-4-miks-4-miks-4-miks-4-miks-4-miks-4-miks-4-miks-4\/#breadcrumb\"},\"inLanguage\":\"lv-LV\",\"potentialAction\":[{\"@type\":\"ReadAction\",\"target\":[\"https:\/\/ledana.lt\/lv\/produktas\/miks-4-miks-4-miks-4-miks-4-miks-4-miks-4-miks-4-miks-4-miks-4-miks-4-miks-4-miks-4-miks-4-miks-4-miks-4-miks-4-miks-4-miks-4-miks-4-miks-4-miks-4-miks-4-miks-4-miks-4-miks-4-miks-4\/\"]}]},{\"@type\":\"ImageObject\",\"inLanguage\":\"lv-LV\",\"@id\":\"https:\/\/ledana.lt\/lv\/produktas\/miks-4-miks-4-miks-4-miks-4-miks-4-miks-4-miks-4-miks-4-miks-4-miks-4-miks-4-miks-4-miks-4-miks-4-miks-4-miks-4-miks-4-miks-4-miks-4-miks-4-miks-4-miks-4-miks-4-miks-4-miks-4-miks-4\/#primaryimage\",\"url\":\"https:\/\/ledana.lt\/wp-content\/uploads\/2024\/10\/DSC6313-scaled.jpg\",\"contentUrl\":\"https:\/\/ledana.lt\/wp-content\/uploads\/2024\/10\/DSC6313-scaled.jpg\",\"width\":2560,\"height\":1606},{\"@type\":\"BreadcrumbList\",\"@id\":\"https:\/\/ledana.lt\/lv\/produktas\/miks-4-miks-4-miks-4-miks-4-miks-4-miks-4-miks-4-miks-4-miks-4-miks-4-miks-4-miks-4-miks-4-miks-4-miks-4-miks-4-miks-4-miks-4-miks-4-miks-4-miks-4-miks-4-miks-4-miks-4-miks-4-miks-4\/#breadcrumb\",\"itemListElement\":[{\"@type\":\"ListItem\",\"position\":1,\"name\":\"Home\",\"item\":\"https:\/\/ledana.lt\/lv\/\"},{\"@type\":\"ListItem\",\"position\":2,\"name\":\"Parduotuv\u0117\",\"item\":\"https:\/\/ledana.lt\/parduotuve\/\"},{\"@type\":\"ListItem\",\"position\":3,\"name\":\"JAUNUMS !!! \u201cMIX-4\u201d \u0160\u0137iedra lauku saimniec\u012bb\u0101m, p\u0101rtikai un d\u0101rze\u0146u smalcin\u0101\u0161anai \u00d8 25 mm\"}]},{\"@type\":\"WebSite\",\"@id\":\"https:\/\/ledana.lt\/lv\/#website\",\"url\":\"https:\/\/ledana.lt\/lv\/\",\"name\":\"Ledana\",\"description\":\"Naturalus \u0161un\u0173 \u0117dalas\",\"publisher\":{\"@id\":\"https:\/\/ledana.lt\/lv\/#organization\"},\"potentialAction\":[{\"@type\":\"SearchAction\",\"target\":{\"@type\":\"EntryPoint\",\"urlTemplate\":\"https:\/\/ledana.lt\/lv\/?s={search_term_string}\"},\"query-input\":{\"@type\":\"PropertyValueSpecification\",\"valueRequired\":true,\"valueName\":\"search_term_string\"}}],\"inLanguage\":\"lv-LV\"},{\"@type\":\"Organization\",\"@id\":\"https:\/\/ledana.lt\/lv\/#organization\",\"name\":\"Ledana\",\"url\":\"https:\/\/ledana.lt\/lv\/\",\"logo\":{\"@type\":\"ImageObject\",\"inLanguage\":\"lv-LV\",\"@id\":\"https:\/\/ledana.lt\/lv\/#\/schema\/logo\/image\/\",\"url\":\"https:\/\/ledana.lt\/wp-content\/uploads\/2023\/08\/Ledana-Logo.png\",\"contentUrl\":\"https:\/\/ledana.lt\/wp-content\/uploads\/2023\/08\/Ledana-Logo.png\",\"width\":534,\"height\":355,\"caption\":\"Ledana\"},\"image\":{\"@id\":\"https:\/\/ledana.lt\/lv\/#\/schema\/logo\/image\/\"},\"sameAs\":[\"https:\/\/www.facebook.com\/uabledana\"]}]}<\/script>\n<!-- \/ Yoast SEO plugin. -->","yoast_head_json":{"title":"JAUNUMS !!! \u201cMIX-4\u201d \u0160\u0137iedra lauku saimniec\u012bb\u0101m, p\u0101rtikai un d\u0101rze\u0146u smalcin\u0101\u0161anai \u00d8 25 mm - Ledana","robots":{"index":"index","follow":"follow","max-snippet":"max-snippet:-1","max-image-preview":"max-image-preview:large","max-video-preview":"max-video-preview:-1"},"canonical":"https:\/\/ledana.lt\/lv\/produktas\/miks-4-miks-4-miks-4-miks-4-miks-4-miks-4-miks-4-miks-4-miks-4-miks-4-miks-4-miks-4-miks-4-miks-4-miks-4-miks-4-miks-4-miks-4-miks-4-miks-4-miks-4-miks-4-miks-4-miks-4-miks-4-miks-4\/","og_locale":"lv_LV","og_type":"article","og_title":"JAUNUMS !!! \u201cMIX-4\u201d \u0160\u0137iedra lauku saimniec\u012bb\u0101m, p\u0101rtikai un d\u0101rze\u0146u smalcin\u0101\u0161anai \u00d8 25 mm - Ledana","og_description":"Brie\u017ea ga\u013ca\/c\u016bkga\u013ca-25% Liellopu ga\u013cas atgriezumi-25% Liellopu ku\u0146\u0123i, aknas, \u0137irbji-5% katrs Liellopu sirdis, t\u012btara mugurkaula pasta-10% katrs Liellopu r\u012bkles, trahejas, priek\u0161dziedzeri-15% katrs.","og_url":"https:\/\/ledana.lt\/lv\/produktas\/miks-4-miks-4-miks-4-miks-4-miks-4-miks-4-miks-4-miks-4-miks-4-miks-4-miks-4-miks-4-miks-4-miks-4-miks-4-miks-4-miks-4-miks-4-miks-4-miks-4-miks-4-miks-4-miks-4-miks-4-miks-4-miks-4\/","og_site_name":"Ledana","article_publisher":"https:\/\/www.facebook.com\/uabledana","article_modified_time":"2025-11-12T09:12:03+00:00","og_image":[{"width":2560,"height":1606,"url":"https:\/\/ledana.lt\/wp-content\/uploads\/2024\/10\/DSC6313-scaled.jpg","type":"image\/jpeg"}],"twitter_card":"summary_large_image","schema":{"@context":"https:\/\/schema.org","@graph":[{"@type":"WebPage","@id":"https:\/\/ledana.lt\/lv\/produktas\/miks-4-miks-4-miks-4-miks-4-miks-4-miks-4-miks-4-miks-4-miks-4-miks-4-miks-4-miks-4-miks-4-miks-4-miks-4-miks-4-miks-4-miks-4-miks-4-miks-4-miks-4-miks-4-miks-4-miks-4-miks-4-miks-4\/","url":"https:\/\/ledana.lt\/lv\/produktas\/miks-4-miks-4-miks-4-miks-4-miks-4-miks-4-miks-4-miks-4-miks-4-miks-4-miks-4-miks-4-miks-4-miks-4-miks-4-miks-4-miks-4-miks-4-miks-4-miks-4-miks-4-miks-4-miks-4-miks-4-miks-4-miks-4\/","name":"JAUNUMS !!! \u201cMIX-4\u201d \u0160\u0137iedra lauku saimniec\u012bb\u0101m, p\u0101rtikai un d\u0101rze\u0146u smalcin\u0101\u0161anai \u00d8 25 mm - Ledana","isPartOf":{"@id":"https:\/\/ledana.lt\/lv\/#website"},"primaryImageOfPage":{"@id":"https:\/\/ledana.lt\/lv\/produktas\/miks-4-miks-4-miks-4-miks-4-miks-4-miks-4-miks-4-miks-4-miks-4-miks-4-miks-4-miks-4-miks-4-miks-4-miks-4-miks-4-miks-4-miks-4-miks-4-miks-4-miks-4-miks-4-miks-4-miks-4-miks-4-miks-4\/#primaryimage"},"image":{"@id":"https:\/\/ledana.lt\/lv\/produktas\/miks-4-miks-4-miks-4-miks-4-miks-4-miks-4-miks-4-miks-4-miks-4-miks-4-miks-4-miks-4-miks-4-miks-4-miks-4-miks-4-miks-4-miks-4-miks-4-miks-4-miks-4-miks-4-miks-4-miks-4-miks-4-miks-4\/#primaryimage"},"thumbnailUrl":"https:\/\/ledana.lt\/wp-content\/uploads\/2024\/10\/DSC6313-scaled.jpg","datePublished":"2024-10-11T07:05:41+00:00","dateModified":"2025-11-12T09:12:03+00:00","breadcrumb":{"@id":"https:\/\/ledana.lt\/lv\/produktas\/miks-4-miks-4-miks-4-miks-4-miks-4-miks-4-miks-4-miks-4-miks-4-miks-4-miks-4-miks-4-miks-4-miks-4-miks-4-miks-4-miks-4-miks-4-miks-4-miks-4-miks-4-miks-4-miks-4-miks-4-miks-4-miks-4\/#breadcrumb"},"inLanguage":"lv-LV","potentialAction":[{"@type":"ReadAction","target":["https:\/\/ledana.lt\/lv\/produktas\/miks-4-miks-4-miks-4-miks-4-miks-4-miks-4-miks-4-miks-4-miks-4-miks-4-miks-4-miks-4-miks-4-miks-4-miks-4-miks-4-miks-4-miks-4-miks-4-miks-4-miks-4-miks-4-miks-4-miks-4-miks-4-miks-4\/"]}]},{"@type":"ImageObject","inLanguage":"lv-LV","@id":"https:\/\/ledana.lt\/lv\/produktas\/miks-4-miks-4-miks-4-miks-4-miks-4-miks-4-miks-4-miks-4-miks-4-miks-4-miks-4-miks-4-miks-4-miks-4-miks-4-miks-4-miks-4-miks-4-miks-4-miks-4-miks-4-miks-4-miks-4-miks-4-miks-4-miks-4\/#primaryimage","url":"https:\/\/ledana.lt\/wp-content\/uploads\/2024\/10\/DSC6313-scaled.jpg","contentUrl":"https:\/\/ledana.lt\/wp-content\/uploads\/2024\/10\/DSC6313-scaled.jpg","width":2560,"height":1606},{"@type":"BreadcrumbList","@id":"https:\/\/ledana.lt\/lv\/produktas\/miks-4-miks-4-miks-4-miks-4-miks-4-miks-4-miks-4-miks-4-miks-4-miks-4-miks-4-miks-4-miks-4-miks-4-miks-4-miks-4-miks-4-miks-4-miks-4-miks-4-miks-4-miks-4-miks-4-miks-4-miks-4-miks-4\/#breadcrumb","itemListElement":[{"@type":"ListItem","position":1,"name":"Home","item":"https:\/\/ledana.lt\/lv\/"},{"@type":"ListItem","position":2,"name":"Parduotuv\u0117","item":"https:\/\/ledana.lt\/parduotuve\/"},{"@type":"ListItem","position":3,"name":"JAUNUMS !!! \u201cMIX-4\u201d \u0160\u0137iedra lauku saimniec\u012bb\u0101m, p\u0101rtikai un d\u0101rze\u0146u smalcin\u0101\u0161anai \u00d8 25 mm"}]},{"@type":"WebSite","@id":"https:\/\/ledana.lt\/lv\/#website","url":"https:\/\/ledana.lt\/lv\/","name":"Ledana","description":"Naturalus \u0161un\u0173 \u0117dalas","publisher":{"@id":"https:\/\/ledana.lt\/lv\/#organization"},"potentialAction":[{"@type":"SearchAction","target":{"@type":"EntryPoint","urlTemplate":"https:\/\/ledana.lt\/lv\/?s={search_term_string}"},"query-input":{"@type":"PropertyValueSpecification","valueRequired":true,"valueName":"search_term_string"}}],"inLanguage":"lv-LV"},{"@type":"Organization","@id":"https:\/\/ledana.lt\/lv\/#organization","name":"Ledana","url":"https:\/\/ledana.lt\/lv\/","logo":{"@type":"ImageObject","inLanguage":"lv-LV","@id":"https:\/\/ledana.lt\/lv\/#\/schema\/logo\/image\/","url":"https:\/\/ledana.lt\/wp-content\/uploads\/2023\/08\/Ledana-Logo.png","contentUrl":"https:\/\/ledana.lt\/wp-content\/uploads\/2023\/08\/Ledana-Logo.png","width":534,"height":355,"caption":"Ledana"},"image":{"@id":"https:\/\/ledana.lt\/lv\/#\/schema\/logo\/image\/"},"sameAs":["https:\/\/www.facebook.com\/uabledana"]}]}},"jetpack_sharing_enabled":true,"_links":{"self":[{"href":"https:\/\/ledana.lt\/lv\/wp-json\/wp\/v2\/product\/4715","targetHints":{"allow":["GET"]}}],"collection":[{"href":"https:\/\/ledana.lt\/lv\/wp-json\/wp\/v2\/product"}],"about":[{"href":"https:\/\/ledana.lt\/lv\/wp-json\/wp\/v2\/types\/product"}],"replies":[{"embeddable":true,"href":"https:\/\/ledana.lt\/lv\/wp-json\/wp\/v2\/comments?post=4715"}],"wp:featuredmedia":[{"embeddable":true,"href":"https:\/\/ledana.lt\/lv\/wp-json\/wp\/v2\/media\/4721"}],"wp:attachment":[{"href":"https:\/\/ledana.lt\/lv\/wp-json\/wp\/v2\/media?parent=4715"}],"wp:term":[{"taxonomy":"product_brand","embeddable":true,"href":"https:\/\/ledana.lt\/lv\/wp-json\/wp\/v2\/product_brand?post=4715"},{"taxonomy":"product_cat","embeddable":true,"href":"https:\/\/ledana.lt\/lv\/wp-json\/wp\/v2\/product_cat?post=4715"},{"taxonomy":"product_tag","embeddable":true,"href":"https:\/\/ledana.lt\/lv\/wp-json\/wp\/v2\/product_tag?post=4715"}],"curies":[{"name":"wp","href":"https:\/\/api.w.org\/{rel}","templated":true}]}}