{"id":2289,"date":"2023-12-07T13:44:50","date_gmt":"2023-12-07T11:44:50","guid":{"rendered":"https:\/\/ledana.lt\/produktas\/medijumu-liellopu-galas-un-darzenu-maisijums-4\/"},"modified":"2026-04-10T14:00:22","modified_gmt":"2026-04-10T11:00:22","slug":"brieza-galas-galas-galas-galas-galas-galas-galas-sautejumu-maisijums-4","status":"publish","type":"product","link":"https:\/\/ledana.lt\/lv\/produktas\/brieza-galas-galas-galas-galas-galas-galas-galas-sautejumu-maisijums-4\/","title":{"rendered":"JAUNS!!! MED\u012aJUMU, GA\u013bU UN D\u0100RZE\u0145U MIX-4 MAIS\u012aJUMS, smalcin\u0101\u0161anas \u00d8 16 mm"},"content":{"rendered":"<p>M\u0113s izmantojam brie\u017ea ga\u013cu (brie\u017ea un stirnas), liellopu ga\u013cas atgriezumus, liellopu subproduktus: aknu sirdis, ku\u0146\u0123us, trahejas, tauri\u0146d\u0101rzu, t\u012btara mugurkaula masu.<\/p>\n","protected":false},"excerpt":{"rendered":"<p><strong>Iepakots 1 kg vai 0,5 kg<\/strong><\/p>\n<p>Brie\u017ea ga\u013ca\/c\u016bkga\u013ca-25 %<br \/>\nLiellopu ga\u013cas atgriezumi-25 %<br \/>\nLiellopu ku\u0146\u0123i, aknas, \u0137irbji-5 % katrs<br \/>\nLiellopu sirdis, t\u012btara mugurkaula pasta-10 % katrs<br \/>\nLiellopu r\u012bkles, trahejas ar bar\u012bbas vadu, priek\u0161dziedzeri-15 % katrs.<\/p>\n","protected":false},"featured_media":3267,"comment_status":"open","ping_status":"closed","template":"","meta":{"_acf_changed":false},"product_brand":[],"product_cat":[43],"product_tag":[],"class_list":{"0":"post-2289","1":"product","2":"type-product","3":"status-publish","4":"has-post-thumbnail","6":"product_cat-maisijumi-lv","8":"first","9":"outofstock","10":"taxable","11":"shipping-taxable","12":"purchasable","13":"product-type-simple"},"acf":[],"yoast_head":"<!-- This site is optimized with the Yoast SEO plugin v27.3 - https:\/\/yoast.com\/product\/yoast-seo-wordpress\/ -->\n<title>JAUNS!!! MED\u012aJUMU, GA\u013bU UN D\u0100RZE\u0145U MIX-4 MAIS\u012aJUMS, smalcin\u0101\u0161anas \u00d8 16 mm - Ledana<\/title>\n<meta name=\"robots\" content=\"index, follow, max-snippet:-1, max-image-preview:large, max-video-preview:-1\" \/>\n<link rel=\"canonical\" href=\"https:\/\/ledana.lt\/lv\/produktas\/brieza-galas-galas-galas-galas-galas-galas-galas-sautejumu-maisijums-4\/\" \/>\n<meta property=\"og:locale\" content=\"lv_LV\" \/>\n<meta property=\"og:type\" content=\"article\" \/>\n<meta property=\"og:title\" content=\"JAUNS!!! MED\u012aJUMU, GA\u013bU UN D\u0100RZE\u0145U MIX-4 MAIS\u012aJUMS, smalcin\u0101\u0161anas \u00d8 16 mm - Ledana\" \/>\n<meta property=\"og:description\" content=\"Iepakots 1 kg vai 0,5 kg  Brie\u017ea ga\u013ca\/c\u016bkga\u013ca-25 % Liellopu ga\u013cas atgriezumi-25 % Liellopu ku\u0146\u0123i, aknas, \u0137irbji-5 % katrs Liellopu sirdis, t\u012btara mugurkaula pasta-10 % katrs Liellopu r\u012bkles, trahejas ar bar\u012bbas vadu, priek\u0161dziedzeri-15 % katrs.\" \/>\n<meta property=\"og:url\" content=\"https:\/\/ledana.lt\/lv\/produktas\/brieza-galas-galas-galas-galas-galas-galas-galas-sautejumu-maisijums-4\/\" \/>\n<meta property=\"og:site_name\" content=\"Ledana\" \/>\n<meta property=\"article:publisher\" content=\"https:\/\/www.facebook.com\/uabledana\" \/>\n<meta property=\"article:modified_time\" content=\"2026-04-10T11:00:22+00:00\" \/>\n<meta property=\"og:image\" content=\"https:\/\/ledana.lt\/wp-content\/uploads\/2023\/09\/DSC6313-scaled.jpg\" \/>\n\t<meta property=\"og:image:width\" content=\"2560\" \/>\n\t<meta property=\"og:image:height\" content=\"1606\" \/>\n\t<meta property=\"og:image:type\" content=\"image\/jpeg\" \/>\n<meta name=\"twitter:card\" content=\"summary_large_image\" \/>\n<meta name=\"twitter:label1\" content=\"Est. reading time\" \/>\n\t<meta name=\"twitter:data1\" content=\"1 minute\" \/>\n<script type=\"application\/ld+json\" class=\"yoast-schema-graph\">{\"@context\":\"https:\\\/\\\/schema.org\",\"@graph\":[{\"@type\":\"WebPage\",\"@id\":\"https:\\\/\\\/ledana.lt\\\/lv\\\/produktas\\\/brieza-galas-galas-galas-galas-galas-galas-galas-sautejumu-maisijums-4\\\/\",\"url\":\"https:\\\/\\\/ledana.lt\\\/lv\\\/produktas\\\/brieza-galas-galas-galas-galas-galas-galas-galas-sautejumu-maisijums-4\\\/\",\"name\":\"JAUNS!!! MED\u012aJUMU, GA\u013bU UN D\u0100RZE\u0145U MIX-4 MAIS\u012aJUMS, smalcin\u0101\u0161anas \u00d8 16 mm - Ledana\",\"isPartOf\":{\"@id\":\"https:\\\/\\\/ledana.lt\\\/lv\\\/#website\"},\"primaryImageOfPage\":{\"@id\":\"https:\\\/\\\/ledana.lt\\\/lv\\\/produktas\\\/brieza-galas-galas-galas-galas-galas-galas-galas-sautejumu-maisijums-4\\\/#primaryimage\"},\"image\":{\"@id\":\"https:\\\/\\\/ledana.lt\\\/lv\\\/produktas\\\/brieza-galas-galas-galas-galas-galas-galas-galas-sautejumu-maisijums-4\\\/#primaryimage\"},\"thumbnailUrl\":\"https:\\\/\\\/ledana.lt\\\/wp-content\\\/uploads\\\/2023\\\/09\\\/DSC6313-scaled.jpg\",\"datePublished\":\"2023-12-07T11:44:50+00:00\",\"dateModified\":\"2026-04-10T11:00:22+00:00\",\"breadcrumb\":{\"@id\":\"https:\\\/\\\/ledana.lt\\\/lv\\\/produktas\\\/brieza-galas-galas-galas-galas-galas-galas-galas-sautejumu-maisijums-4\\\/#breadcrumb\"},\"inLanguage\":\"lv-LV\",\"potentialAction\":[{\"@type\":\"ReadAction\",\"target\":[\"https:\\\/\\\/ledana.lt\\\/lv\\\/produktas\\\/brieza-galas-galas-galas-galas-galas-galas-galas-sautejumu-maisijums-4\\\/\"]}]},{\"@type\":\"ImageObject\",\"inLanguage\":\"lv-LV\",\"@id\":\"https:\\\/\\\/ledana.lt\\\/lv\\\/produktas\\\/brieza-galas-galas-galas-galas-galas-galas-galas-sautejumu-maisijums-4\\\/#primaryimage\",\"url\":\"https:\\\/\\\/ledana.lt\\\/wp-content\\\/uploads\\\/2023\\\/09\\\/DSC6313-scaled.jpg\",\"contentUrl\":\"https:\\\/\\\/ledana.lt\\\/wp-content\\\/uploads\\\/2023\\\/09\\\/DSC6313-scaled.jpg\",\"width\":2560,\"height\":1606},{\"@type\":\"BreadcrumbList\",\"@id\":\"https:\\\/\\\/ledana.lt\\\/lv\\\/produktas\\\/brieza-galas-galas-galas-galas-galas-galas-galas-sautejumu-maisijums-4\\\/#breadcrumb\",\"itemListElement\":[{\"@type\":\"ListItem\",\"position\":1,\"name\":\"Home\",\"item\":\"https:\\\/\\\/ledana.lt\\\/lv\\\/\"},{\"@type\":\"ListItem\",\"position\":2,\"name\":\"Parduotuv\u0117\",\"item\":\"https:\\\/\\\/ledana.lt\\\/parduotuve\\\/\"},{\"@type\":\"ListItem\",\"position\":3,\"name\":\"JAUNS!!! MED\u012aJUMU, GA\u013bU UN D\u0100RZE\u0145U MIX-4 MAIS\u012aJUMS, smalcin\u0101\u0161anas \u00d8 16 mm\"}]},{\"@type\":\"WebSite\",\"@id\":\"https:\\\/\\\/ledana.lt\\\/lv\\\/#website\",\"url\":\"https:\\\/\\\/ledana.lt\\\/lv\\\/\",\"name\":\"Ledana\",\"description\":\"Naturalus \u0161un\u0173 \u0117dalas\",\"publisher\":{\"@id\":\"https:\\\/\\\/ledana.lt\\\/lv\\\/#organization\"},\"potentialAction\":[{\"@type\":\"SearchAction\",\"target\":{\"@type\":\"EntryPoint\",\"urlTemplate\":\"https:\\\/\\\/ledana.lt\\\/lv\\\/?s={search_term_string}\"},\"query-input\":{\"@type\":\"PropertyValueSpecification\",\"valueRequired\":true,\"valueName\":\"search_term_string\"}}],\"inLanguage\":\"lv-LV\"},{\"@type\":\"Organization\",\"@id\":\"https:\\\/\\\/ledana.lt\\\/lv\\\/#organization\",\"name\":\"Ledana\",\"url\":\"https:\\\/\\\/ledana.lt\\\/lv\\\/\",\"logo\":{\"@type\":\"ImageObject\",\"inLanguage\":\"lv-LV\",\"@id\":\"https:\\\/\\\/ledana.lt\\\/lv\\\/#\\\/schema\\\/logo\\\/image\\\/\",\"url\":\"https:\\\/\\\/ledana.lt\\\/wp-content\\\/uploads\\\/2023\\\/08\\\/Ledana-Logo.png\",\"contentUrl\":\"https:\\\/\\\/ledana.lt\\\/wp-content\\\/uploads\\\/2023\\\/08\\\/Ledana-Logo.png\",\"width\":534,\"height\":355,\"caption\":\"Ledana\"},\"image\":{\"@id\":\"https:\\\/\\\/ledana.lt\\\/lv\\\/#\\\/schema\\\/logo\\\/image\\\/\"},\"sameAs\":[\"https:\\\/\\\/www.facebook.com\\\/uabledana\"]}]}<\/script>\n<!-- \/ Yoast SEO plugin. -->","yoast_head_json":{"title":"JAUNS!!! MED\u012aJUMU, GA\u013bU UN D\u0100RZE\u0145U MIX-4 MAIS\u012aJUMS, smalcin\u0101\u0161anas \u00d8 16 mm - Ledana","robots":{"index":"index","follow":"follow","max-snippet":"max-snippet:-1","max-image-preview":"max-image-preview:large","max-video-preview":"max-video-preview:-1"},"canonical":"https:\/\/ledana.lt\/lv\/produktas\/brieza-galas-galas-galas-galas-galas-galas-galas-sautejumu-maisijums-4\/","og_locale":"lv_LV","og_type":"article","og_title":"JAUNS!!! MED\u012aJUMU, GA\u013bU UN D\u0100RZE\u0145U MIX-4 MAIS\u012aJUMS, smalcin\u0101\u0161anas \u00d8 16 mm - Ledana","og_description":"Iepakots 1 kg vai 0,5 kg  Brie\u017ea ga\u013ca\/c\u016bkga\u013ca-25 % Liellopu ga\u013cas atgriezumi-25 % Liellopu ku\u0146\u0123i, aknas, \u0137irbji-5 % katrs Liellopu sirdis, t\u012btara mugurkaula pasta-10 % katrs Liellopu r\u012bkles, trahejas ar bar\u012bbas vadu, priek\u0161dziedzeri-15 % katrs.","og_url":"https:\/\/ledana.lt\/lv\/produktas\/brieza-galas-galas-galas-galas-galas-galas-galas-sautejumu-maisijums-4\/","og_site_name":"Ledana","article_publisher":"https:\/\/www.facebook.com\/uabledana","article_modified_time":"2026-04-10T11:00:22+00:00","og_image":[{"width":2560,"height":1606,"url":"https:\/\/ledana.lt\/wp-content\/uploads\/2023\/09\/DSC6313-scaled.jpg","type":"image\/jpeg"}],"twitter_card":"summary_large_image","twitter_misc":{"Est. reading time":"1 minute"},"schema":{"@context":"https:\/\/schema.org","@graph":[{"@type":"WebPage","@id":"https:\/\/ledana.lt\/lv\/produktas\/brieza-galas-galas-galas-galas-galas-galas-galas-sautejumu-maisijums-4\/","url":"https:\/\/ledana.lt\/lv\/produktas\/brieza-galas-galas-galas-galas-galas-galas-galas-sautejumu-maisijums-4\/","name":"JAUNS!!! MED\u012aJUMU, GA\u013bU UN D\u0100RZE\u0145U MIX-4 MAIS\u012aJUMS, smalcin\u0101\u0161anas \u00d8 16 mm - Ledana","isPartOf":{"@id":"https:\/\/ledana.lt\/lv\/#website"},"primaryImageOfPage":{"@id":"https:\/\/ledana.lt\/lv\/produktas\/brieza-galas-galas-galas-galas-galas-galas-galas-sautejumu-maisijums-4\/#primaryimage"},"image":{"@id":"https:\/\/ledana.lt\/lv\/produktas\/brieza-galas-galas-galas-galas-galas-galas-galas-sautejumu-maisijums-4\/#primaryimage"},"thumbnailUrl":"https:\/\/ledana.lt\/wp-content\/uploads\/2023\/09\/DSC6313-scaled.jpg","datePublished":"2023-12-07T11:44:50+00:00","dateModified":"2026-04-10T11:00:22+00:00","breadcrumb":{"@id":"https:\/\/ledana.lt\/lv\/produktas\/brieza-galas-galas-galas-galas-galas-galas-galas-sautejumu-maisijums-4\/#breadcrumb"},"inLanguage":"lv-LV","potentialAction":[{"@type":"ReadAction","target":["https:\/\/ledana.lt\/lv\/produktas\/brieza-galas-galas-galas-galas-galas-galas-galas-sautejumu-maisijums-4\/"]}]},{"@type":"ImageObject","inLanguage":"lv-LV","@id":"https:\/\/ledana.lt\/lv\/produktas\/brieza-galas-galas-galas-galas-galas-galas-galas-sautejumu-maisijums-4\/#primaryimage","url":"https:\/\/ledana.lt\/wp-content\/uploads\/2023\/09\/DSC6313-scaled.jpg","contentUrl":"https:\/\/ledana.lt\/wp-content\/uploads\/2023\/09\/DSC6313-scaled.jpg","width":2560,"height":1606},{"@type":"BreadcrumbList","@id":"https:\/\/ledana.lt\/lv\/produktas\/brieza-galas-galas-galas-galas-galas-galas-galas-sautejumu-maisijums-4\/#breadcrumb","itemListElement":[{"@type":"ListItem","position":1,"name":"Home","item":"https:\/\/ledana.lt\/lv\/"},{"@type":"ListItem","position":2,"name":"Parduotuv\u0117","item":"https:\/\/ledana.lt\/parduotuve\/"},{"@type":"ListItem","position":3,"name":"JAUNS!!! MED\u012aJUMU, GA\u013bU UN D\u0100RZE\u0145U MIX-4 MAIS\u012aJUMS, smalcin\u0101\u0161anas \u00d8 16 mm"}]},{"@type":"WebSite","@id":"https:\/\/ledana.lt\/lv\/#website","url":"https:\/\/ledana.lt\/lv\/","name":"Ledana","description":"Naturalus \u0161un\u0173 \u0117dalas","publisher":{"@id":"https:\/\/ledana.lt\/lv\/#organization"},"potentialAction":[{"@type":"SearchAction","target":{"@type":"EntryPoint","urlTemplate":"https:\/\/ledana.lt\/lv\/?s={search_term_string}"},"query-input":{"@type":"PropertyValueSpecification","valueRequired":true,"valueName":"search_term_string"}}],"inLanguage":"lv-LV"},{"@type":"Organization","@id":"https:\/\/ledana.lt\/lv\/#organization","name":"Ledana","url":"https:\/\/ledana.lt\/lv\/","logo":{"@type":"ImageObject","inLanguage":"lv-LV","@id":"https:\/\/ledana.lt\/lv\/#\/schema\/logo\/image\/","url":"https:\/\/ledana.lt\/wp-content\/uploads\/2023\/08\/Ledana-Logo.png","contentUrl":"https:\/\/ledana.lt\/wp-content\/uploads\/2023\/08\/Ledana-Logo.png","width":534,"height":355,"caption":"Ledana"},"image":{"@id":"https:\/\/ledana.lt\/lv\/#\/schema\/logo\/image\/"},"sameAs":["https:\/\/www.facebook.com\/uabledana"]}]}},"jetpack_sharing_enabled":true,"_links":{"self":[{"href":"https:\/\/ledana.lt\/lv\/wp-json\/wp\/v2\/product\/2289","targetHints":{"allow":["GET"]}}],"collection":[{"href":"https:\/\/ledana.lt\/lv\/wp-json\/wp\/v2\/product"}],"about":[{"href":"https:\/\/ledana.lt\/lv\/wp-json\/wp\/v2\/types\/product"}],"replies":[{"embeddable":true,"href":"https:\/\/ledana.lt\/lv\/wp-json\/wp\/v2\/comments?post=2289"}],"wp:featuredmedia":[{"embeddable":true,"href":"https:\/\/ledana.lt\/lv\/wp-json\/wp\/v2\/media\/3267"}],"wp:attachment":[{"href":"https:\/\/ledana.lt\/lv\/wp-json\/wp\/v2\/media?parent=2289"}],"wp:term":[{"taxonomy":"product_brand","embeddable":true,"href":"https:\/\/ledana.lt\/lv\/wp-json\/wp\/v2\/product_brand?post=2289"},{"taxonomy":"product_cat","embeddable":true,"href":"https:\/\/ledana.lt\/lv\/wp-json\/wp\/v2\/product_cat?post=2289"},{"taxonomy":"product_tag","embeddable":true,"href":"https:\/\/ledana.lt\/lv\/wp-json\/wp\/v2\/product_tag?post=2289"}],"curies":[{"name":"wp","href":"https:\/\/api.w.org\/{rel}","templated":true}]}}