{"id":1179,"date":"2023-09-25T15:14:57","date_gmt":"2023-09-25T12:14:57","guid":{"rendered":"https:\/\/ledana.lt\/produktas\/audzetajiem\/"},"modified":"2026-04-15T19:26:12","modified_gmt":"2026-04-15T16:26:12","slug":"audzetavam","status":"publish","type":"product","link":"https:\/\/ledana.lt\/lv\/produktas\/audzetavam\/","title":{"rendered":"R\u012aGAS maisijums"},"content":{"rendered":"<p>&#8220;R\u012aGAS MIX&#8221; &#8211; sabalans\u0113ts un pilnv\u0113rt\u012bgs su\u0146u bar\u012bbas mais\u012bjums, kas izstr\u0101d\u0101ts, lai apmierin\u0101tu audz\u0113tavu m\u0101jdz\u012bvnieku vesel\u012bbas un uzturv\u0113rt\u012bbas vajadz\u012bbas:<\/p>\n<ul>\n<li><strong>Liellopu ku\u0146\u0123i (10%<\/strong> ) ir probiotiku un fermentu avots, kas pal\u012bdz uzlabot gremo\u0161anu.<\/li>\n<li><strong>Liellopu traheja un baribas vadu (12%<\/strong> ) ir dabiski un vesel\u012bgi na\u0161\u0137i, kas pal\u012bdz t\u012br\u012bt su\u0146u zobus un uzlabot mutes vesel\u012bbu.<\/li>\n<li><strong>Liellopu aknas (5 %)<\/strong> ir lielisks A vitam\u012bna avots, kas ir svar\u012bgs redzes, aug\u0161anas un im\u016bnsist\u0113mas atbalstam.<\/li>\n<li><strong>Tesmenis (5%<\/strong> ) ir taukains produkts \u0101trai svara palielin\u0101\u0161anai. Bag\u0101ts ar miner\u0101lviel\u0101m un vitam\u012bniem.<\/li>\n<li><strong>Liellopu sirds (18 %<\/strong> ) ir lielisks koenz\u012bma Q10, taur\u012bna un B grupas vitam\u012bnu avots, kas ir svar\u012bgi sirds vesel\u012bbai.<\/li>\n<li><strong>Liellopu ga\u013cas atgriezumi I\/r (25%<\/strong> ) un <strong>II\/r (25%)<\/strong> ir augstas kvalit\u0101tes olbaltumvielu avoti, kas ir b\u016btiski su\u0146u aug\u0161anai un musku\u013cu uztur\u0113\u0161anai.<\/li>\n<\/ul>\n<p>\u0160\u012b formula ir izstr\u0101d\u0101ta, lai nodro\u0161in\u0101tu pilnv\u0113rt\u012bgu un sabalans\u0113tu uzturu audz\u0113tavas su\u0146iem, \u0146emot v\u0113r\u0101 to vecumu, svaru un vesel\u012bbas st\u0101vokli.<\/p>\n","protected":false},"excerpt":{"rendered":"<table>\n<thead>\n<tr>\n<th><strong>Sast\u0101vda\u013cas<\/strong><\/th>\n<th><strong>Procenti (%)<\/strong><\/th>\n<\/tr>\n<\/thead>\n<tbody>\n<tr>\n<td>Liellopu ku\u0146\u0123i<\/td>\n<td>10<\/td>\n<\/tr>\n<tr>\n<td>Liellopu traheja, priek\u0161kambari<\/td>\n<td>12<\/td>\n<\/tr>\n<tr>\n<td>Liellopu aknas<\/td>\n<td>5<\/td>\n<\/tr>\n<tr>\n<td>P\u0101rvad\u0101t\u0101js<\/td>\n<td>5<\/td>\n<\/tr>\n<tr>\n<td>Liellopu sirdis<\/td>\n<td>18<\/td>\n<\/tr>\n<tr>\n<td>Liellopu ga\u013cas atgriezumi I\/r<\/td>\n<td>25<\/td>\n<\/tr>\n<tr>\n<td>Liellopu ga\u013cas atgriezumi II\/r<\/td>\n<td>25<\/td>\n<\/tr>\n<\/tbody>\n<\/table>\n<p>Fr\u0113z\u0113\u0161ana 25-30 mm.<\/p>\n","protected":false},"featured_media":2323,"comment_status":"open","ping_status":"closed","template":"","meta":{"_acf_changed":false},"product_brand":[],"product_cat":[43],"product_tag":[],"class_list":{"0":"post-1179","1":"product","2":"type-product","3":"status-publish","4":"has-post-thumbnail","6":"product_cat-maisijumi-lv","8":"first","9":"instock","10":"taxable","11":"shipping-taxable","12":"purchasable","13":"product-type-simple"},"acf":[],"yoast_head":"<!-- This site is optimized with the Yoast SEO plugin v27.3 - https:\/\/yoast.com\/product\/yoast-seo-wordpress\/ -->\n<title>R\u012aGAS maisijums - Ledana<\/title>\n<meta name=\"robots\" content=\"index, follow, max-snippet:-1, max-image-preview:large, max-video-preview:-1\" \/>\n<link rel=\"canonical\" href=\"https:\/\/ledana.lt\/lv\/produktas\/audzetavam\/\" \/>\n<meta property=\"og:locale\" content=\"lv_LV\" \/>\n<meta property=\"og:type\" content=\"article\" \/>\n<meta property=\"og:title\" content=\"R\u012aGAS maisijums - Ledana\" \/>\n<meta property=\"og:description\" content=\"Sast\u0101vda\u013cas Procenti (%)     Liellopu ku\u0146\u0123i 10   Liellopu traheja, priek\u0161kambari 12   Liellopu aknas 5   P\u0101rvad\u0101t\u0101js 5   Liellopu sirdis 18   Liellopu ga\u013cas atgriezumi I\/r 25   Liellopu ga\u013cas atgriezumi II\/r 25    Fr\u0113z\u0113\u0161ana 25-30 mm.\" \/>\n<meta property=\"og:url\" content=\"https:\/\/ledana.lt\/lv\/produktas\/audzetavam\/\" \/>\n<meta property=\"og:site_name\" content=\"Ledana\" \/>\n<meta property=\"article:publisher\" content=\"https:\/\/www.facebook.com\/uabledana\" \/>\n<meta property=\"article:modified_time\" content=\"2026-04-15T16:26:12+00:00\" \/>\n<meta property=\"og:image\" content=\"https:\/\/ledana.lt\/wp-content\/uploads\/2023\/12\/dsc3701-copy-scaled.jpeg\" \/>\n\t<meta property=\"og:image:width\" content=\"2560\" \/>\n\t<meta property=\"og:image:height\" content=\"1708\" \/>\n\t<meta property=\"og:image:type\" content=\"image\/jpeg\" \/>\n<meta name=\"twitter:card\" content=\"summary_large_image\" \/>\n<meta name=\"twitter:label1\" content=\"Est. reading time\" \/>\n\t<meta name=\"twitter:data1\" content=\"1 minute\" \/>\n<script type=\"application\/ld+json\" class=\"yoast-schema-graph\">{\"@context\":\"https:\\\/\\\/schema.org\",\"@graph\":[{\"@type\":\"WebPage\",\"@id\":\"https:\\\/\\\/ledana.lt\\\/lv\\\/produktas\\\/audzetavam\\\/\",\"url\":\"https:\\\/\\\/ledana.lt\\\/lv\\\/produktas\\\/audzetavam\\\/\",\"name\":\"R\u012aGAS maisijums - Ledana\",\"isPartOf\":{\"@id\":\"https:\\\/\\\/ledana.lt\\\/lv\\\/#website\"},\"primaryImageOfPage\":{\"@id\":\"https:\\\/\\\/ledana.lt\\\/lv\\\/produktas\\\/audzetavam\\\/#primaryimage\"},\"image\":{\"@id\":\"https:\\\/\\\/ledana.lt\\\/lv\\\/produktas\\\/audzetavam\\\/#primaryimage\"},\"thumbnailUrl\":\"https:\\\/\\\/ledana.lt\\\/wp-content\\\/uploads\\\/2023\\\/12\\\/dsc3701-copy-scaled.jpeg\",\"datePublished\":\"2023-09-25T12:14:57+00:00\",\"dateModified\":\"2026-04-15T16:26:12+00:00\",\"breadcrumb\":{\"@id\":\"https:\\\/\\\/ledana.lt\\\/lv\\\/produktas\\\/audzetavam\\\/#breadcrumb\"},\"inLanguage\":\"lv-LV\",\"potentialAction\":[{\"@type\":\"ReadAction\",\"target\":[\"https:\\\/\\\/ledana.lt\\\/lv\\\/produktas\\\/audzetavam\\\/\"]}]},{\"@type\":\"ImageObject\",\"inLanguage\":\"lv-LV\",\"@id\":\"https:\\\/\\\/ledana.lt\\\/lv\\\/produktas\\\/audzetavam\\\/#primaryimage\",\"url\":\"https:\\\/\\\/ledana.lt\\\/wp-content\\\/uploads\\\/2023\\\/12\\\/dsc3701-copy-scaled.jpeg\",\"contentUrl\":\"https:\\\/\\\/ledana.lt\\\/wp-content\\\/uploads\\\/2023\\\/12\\\/dsc3701-copy-scaled.jpeg\",\"width\":2560,\"height\":1708},{\"@type\":\"BreadcrumbList\",\"@id\":\"https:\\\/\\\/ledana.lt\\\/lv\\\/produktas\\\/audzetavam\\\/#breadcrumb\",\"itemListElement\":[{\"@type\":\"ListItem\",\"position\":1,\"name\":\"Home\",\"item\":\"https:\\\/\\\/ledana.lt\\\/lv\\\/\"},{\"@type\":\"ListItem\",\"position\":2,\"name\":\"Parduotuv\u0117\",\"item\":\"https:\\\/\\\/ledana.lt\\\/parduotuve\\\/\"},{\"@type\":\"ListItem\",\"position\":3,\"name\":\"R\u012aGAS maisijums\"}]},{\"@type\":\"WebSite\",\"@id\":\"https:\\\/\\\/ledana.lt\\\/lv\\\/#website\",\"url\":\"https:\\\/\\\/ledana.lt\\\/lv\\\/\",\"name\":\"Ledana\",\"description\":\"Naturalus \u0161un\u0173 \u0117dalas\",\"publisher\":{\"@id\":\"https:\\\/\\\/ledana.lt\\\/lv\\\/#organization\"},\"potentialAction\":[{\"@type\":\"SearchAction\",\"target\":{\"@type\":\"EntryPoint\",\"urlTemplate\":\"https:\\\/\\\/ledana.lt\\\/lv\\\/?s={search_term_string}\"},\"query-input\":{\"@type\":\"PropertyValueSpecification\",\"valueRequired\":true,\"valueName\":\"search_term_string\"}}],\"inLanguage\":\"lv-LV\"},{\"@type\":\"Organization\",\"@id\":\"https:\\\/\\\/ledana.lt\\\/lv\\\/#organization\",\"name\":\"Ledana\",\"url\":\"https:\\\/\\\/ledana.lt\\\/lv\\\/\",\"logo\":{\"@type\":\"ImageObject\",\"inLanguage\":\"lv-LV\",\"@id\":\"https:\\\/\\\/ledana.lt\\\/lv\\\/#\\\/schema\\\/logo\\\/image\\\/\",\"url\":\"https:\\\/\\\/ledana.lt\\\/wp-content\\\/uploads\\\/2023\\\/08\\\/Ledana-Logo.png\",\"contentUrl\":\"https:\\\/\\\/ledana.lt\\\/wp-content\\\/uploads\\\/2023\\\/08\\\/Ledana-Logo.png\",\"width\":534,\"height\":355,\"caption\":\"Ledana\"},\"image\":{\"@id\":\"https:\\\/\\\/ledana.lt\\\/lv\\\/#\\\/schema\\\/logo\\\/image\\\/\"},\"sameAs\":[\"https:\\\/\\\/www.facebook.com\\\/uabledana\"]}]}<\/script>\n<!-- \/ Yoast SEO plugin. -->","yoast_head_json":{"title":"R\u012aGAS maisijums - Ledana","robots":{"index":"index","follow":"follow","max-snippet":"max-snippet:-1","max-image-preview":"max-image-preview:large","max-video-preview":"max-video-preview:-1"},"canonical":"https:\/\/ledana.lt\/lv\/produktas\/audzetavam\/","og_locale":"lv_LV","og_type":"article","og_title":"R\u012aGAS maisijums - Ledana","og_description":"Sast\u0101vda\u013cas Procenti (%)     Liellopu ku\u0146\u0123i 10   Liellopu traheja, priek\u0161kambari 12   Liellopu aknas 5   P\u0101rvad\u0101t\u0101js 5   Liellopu sirdis 18   Liellopu ga\u013cas atgriezumi I\/r 25   Liellopu ga\u013cas atgriezumi II\/r 25    Fr\u0113z\u0113\u0161ana 25-30 mm.","og_url":"https:\/\/ledana.lt\/lv\/produktas\/audzetavam\/","og_site_name":"Ledana","article_publisher":"https:\/\/www.facebook.com\/uabledana","article_modified_time":"2026-04-15T16:26:12+00:00","og_image":[{"width":2560,"height":1708,"url":"https:\/\/ledana.lt\/wp-content\/uploads\/2023\/12\/dsc3701-copy-scaled.jpeg","type":"image\/jpeg"}],"twitter_card":"summary_large_image","twitter_misc":{"Est. reading time":"1 minute"},"schema":{"@context":"https:\/\/schema.org","@graph":[{"@type":"WebPage","@id":"https:\/\/ledana.lt\/lv\/produktas\/audzetavam\/","url":"https:\/\/ledana.lt\/lv\/produktas\/audzetavam\/","name":"R\u012aGAS maisijums - Ledana","isPartOf":{"@id":"https:\/\/ledana.lt\/lv\/#website"},"primaryImageOfPage":{"@id":"https:\/\/ledana.lt\/lv\/produktas\/audzetavam\/#primaryimage"},"image":{"@id":"https:\/\/ledana.lt\/lv\/produktas\/audzetavam\/#primaryimage"},"thumbnailUrl":"https:\/\/ledana.lt\/wp-content\/uploads\/2023\/12\/dsc3701-copy-scaled.jpeg","datePublished":"2023-09-25T12:14:57+00:00","dateModified":"2026-04-15T16:26:12+00:00","breadcrumb":{"@id":"https:\/\/ledana.lt\/lv\/produktas\/audzetavam\/#breadcrumb"},"inLanguage":"lv-LV","potentialAction":[{"@type":"ReadAction","target":["https:\/\/ledana.lt\/lv\/produktas\/audzetavam\/"]}]},{"@type":"ImageObject","inLanguage":"lv-LV","@id":"https:\/\/ledana.lt\/lv\/produktas\/audzetavam\/#primaryimage","url":"https:\/\/ledana.lt\/wp-content\/uploads\/2023\/12\/dsc3701-copy-scaled.jpeg","contentUrl":"https:\/\/ledana.lt\/wp-content\/uploads\/2023\/12\/dsc3701-copy-scaled.jpeg","width":2560,"height":1708},{"@type":"BreadcrumbList","@id":"https:\/\/ledana.lt\/lv\/produktas\/audzetavam\/#breadcrumb","itemListElement":[{"@type":"ListItem","position":1,"name":"Home","item":"https:\/\/ledana.lt\/lv\/"},{"@type":"ListItem","position":2,"name":"Parduotuv\u0117","item":"https:\/\/ledana.lt\/parduotuve\/"},{"@type":"ListItem","position":3,"name":"R\u012aGAS maisijums"}]},{"@type":"WebSite","@id":"https:\/\/ledana.lt\/lv\/#website","url":"https:\/\/ledana.lt\/lv\/","name":"Ledana","description":"Naturalus \u0161un\u0173 \u0117dalas","publisher":{"@id":"https:\/\/ledana.lt\/lv\/#organization"},"potentialAction":[{"@type":"SearchAction","target":{"@type":"EntryPoint","urlTemplate":"https:\/\/ledana.lt\/lv\/?s={search_term_string}"},"query-input":{"@type":"PropertyValueSpecification","valueRequired":true,"valueName":"search_term_string"}}],"inLanguage":"lv-LV"},{"@type":"Organization","@id":"https:\/\/ledana.lt\/lv\/#organization","name":"Ledana","url":"https:\/\/ledana.lt\/lv\/","logo":{"@type":"ImageObject","inLanguage":"lv-LV","@id":"https:\/\/ledana.lt\/lv\/#\/schema\/logo\/image\/","url":"https:\/\/ledana.lt\/wp-content\/uploads\/2023\/08\/Ledana-Logo.png","contentUrl":"https:\/\/ledana.lt\/wp-content\/uploads\/2023\/08\/Ledana-Logo.png","width":534,"height":355,"caption":"Ledana"},"image":{"@id":"https:\/\/ledana.lt\/lv\/#\/schema\/logo\/image\/"},"sameAs":["https:\/\/www.facebook.com\/uabledana"]}]}},"jetpack_sharing_enabled":true,"_links":{"self":[{"href":"https:\/\/ledana.lt\/lv\/wp-json\/wp\/v2\/product\/1179","targetHints":{"allow":["GET"]}}],"collection":[{"href":"https:\/\/ledana.lt\/lv\/wp-json\/wp\/v2\/product"}],"about":[{"href":"https:\/\/ledana.lt\/lv\/wp-json\/wp\/v2\/types\/product"}],"replies":[{"embeddable":true,"href":"https:\/\/ledana.lt\/lv\/wp-json\/wp\/v2\/comments?post=1179"}],"wp:featuredmedia":[{"embeddable":true,"href":"https:\/\/ledana.lt\/lv\/wp-json\/wp\/v2\/media\/2323"}],"wp:attachment":[{"href":"https:\/\/ledana.lt\/lv\/wp-json\/wp\/v2\/media?parent=1179"}],"wp:term":[{"taxonomy":"product_brand","embeddable":true,"href":"https:\/\/ledana.lt\/lv\/wp-json\/wp\/v2\/product_brand?post=1179"},{"taxonomy":"product_cat","embeddable":true,"href":"https:\/\/ledana.lt\/lv\/wp-json\/wp\/v2\/product_cat?post=1179"},{"taxonomy":"product_tag","embeddable":true,"href":"https:\/\/ledana.lt\/lv\/wp-json\/wp\/v2\/product_tag?post=1179"}],"curies":[{"name":"wp","href":"https:\/\/api.w.org\/{rel}","templated":true}]}}