{"id":1164,"date":"2023-08-16T10:48:52","date_gmt":"2023-08-16T07:48:52","guid":{"rendered":"https:\/\/ledana.lt\/produktas\/cuku-rikles-ar-traheju-un-baribas-vadu\/"},"modified":"2025-01-30T13:35:43","modified_gmt":"2025-01-30T11:35:43","slug":"cukas-gerkles-ar-traheju-un-stempli","status":"publish","type":"product","link":"https:\/\/ledana.lt\/lv\/produktas\/cukas-gerkles-ar-traheju-un-stempli\/","title":{"rendered":"C\u016bku r\u012bkles ar traheju un bar\u012bbas vadu"},"content":{"rendered":"<p>M\u016bsu c\u016bkas r\u012bkle ar traheju un bar\u012bbas vadu ir lieliska un dro\u0161a izv\u0113le aler\u0123iskiem su\u0146iem. Tas ir produkts ar zemu tauku saturu, kas \u012bpa\u0161i piem\u0113rots su\u0146iem, kuriem nepiecie\u0161ams uzturs ar samazin\u0101tu tauku saturu un kuriem ir nosliece uz p\u0101rtikas aler\u0123ij\u0101m.<\/p>\n<p>\u0160is produkts ir pieejams rupji malts, lai atvieglotu gremo\u0161anu, vai vesels, nodro\u0161inot j\u016bsu m\u0101jdz\u012bvniekam dabisku un vesel\u012bgu uzkodu. Tas ir lielisks veids, k\u0101 papildin\u0101t su\u0146a uzturu ar augstas kvalit\u0101tes izejviel\u0101m, kas ir dab\u012bgs un saudz\u012bgs olbaltumvielu avots.<\/p>\n","protected":false},"excerpt":{"rendered":"<p>Produkts ar zemu tauku saturu aler\u0123iskiem su\u0146iem. P\u0101rdod rupji maltu vai veselu.<\/p>\n","protected":false},"featured_media":3255,"comment_status":"open","ping_status":"closed","template":"","meta":{"_acf_changed":false},"product_brand":[],"product_cat":[41],"product_tag":[],"class_list":{"0":"post-1164","1":"product","2":"type-product","3":"status-publish","4":"has-post-thumbnail","6":"product_cat-cukgala","8":"first","9":"instock","10":"taxable","11":"shipping-taxable","12":"purchasable","13":"product-type-simple"},"acf":[],"yoast_head":"<!-- This site is optimized with the Yoast SEO plugin v27.3 - https:\/\/yoast.com\/product\/yoast-seo-wordpress\/ -->\n<title>C\u016bku r\u012bkles ar traheju un bar\u012bbas vadu - Ledana<\/title>\n<meta name=\"robots\" content=\"index, follow, max-snippet:-1, max-image-preview:large, max-video-preview:-1\" \/>\n<link rel=\"canonical\" href=\"https:\/\/ledana.lt\/lv\/produktas\/cukas-gerkles-ar-traheju-un-stempli\/\" \/>\n<meta property=\"og:locale\" content=\"lv_LV\" \/>\n<meta property=\"og:type\" content=\"article\" \/>\n<meta property=\"og:title\" content=\"C\u016bku r\u012bkles ar traheju un bar\u012bbas vadu - Ledana\" \/>\n<meta property=\"og:description\" content=\"Produkts ar zemu tauku saturu aler\u0123iskiem su\u0146iem. P\u0101rdod rupji maltu vai veselu.\" \/>\n<meta property=\"og:url\" content=\"https:\/\/ledana.lt\/lv\/produktas\/cukas-gerkles-ar-traheju-un-stempli\/\" \/>\n<meta property=\"og:site_name\" content=\"Ledana\" \/>\n<meta property=\"article:publisher\" content=\"https:\/\/www.facebook.com\/uabledana\" \/>\n<meta property=\"article:modified_time\" content=\"2025-01-30T11:35:43+00:00\" \/>\n<meta property=\"og:image\" content=\"https:\/\/ledana.lt\/wp-content\/uploads\/2023\/09\/DSC6305-scaled.jpg\" \/>\n\t<meta property=\"og:image:width\" content=\"2560\" \/>\n\t<meta property=\"og:image:height\" content=\"1667\" \/>\n\t<meta property=\"og:image:type\" content=\"image\/jpeg\" \/>\n<meta name=\"twitter:card\" content=\"summary_large_image\" \/>\n<meta name=\"twitter:label1\" content=\"Est. reading time\" \/>\n\t<meta name=\"twitter:data1\" content=\"1 minute\" \/>\n<script type=\"application\/ld+json\" class=\"yoast-schema-graph\">{\"@context\":\"https:\\\/\\\/schema.org\",\"@graph\":[{\"@type\":\"WebPage\",\"@id\":\"https:\\\/\\\/ledana.lt\\\/lv\\\/produktas\\\/cukas-gerkles-ar-traheju-un-stempli\\\/\",\"url\":\"https:\\\/\\\/ledana.lt\\\/lv\\\/produktas\\\/cukas-gerkles-ar-traheju-un-stempli\\\/\",\"name\":\"C\u016bku r\u012bkles ar traheju un bar\u012bbas vadu - Ledana\",\"isPartOf\":{\"@id\":\"https:\\\/\\\/ledana.lt\\\/lv\\\/#website\"},\"primaryImageOfPage\":{\"@id\":\"https:\\\/\\\/ledana.lt\\\/lv\\\/produktas\\\/cukas-gerkles-ar-traheju-un-stempli\\\/#primaryimage\"},\"image\":{\"@id\":\"https:\\\/\\\/ledana.lt\\\/lv\\\/produktas\\\/cukas-gerkles-ar-traheju-un-stempli\\\/#primaryimage\"},\"thumbnailUrl\":\"https:\\\/\\\/ledana.lt\\\/wp-content\\\/uploads\\\/2023\\\/09\\\/DSC6305-scaled.jpg\",\"datePublished\":\"2023-08-16T07:48:52+00:00\",\"dateModified\":\"2025-01-30T11:35:43+00:00\",\"breadcrumb\":{\"@id\":\"https:\\\/\\\/ledana.lt\\\/lv\\\/produktas\\\/cukas-gerkles-ar-traheju-un-stempli\\\/#breadcrumb\"},\"inLanguage\":\"lv-LV\",\"potentialAction\":[{\"@type\":\"ReadAction\",\"target\":[\"https:\\\/\\\/ledana.lt\\\/lv\\\/produktas\\\/cukas-gerkles-ar-traheju-un-stempli\\\/\"]}]},{\"@type\":\"ImageObject\",\"inLanguage\":\"lv-LV\",\"@id\":\"https:\\\/\\\/ledana.lt\\\/lv\\\/produktas\\\/cukas-gerkles-ar-traheju-un-stempli\\\/#primaryimage\",\"url\":\"https:\\\/\\\/ledana.lt\\\/wp-content\\\/uploads\\\/2023\\\/09\\\/DSC6305-scaled.jpg\",\"contentUrl\":\"https:\\\/\\\/ledana.lt\\\/wp-content\\\/uploads\\\/2023\\\/09\\\/DSC6305-scaled.jpg\",\"width\":2560,\"height\":1667},{\"@type\":\"BreadcrumbList\",\"@id\":\"https:\\\/\\\/ledana.lt\\\/lv\\\/produktas\\\/cukas-gerkles-ar-traheju-un-stempli\\\/#breadcrumb\",\"itemListElement\":[{\"@type\":\"ListItem\",\"position\":1,\"name\":\"Home\",\"item\":\"https:\\\/\\\/ledana.lt\\\/lv\\\/\"},{\"@type\":\"ListItem\",\"position\":2,\"name\":\"Parduotuv\u0117\",\"item\":\"https:\\\/\\\/ledana.lt\\\/parduotuve\\\/\"},{\"@type\":\"ListItem\",\"position\":3,\"name\":\"C\u016bku r\u012bkles ar traheju un bar\u012bbas vadu\"}]},{\"@type\":\"WebSite\",\"@id\":\"https:\\\/\\\/ledana.lt\\\/lv\\\/#website\",\"url\":\"https:\\\/\\\/ledana.lt\\\/lv\\\/\",\"name\":\"Ledana\",\"description\":\"Naturalus \u0161un\u0173 \u0117dalas\",\"publisher\":{\"@id\":\"https:\\\/\\\/ledana.lt\\\/lv\\\/#organization\"},\"potentialAction\":[{\"@type\":\"SearchAction\",\"target\":{\"@type\":\"EntryPoint\",\"urlTemplate\":\"https:\\\/\\\/ledana.lt\\\/lv\\\/?s={search_term_string}\"},\"query-input\":{\"@type\":\"PropertyValueSpecification\",\"valueRequired\":true,\"valueName\":\"search_term_string\"}}],\"inLanguage\":\"lv-LV\"},{\"@type\":\"Organization\",\"@id\":\"https:\\\/\\\/ledana.lt\\\/lv\\\/#organization\",\"name\":\"Ledana\",\"url\":\"https:\\\/\\\/ledana.lt\\\/lv\\\/\",\"logo\":{\"@type\":\"ImageObject\",\"inLanguage\":\"lv-LV\",\"@id\":\"https:\\\/\\\/ledana.lt\\\/lv\\\/#\\\/schema\\\/logo\\\/image\\\/\",\"url\":\"https:\\\/\\\/ledana.lt\\\/wp-content\\\/uploads\\\/2023\\\/08\\\/Ledana-Logo.png\",\"contentUrl\":\"https:\\\/\\\/ledana.lt\\\/wp-content\\\/uploads\\\/2023\\\/08\\\/Ledana-Logo.png\",\"width\":534,\"height\":355,\"caption\":\"Ledana\"},\"image\":{\"@id\":\"https:\\\/\\\/ledana.lt\\\/lv\\\/#\\\/schema\\\/logo\\\/image\\\/\"},\"sameAs\":[\"https:\\\/\\\/www.facebook.com\\\/uabledana\"]}]}<\/script>\n<!-- \/ Yoast SEO plugin. -->","yoast_head_json":{"title":"C\u016bku r\u012bkles ar traheju un bar\u012bbas vadu - Ledana","robots":{"index":"index","follow":"follow","max-snippet":"max-snippet:-1","max-image-preview":"max-image-preview:large","max-video-preview":"max-video-preview:-1"},"canonical":"https:\/\/ledana.lt\/lv\/produktas\/cukas-gerkles-ar-traheju-un-stempli\/","og_locale":"lv_LV","og_type":"article","og_title":"C\u016bku r\u012bkles ar traheju un bar\u012bbas vadu - Ledana","og_description":"Produkts ar zemu tauku saturu aler\u0123iskiem su\u0146iem. P\u0101rdod rupji maltu vai veselu.","og_url":"https:\/\/ledana.lt\/lv\/produktas\/cukas-gerkles-ar-traheju-un-stempli\/","og_site_name":"Ledana","article_publisher":"https:\/\/www.facebook.com\/uabledana","article_modified_time":"2025-01-30T11:35:43+00:00","og_image":[{"width":2560,"height":1667,"url":"https:\/\/ledana.lt\/wp-content\/uploads\/2023\/09\/DSC6305-scaled.jpg","type":"image\/jpeg"}],"twitter_card":"summary_large_image","twitter_misc":{"Est. reading time":"1 minute"},"schema":{"@context":"https:\/\/schema.org","@graph":[{"@type":"WebPage","@id":"https:\/\/ledana.lt\/lv\/produktas\/cukas-gerkles-ar-traheju-un-stempli\/","url":"https:\/\/ledana.lt\/lv\/produktas\/cukas-gerkles-ar-traheju-un-stempli\/","name":"C\u016bku r\u012bkles ar traheju un bar\u012bbas vadu - Ledana","isPartOf":{"@id":"https:\/\/ledana.lt\/lv\/#website"},"primaryImageOfPage":{"@id":"https:\/\/ledana.lt\/lv\/produktas\/cukas-gerkles-ar-traheju-un-stempli\/#primaryimage"},"image":{"@id":"https:\/\/ledana.lt\/lv\/produktas\/cukas-gerkles-ar-traheju-un-stempli\/#primaryimage"},"thumbnailUrl":"https:\/\/ledana.lt\/wp-content\/uploads\/2023\/09\/DSC6305-scaled.jpg","datePublished":"2023-08-16T07:48:52+00:00","dateModified":"2025-01-30T11:35:43+00:00","breadcrumb":{"@id":"https:\/\/ledana.lt\/lv\/produktas\/cukas-gerkles-ar-traheju-un-stempli\/#breadcrumb"},"inLanguage":"lv-LV","potentialAction":[{"@type":"ReadAction","target":["https:\/\/ledana.lt\/lv\/produktas\/cukas-gerkles-ar-traheju-un-stempli\/"]}]},{"@type":"ImageObject","inLanguage":"lv-LV","@id":"https:\/\/ledana.lt\/lv\/produktas\/cukas-gerkles-ar-traheju-un-stempli\/#primaryimage","url":"https:\/\/ledana.lt\/wp-content\/uploads\/2023\/09\/DSC6305-scaled.jpg","contentUrl":"https:\/\/ledana.lt\/wp-content\/uploads\/2023\/09\/DSC6305-scaled.jpg","width":2560,"height":1667},{"@type":"BreadcrumbList","@id":"https:\/\/ledana.lt\/lv\/produktas\/cukas-gerkles-ar-traheju-un-stempli\/#breadcrumb","itemListElement":[{"@type":"ListItem","position":1,"name":"Home","item":"https:\/\/ledana.lt\/lv\/"},{"@type":"ListItem","position":2,"name":"Parduotuv\u0117","item":"https:\/\/ledana.lt\/parduotuve\/"},{"@type":"ListItem","position":3,"name":"C\u016bku r\u012bkles ar traheju un bar\u012bbas vadu"}]},{"@type":"WebSite","@id":"https:\/\/ledana.lt\/lv\/#website","url":"https:\/\/ledana.lt\/lv\/","name":"Ledana","description":"Naturalus \u0161un\u0173 \u0117dalas","publisher":{"@id":"https:\/\/ledana.lt\/lv\/#organization"},"potentialAction":[{"@type":"SearchAction","target":{"@type":"EntryPoint","urlTemplate":"https:\/\/ledana.lt\/lv\/?s={search_term_string}"},"query-input":{"@type":"PropertyValueSpecification","valueRequired":true,"valueName":"search_term_string"}}],"inLanguage":"lv-LV"},{"@type":"Organization","@id":"https:\/\/ledana.lt\/lv\/#organization","name":"Ledana","url":"https:\/\/ledana.lt\/lv\/","logo":{"@type":"ImageObject","inLanguage":"lv-LV","@id":"https:\/\/ledana.lt\/lv\/#\/schema\/logo\/image\/","url":"https:\/\/ledana.lt\/wp-content\/uploads\/2023\/08\/Ledana-Logo.png","contentUrl":"https:\/\/ledana.lt\/wp-content\/uploads\/2023\/08\/Ledana-Logo.png","width":534,"height":355,"caption":"Ledana"},"image":{"@id":"https:\/\/ledana.lt\/lv\/#\/schema\/logo\/image\/"},"sameAs":["https:\/\/www.facebook.com\/uabledana"]}]}},"jetpack_sharing_enabled":true,"_links":{"self":[{"href":"https:\/\/ledana.lt\/lv\/wp-json\/wp\/v2\/product\/1164","targetHints":{"allow":["GET"]}}],"collection":[{"href":"https:\/\/ledana.lt\/lv\/wp-json\/wp\/v2\/product"}],"about":[{"href":"https:\/\/ledana.lt\/lv\/wp-json\/wp\/v2\/types\/product"}],"replies":[{"embeddable":true,"href":"https:\/\/ledana.lt\/lv\/wp-json\/wp\/v2\/comments?post=1164"}],"wp:featuredmedia":[{"embeddable":true,"href":"https:\/\/ledana.lt\/lv\/wp-json\/wp\/v2\/media\/3255"}],"wp:attachment":[{"href":"https:\/\/ledana.lt\/lv\/wp-json\/wp\/v2\/media?parent=1164"}],"wp:term":[{"taxonomy":"product_brand","embeddable":true,"href":"https:\/\/ledana.lt\/lv\/wp-json\/wp\/v2\/product_brand?post=1164"},{"taxonomy":"product_cat","embeddable":true,"href":"https:\/\/ledana.lt\/lv\/wp-json\/wp\/v2\/product_cat?post=1164"},{"taxonomy":"product_tag","embeddable":true,"href":"https:\/\/ledana.lt\/lv\/wp-json\/wp\/v2\/product_tag?post=1164"}],"curies":[{"name":"wp","href":"https:\/\/api.w.org\/{rel}","templated":true}]}}