{"id":1158,"date":"2023-09-12T10:09:45","date_gmt":"2023-09-12T07:09:45","guid":{"rendered":"https:\/\/ledana.lt\/produktas\/liellopu-galas-atgriezumi\/"},"modified":"2025-11-08T14:22:22","modified_gmt":"2025-11-08T12:22:22","slug":"liellopa-galas-atraizos","status":"publish","type":"product","link":"https:\/\/ledana.lt\/lv\/produktas\/liellopa-galas-atraizos\/","title":{"rendered":"Liellopu ga\u013cas atgriezumi"},"content":{"rendered":"","protected":false},"excerpt":{"rendered":"","protected":false},"featured_media":1097,"comment_status":"open","ping_status":"closed","template":"","meta":{"_acf_changed":false},"product_brand":[],"product_cat":[40],"product_tag":[],"class_list":{"0":"post-1158","1":"product","2":"type-product","3":"status-publish","4":"has-post-thumbnail","6":"product_cat-liellopu-gala","8":"first","9":"outofstock","10":"taxable","11":"shipping-taxable","12":"purchasable","13":"product-type-simple"},"acf":[],"yoast_head":"<!-- This site is optimized with the Yoast SEO plugin v26.8 - https:\/\/yoast.com\/product\/yoast-seo-wordpress\/ -->\n<title>Liellopu ga\u013cas atgriezumi - Ledana<\/title>\n<meta name=\"robots\" content=\"index, follow, max-snippet:-1, max-image-preview:large, max-video-preview:-1\" \/>\n<link rel=\"canonical\" href=\"https:\/\/ledana.lt\/lv\/produktas\/liellopa-galas-atraizos\/\" \/>\n<meta property=\"og:locale\" content=\"lv_LV\" \/>\n<meta property=\"og:type\" content=\"article\" \/>\n<meta property=\"og:title\" content=\"Liellopu ga\u013cas atgriezumi - Ledana\" \/>\n<meta property=\"og:url\" content=\"https:\/\/ledana.lt\/lv\/produktas\/liellopa-galas-atraizos\/\" \/>\n<meta property=\"og:site_name\" content=\"Ledana\" \/>\n<meta property=\"article:publisher\" content=\"https:\/\/www.facebook.com\/uabledana\" \/>\n<meta property=\"article:modified_time\" content=\"2025-11-08T12:22:22+00:00\" \/>\n<meta property=\"og:image\" content=\"https:\/\/ledana.lt\/wp-content\/uploads\/2023\/09\/DSC3677-scaled.jpg\" \/>\n\t<meta property=\"og:image:width\" content=\"2560\" \/>\n\t<meta property=\"og:image:height\" content=\"1651\" \/>\n\t<meta property=\"og:image:type\" content=\"image\/jpeg\" \/>\n<meta name=\"twitter:card\" content=\"summary_large_image\" \/>\n<script type=\"application\/ld+json\" class=\"yoast-schema-graph\">{\"@context\":\"https:\/\/schema.org\",\"@graph\":[{\"@type\":\"WebPage\",\"@id\":\"https:\/\/ledana.lt\/lv\/produktas\/liellopa-galas-atraizos\/\",\"url\":\"https:\/\/ledana.lt\/lv\/produktas\/liellopa-galas-atraizos\/\",\"name\":\"Liellopu ga\u013cas atgriezumi - Ledana\",\"isPartOf\":{\"@id\":\"https:\/\/ledana.lt\/lv\/#website\"},\"primaryImageOfPage\":{\"@id\":\"https:\/\/ledana.lt\/lv\/produktas\/liellopa-galas-atraizos\/#primaryimage\"},\"image\":{\"@id\":\"https:\/\/ledana.lt\/lv\/produktas\/liellopa-galas-atraizos\/#primaryimage\"},\"thumbnailUrl\":\"https:\/\/ledana.lt\/wp-content\/uploads\/2023\/09\/DSC3677-scaled.jpg\",\"datePublished\":\"2023-09-12T07:09:45+00:00\",\"dateModified\":\"2025-11-08T12:22:22+00:00\",\"breadcrumb\":{\"@id\":\"https:\/\/ledana.lt\/lv\/produktas\/liellopa-galas-atraizos\/#breadcrumb\"},\"inLanguage\":\"lv-LV\",\"potentialAction\":[{\"@type\":\"ReadAction\",\"target\":[\"https:\/\/ledana.lt\/lv\/produktas\/liellopa-galas-atraizos\/\"]}]},{\"@type\":\"ImageObject\",\"inLanguage\":\"lv-LV\",\"@id\":\"https:\/\/ledana.lt\/lv\/produktas\/liellopa-galas-atraizos\/#primaryimage\",\"url\":\"https:\/\/ledana.lt\/wp-content\/uploads\/2023\/09\/DSC3677-scaled.jpg\",\"contentUrl\":\"https:\/\/ledana.lt\/wp-content\/uploads\/2023\/09\/DSC3677-scaled.jpg\",\"width\":2560,\"height\":1651},{\"@type\":\"BreadcrumbList\",\"@id\":\"https:\/\/ledana.lt\/lv\/produktas\/liellopa-galas-atraizos\/#breadcrumb\",\"itemListElement\":[{\"@type\":\"ListItem\",\"position\":1,\"name\":\"Home\",\"item\":\"https:\/\/ledana.lt\/lv\/\"},{\"@type\":\"ListItem\",\"position\":2,\"name\":\"Parduotuv\u0117\",\"item\":\"https:\/\/ledana.lt\/parduotuve\/\"},{\"@type\":\"ListItem\",\"position\":3,\"name\":\"Liellopu ga\u013cas atgriezumi\"}]},{\"@type\":\"WebSite\",\"@id\":\"https:\/\/ledana.lt\/lv\/#website\",\"url\":\"https:\/\/ledana.lt\/lv\/\",\"name\":\"Ledana\",\"description\":\"Naturalus \u0161un\u0173 \u0117dalas\",\"publisher\":{\"@id\":\"https:\/\/ledana.lt\/lv\/#organization\"},\"potentialAction\":[{\"@type\":\"SearchAction\",\"target\":{\"@type\":\"EntryPoint\",\"urlTemplate\":\"https:\/\/ledana.lt\/lv\/?s={search_term_string}\"},\"query-input\":{\"@type\":\"PropertyValueSpecification\",\"valueRequired\":true,\"valueName\":\"search_term_string\"}}],\"inLanguage\":\"lv-LV\"},{\"@type\":\"Organization\",\"@id\":\"https:\/\/ledana.lt\/lv\/#organization\",\"name\":\"Ledana\",\"url\":\"https:\/\/ledana.lt\/lv\/\",\"logo\":{\"@type\":\"ImageObject\",\"inLanguage\":\"lv-LV\",\"@id\":\"https:\/\/ledana.lt\/lv\/#\/schema\/logo\/image\/\",\"url\":\"https:\/\/ledana.lt\/wp-content\/uploads\/2023\/08\/Ledana-Logo.png\",\"contentUrl\":\"https:\/\/ledana.lt\/wp-content\/uploads\/2023\/08\/Ledana-Logo.png\",\"width\":534,\"height\":355,\"caption\":\"Ledana\"},\"image\":{\"@id\":\"https:\/\/ledana.lt\/lv\/#\/schema\/logo\/image\/\"},\"sameAs\":[\"https:\/\/www.facebook.com\/uabledana\"]}]}<\/script>\n<!-- \/ Yoast SEO plugin. -->","yoast_head_json":{"title":"Liellopu ga\u013cas atgriezumi - Ledana","robots":{"index":"index","follow":"follow","max-snippet":"max-snippet:-1","max-image-preview":"max-image-preview:large","max-video-preview":"max-video-preview:-1"},"canonical":"https:\/\/ledana.lt\/lv\/produktas\/liellopa-galas-atraizos\/","og_locale":"lv_LV","og_type":"article","og_title":"Liellopu ga\u013cas atgriezumi - Ledana","og_url":"https:\/\/ledana.lt\/lv\/produktas\/liellopa-galas-atraizos\/","og_site_name":"Ledana","article_publisher":"https:\/\/www.facebook.com\/uabledana","article_modified_time":"2025-11-08T12:22:22+00:00","og_image":[{"width":2560,"height":1651,"url":"https:\/\/ledana.lt\/wp-content\/uploads\/2023\/09\/DSC3677-scaled.jpg","type":"image\/jpeg"}],"twitter_card":"summary_large_image","schema":{"@context":"https:\/\/schema.org","@graph":[{"@type":"WebPage","@id":"https:\/\/ledana.lt\/lv\/produktas\/liellopa-galas-atraizos\/","url":"https:\/\/ledana.lt\/lv\/produktas\/liellopa-galas-atraizos\/","name":"Liellopu ga\u013cas atgriezumi - Ledana","isPartOf":{"@id":"https:\/\/ledana.lt\/lv\/#website"},"primaryImageOfPage":{"@id":"https:\/\/ledana.lt\/lv\/produktas\/liellopa-galas-atraizos\/#primaryimage"},"image":{"@id":"https:\/\/ledana.lt\/lv\/produktas\/liellopa-galas-atraizos\/#primaryimage"},"thumbnailUrl":"https:\/\/ledana.lt\/wp-content\/uploads\/2023\/09\/DSC3677-scaled.jpg","datePublished":"2023-09-12T07:09:45+00:00","dateModified":"2025-11-08T12:22:22+00:00","breadcrumb":{"@id":"https:\/\/ledana.lt\/lv\/produktas\/liellopa-galas-atraizos\/#breadcrumb"},"inLanguage":"lv-LV","potentialAction":[{"@type":"ReadAction","target":["https:\/\/ledana.lt\/lv\/produktas\/liellopa-galas-atraizos\/"]}]},{"@type":"ImageObject","inLanguage":"lv-LV","@id":"https:\/\/ledana.lt\/lv\/produktas\/liellopa-galas-atraizos\/#primaryimage","url":"https:\/\/ledana.lt\/wp-content\/uploads\/2023\/09\/DSC3677-scaled.jpg","contentUrl":"https:\/\/ledana.lt\/wp-content\/uploads\/2023\/09\/DSC3677-scaled.jpg","width":2560,"height":1651},{"@type":"BreadcrumbList","@id":"https:\/\/ledana.lt\/lv\/produktas\/liellopa-galas-atraizos\/#breadcrumb","itemListElement":[{"@type":"ListItem","position":1,"name":"Home","item":"https:\/\/ledana.lt\/lv\/"},{"@type":"ListItem","position":2,"name":"Parduotuv\u0117","item":"https:\/\/ledana.lt\/parduotuve\/"},{"@type":"ListItem","position":3,"name":"Liellopu ga\u013cas atgriezumi"}]},{"@type":"WebSite","@id":"https:\/\/ledana.lt\/lv\/#website","url":"https:\/\/ledana.lt\/lv\/","name":"Ledana","description":"Naturalus \u0161un\u0173 \u0117dalas","publisher":{"@id":"https:\/\/ledana.lt\/lv\/#organization"},"potentialAction":[{"@type":"SearchAction","target":{"@type":"EntryPoint","urlTemplate":"https:\/\/ledana.lt\/lv\/?s={search_term_string}"},"query-input":{"@type":"PropertyValueSpecification","valueRequired":true,"valueName":"search_term_string"}}],"inLanguage":"lv-LV"},{"@type":"Organization","@id":"https:\/\/ledana.lt\/lv\/#organization","name":"Ledana","url":"https:\/\/ledana.lt\/lv\/","logo":{"@type":"ImageObject","inLanguage":"lv-LV","@id":"https:\/\/ledana.lt\/lv\/#\/schema\/logo\/image\/","url":"https:\/\/ledana.lt\/wp-content\/uploads\/2023\/08\/Ledana-Logo.png","contentUrl":"https:\/\/ledana.lt\/wp-content\/uploads\/2023\/08\/Ledana-Logo.png","width":534,"height":355,"caption":"Ledana"},"image":{"@id":"https:\/\/ledana.lt\/lv\/#\/schema\/logo\/image\/"},"sameAs":["https:\/\/www.facebook.com\/uabledana"]}]}},"jetpack_sharing_enabled":true,"_links":{"self":[{"href":"https:\/\/ledana.lt\/lv\/wp-json\/wp\/v2\/product\/1158","targetHints":{"allow":["GET"]}}],"collection":[{"href":"https:\/\/ledana.lt\/lv\/wp-json\/wp\/v2\/product"}],"about":[{"href":"https:\/\/ledana.lt\/lv\/wp-json\/wp\/v2\/types\/product"}],"replies":[{"embeddable":true,"href":"https:\/\/ledana.lt\/lv\/wp-json\/wp\/v2\/comments?post=1158"}],"wp:featuredmedia":[{"embeddable":true,"href":"https:\/\/ledana.lt\/lv\/wp-json\/wp\/v2\/media\/1097"}],"wp:attachment":[{"href":"https:\/\/ledana.lt\/lv\/wp-json\/wp\/v2\/media?parent=1158"}],"wp:term":[{"taxonomy":"product_brand","embeddable":true,"href":"https:\/\/ledana.lt\/lv\/wp-json\/wp\/v2\/product_brand?post=1158"},{"taxonomy":"product_cat","embeddable":true,"href":"https:\/\/ledana.lt\/lv\/wp-json\/wp\/v2\/product_cat?post=1158"},{"taxonomy":"product_tag","embeddable":true,"href":"https:\/\/ledana.lt\/lv\/wp-json\/wp\/v2\/product_tag?post=1158"}],"curies":[{"name":"wp","href":"https:\/\/api.w.org\/{rel}","templated":true}]}}