{"id":1155,"date":"2023-08-15T18:49:30","date_gmt":"2023-08-15T15:49:30","guid":{"rendered":"https:\/\/ledana.lt\/produktas\/bullu-seklinieki\/"},"modified":"2025-12-01T13:46:44","modified_gmt":"2025-12-01T11:46:44","slug":"jaucio-seklides","status":"publish","type":"product","link":"https:\/\/ledana.lt\/lv\/produktas\/jaucio-seklides\/","title":{"rendered":"Bu\u013c\u013cu s\u0113klinieki"},"content":{"rendered":"<p>Liellopu s\u0113klinieki ir dab\u012bgs un barojo\u0161s bar\u012bbas papildin\u0101jums su\u0146iem. <\/p>\n<p>T\u0101s ir lielisks olbaltumvielu avots, kas pal\u012bdz uztur\u0113t j\u016bsu m\u012blu\u013ca musku\u013cus veselus un sp\u0113c\u012bgus. Turkl\u0101t v\u0113r\u0161a s\u0113klinieki ir dabisks un dro\u0161s veids, k\u0101 nodro\u0161in\u0101t j\u016bsu sunim vajadz\u012bgo aminosk\u0101bju un citu svar\u012bgu uzturvielu daudzumu. \u0160is produkts ir saudz\u012bgi \u017e\u0101v\u0113ts, lai saglab\u0101tu visas dabisk\u0101s gar\u0161as un uzturv\u0113rt\u012bbas \u012bpa\u0161\u012bbas, vienlaikus nodro\u0161inot ilgu glab\u0101\u0161anas laiku bez konservantiem.<\/p>\n<p>L\u016bdzu, \u0146emiet v\u0113r\u0101, ka \u0161ie apraksti ir balst\u012bti uz visp\u0101r\u012bgiem faktiem par bu\u013c\u013cu s\u0113kliniekiem k\u0101 su\u0146u bar\u012bbu un nav uzskat\u0101mi par zin\u0101tniskiem apgalvojumiem. Pirms jebkura jauna bar\u012bbas veida ievie\u0161anas j\u016bsu m\u012blu\u013ca uztur\u0101 iesaku konsult\u0113ties ar veterin\u0101r\u0101rstu.<\/p>\n","protected":false},"excerpt":{"rendered":"<p>Dabiski sald\u0113tas v\u0113r\u0161u s\u0113klinieki.<br \/>\nLielisks olbaltumvielu avots j\u016bsu m\u0101jdz\u012bvniekam. 1 KG<\/p>\n","protected":false},"featured_media":1892,"comment_status":"open","ping_status":"closed","template":"","meta":{"_acf_changed":false},"product_brand":[],"product_cat":[40],"product_tag":[],"class_list":{"0":"post-1155","1":"product","2":"type-product","3":"status-publish","4":"has-post-thumbnail","6":"product_cat-liellopu-gala","8":"first","9":"instock","10":"taxable","11":"shipping-taxable","12":"purchasable","13":"product-type-simple"},"acf":[],"yoast_head":"<!-- This site is optimized with the Yoast SEO plugin v27.3 - https:\/\/yoast.com\/product\/yoast-seo-wordpress\/ -->\n<title>Bu\u013c\u013cu s\u0113klinieki - Ledana<\/title>\n<meta name=\"robots\" content=\"index, follow, max-snippet:-1, max-image-preview:large, max-video-preview:-1\" \/>\n<link rel=\"canonical\" href=\"https:\/\/ledana.lt\/lv\/produktas\/jaucio-seklides\/\" \/>\n<meta property=\"og:locale\" content=\"lv_LV\" \/>\n<meta property=\"og:type\" content=\"article\" \/>\n<meta property=\"og:title\" content=\"Bu\u013c\u013cu s\u0113klinieki - Ledana\" \/>\n<meta property=\"og:description\" content=\"Dabiski sald\u0113tas v\u0113r\u0161u s\u0113klinieki. Lielisks olbaltumvielu avots j\u016bsu m\u0101jdz\u012bvniekam. 1 KG\" \/>\n<meta property=\"og:url\" content=\"https:\/\/ledana.lt\/lv\/produktas\/jaucio-seklides\/\" \/>\n<meta property=\"og:site_name\" content=\"Ledana\" \/>\n<meta property=\"article:publisher\" content=\"https:\/\/www.facebook.com\/uabledana\" \/>\n<meta property=\"article:modified_time\" content=\"2025-12-01T11:46:44+00:00\" \/>\n<meta property=\"og:image\" content=\"https:\/\/ledana.lt\/wp-content\/uploads\/2023\/11\/img_0042-scaled.jpeg\" \/>\n\t<meta property=\"og:image:width\" content=\"2560\" \/>\n\t<meta property=\"og:image:height\" content=\"1707\" \/>\n\t<meta property=\"og:image:type\" content=\"image\/jpeg\" \/>\n<meta name=\"twitter:card\" content=\"summary_large_image\" \/>\n<meta name=\"twitter:label1\" content=\"Est. reading time\" \/>\n\t<meta name=\"twitter:data1\" content=\"1 minute\" \/>\n<script type=\"application\/ld+json\" class=\"yoast-schema-graph\">{\"@context\":\"https:\\\/\\\/schema.org\",\"@graph\":[{\"@type\":\"WebPage\",\"@id\":\"https:\\\/\\\/ledana.lt\\\/lv\\\/produktas\\\/jaucio-seklides\\\/\",\"url\":\"https:\\\/\\\/ledana.lt\\\/lv\\\/produktas\\\/jaucio-seklides\\\/\",\"name\":\"Bu\u013c\u013cu s\u0113klinieki - Ledana\",\"isPartOf\":{\"@id\":\"https:\\\/\\\/ledana.lt\\\/lv\\\/#website\"},\"primaryImageOfPage\":{\"@id\":\"https:\\\/\\\/ledana.lt\\\/lv\\\/produktas\\\/jaucio-seklides\\\/#primaryimage\"},\"image\":{\"@id\":\"https:\\\/\\\/ledana.lt\\\/lv\\\/produktas\\\/jaucio-seklides\\\/#primaryimage\"},\"thumbnailUrl\":\"https:\\\/\\\/ledana.lt\\\/wp-content\\\/uploads\\\/2023\\\/11\\\/img_0042-scaled.jpeg\",\"datePublished\":\"2023-08-15T15:49:30+00:00\",\"dateModified\":\"2025-12-01T11:46:44+00:00\",\"breadcrumb\":{\"@id\":\"https:\\\/\\\/ledana.lt\\\/lv\\\/produktas\\\/jaucio-seklides\\\/#breadcrumb\"},\"inLanguage\":\"lv-LV\",\"potentialAction\":[{\"@type\":\"ReadAction\",\"target\":[\"https:\\\/\\\/ledana.lt\\\/lv\\\/produktas\\\/jaucio-seklides\\\/\"]}]},{\"@type\":\"ImageObject\",\"inLanguage\":\"lv-LV\",\"@id\":\"https:\\\/\\\/ledana.lt\\\/lv\\\/produktas\\\/jaucio-seklides\\\/#primaryimage\",\"url\":\"https:\\\/\\\/ledana.lt\\\/wp-content\\\/uploads\\\/2023\\\/11\\\/img_0042-scaled.jpeg\",\"contentUrl\":\"https:\\\/\\\/ledana.lt\\\/wp-content\\\/uploads\\\/2023\\\/11\\\/img_0042-scaled.jpeg\",\"width\":2560,\"height\":1707},{\"@type\":\"BreadcrumbList\",\"@id\":\"https:\\\/\\\/ledana.lt\\\/lv\\\/produktas\\\/jaucio-seklides\\\/#breadcrumb\",\"itemListElement\":[{\"@type\":\"ListItem\",\"position\":1,\"name\":\"Home\",\"item\":\"https:\\\/\\\/ledana.lt\\\/lv\\\/\"},{\"@type\":\"ListItem\",\"position\":2,\"name\":\"Parduotuv\u0117\",\"item\":\"https:\\\/\\\/ledana.lt\\\/parduotuve\\\/\"},{\"@type\":\"ListItem\",\"position\":3,\"name\":\"Bu\u013c\u013cu s\u0113klinieki\"}]},{\"@type\":\"WebSite\",\"@id\":\"https:\\\/\\\/ledana.lt\\\/lv\\\/#website\",\"url\":\"https:\\\/\\\/ledana.lt\\\/lv\\\/\",\"name\":\"Ledana\",\"description\":\"Naturalus \u0161un\u0173 \u0117dalas\",\"publisher\":{\"@id\":\"https:\\\/\\\/ledana.lt\\\/lv\\\/#organization\"},\"potentialAction\":[{\"@type\":\"SearchAction\",\"target\":{\"@type\":\"EntryPoint\",\"urlTemplate\":\"https:\\\/\\\/ledana.lt\\\/lv\\\/?s={search_term_string}\"},\"query-input\":{\"@type\":\"PropertyValueSpecification\",\"valueRequired\":true,\"valueName\":\"search_term_string\"}}],\"inLanguage\":\"lv-LV\"},{\"@type\":\"Organization\",\"@id\":\"https:\\\/\\\/ledana.lt\\\/lv\\\/#organization\",\"name\":\"Ledana\",\"url\":\"https:\\\/\\\/ledana.lt\\\/lv\\\/\",\"logo\":{\"@type\":\"ImageObject\",\"inLanguage\":\"lv-LV\",\"@id\":\"https:\\\/\\\/ledana.lt\\\/lv\\\/#\\\/schema\\\/logo\\\/image\\\/\",\"url\":\"https:\\\/\\\/ledana.lt\\\/wp-content\\\/uploads\\\/2023\\\/08\\\/Ledana-Logo.png\",\"contentUrl\":\"https:\\\/\\\/ledana.lt\\\/wp-content\\\/uploads\\\/2023\\\/08\\\/Ledana-Logo.png\",\"width\":534,\"height\":355,\"caption\":\"Ledana\"},\"image\":{\"@id\":\"https:\\\/\\\/ledana.lt\\\/lv\\\/#\\\/schema\\\/logo\\\/image\\\/\"},\"sameAs\":[\"https:\\\/\\\/www.facebook.com\\\/uabledana\"]}]}<\/script>\n<!-- \/ Yoast SEO plugin. -->","yoast_head_json":{"title":"Bu\u013c\u013cu s\u0113klinieki - Ledana","robots":{"index":"index","follow":"follow","max-snippet":"max-snippet:-1","max-image-preview":"max-image-preview:large","max-video-preview":"max-video-preview:-1"},"canonical":"https:\/\/ledana.lt\/lv\/produktas\/jaucio-seklides\/","og_locale":"lv_LV","og_type":"article","og_title":"Bu\u013c\u013cu s\u0113klinieki - Ledana","og_description":"Dabiski sald\u0113tas v\u0113r\u0161u s\u0113klinieki. Lielisks olbaltumvielu avots j\u016bsu m\u0101jdz\u012bvniekam. 1 KG","og_url":"https:\/\/ledana.lt\/lv\/produktas\/jaucio-seklides\/","og_site_name":"Ledana","article_publisher":"https:\/\/www.facebook.com\/uabledana","article_modified_time":"2025-12-01T11:46:44+00:00","og_image":[{"width":2560,"height":1707,"url":"https:\/\/ledana.lt\/wp-content\/uploads\/2023\/11\/img_0042-scaled.jpeg","type":"image\/jpeg"}],"twitter_card":"summary_large_image","twitter_misc":{"Est. reading time":"1 minute"},"schema":{"@context":"https:\/\/schema.org","@graph":[{"@type":"WebPage","@id":"https:\/\/ledana.lt\/lv\/produktas\/jaucio-seklides\/","url":"https:\/\/ledana.lt\/lv\/produktas\/jaucio-seklides\/","name":"Bu\u013c\u013cu s\u0113klinieki - Ledana","isPartOf":{"@id":"https:\/\/ledana.lt\/lv\/#website"},"primaryImageOfPage":{"@id":"https:\/\/ledana.lt\/lv\/produktas\/jaucio-seklides\/#primaryimage"},"image":{"@id":"https:\/\/ledana.lt\/lv\/produktas\/jaucio-seklides\/#primaryimage"},"thumbnailUrl":"https:\/\/ledana.lt\/wp-content\/uploads\/2023\/11\/img_0042-scaled.jpeg","datePublished":"2023-08-15T15:49:30+00:00","dateModified":"2025-12-01T11:46:44+00:00","breadcrumb":{"@id":"https:\/\/ledana.lt\/lv\/produktas\/jaucio-seklides\/#breadcrumb"},"inLanguage":"lv-LV","potentialAction":[{"@type":"ReadAction","target":["https:\/\/ledana.lt\/lv\/produktas\/jaucio-seklides\/"]}]},{"@type":"ImageObject","inLanguage":"lv-LV","@id":"https:\/\/ledana.lt\/lv\/produktas\/jaucio-seklides\/#primaryimage","url":"https:\/\/ledana.lt\/wp-content\/uploads\/2023\/11\/img_0042-scaled.jpeg","contentUrl":"https:\/\/ledana.lt\/wp-content\/uploads\/2023\/11\/img_0042-scaled.jpeg","width":2560,"height":1707},{"@type":"BreadcrumbList","@id":"https:\/\/ledana.lt\/lv\/produktas\/jaucio-seklides\/#breadcrumb","itemListElement":[{"@type":"ListItem","position":1,"name":"Home","item":"https:\/\/ledana.lt\/lv\/"},{"@type":"ListItem","position":2,"name":"Parduotuv\u0117","item":"https:\/\/ledana.lt\/parduotuve\/"},{"@type":"ListItem","position":3,"name":"Bu\u013c\u013cu s\u0113klinieki"}]},{"@type":"WebSite","@id":"https:\/\/ledana.lt\/lv\/#website","url":"https:\/\/ledana.lt\/lv\/","name":"Ledana","description":"Naturalus \u0161un\u0173 \u0117dalas","publisher":{"@id":"https:\/\/ledana.lt\/lv\/#organization"},"potentialAction":[{"@type":"SearchAction","target":{"@type":"EntryPoint","urlTemplate":"https:\/\/ledana.lt\/lv\/?s={search_term_string}"},"query-input":{"@type":"PropertyValueSpecification","valueRequired":true,"valueName":"search_term_string"}}],"inLanguage":"lv-LV"},{"@type":"Organization","@id":"https:\/\/ledana.lt\/lv\/#organization","name":"Ledana","url":"https:\/\/ledana.lt\/lv\/","logo":{"@type":"ImageObject","inLanguage":"lv-LV","@id":"https:\/\/ledana.lt\/lv\/#\/schema\/logo\/image\/","url":"https:\/\/ledana.lt\/wp-content\/uploads\/2023\/08\/Ledana-Logo.png","contentUrl":"https:\/\/ledana.lt\/wp-content\/uploads\/2023\/08\/Ledana-Logo.png","width":534,"height":355,"caption":"Ledana"},"image":{"@id":"https:\/\/ledana.lt\/lv\/#\/schema\/logo\/image\/"},"sameAs":["https:\/\/www.facebook.com\/uabledana"]}]}},"jetpack_sharing_enabled":true,"_links":{"self":[{"href":"https:\/\/ledana.lt\/lv\/wp-json\/wp\/v2\/product\/1155","targetHints":{"allow":["GET"]}}],"collection":[{"href":"https:\/\/ledana.lt\/lv\/wp-json\/wp\/v2\/product"}],"about":[{"href":"https:\/\/ledana.lt\/lv\/wp-json\/wp\/v2\/types\/product"}],"replies":[{"embeddable":true,"href":"https:\/\/ledana.lt\/lv\/wp-json\/wp\/v2\/comments?post=1155"}],"wp:featuredmedia":[{"embeddable":true,"href":"https:\/\/ledana.lt\/lv\/wp-json\/wp\/v2\/media\/1892"}],"wp:attachment":[{"href":"https:\/\/ledana.lt\/lv\/wp-json\/wp\/v2\/media?parent=1155"}],"wp:term":[{"taxonomy":"product_brand","embeddable":true,"href":"https:\/\/ledana.lt\/lv\/wp-json\/wp\/v2\/product_brand?post=1155"},{"taxonomy":"product_cat","embeddable":true,"href":"https:\/\/ledana.lt\/lv\/wp-json\/wp\/v2\/product_cat?post=1155"},{"taxonomy":"product_tag","embeddable":true,"href":"https:\/\/ledana.lt\/lv\/wp-json\/wp\/v2\/product_tag?post=1155"}],"curies":[{"name":"wp","href":"https:\/\/api.w.org\/{rel}","templated":true}]}}