{"id":1149,"date":"2023-08-16T11:33:43","date_gmt":"2023-08-16T08:33:43","guid":{"rendered":"https:\/\/ledana.lt\/produktas\/neapstradats-liellopu-kungis\/"},"modified":"2024-09-17T19:17:59","modified_gmt":"2024-09-17T16:17:59","slug":"frosty-headed-flight","status":"publish","type":"product","link":"https:\/\/ledana.lt\/lv\/produktas\/frosty-headed-flight\/","title":{"rendered":"Neapstr\u0101d\u0101ts liellopu ku\u0146\u0123is"},"content":{"rendered":"<p>M\u016bsu neapstr\u0101d\u0101ts liellopu ku\u0146\u0123is ir lieliska un dab\u012bga bar\u012bba su\u0146iem. Tas ir augstas kvalit\u0101tes olbaltumvielu, tauku, fermentu, omega 3 un 6 tauksk\u0101bju avots, kas ir \u013coti svar\u012bgi j\u016bsu m\u012blu\u013ca vesel\u012bbai un labsaj\u016btai. Turkl\u0101t \u0161is produkts ir bag\u0101tin\u0101ts ar probiotik\u0101m, piem\u0113ram, Lactobacillus Acidophilus bakt\u0113rij\u0101m, kas uzlabo su\u0146u gremo\u0161anu. \u0160aj\u0101 produkt\u0101 eso\u0161\u0101 ku\u0146\u0123a sk\u0101be lieliski att\u012bra su\u0146u zobus, padarot tos t\u012brus un vesel\u012bgus. T\u0101 ir lieliska izv\u0113le tiem, kas mekl\u0113 dabisku un vesel\u012bgu bar\u012bbu saviem m\u0101jdz\u012bvniekiem.<\/p>\n","protected":false},"excerpt":{"rendered":"<p>Olbaltumvielu, tauku, fermentu, omega 3 un 6 sk\u0101bju avots. T\u012bra zobus un uzlabo gremo\u0161anu.  <em>Mazg\u0101ts aukst\u0101 \u016bden\u012b.<\/em><\/p>\n","protected":false},"featured_media":1055,"comment_status":"open","ping_status":"closed","template":"","meta":{"_acf_changed":false},"product_brand":[],"product_cat":[40],"product_tag":[],"class_list":{"0":"post-1149","1":"product","2":"type-product","3":"status-publish","4":"has-post-thumbnail","6":"product_cat-liellopu-gala","8":"first","9":"instock","10":"taxable","11":"shipping-taxable","12":"purchasable","13":"product-type-simple"},"acf":[],"yoast_head":"<!-- This site is optimized with the Yoast SEO plugin v27.3 - https:\/\/yoast.com\/product\/yoast-seo-wordpress\/ -->\n<title>Neapstr\u0101d\u0101ts liellopu ku\u0146\u0123is - Ledana<\/title>\n<meta name=\"robots\" content=\"index, follow, max-snippet:-1, max-image-preview:large, max-video-preview:-1\" \/>\n<link rel=\"canonical\" href=\"https:\/\/ledana.lt\/lv\/produktas\/frosty-headed-flight\/\" \/>\n<meta property=\"og:locale\" content=\"lv_LV\" \/>\n<meta property=\"og:type\" content=\"article\" \/>\n<meta property=\"og:title\" content=\"Neapstr\u0101d\u0101ts liellopu ku\u0146\u0123is - Ledana\" \/>\n<meta property=\"og:description\" content=\"Olbaltumvielu, tauku, fermentu, omega 3 un 6 sk\u0101bju avots. T\u012bra zobus un uzlabo gremo\u0161anu. Mazg\u0101ts aukst\u0101 \u016bden\u012b.\" \/>\n<meta property=\"og:url\" content=\"https:\/\/ledana.lt\/lv\/produktas\/frosty-headed-flight\/\" \/>\n<meta property=\"og:site_name\" content=\"Ledana\" \/>\n<meta property=\"article:publisher\" content=\"https:\/\/www.facebook.com\/uabledana\" \/>\n<meta property=\"article:modified_time\" content=\"2024-09-17T16:17:59+00:00\" \/>\n<meta property=\"og:image\" content=\"https:\/\/ledana.lt\/wp-content\/uploads\/2023\/08\/zalias-galviju-skrandis.jpg\" \/>\n\t<meta property=\"og:image:width\" content=\"441\" \/>\n\t<meta property=\"og:image:height\" content=\"326\" \/>\n\t<meta property=\"og:image:type\" content=\"image\/jpeg\" \/>\n<meta name=\"twitter:card\" content=\"summary_large_image\" \/>\n<meta name=\"twitter:label1\" content=\"Est. reading time\" \/>\n\t<meta name=\"twitter:data1\" content=\"1 minute\" \/>\n<script type=\"application\/ld+json\" class=\"yoast-schema-graph\">{\"@context\":\"https:\\\/\\\/schema.org\",\"@graph\":[{\"@type\":\"WebPage\",\"@id\":\"https:\\\/\\\/ledana.lt\\\/lv\\\/produktas\\\/frosty-headed-flight\\\/\",\"url\":\"https:\\\/\\\/ledana.lt\\\/lv\\\/produktas\\\/frosty-headed-flight\\\/\",\"name\":\"Neapstr\u0101d\u0101ts liellopu ku\u0146\u0123is - Ledana\",\"isPartOf\":{\"@id\":\"https:\\\/\\\/ledana.lt\\\/lv\\\/#website\"},\"primaryImageOfPage\":{\"@id\":\"https:\\\/\\\/ledana.lt\\\/lv\\\/produktas\\\/frosty-headed-flight\\\/#primaryimage\"},\"image\":{\"@id\":\"https:\\\/\\\/ledana.lt\\\/lv\\\/produktas\\\/frosty-headed-flight\\\/#primaryimage\"},\"thumbnailUrl\":\"https:\\\/\\\/ledana.lt\\\/wp-content\\\/uploads\\\/2023\\\/08\\\/zalias-galviju-skrandis.jpg\",\"datePublished\":\"2023-08-16T08:33:43+00:00\",\"dateModified\":\"2024-09-17T16:17:59+00:00\",\"breadcrumb\":{\"@id\":\"https:\\\/\\\/ledana.lt\\\/lv\\\/produktas\\\/frosty-headed-flight\\\/#breadcrumb\"},\"inLanguage\":\"lv-LV\",\"potentialAction\":[{\"@type\":\"ReadAction\",\"target\":[\"https:\\\/\\\/ledana.lt\\\/lv\\\/produktas\\\/frosty-headed-flight\\\/\"]}]},{\"@type\":\"ImageObject\",\"inLanguage\":\"lv-LV\",\"@id\":\"https:\\\/\\\/ledana.lt\\\/lv\\\/produktas\\\/frosty-headed-flight\\\/#primaryimage\",\"url\":\"https:\\\/\\\/ledana.lt\\\/wp-content\\\/uploads\\\/2023\\\/08\\\/zalias-galviju-skrandis.jpg\",\"contentUrl\":\"https:\\\/\\\/ledana.lt\\\/wp-content\\\/uploads\\\/2023\\\/08\\\/zalias-galviju-skrandis.jpg\",\"width\":441,\"height\":326},{\"@type\":\"BreadcrumbList\",\"@id\":\"https:\\\/\\\/ledana.lt\\\/lv\\\/produktas\\\/frosty-headed-flight\\\/#breadcrumb\",\"itemListElement\":[{\"@type\":\"ListItem\",\"position\":1,\"name\":\"Home\",\"item\":\"https:\\\/\\\/ledana.lt\\\/lv\\\/\"},{\"@type\":\"ListItem\",\"position\":2,\"name\":\"Parduotuv\u0117\",\"item\":\"https:\\\/\\\/ledana.lt\\\/parduotuve\\\/\"},{\"@type\":\"ListItem\",\"position\":3,\"name\":\"Neapstr\u0101d\u0101ts liellopu ku\u0146\u0123is\"}]},{\"@type\":\"WebSite\",\"@id\":\"https:\\\/\\\/ledana.lt\\\/lv\\\/#website\",\"url\":\"https:\\\/\\\/ledana.lt\\\/lv\\\/\",\"name\":\"Ledana\",\"description\":\"Naturalus \u0161un\u0173 \u0117dalas\",\"publisher\":{\"@id\":\"https:\\\/\\\/ledana.lt\\\/lv\\\/#organization\"},\"potentialAction\":[{\"@type\":\"SearchAction\",\"target\":{\"@type\":\"EntryPoint\",\"urlTemplate\":\"https:\\\/\\\/ledana.lt\\\/lv\\\/?s={search_term_string}\"},\"query-input\":{\"@type\":\"PropertyValueSpecification\",\"valueRequired\":true,\"valueName\":\"search_term_string\"}}],\"inLanguage\":\"lv-LV\"},{\"@type\":\"Organization\",\"@id\":\"https:\\\/\\\/ledana.lt\\\/lv\\\/#organization\",\"name\":\"Ledana\",\"url\":\"https:\\\/\\\/ledana.lt\\\/lv\\\/\",\"logo\":{\"@type\":\"ImageObject\",\"inLanguage\":\"lv-LV\",\"@id\":\"https:\\\/\\\/ledana.lt\\\/lv\\\/#\\\/schema\\\/logo\\\/image\\\/\",\"url\":\"https:\\\/\\\/ledana.lt\\\/wp-content\\\/uploads\\\/2023\\\/08\\\/Ledana-Logo.png\",\"contentUrl\":\"https:\\\/\\\/ledana.lt\\\/wp-content\\\/uploads\\\/2023\\\/08\\\/Ledana-Logo.png\",\"width\":534,\"height\":355,\"caption\":\"Ledana\"},\"image\":{\"@id\":\"https:\\\/\\\/ledana.lt\\\/lv\\\/#\\\/schema\\\/logo\\\/image\\\/\"},\"sameAs\":[\"https:\\\/\\\/www.facebook.com\\\/uabledana\"]}]}<\/script>\n<!-- \/ Yoast SEO plugin. -->","yoast_head_json":{"title":"Neapstr\u0101d\u0101ts liellopu ku\u0146\u0123is - Ledana","robots":{"index":"index","follow":"follow","max-snippet":"max-snippet:-1","max-image-preview":"max-image-preview:large","max-video-preview":"max-video-preview:-1"},"canonical":"https:\/\/ledana.lt\/lv\/produktas\/frosty-headed-flight\/","og_locale":"lv_LV","og_type":"article","og_title":"Neapstr\u0101d\u0101ts liellopu ku\u0146\u0123is - Ledana","og_description":"Olbaltumvielu, tauku, fermentu, omega 3 un 6 sk\u0101bju avots. T\u012bra zobus un uzlabo gremo\u0161anu. Mazg\u0101ts aukst\u0101 \u016bden\u012b.","og_url":"https:\/\/ledana.lt\/lv\/produktas\/frosty-headed-flight\/","og_site_name":"Ledana","article_publisher":"https:\/\/www.facebook.com\/uabledana","article_modified_time":"2024-09-17T16:17:59+00:00","og_image":[{"width":441,"height":326,"url":"https:\/\/ledana.lt\/wp-content\/uploads\/2023\/08\/zalias-galviju-skrandis.jpg","type":"image\/jpeg"}],"twitter_card":"summary_large_image","twitter_misc":{"Est. reading time":"1 minute"},"schema":{"@context":"https:\/\/schema.org","@graph":[{"@type":"WebPage","@id":"https:\/\/ledana.lt\/lv\/produktas\/frosty-headed-flight\/","url":"https:\/\/ledana.lt\/lv\/produktas\/frosty-headed-flight\/","name":"Neapstr\u0101d\u0101ts liellopu ku\u0146\u0123is - Ledana","isPartOf":{"@id":"https:\/\/ledana.lt\/lv\/#website"},"primaryImageOfPage":{"@id":"https:\/\/ledana.lt\/lv\/produktas\/frosty-headed-flight\/#primaryimage"},"image":{"@id":"https:\/\/ledana.lt\/lv\/produktas\/frosty-headed-flight\/#primaryimage"},"thumbnailUrl":"https:\/\/ledana.lt\/wp-content\/uploads\/2023\/08\/zalias-galviju-skrandis.jpg","datePublished":"2023-08-16T08:33:43+00:00","dateModified":"2024-09-17T16:17:59+00:00","breadcrumb":{"@id":"https:\/\/ledana.lt\/lv\/produktas\/frosty-headed-flight\/#breadcrumb"},"inLanguage":"lv-LV","potentialAction":[{"@type":"ReadAction","target":["https:\/\/ledana.lt\/lv\/produktas\/frosty-headed-flight\/"]}]},{"@type":"ImageObject","inLanguage":"lv-LV","@id":"https:\/\/ledana.lt\/lv\/produktas\/frosty-headed-flight\/#primaryimage","url":"https:\/\/ledana.lt\/wp-content\/uploads\/2023\/08\/zalias-galviju-skrandis.jpg","contentUrl":"https:\/\/ledana.lt\/wp-content\/uploads\/2023\/08\/zalias-galviju-skrandis.jpg","width":441,"height":326},{"@type":"BreadcrumbList","@id":"https:\/\/ledana.lt\/lv\/produktas\/frosty-headed-flight\/#breadcrumb","itemListElement":[{"@type":"ListItem","position":1,"name":"Home","item":"https:\/\/ledana.lt\/lv\/"},{"@type":"ListItem","position":2,"name":"Parduotuv\u0117","item":"https:\/\/ledana.lt\/parduotuve\/"},{"@type":"ListItem","position":3,"name":"Neapstr\u0101d\u0101ts liellopu ku\u0146\u0123is"}]},{"@type":"WebSite","@id":"https:\/\/ledana.lt\/lv\/#website","url":"https:\/\/ledana.lt\/lv\/","name":"Ledana","description":"Naturalus \u0161un\u0173 \u0117dalas","publisher":{"@id":"https:\/\/ledana.lt\/lv\/#organization"},"potentialAction":[{"@type":"SearchAction","target":{"@type":"EntryPoint","urlTemplate":"https:\/\/ledana.lt\/lv\/?s={search_term_string}"},"query-input":{"@type":"PropertyValueSpecification","valueRequired":true,"valueName":"search_term_string"}}],"inLanguage":"lv-LV"},{"@type":"Organization","@id":"https:\/\/ledana.lt\/lv\/#organization","name":"Ledana","url":"https:\/\/ledana.lt\/lv\/","logo":{"@type":"ImageObject","inLanguage":"lv-LV","@id":"https:\/\/ledana.lt\/lv\/#\/schema\/logo\/image\/","url":"https:\/\/ledana.lt\/wp-content\/uploads\/2023\/08\/Ledana-Logo.png","contentUrl":"https:\/\/ledana.lt\/wp-content\/uploads\/2023\/08\/Ledana-Logo.png","width":534,"height":355,"caption":"Ledana"},"image":{"@id":"https:\/\/ledana.lt\/lv\/#\/schema\/logo\/image\/"},"sameAs":["https:\/\/www.facebook.com\/uabledana"]}]}},"jetpack_sharing_enabled":true,"_links":{"self":[{"href":"https:\/\/ledana.lt\/lv\/wp-json\/wp\/v2\/product\/1149","targetHints":{"allow":["GET"]}}],"collection":[{"href":"https:\/\/ledana.lt\/lv\/wp-json\/wp\/v2\/product"}],"about":[{"href":"https:\/\/ledana.lt\/lv\/wp-json\/wp\/v2\/types\/product"}],"replies":[{"embeddable":true,"href":"https:\/\/ledana.lt\/lv\/wp-json\/wp\/v2\/comments?post=1149"}],"wp:featuredmedia":[{"embeddable":true,"href":"https:\/\/ledana.lt\/lv\/wp-json\/wp\/v2\/media\/1055"}],"wp:attachment":[{"href":"https:\/\/ledana.lt\/lv\/wp-json\/wp\/v2\/media?parent=1149"}],"wp:term":[{"taxonomy":"product_brand","embeddable":true,"href":"https:\/\/ledana.lt\/lv\/wp-json\/wp\/v2\/product_brand?post=1149"},{"taxonomy":"product_cat","embeddable":true,"href":"https:\/\/ledana.lt\/lv\/wp-json\/wp\/v2\/product_cat?post=1149"},{"taxonomy":"product_tag","embeddable":true,"href":"https:\/\/ledana.lt\/lv\/wp-json\/wp\/v2\/product_tag?post=1149"}],"curies":[{"name":"wp","href":"https:\/\/api.w.org\/{rel}","templated":true}]}}