{"id":1147,"date":"2023-08-16T11:08:53","date_gmt":"2023-08-16T08:08:53","guid":{"rendered":"https:\/\/ledana.lt\/produktas\/iepakots-zem-spiediena\/"},"modified":"2023-10-17T10:07:47","modified_gmt":"2023-10-17T10:07:47","slug":"slegtainis-packaged","status":"publish","type":"product","link":"https:\/\/ledana.lt\/lv\/produktas\/slegtainis-packaged\/","title":{"rendered":"Galerts"},"content":{"rendered":"<p>M\u016bsu spiediena katls ir lieliska un vesel\u012bga izv\u0113le j\u016bsu m\u0101jdz\u012bvniekam.<br \/>\nT\u0101 ir cieta, maztauku aukst\u0101 ga\u013ca, ko gatavo no augstas kvalit\u0101tes subproduktiem, c\u016bku aus\u012bm un \u0101d\u0101m.<br \/>\n\u0160is produkts ir bag\u0101tin\u0101ts ar viegli uzs\u016bco\u0161u glikozam\u012bnu, kas pal\u012bdz uztur\u0113t su\u0146u loc\u012btavu vesel\u012bbu, un miner\u0101lviel\u0101m optim\u0101lai su\u0146u vesel\u012bbai.<\/p>\n<p>T\u0101 ir lieliska izv\u0113le visu vecumu su\u0146iem &#8211; gan jauniem, gan vec\u0101kiem dz\u012bvniekiem, kuriem nepiecie\u0161ama papildu apr\u016bpe loc\u012btav\u0101m un visp\u0101r\u0113jai vesel\u012bbai.<\/p>\n","protected":false},"excerpt":{"rendered":"<p>Cietie aukstie ga\u013cas gabali ar zemu tauku saturu. Glikozam\u012bns un miner\u0101lvielas viegli uzs\u016bcas. Piem\u0113rots visu vecumu su\u0146iem.<\/p>\n","protected":false},"featured_media":1095,"comment_status":"open","ping_status":"closed","template":"","meta":{"_acf_changed":false},"product_brand":[],"product_cat":[39],"product_tag":[],"class_list":{"0":"post-1147","1":"product","2":"type-product","3":"status-publish","4":"has-post-thumbnail","6":"product_cat-gatavi-produkti","8":"first","9":"instock","10":"taxable","11":"shipping-taxable","12":"purchasable","13":"product-type-simple"},"acf":[],"yoast_head":"<!-- This site is optimized with the Yoast SEO plugin v26.8 - https:\/\/yoast.com\/product\/yoast-seo-wordpress\/ -->\n<title>Galerts - Ledana<\/title>\n<meta name=\"robots\" content=\"index, follow, max-snippet:-1, max-image-preview:large, max-video-preview:-1\" \/>\n<link rel=\"canonical\" href=\"https:\/\/ledana.lt\/lv\/produktas\/slegtainis-packaged\/\" \/>\n<meta property=\"og:locale\" content=\"lv_LV\" \/>\n<meta property=\"og:type\" content=\"article\" \/>\n<meta property=\"og:title\" content=\"Galerts - Ledana\" \/>\n<meta property=\"og:description\" content=\"Cietie aukstie ga\u013cas gabali ar zemu tauku saturu. Glikozam\u012bns un miner\u0101lvielas viegli uzs\u016bcas. Piem\u0113rots visu vecumu su\u0146iem.\" \/>\n<meta property=\"og:url\" content=\"https:\/\/ledana.lt\/lv\/produktas\/slegtainis-packaged\/\" \/>\n<meta property=\"og:site_name\" content=\"Ledana\" \/>\n<meta property=\"article:publisher\" content=\"https:\/\/www.facebook.com\/uabledana\" \/>\n<meta property=\"article:modified_time\" content=\"2023-10-17T10:07:47+00:00\" \/>\n<meta property=\"og:image\" content=\"https:\/\/ledana.lt\/wp-content\/uploads\/2023\/08\/DSC3708-scaled.jpg\" \/>\n\t<meta property=\"og:image:width\" content=\"2560\" \/>\n\t<meta property=\"og:image:height\" content=\"1708\" \/>\n\t<meta property=\"og:image:type\" content=\"image\/jpeg\" \/>\n<meta name=\"twitter:card\" content=\"summary_large_image\" \/>\n<meta name=\"twitter:label1\" content=\"Est. reading time\" \/>\n\t<meta name=\"twitter:data1\" content=\"1 minute\" \/>\n<script type=\"application\/ld+json\" class=\"yoast-schema-graph\">{\"@context\":\"https:\/\/schema.org\",\"@graph\":[{\"@type\":\"WebPage\",\"@id\":\"https:\/\/ledana.lt\/lv\/produktas\/slegtainis-packaged\/\",\"url\":\"https:\/\/ledana.lt\/lv\/produktas\/slegtainis-packaged\/\",\"name\":\"Galerts - Ledana\",\"isPartOf\":{\"@id\":\"https:\/\/ledana.lt\/lv\/#website\"},\"primaryImageOfPage\":{\"@id\":\"https:\/\/ledana.lt\/lv\/produktas\/slegtainis-packaged\/#primaryimage\"},\"image\":{\"@id\":\"https:\/\/ledana.lt\/lv\/produktas\/slegtainis-packaged\/#primaryimage\"},\"thumbnailUrl\":\"https:\/\/ledana.lt\/wp-content\/uploads\/2023\/08\/DSC3708-scaled.jpg\",\"datePublished\":\"2023-08-16T08:08:53+00:00\",\"dateModified\":\"2023-10-17T10:07:47+00:00\",\"breadcrumb\":{\"@id\":\"https:\/\/ledana.lt\/lv\/produktas\/slegtainis-packaged\/#breadcrumb\"},\"inLanguage\":\"lv-LV\",\"potentialAction\":[{\"@type\":\"ReadAction\",\"target\":[\"https:\/\/ledana.lt\/lv\/produktas\/slegtainis-packaged\/\"]}]},{\"@type\":\"ImageObject\",\"inLanguage\":\"lv-LV\",\"@id\":\"https:\/\/ledana.lt\/lv\/produktas\/slegtainis-packaged\/#primaryimage\",\"url\":\"https:\/\/ledana.lt\/wp-content\/uploads\/2023\/08\/DSC3708-scaled.jpg\",\"contentUrl\":\"https:\/\/ledana.lt\/wp-content\/uploads\/2023\/08\/DSC3708-scaled.jpg\",\"width\":2560,\"height\":1708},{\"@type\":\"BreadcrumbList\",\"@id\":\"https:\/\/ledana.lt\/lv\/produktas\/slegtainis-packaged\/#breadcrumb\",\"itemListElement\":[{\"@type\":\"ListItem\",\"position\":1,\"name\":\"Home\",\"item\":\"https:\/\/ledana.lt\/lv\/\"},{\"@type\":\"ListItem\",\"position\":2,\"name\":\"Parduotuv\u0117\",\"item\":\"https:\/\/ledana.lt\/parduotuve\/\"},{\"@type\":\"ListItem\",\"position\":3,\"name\":\"Galerts\"}]},{\"@type\":\"WebSite\",\"@id\":\"https:\/\/ledana.lt\/lv\/#website\",\"url\":\"https:\/\/ledana.lt\/lv\/\",\"name\":\"Ledana\",\"description\":\"Naturalus \u0161un\u0173 \u0117dalas\",\"publisher\":{\"@id\":\"https:\/\/ledana.lt\/lv\/#organization\"},\"potentialAction\":[{\"@type\":\"SearchAction\",\"target\":{\"@type\":\"EntryPoint\",\"urlTemplate\":\"https:\/\/ledana.lt\/lv\/?s={search_term_string}\"},\"query-input\":{\"@type\":\"PropertyValueSpecification\",\"valueRequired\":true,\"valueName\":\"search_term_string\"}}],\"inLanguage\":\"lv-LV\"},{\"@type\":\"Organization\",\"@id\":\"https:\/\/ledana.lt\/lv\/#organization\",\"name\":\"Ledana\",\"url\":\"https:\/\/ledana.lt\/lv\/\",\"logo\":{\"@type\":\"ImageObject\",\"inLanguage\":\"lv-LV\",\"@id\":\"https:\/\/ledana.lt\/lv\/#\/schema\/logo\/image\/\",\"url\":\"https:\/\/ledana.lt\/wp-content\/uploads\/2023\/08\/Ledana-Logo.png\",\"contentUrl\":\"https:\/\/ledana.lt\/wp-content\/uploads\/2023\/08\/Ledana-Logo.png\",\"width\":534,\"height\":355,\"caption\":\"Ledana\"},\"image\":{\"@id\":\"https:\/\/ledana.lt\/lv\/#\/schema\/logo\/image\/\"},\"sameAs\":[\"https:\/\/www.facebook.com\/uabledana\"]}]}<\/script>\n<!-- \/ Yoast SEO plugin. -->","yoast_head_json":{"title":"Galerts - Ledana","robots":{"index":"index","follow":"follow","max-snippet":"max-snippet:-1","max-image-preview":"max-image-preview:large","max-video-preview":"max-video-preview:-1"},"canonical":"https:\/\/ledana.lt\/lv\/produktas\/slegtainis-packaged\/","og_locale":"lv_LV","og_type":"article","og_title":"Galerts - Ledana","og_description":"Cietie aukstie ga\u013cas gabali ar zemu tauku saturu. Glikozam\u012bns un miner\u0101lvielas viegli uzs\u016bcas. Piem\u0113rots visu vecumu su\u0146iem.","og_url":"https:\/\/ledana.lt\/lv\/produktas\/slegtainis-packaged\/","og_site_name":"Ledana","article_publisher":"https:\/\/www.facebook.com\/uabledana","article_modified_time":"2023-10-17T10:07:47+00:00","og_image":[{"width":2560,"height":1708,"url":"https:\/\/ledana.lt\/wp-content\/uploads\/2023\/08\/DSC3708-scaled.jpg","type":"image\/jpeg"}],"twitter_card":"summary_large_image","twitter_misc":{"Est. reading time":"1 minute"},"schema":{"@context":"https:\/\/schema.org","@graph":[{"@type":"WebPage","@id":"https:\/\/ledana.lt\/lv\/produktas\/slegtainis-packaged\/","url":"https:\/\/ledana.lt\/lv\/produktas\/slegtainis-packaged\/","name":"Galerts - Ledana","isPartOf":{"@id":"https:\/\/ledana.lt\/lv\/#website"},"primaryImageOfPage":{"@id":"https:\/\/ledana.lt\/lv\/produktas\/slegtainis-packaged\/#primaryimage"},"image":{"@id":"https:\/\/ledana.lt\/lv\/produktas\/slegtainis-packaged\/#primaryimage"},"thumbnailUrl":"https:\/\/ledana.lt\/wp-content\/uploads\/2023\/08\/DSC3708-scaled.jpg","datePublished":"2023-08-16T08:08:53+00:00","dateModified":"2023-10-17T10:07:47+00:00","breadcrumb":{"@id":"https:\/\/ledana.lt\/lv\/produktas\/slegtainis-packaged\/#breadcrumb"},"inLanguage":"lv-LV","potentialAction":[{"@type":"ReadAction","target":["https:\/\/ledana.lt\/lv\/produktas\/slegtainis-packaged\/"]}]},{"@type":"ImageObject","inLanguage":"lv-LV","@id":"https:\/\/ledana.lt\/lv\/produktas\/slegtainis-packaged\/#primaryimage","url":"https:\/\/ledana.lt\/wp-content\/uploads\/2023\/08\/DSC3708-scaled.jpg","contentUrl":"https:\/\/ledana.lt\/wp-content\/uploads\/2023\/08\/DSC3708-scaled.jpg","width":2560,"height":1708},{"@type":"BreadcrumbList","@id":"https:\/\/ledana.lt\/lv\/produktas\/slegtainis-packaged\/#breadcrumb","itemListElement":[{"@type":"ListItem","position":1,"name":"Home","item":"https:\/\/ledana.lt\/lv\/"},{"@type":"ListItem","position":2,"name":"Parduotuv\u0117","item":"https:\/\/ledana.lt\/parduotuve\/"},{"@type":"ListItem","position":3,"name":"Galerts"}]},{"@type":"WebSite","@id":"https:\/\/ledana.lt\/lv\/#website","url":"https:\/\/ledana.lt\/lv\/","name":"Ledana","description":"Naturalus \u0161un\u0173 \u0117dalas","publisher":{"@id":"https:\/\/ledana.lt\/lv\/#organization"},"potentialAction":[{"@type":"SearchAction","target":{"@type":"EntryPoint","urlTemplate":"https:\/\/ledana.lt\/lv\/?s={search_term_string}"},"query-input":{"@type":"PropertyValueSpecification","valueRequired":true,"valueName":"search_term_string"}}],"inLanguage":"lv-LV"},{"@type":"Organization","@id":"https:\/\/ledana.lt\/lv\/#organization","name":"Ledana","url":"https:\/\/ledana.lt\/lv\/","logo":{"@type":"ImageObject","inLanguage":"lv-LV","@id":"https:\/\/ledana.lt\/lv\/#\/schema\/logo\/image\/","url":"https:\/\/ledana.lt\/wp-content\/uploads\/2023\/08\/Ledana-Logo.png","contentUrl":"https:\/\/ledana.lt\/wp-content\/uploads\/2023\/08\/Ledana-Logo.png","width":534,"height":355,"caption":"Ledana"},"image":{"@id":"https:\/\/ledana.lt\/lv\/#\/schema\/logo\/image\/"},"sameAs":["https:\/\/www.facebook.com\/uabledana"]}]}},"jetpack_sharing_enabled":true,"_links":{"self":[{"href":"https:\/\/ledana.lt\/lv\/wp-json\/wp\/v2\/product\/1147","targetHints":{"allow":["GET"]}}],"collection":[{"href":"https:\/\/ledana.lt\/lv\/wp-json\/wp\/v2\/product"}],"about":[{"href":"https:\/\/ledana.lt\/lv\/wp-json\/wp\/v2\/types\/product"}],"replies":[{"embeddable":true,"href":"https:\/\/ledana.lt\/lv\/wp-json\/wp\/v2\/comments?post=1147"}],"wp:featuredmedia":[{"embeddable":true,"href":"https:\/\/ledana.lt\/lv\/wp-json\/wp\/v2\/media\/1095"}],"wp:attachment":[{"href":"https:\/\/ledana.lt\/lv\/wp-json\/wp\/v2\/media?parent=1147"}],"wp:term":[{"taxonomy":"product_brand","embeddable":true,"href":"https:\/\/ledana.lt\/lv\/wp-json\/wp\/v2\/product_brand?post=1147"},{"taxonomy":"product_cat","embeddable":true,"href":"https:\/\/ledana.lt\/lv\/wp-json\/wp\/v2\/product_cat?post=1147"},{"taxonomy":"product_tag","embeddable":true,"href":"https:\/\/ledana.lt\/lv\/wp-json\/wp\/v2\/product_tag?post=1147"}],"curies":[{"name":"wp","href":"https:\/\/api.w.org\/{rel}","templated":true}]}}