{"id":1144,"date":"2023-08-16T11:16:06","date_gmt":"2023-08-16T08:16:06","guid":{"rendered":"https:\/\/ledana.lt\/produktas\/malta-liellopu-gala-lt\/"},"modified":"2026-04-19T08:20:23","modified_gmt":"2026-04-19T05:20:23","slug":"malta-jautien-juniors-and-cats","status":"publish","type":"product","link":"https:\/\/ledana.lt\/lv\/produktas\/malta-jautien-juniors-and-cats\/","title":{"rendered":"Malta liellopu ga\u013ca"},"content":{"rendered":"<p>M\u016bsu malt\u0101 liellopu ga\u013ca ir lielisks un pilnv\u0113rt\u012bgs \u0113diens augo\u0161iem un pieaugu\u0161iem su\u0146iem un ka\u0137iem.<br \/>\nTo gatavo no augstas kvalit\u0101tes liellopu ga\u013cas atgriezumiem, kas ir musku\u013cu audu gabali.<\/p>\n<p>T\u0101 ir ar zemu tauku saturu, bet bag\u0101tin\u0101ta ar miner\u0101lviel\u0101m un B grupas vitam\u012bniem, kas ir b\u016btiski m\u0101jdz\u012bvnieku vesel\u012bbai un labsaj\u016btai. T\u0101 ir lieliska izv\u0113le tiem, kas mekl\u0113 dabisku un vesel\u012bgu bar\u012bbu saviem m\u0101jdz\u012bvniekiem.<\/p>\n","protected":false},"excerpt":{"rendered":"<p><strong>Iepakots 1 kg vai 0,5 kg<\/strong><\/p>\n<p>Musku\u013cu audu gabali\u0146i.<br \/>\nPilnv\u0113rt\u012bga bar\u012bba ar zemu tauku saturu, bag\u0101ta ar miner\u0101lviel\u0101m un B grupas vitam\u012bniem.<\/p>\n","protected":false},"featured_media":1051,"comment_status":"open","ping_status":"closed","template":"","meta":{"_acf_changed":false},"product_brand":[],"product_cat":[40],"product_tag":[],"class_list":{"0":"post-1144","1":"product","2":"type-product","3":"status-publish","4":"has-post-thumbnail","6":"product_cat-liellopu-gala","8":"first","9":"instock","10":"taxable","11":"shipping-taxable","12":"purchasable","13":"product-type-simple"},"acf":[],"yoast_head":"<!-- This site is optimized with the Yoast SEO plugin v27.3 - https:\/\/yoast.com\/product\/yoast-seo-wordpress\/ -->\n<title>Malta liellopu ga\u013ca - Ledana<\/title>\n<meta name=\"robots\" content=\"index, follow, max-snippet:-1, max-image-preview:large, max-video-preview:-1\" \/>\n<link rel=\"canonical\" href=\"https:\/\/ledana.lt\/lv\/produktas\/malta-jautien-juniors-and-cats\/\" \/>\n<meta property=\"og:locale\" content=\"lv_LV\" \/>\n<meta property=\"og:type\" content=\"article\" \/>\n<meta property=\"og:title\" content=\"Malta liellopu ga\u013ca - Ledana\" \/>\n<meta property=\"og:description\" content=\"Iepakots 1 kg vai 0,5 kg  Musku\u013cu audu gabali\u0146i. Pilnv\u0113rt\u012bga bar\u012bba ar zemu tauku saturu, bag\u0101ta ar miner\u0101lviel\u0101m un B grupas vitam\u012bniem.\" \/>\n<meta property=\"og:url\" content=\"https:\/\/ledana.lt\/lv\/produktas\/malta-jautien-juniors-and-cats\/\" \/>\n<meta property=\"og:site_name\" content=\"Ledana\" \/>\n<meta property=\"article:publisher\" content=\"https:\/\/www.facebook.com\/uabledana\" \/>\n<meta property=\"article:modified_time\" content=\"2026-04-19T05:20:23+00:00\" \/>\n<meta property=\"og:image\" content=\"https:\/\/ledana.lt\/wp-content\/uploads\/2023\/08\/galviju-mesos-nuopjovos.jpg\" \/>\n\t<meta property=\"og:image:width\" content=\"445\" \/>\n\t<meta property=\"og:image:height\" content=\"332\" \/>\n\t<meta property=\"og:image:type\" content=\"image\/jpeg\" \/>\n<meta name=\"twitter:card\" content=\"summary_large_image\" \/>\n<meta name=\"twitter:label1\" content=\"Est. reading time\" \/>\n\t<meta name=\"twitter:data1\" content=\"1 minute\" \/>\n<script type=\"application\/ld+json\" class=\"yoast-schema-graph\">{\"@context\":\"https:\\\/\\\/schema.org\",\"@graph\":[{\"@type\":\"WebPage\",\"@id\":\"https:\\\/\\\/ledana.lt\\\/lv\\\/produktas\\\/malta-jautien-juniors-and-cats\\\/\",\"url\":\"https:\\\/\\\/ledana.lt\\\/lv\\\/produktas\\\/malta-jautien-juniors-and-cats\\\/\",\"name\":\"Malta liellopu ga\u013ca - Ledana\",\"isPartOf\":{\"@id\":\"https:\\\/\\\/ledana.lt\\\/lv\\\/#website\"},\"primaryImageOfPage\":{\"@id\":\"https:\\\/\\\/ledana.lt\\\/lv\\\/produktas\\\/malta-jautien-juniors-and-cats\\\/#primaryimage\"},\"image\":{\"@id\":\"https:\\\/\\\/ledana.lt\\\/lv\\\/produktas\\\/malta-jautien-juniors-and-cats\\\/#primaryimage\"},\"thumbnailUrl\":\"https:\\\/\\\/ledana.lt\\\/wp-content\\\/uploads\\\/2023\\\/08\\\/galviju-mesos-nuopjovos.jpg\",\"datePublished\":\"2023-08-16T08:16:06+00:00\",\"dateModified\":\"2026-04-19T05:20:23+00:00\",\"breadcrumb\":{\"@id\":\"https:\\\/\\\/ledana.lt\\\/lv\\\/produktas\\\/malta-jautien-juniors-and-cats\\\/#breadcrumb\"},\"inLanguage\":\"lv-LV\",\"potentialAction\":[{\"@type\":\"ReadAction\",\"target\":[\"https:\\\/\\\/ledana.lt\\\/lv\\\/produktas\\\/malta-jautien-juniors-and-cats\\\/\"]}]},{\"@type\":\"ImageObject\",\"inLanguage\":\"lv-LV\",\"@id\":\"https:\\\/\\\/ledana.lt\\\/lv\\\/produktas\\\/malta-jautien-juniors-and-cats\\\/#primaryimage\",\"url\":\"https:\\\/\\\/ledana.lt\\\/wp-content\\\/uploads\\\/2023\\\/08\\\/galviju-mesos-nuopjovos.jpg\",\"contentUrl\":\"https:\\\/\\\/ledana.lt\\\/wp-content\\\/uploads\\\/2023\\\/08\\\/galviju-mesos-nuopjovos.jpg\",\"width\":445,\"height\":332},{\"@type\":\"BreadcrumbList\",\"@id\":\"https:\\\/\\\/ledana.lt\\\/lv\\\/produktas\\\/malta-jautien-juniors-and-cats\\\/#breadcrumb\",\"itemListElement\":[{\"@type\":\"ListItem\",\"position\":1,\"name\":\"Home\",\"item\":\"https:\\\/\\\/ledana.lt\\\/lv\\\/\"},{\"@type\":\"ListItem\",\"position\":2,\"name\":\"Parduotuv\u0117\",\"item\":\"https:\\\/\\\/ledana.lt\\\/parduotuve\\\/\"},{\"@type\":\"ListItem\",\"position\":3,\"name\":\"Malta liellopu ga\u013ca\"}]},{\"@type\":\"WebSite\",\"@id\":\"https:\\\/\\\/ledana.lt\\\/lv\\\/#website\",\"url\":\"https:\\\/\\\/ledana.lt\\\/lv\\\/\",\"name\":\"Ledana\",\"description\":\"Naturalus \u0161un\u0173 \u0117dalas\",\"publisher\":{\"@id\":\"https:\\\/\\\/ledana.lt\\\/lv\\\/#organization\"},\"potentialAction\":[{\"@type\":\"SearchAction\",\"target\":{\"@type\":\"EntryPoint\",\"urlTemplate\":\"https:\\\/\\\/ledana.lt\\\/lv\\\/?s={search_term_string}\"},\"query-input\":{\"@type\":\"PropertyValueSpecification\",\"valueRequired\":true,\"valueName\":\"search_term_string\"}}],\"inLanguage\":\"lv-LV\"},{\"@type\":\"Organization\",\"@id\":\"https:\\\/\\\/ledana.lt\\\/lv\\\/#organization\",\"name\":\"Ledana\",\"url\":\"https:\\\/\\\/ledana.lt\\\/lv\\\/\",\"logo\":{\"@type\":\"ImageObject\",\"inLanguage\":\"lv-LV\",\"@id\":\"https:\\\/\\\/ledana.lt\\\/lv\\\/#\\\/schema\\\/logo\\\/image\\\/\",\"url\":\"https:\\\/\\\/ledana.lt\\\/wp-content\\\/uploads\\\/2023\\\/08\\\/Ledana-Logo.png\",\"contentUrl\":\"https:\\\/\\\/ledana.lt\\\/wp-content\\\/uploads\\\/2023\\\/08\\\/Ledana-Logo.png\",\"width\":534,\"height\":355,\"caption\":\"Ledana\"},\"image\":{\"@id\":\"https:\\\/\\\/ledana.lt\\\/lv\\\/#\\\/schema\\\/logo\\\/image\\\/\"},\"sameAs\":[\"https:\\\/\\\/www.facebook.com\\\/uabledana\"]}]}<\/script>\n<!-- \/ Yoast SEO plugin. -->","yoast_head_json":{"title":"Malta liellopu ga\u013ca - Ledana","robots":{"index":"index","follow":"follow","max-snippet":"max-snippet:-1","max-image-preview":"max-image-preview:large","max-video-preview":"max-video-preview:-1"},"canonical":"https:\/\/ledana.lt\/lv\/produktas\/malta-jautien-juniors-and-cats\/","og_locale":"lv_LV","og_type":"article","og_title":"Malta liellopu ga\u013ca - Ledana","og_description":"Iepakots 1 kg vai 0,5 kg  Musku\u013cu audu gabali\u0146i. Pilnv\u0113rt\u012bga bar\u012bba ar zemu tauku saturu, bag\u0101ta ar miner\u0101lviel\u0101m un B grupas vitam\u012bniem.","og_url":"https:\/\/ledana.lt\/lv\/produktas\/malta-jautien-juniors-and-cats\/","og_site_name":"Ledana","article_publisher":"https:\/\/www.facebook.com\/uabledana","article_modified_time":"2026-04-19T05:20:23+00:00","og_image":[{"width":445,"height":332,"url":"https:\/\/ledana.lt\/wp-content\/uploads\/2023\/08\/galviju-mesos-nuopjovos.jpg","type":"image\/jpeg"}],"twitter_card":"summary_large_image","twitter_misc":{"Est. reading time":"1 minute"},"schema":{"@context":"https:\/\/schema.org","@graph":[{"@type":"WebPage","@id":"https:\/\/ledana.lt\/lv\/produktas\/malta-jautien-juniors-and-cats\/","url":"https:\/\/ledana.lt\/lv\/produktas\/malta-jautien-juniors-and-cats\/","name":"Malta liellopu ga\u013ca - Ledana","isPartOf":{"@id":"https:\/\/ledana.lt\/lv\/#website"},"primaryImageOfPage":{"@id":"https:\/\/ledana.lt\/lv\/produktas\/malta-jautien-juniors-and-cats\/#primaryimage"},"image":{"@id":"https:\/\/ledana.lt\/lv\/produktas\/malta-jautien-juniors-and-cats\/#primaryimage"},"thumbnailUrl":"https:\/\/ledana.lt\/wp-content\/uploads\/2023\/08\/galviju-mesos-nuopjovos.jpg","datePublished":"2023-08-16T08:16:06+00:00","dateModified":"2026-04-19T05:20:23+00:00","breadcrumb":{"@id":"https:\/\/ledana.lt\/lv\/produktas\/malta-jautien-juniors-and-cats\/#breadcrumb"},"inLanguage":"lv-LV","potentialAction":[{"@type":"ReadAction","target":["https:\/\/ledana.lt\/lv\/produktas\/malta-jautien-juniors-and-cats\/"]}]},{"@type":"ImageObject","inLanguage":"lv-LV","@id":"https:\/\/ledana.lt\/lv\/produktas\/malta-jautien-juniors-and-cats\/#primaryimage","url":"https:\/\/ledana.lt\/wp-content\/uploads\/2023\/08\/galviju-mesos-nuopjovos.jpg","contentUrl":"https:\/\/ledana.lt\/wp-content\/uploads\/2023\/08\/galviju-mesos-nuopjovos.jpg","width":445,"height":332},{"@type":"BreadcrumbList","@id":"https:\/\/ledana.lt\/lv\/produktas\/malta-jautien-juniors-and-cats\/#breadcrumb","itemListElement":[{"@type":"ListItem","position":1,"name":"Home","item":"https:\/\/ledana.lt\/lv\/"},{"@type":"ListItem","position":2,"name":"Parduotuv\u0117","item":"https:\/\/ledana.lt\/parduotuve\/"},{"@type":"ListItem","position":3,"name":"Malta liellopu ga\u013ca"}]},{"@type":"WebSite","@id":"https:\/\/ledana.lt\/lv\/#website","url":"https:\/\/ledana.lt\/lv\/","name":"Ledana","description":"Naturalus \u0161un\u0173 \u0117dalas","publisher":{"@id":"https:\/\/ledana.lt\/lv\/#organization"},"potentialAction":[{"@type":"SearchAction","target":{"@type":"EntryPoint","urlTemplate":"https:\/\/ledana.lt\/lv\/?s={search_term_string}"},"query-input":{"@type":"PropertyValueSpecification","valueRequired":true,"valueName":"search_term_string"}}],"inLanguage":"lv-LV"},{"@type":"Organization","@id":"https:\/\/ledana.lt\/lv\/#organization","name":"Ledana","url":"https:\/\/ledana.lt\/lv\/","logo":{"@type":"ImageObject","inLanguage":"lv-LV","@id":"https:\/\/ledana.lt\/lv\/#\/schema\/logo\/image\/","url":"https:\/\/ledana.lt\/wp-content\/uploads\/2023\/08\/Ledana-Logo.png","contentUrl":"https:\/\/ledana.lt\/wp-content\/uploads\/2023\/08\/Ledana-Logo.png","width":534,"height":355,"caption":"Ledana"},"image":{"@id":"https:\/\/ledana.lt\/lv\/#\/schema\/logo\/image\/"},"sameAs":["https:\/\/www.facebook.com\/uabledana"]}]}},"jetpack_sharing_enabled":true,"_links":{"self":[{"href":"https:\/\/ledana.lt\/lv\/wp-json\/wp\/v2\/product\/1144","targetHints":{"allow":["GET"]}}],"collection":[{"href":"https:\/\/ledana.lt\/lv\/wp-json\/wp\/v2\/product"}],"about":[{"href":"https:\/\/ledana.lt\/lv\/wp-json\/wp\/v2\/types\/product"}],"replies":[{"embeddable":true,"href":"https:\/\/ledana.lt\/lv\/wp-json\/wp\/v2\/comments?post=1144"}],"wp:featuredmedia":[{"embeddable":true,"href":"https:\/\/ledana.lt\/lv\/wp-json\/wp\/v2\/media\/1051"}],"wp:attachment":[{"href":"https:\/\/ledana.lt\/lv\/wp-json\/wp\/v2\/media?parent=1144"}],"wp:term":[{"taxonomy":"product_brand","embeddable":true,"href":"https:\/\/ledana.lt\/lv\/wp-json\/wp\/v2\/product_brand?post=1144"},{"taxonomy":"product_cat","embeddable":true,"href":"https:\/\/ledana.lt\/lv\/wp-json\/wp\/v2\/product_cat?post=1144"},{"taxonomy":"product_tag","embeddable":true,"href":"https:\/\/ledana.lt\/lv\/wp-json\/wp\/v2\/product_tag?post=1144"}],"curies":[{"name":"wp","href":"https:\/\/api.w.org\/{rel}","templated":true}]}}