{"id":1142,"date":"2023-08-16T19:29:07","date_gmt":"2023-08-16T16:29:07","guid":{"rendered":"https:\/\/ledana.lt\/produktas\/zala-mix-3\/"},"modified":"2026-03-30T20:41:32","modified_gmt":"2026-03-30T17:41:32","slug":"zalias-mix-3","status":"publish","type":"product","link":"https:\/\/ledana.lt\/lv\/produktas\/zalias-mix-3\/","title":{"rendered":"Maisijums MIX-3"},"content":{"rendered":"<p>&#8220;\u017d. MIX-3 ir sabalans\u0113ts un pilnv\u0113rt\u012bgs su\u0146u bar\u012bbas mais\u012bjums, kas izstr\u0101d\u0101ts, lai apmierin\u0101tu m\u0101jdz\u012bvnieku vesel\u012bbas un uzturv\u0113rt\u012bbas vajadz\u012bbas:<\/p>\n<ul>\n<li><strong>Liellopu ku\u0146\u0123i (20 %)<\/strong> ir lielisks olbaltumvielu avots, kas pal\u012bdz uztur\u0113t musku\u013cu masu un ener\u0123ijas l\u012bmeni.<\/li>\n<li><strong>Liellopu aknas (10 %)<\/strong> ir lielisks A vitam\u012bna avots, kas ir svar\u012bgs redzes, aug\u0161anas un im\u016bnsist\u0113mas atbalstam.<\/li>\n<li><strong>Liellopu sirds (10 %)<\/strong> ir lielisks koenz\u012bma Q10, taur\u012bna un B grupas vitam\u012bnu avots, kas ir svar\u012bgi sirds vesel\u012bbai.<\/li>\n<li><strong>Liellopu atgriezumi I\/r (10 %<\/strong> ) ir augstas kvalit\u0101tes olbaltumvielu avots, kas ir b\u016btisks su\u0146u aug\u0161anai un musku\u013cu uztur\u0113\u0161anai.<\/li>\n<li><strong>Liellopu daudzz\u0101\u013cu ga\u013ca (40 %<\/strong> ) ir augstas kvalit\u0101tes olbaltumvielu avots ar zemu tauku saturu, kas ir lieliski piem\u0113rots augo\u0161\u0101m un akt\u012bv\u0101m \u0161\u0137irn\u0113m.<\/li>\n<li><strong>T\u012btara kaulu pasta (5%<\/strong> ) ir dab\u012bgs kalcija un fosfora avots, kas ir \u013coti svar\u012bgi sp\u0113c\u012bgiem un veseliem kauliem.<\/li>\n<li><strong>Sviesta riekstu skvo\u0161s (5%<\/strong> ) ir lielisks \u0161\u0137iedrvielu avots, kas pal\u012bdz regul\u0113t gremo\u0161anu un ir labv\u0113l\u012bgs su\u0146iem ar gremo\u0161anas probl\u0113m\u0101m.<\/li>\n<\/ul>\n<p>\u0160\u012b formula ir izstr\u0101d\u0101ta, lai nodro\u0161in\u0101tu pilnv\u0113rt\u012bgu un sabalans\u0113tu uzturu j\u016bsu m\u0101jdz\u012bvniekam, \u0146emot v\u0113r\u0101 t\u0101 vecumu, svaru un vesel\u012bbas st\u0101vokli.<\/p>\n","protected":false},"excerpt":{"rendered":"<table>\n<thead>\n<tr>\n<th><strong>Sast\u0101vda\u013cas<\/strong><\/th>\n<th><strong>Procenti (%)<\/strong><\/th>\n<\/tr>\n<\/thead>\n<tbody>\n<tr>\n<td>Liellopu ku\u0146\u0123i<\/td>\n<td>20<\/td>\n<\/tr>\n<tr>\n<td>Liellopu aknas<\/td>\n<td>10<\/td>\n<\/tr>\n<tr>\n<td>Liellopu sirdis<\/td>\n<td>10<\/td>\n<\/tr>\n<tr>\n<td>Liellopu atgriezumi I\/r<\/td>\n<td>10<\/td>\n<\/tr>\n<tr>\n<td>Liellopu daudzu zivju ga\u013ca<\/td>\n<td>40<\/td>\n<\/tr>\n<tr>\n<td>T\u012btara kaulu pasta<\/td>\n<td>5<\/td>\n<\/tr>\n<tr>\n<td>Sviestkoka skvo\u0161s<\/td>\n<td>5<\/td>\n<\/tr>\n<\/tbody>\n<\/table>\n<p>Fr\u0113z\u0113\u0161ana 25-30 mm.<\/p>\n","protected":false},"featured_media":1089,"comment_status":"open","ping_status":"closed","template":"","meta":{"_acf_changed":false},"product_brand":[],"product_cat":[43],"product_tag":[],"class_list":{"0":"post-1142","1":"product","2":"type-product","3":"status-publish","4":"has-post-thumbnail","6":"product_cat-maisijumi-lv","8":"first","9":"instock","10":"taxable","11":"shipping-taxable","12":"purchasable","13":"product-type-simple"},"acf":[],"yoast_head":"<!-- This site is optimized with the Yoast SEO plugin v26.8 - https:\/\/yoast.com\/product\/yoast-seo-wordpress\/ -->\n<title>Maisijums MIX-3 - Ledana<\/title>\n<meta name=\"robots\" content=\"index, follow, max-snippet:-1, max-image-preview:large, max-video-preview:-1\" \/>\n<link rel=\"canonical\" href=\"https:\/\/ledana.lt\/lv\/produktas\/zalias-mix-3\/\" \/>\n<meta property=\"og:locale\" content=\"lv_LV\" \/>\n<meta property=\"og:type\" content=\"article\" \/>\n<meta property=\"og:title\" content=\"Maisijums MIX-3 - Ledana\" \/>\n<meta property=\"og:description\" content=\"Sast\u0101vda\u013cas Procenti (%)     Liellopu ku\u0146\u0123i 20   Liellopu aknas 10   Liellopu sirdis 10   Liellopu atgriezumi I\/r 10   Liellopu daudzu zivju ga\u013ca 40   T\u012btara kaulu pasta 5   Sviestkoka skvo\u0161s 5    Fr\u0113z\u0113\u0161ana 25-30 mm.\" \/>\n<meta property=\"og:url\" content=\"https:\/\/ledana.lt\/lv\/produktas\/zalias-mix-3\/\" \/>\n<meta property=\"og:site_name\" content=\"Ledana\" \/>\n<meta property=\"article:publisher\" content=\"https:\/\/www.facebook.com\/uabledana\" \/>\n<meta property=\"article:modified_time\" content=\"2026-03-30T17:41:32+00:00\" \/>\n<meta property=\"og:image\" content=\"https:\/\/ledana.lt\/wp-content\/uploads\/2023\/08\/DSC3692-copy-scaled.jpg\" \/>\n\t<meta property=\"og:image:width\" content=\"2560\" \/>\n\t<meta property=\"og:image:height\" content=\"1708\" \/>\n\t<meta property=\"og:image:type\" content=\"image\/jpeg\" \/>\n<meta name=\"twitter:card\" content=\"summary_large_image\" \/>\n<meta name=\"twitter:label1\" content=\"Est. reading time\" \/>\n\t<meta name=\"twitter:data1\" content=\"1 minute\" \/>\n<script type=\"application\/ld+json\" class=\"yoast-schema-graph\">{\"@context\":\"https:\/\/schema.org\",\"@graph\":[{\"@type\":\"WebPage\",\"@id\":\"https:\/\/ledana.lt\/lv\/produktas\/zalias-mix-3\/\",\"url\":\"https:\/\/ledana.lt\/lv\/produktas\/zalias-mix-3\/\",\"name\":\"Maisijums MIX-3 - Ledana\",\"isPartOf\":{\"@id\":\"https:\/\/ledana.lt\/lv\/#website\"},\"primaryImageOfPage\":{\"@id\":\"https:\/\/ledana.lt\/lv\/produktas\/zalias-mix-3\/#primaryimage\"},\"image\":{\"@id\":\"https:\/\/ledana.lt\/lv\/produktas\/zalias-mix-3\/#primaryimage\"},\"thumbnailUrl\":\"https:\/\/ledana.lt\/wp-content\/uploads\/2023\/08\/DSC3692-copy-scaled.jpg\",\"datePublished\":\"2023-08-16T16:29:07+00:00\",\"dateModified\":\"2026-03-30T17:41:32+00:00\",\"breadcrumb\":{\"@id\":\"https:\/\/ledana.lt\/lv\/produktas\/zalias-mix-3\/#breadcrumb\"},\"inLanguage\":\"lv-LV\",\"potentialAction\":[{\"@type\":\"ReadAction\",\"target\":[\"https:\/\/ledana.lt\/lv\/produktas\/zalias-mix-3\/\"]}]},{\"@type\":\"ImageObject\",\"inLanguage\":\"lv-LV\",\"@id\":\"https:\/\/ledana.lt\/lv\/produktas\/zalias-mix-3\/#primaryimage\",\"url\":\"https:\/\/ledana.lt\/wp-content\/uploads\/2023\/08\/DSC3692-copy-scaled.jpg\",\"contentUrl\":\"https:\/\/ledana.lt\/wp-content\/uploads\/2023\/08\/DSC3692-copy-scaled.jpg\",\"width\":2560,\"height\":1708},{\"@type\":\"BreadcrumbList\",\"@id\":\"https:\/\/ledana.lt\/lv\/produktas\/zalias-mix-3\/#breadcrumb\",\"itemListElement\":[{\"@type\":\"ListItem\",\"position\":1,\"name\":\"Home\",\"item\":\"https:\/\/ledana.lt\/lv\/\"},{\"@type\":\"ListItem\",\"position\":2,\"name\":\"Parduotuv\u0117\",\"item\":\"https:\/\/ledana.lt\/parduotuve\/\"},{\"@type\":\"ListItem\",\"position\":3,\"name\":\"Maisijums MIX-3\"}]},{\"@type\":\"WebSite\",\"@id\":\"https:\/\/ledana.lt\/lv\/#website\",\"url\":\"https:\/\/ledana.lt\/lv\/\",\"name\":\"Ledana\",\"description\":\"Naturalus \u0161un\u0173 \u0117dalas\",\"publisher\":{\"@id\":\"https:\/\/ledana.lt\/lv\/#organization\"},\"potentialAction\":[{\"@type\":\"SearchAction\",\"target\":{\"@type\":\"EntryPoint\",\"urlTemplate\":\"https:\/\/ledana.lt\/lv\/?s={search_term_string}\"},\"query-input\":{\"@type\":\"PropertyValueSpecification\",\"valueRequired\":true,\"valueName\":\"search_term_string\"}}],\"inLanguage\":\"lv-LV\"},{\"@type\":\"Organization\",\"@id\":\"https:\/\/ledana.lt\/lv\/#organization\",\"name\":\"Ledana\",\"url\":\"https:\/\/ledana.lt\/lv\/\",\"logo\":{\"@type\":\"ImageObject\",\"inLanguage\":\"lv-LV\",\"@id\":\"https:\/\/ledana.lt\/lv\/#\/schema\/logo\/image\/\",\"url\":\"https:\/\/ledana.lt\/wp-content\/uploads\/2023\/08\/Ledana-Logo.png\",\"contentUrl\":\"https:\/\/ledana.lt\/wp-content\/uploads\/2023\/08\/Ledana-Logo.png\",\"width\":534,\"height\":355,\"caption\":\"Ledana\"},\"image\":{\"@id\":\"https:\/\/ledana.lt\/lv\/#\/schema\/logo\/image\/\"},\"sameAs\":[\"https:\/\/www.facebook.com\/uabledana\"]}]}<\/script>\n<!-- \/ Yoast SEO plugin. -->","yoast_head_json":{"title":"Maisijums MIX-3 - Ledana","robots":{"index":"index","follow":"follow","max-snippet":"max-snippet:-1","max-image-preview":"max-image-preview:large","max-video-preview":"max-video-preview:-1"},"canonical":"https:\/\/ledana.lt\/lv\/produktas\/zalias-mix-3\/","og_locale":"lv_LV","og_type":"article","og_title":"Maisijums MIX-3 - Ledana","og_description":"Sast\u0101vda\u013cas Procenti (%)     Liellopu ku\u0146\u0123i 20   Liellopu aknas 10   Liellopu sirdis 10   Liellopu atgriezumi I\/r 10   Liellopu daudzu zivju ga\u013ca 40   T\u012btara kaulu pasta 5   Sviestkoka skvo\u0161s 5    Fr\u0113z\u0113\u0161ana 25-30 mm.","og_url":"https:\/\/ledana.lt\/lv\/produktas\/zalias-mix-3\/","og_site_name":"Ledana","article_publisher":"https:\/\/www.facebook.com\/uabledana","article_modified_time":"2026-03-30T17:41:32+00:00","og_image":[{"width":2560,"height":1708,"url":"https:\/\/ledana.lt\/wp-content\/uploads\/2023\/08\/DSC3692-copy-scaled.jpg","type":"image\/jpeg"}],"twitter_card":"summary_large_image","twitter_misc":{"Est. reading time":"1 minute"},"schema":{"@context":"https:\/\/schema.org","@graph":[{"@type":"WebPage","@id":"https:\/\/ledana.lt\/lv\/produktas\/zalias-mix-3\/","url":"https:\/\/ledana.lt\/lv\/produktas\/zalias-mix-3\/","name":"Maisijums MIX-3 - Ledana","isPartOf":{"@id":"https:\/\/ledana.lt\/lv\/#website"},"primaryImageOfPage":{"@id":"https:\/\/ledana.lt\/lv\/produktas\/zalias-mix-3\/#primaryimage"},"image":{"@id":"https:\/\/ledana.lt\/lv\/produktas\/zalias-mix-3\/#primaryimage"},"thumbnailUrl":"https:\/\/ledana.lt\/wp-content\/uploads\/2023\/08\/DSC3692-copy-scaled.jpg","datePublished":"2023-08-16T16:29:07+00:00","dateModified":"2026-03-30T17:41:32+00:00","breadcrumb":{"@id":"https:\/\/ledana.lt\/lv\/produktas\/zalias-mix-3\/#breadcrumb"},"inLanguage":"lv-LV","potentialAction":[{"@type":"ReadAction","target":["https:\/\/ledana.lt\/lv\/produktas\/zalias-mix-3\/"]}]},{"@type":"ImageObject","inLanguage":"lv-LV","@id":"https:\/\/ledana.lt\/lv\/produktas\/zalias-mix-3\/#primaryimage","url":"https:\/\/ledana.lt\/wp-content\/uploads\/2023\/08\/DSC3692-copy-scaled.jpg","contentUrl":"https:\/\/ledana.lt\/wp-content\/uploads\/2023\/08\/DSC3692-copy-scaled.jpg","width":2560,"height":1708},{"@type":"BreadcrumbList","@id":"https:\/\/ledana.lt\/lv\/produktas\/zalias-mix-3\/#breadcrumb","itemListElement":[{"@type":"ListItem","position":1,"name":"Home","item":"https:\/\/ledana.lt\/lv\/"},{"@type":"ListItem","position":2,"name":"Parduotuv\u0117","item":"https:\/\/ledana.lt\/parduotuve\/"},{"@type":"ListItem","position":3,"name":"Maisijums MIX-3"}]},{"@type":"WebSite","@id":"https:\/\/ledana.lt\/lv\/#website","url":"https:\/\/ledana.lt\/lv\/","name":"Ledana","description":"Naturalus \u0161un\u0173 \u0117dalas","publisher":{"@id":"https:\/\/ledana.lt\/lv\/#organization"},"potentialAction":[{"@type":"SearchAction","target":{"@type":"EntryPoint","urlTemplate":"https:\/\/ledana.lt\/lv\/?s={search_term_string}"},"query-input":{"@type":"PropertyValueSpecification","valueRequired":true,"valueName":"search_term_string"}}],"inLanguage":"lv-LV"},{"@type":"Organization","@id":"https:\/\/ledana.lt\/lv\/#organization","name":"Ledana","url":"https:\/\/ledana.lt\/lv\/","logo":{"@type":"ImageObject","inLanguage":"lv-LV","@id":"https:\/\/ledana.lt\/lv\/#\/schema\/logo\/image\/","url":"https:\/\/ledana.lt\/wp-content\/uploads\/2023\/08\/Ledana-Logo.png","contentUrl":"https:\/\/ledana.lt\/wp-content\/uploads\/2023\/08\/Ledana-Logo.png","width":534,"height":355,"caption":"Ledana"},"image":{"@id":"https:\/\/ledana.lt\/lv\/#\/schema\/logo\/image\/"},"sameAs":["https:\/\/www.facebook.com\/uabledana"]}]}},"jetpack_sharing_enabled":true,"_links":{"self":[{"href":"https:\/\/ledana.lt\/lv\/wp-json\/wp\/v2\/product\/1142","targetHints":{"allow":["GET"]}}],"collection":[{"href":"https:\/\/ledana.lt\/lv\/wp-json\/wp\/v2\/product"}],"about":[{"href":"https:\/\/ledana.lt\/lv\/wp-json\/wp\/v2\/types\/product"}],"replies":[{"embeddable":true,"href":"https:\/\/ledana.lt\/lv\/wp-json\/wp\/v2\/comments?post=1142"}],"wp:featuredmedia":[{"embeddable":true,"href":"https:\/\/ledana.lt\/lv\/wp-json\/wp\/v2\/media\/1089"}],"wp:attachment":[{"href":"https:\/\/ledana.lt\/lv\/wp-json\/wp\/v2\/media?parent=1142"}],"wp:term":[{"taxonomy":"product_brand","embeddable":true,"href":"https:\/\/ledana.lt\/lv\/wp-json\/wp\/v2\/product_brand?post=1142"},{"taxonomy":"product_cat","embeddable":true,"href":"https:\/\/ledana.lt\/lv\/wp-json\/wp\/v2\/product_cat?post=1142"},{"taxonomy":"product_tag","embeddable":true,"href":"https:\/\/ledana.lt\/lv\/wp-json\/wp\/v2\/product_tag?post=1142"}],"curies":[{"name":"wp","href":"https:\/\/api.w.org\/{rel}","templated":true}]}}