{"id":1136,"date":"2023-08-17T08:58:00","date_gmt":"2023-08-17T05:58:00","guid":{"rendered":"https:\/\/ledana.lt\/piegade\/"},"modified":"2025-11-07T07:22:34","modified_gmt":"2025-11-07T05:22:34","slug":"piegade","status":"publish","type":"page","link":"https:\/\/ledana.lt\/lv\/piegade\/","title":{"rendered":"Pieg\u0101de"},"content":{"rendered":"\t\t<div data-elementor-type=\"wp-page\" data-elementor-id=\"1136\" class=\"elementor elementor-1136 elementor-578\" data-elementor-post-type=\"page\">\n\t\t\t\t<div class=\"elementor-element elementor-element-1a99240 e-flex e-con-boxed lakit-col-width-auto-no e-container e-root-container elementor-top-section e-con e-parent\" data-id=\"1a99240\" data-element_type=\"container\" data-e-type=\"container\">\n\t\t\t\t\t<div class=\"e-con-inner\">\n\t\t\t\t<div class=\"elementor-element elementor-element-fdf7361 elementor-widget elementor-widget-text-editor\" data-id=\"fdf7361\" data-element_type=\"widget\" data-e-type=\"widget\" data-widget_type=\"text-editor.default\">\n\t\t\t\t<div class=\"elementor-widget-container\">\n\t\t\t\t\t\t\t\t\t<h1><strong>Pirc\u0113jiem no LATVIJAS<br \/><\/strong><\/h1><h5><strong>Pieg\u0101de R\u012bg\u0101 tiek veikta Bauskas-Kekavas ce\u013c\u0101 un 3 viet\u0101s R\u012aG\u0100: Vien\u012bbas gatve 113, Elijas iela 21, B\u0113rzaunes iela 13\/1 \u2013 otrdien\u0101s.<\/strong><br \/><strong>Ceturtdien\u0101s \u2013 Ogr\u0113, R\u012bg\u0101, Il\u016bkstes iel\u0101 107, degvielas uzpildes stacij\u0101 \u201eVir\u0161i\u201c (pie Kekavas).<\/strong><br \/><strong>Pieg\u0101de uz Daugavpili \u2013 viena vieta: T\/C DEPO autost\u0101vviet\u0101, no plkst. 12:00 l\u012bdz 13:00, reizi 4 ned\u0113\u013c\u0101s.<\/strong><\/h5><h5><strong>R\u0113\u0137inu izrakst\u0101m oblig\u0101ti, t\u0101d\u0113\u013c, l\u016bdzu, nor\u0101diet v\u0101rdu, uzv\u0101rdu, t\u0101lru\u0146a numuru, e-pasta adresi.<\/strong><br \/><strong>Pirmo pas\u016bt\u012bjumu v\u0113lams veikt pa t\u0101lruni +37061247377 vai +37069889409, lai preciz\u0113tu visus jaut\u0101jumus par apmaksu un pieg\u0101di.<\/strong><\/h5><h5><strong>Apmaksa tiek veikta ar bankas p\u0101rskait\u012bjumu, skaidr\u0101 naud\u0101 vai ar bankas karti tikai pas\u016bt\u012bjuma pieg\u0101des br\u012bd\u012b.<\/strong><\/h5><h5><strong>Pieg\u0101des datumi un laiki ir nor\u0101d\u012bti mar\u0161rutos, un tie ir nemain\u012bgi jebkur\u0101 gadalaik\u0101.<\/strong><br \/><strong>Pieg\u0101des cena uz Latviju: 10\u201320 kg \u2013 5,0 EUR, 21\u201350 kg \u2013 0,25 EUR\/kg, virs 51 kg \u2013 0,20 EUR\/kg.<\/strong><\/h5><p><span style=\"color: #ff0000;\"><strong>Ja v\u0113laties uzzin\u0101t, kad un uz kur\u0101m viet\u0101m tiks pieg\u0101d\u0101ta j\u016bsu s\u016bt\u012bjums, varat pievienoties <span style=\"color: #339966;\"><a style=\"color: #339966;\" href=\"https:\/\/wa.me\/37129594910\">WhatsApp: +37129594910<\/a><\/span>\u00a0 \u2013 Julia V.. Tur atrad\u012bsiet visu inform\u0101ciju latvie\u0161u valod\u0101.<\/strong><\/span><\/p><p><strong>KEPA RAW EOOD LV jau sesto gadu p\u0101rst\u0101v uzni\u0113mumu LEDANA Latvij\u0101 nodro\u0161ina produkcijas<\/strong> <strong>pieg\u0101di ar kurjeru vis\u0101 Latvij\u0101<\/strong><\/p><p><strong>Cenas LEDANA produkcijai Latvij\u0101 ir redzamas<\/strong> <strong>www.kepafood.lv e-veikal\u0101,Brivibas iela 39,OGRE&#8221;\u0136EPA&#8221;,Nomet\u0146u iel\u0101 64,\u0100genskalna tirg\u016b,2.st\u0101v\u0101,R\u012bg\u0101<\/strong><\/p><p><strong>Par liel\u0101kiem pas\u016btijumiem sazn\u0101ties ar Lasmu +37126464136<\/strong><\/p><p>I. Pas\u016bt\u012bjuma iesnieg\u0161ana:<\/p><ul><li>Izstr\u0101d\u0101jumus varat pas\u016bt\u012bt m\u016bsu tie\u0161saistes veikal\u0101 vai zvanot uz zem\u0101k nor\u0101d\u012bto t\u0101lru\u0146a numuru.<\/li><li>M\u0113s garant\u0113jam pieg\u0101di, ja pas\u016bt\u012bjumu veicat l\u012bdz plkst. 15:00 darba dien\u0101 pirms iera\u0161an\u0101s dienas.<\/li><li>Pirc\u0113js par pieg\u0101di tiek inform\u0113ts pa t\u0101lruni 10-15 min\u016btes iepriek\u0161.<\/li><li>Ja jums ir nepiecie\u0161ams pirkuma dokuments (lai pamatotu izmaksas vai samaks\u0101tu ar bankas p\u0101rskait\u012bjumu), pas\u016bt\u012bjum\u0101 nor\u0101diet, ka jums ir nepiecie\u0161ams PVN r\u0113\u0137ins.<\/li><li>Ja pirc\u0113js neatbild uz zvanu, kurjers dodas pie n\u0101kam\u0101 pirc\u0113ja un vairs neatgrie\u017eas.<\/li><li>Klientu apkalpo\u0161anai atv\u0113l\u0113tais laiks ir 5 min\u016btes.<\/li><\/ul><p><strong>II. Pieg\u0101d\u0101jamie daudzumi, cenas un termi\u0146i<\/strong><\/p><ul><li>Minim\u0101lais pas\u016bt\u012bjuma daudzums ir 10 kg<\/li><li>Izv\u0113lieties pieg\u0101des laiku, noklik\u0161\u0137inot uz bulti\u0146as zem\u0101k redzamaj\u0101 mar\u0161ruta sait\u0113.<br \/><br \/><h3><strong>Pieg\u0101des mar\u0161ruti :<\/strong><\/h3><\/li><\/ul>\t\t\t\t\t\t\t\t<\/div>\n\t\t\t\t<\/div>\n\t\t\t\t<div class=\"elementor-element elementor-element-c0d2f43 elementor-widget elementor-widget-n-accordion\" data-id=\"c0d2f43\" data-element_type=\"widget\" data-e-type=\"widget\" data-settings=\"{&quot;default_state&quot;:&quot;all_collapsed&quot;,&quot;max_items_expended&quot;:&quot;one&quot;,&quot;n_accordion_animation_duration&quot;:{&quot;unit&quot;:&quot;ms&quot;,&quot;size&quot;:400,&quot;sizes&quot;:[]}}\" data-widget_type=\"nested-accordion.default\">\n\t\t\t\t<div class=\"elementor-widget-container\">\n\t\t\t\t\t\t\t<div class=\"e-n-accordion\" aria-label=\"Accordion. Open links with Enter or Space, close with Escape, and navigate with Arrow Keys\">\n\t\t\t\t\t\t<details id=\"e-n-accordion-item-2020\" class=\"e-n-accordion-item\" >\n\t\t\t\t<summary class=\"e-n-accordion-item-title\" data-accordion-index=\"1\" tabindex=\"0\" aria-expanded=\"false\" aria-controls=\"e-n-accordion-item-2020\" >\n\t\t\t\t\t<span class='e-n-accordion-item-title-header'><div class=\"e-n-accordion-item-title-text\"> DAUGAVPILS <\/div><\/span>\n\t\t\t\t\t\t\t<span class='e-n-accordion-item-title-icon'>\n\t\t\t<span class='e-opened' ><svg aria-hidden=\"true\" class=\"e-font-icon-svg e-fas-minus\" viewBox=\"0 0 448 512\" xmlns=\"http:\/\/www.w3.org\/2000\/svg\"><path d=\"M416 208H32c-17.67 0-32 14.33-32 32v32c0 17.67 14.33 32 32 32h384c17.67 0 32-14.33 32-32v-32c0-17.67-14.33-32-32-32z\"><\/path><\/svg><\/span>\n\t\t\t<span class='e-closed'><svg aria-hidden=\"true\" class=\"e-font-icon-svg e-fas-plus\" viewBox=\"0 0 448 512\" xmlns=\"http:\/\/www.w3.org\/2000\/svg\"><path d=\"M416 208H272V64c0-17.67-14.33-32-32-32h-32c-17.67 0-32 14.33-32 32v144H32c-17.67 0-32 14.33-32 32v32c0 17.67 14.33 32 32 32h144v144c0 17.67 14.33 32 32 32h32c17.67 0 32-14.33 32-32V304h144c17.67 0 32-14.33 32-32v-32c0-17.67-14.33-32-32-32z\"><\/path><\/svg><\/span>\n\t\t<\/span>\n\n\t\t\t\t\t\t<\/summary>\n\t\t\t\t<div role=\"region\" aria-labelledby=\"e-n-accordion-item-2020\" class=\"elementor-element elementor-element-5b084d8 e-flex e-con-boxed lakit-col-width-auto-no e-container e-con e-child\" data-id=\"5b084d8\" data-element_type=\"container\" data-e-type=\"container\">\n\t\t\t\t\t<div class=\"e-con-inner\">\n\t\t\t\t<div class=\"elementor-element elementor-element-eae9723 elementor-widget elementor-widget-heading\" data-id=\"eae9723\" data-element_type=\"widget\" data-e-type=\"widget\" data-widget_type=\"heading.default\">\n\t\t\t\t<div class=\"elementor-widget-container\">\n\t\t\t\t\t<h2 class=\"elementor-heading-title elementor-size-default\">Pieg\u0101des termi\u0146i:<\/h2>\t\t\t\t<\/div>\n\t\t\t\t<\/div>\n\t\t\t\t<div class=\"elementor-element elementor-element-b771420 elementor-widget elementor-widget-text-editor\" data-id=\"b771420\" data-element_type=\"widget\" data-e-type=\"widget\" data-widget_type=\"text-editor.default\">\n\t\t\t\t<div class=\"elementor-widget-container\">\n\t\t\t\t\t\t\t\t\t24 apr\u012blis\t\t\t\t\t\t\t\t<\/div>\n\t\t\t\t<\/div>\n\t\t\t\t\t<\/div>\n\t\t\t\t<\/div>\n\t\t\t\t\t<\/details>\n\t\t\t\t\t\t<details id=\"e-n-accordion-item-2021\" class=\"e-n-accordion-item\" >\n\t\t\t\t<summary class=\"e-n-accordion-item-title\" data-accordion-index=\"2\" tabindex=\"-1\" aria-expanded=\"false\" aria-controls=\"e-n-accordion-item-2021\" >\n\t\t\t\t\t<span class='e-n-accordion-item-title-header'><div class=\"e-n-accordion-item-title-text\"> Uz R\u012bgu - Katru otro otrdiena <\/div><\/span>\n\t\t\t\t\t\t\t<span class='e-n-accordion-item-title-icon'>\n\t\t\t<span class='e-opened' ><svg aria-hidden=\"true\" class=\"e-font-icon-svg e-fas-minus\" viewBox=\"0 0 448 512\" xmlns=\"http:\/\/www.w3.org\/2000\/svg\"><path d=\"M416 208H32c-17.67 0-32 14.33-32 32v32c0 17.67 14.33 32 32 32h384c17.67 0 32-14.33 32-32v-32c0-17.67-14.33-32-32-32z\"><\/path><\/svg><\/span>\n\t\t\t<span class='e-closed'><svg aria-hidden=\"true\" class=\"e-font-icon-svg e-fas-plus\" viewBox=\"0 0 448 512\" xmlns=\"http:\/\/www.w3.org\/2000\/svg\"><path d=\"M416 208H272V64c0-17.67-14.33-32-32-32h-32c-17.67 0-32 14.33-32 32v144H32c-17.67 0-32 14.33-32 32v32c0 17.67 14.33 32 32 32h144v144c0 17.67 14.33 32 32 32h32c17.67 0 32-14.33 32-32V304h144c17.67 0 32-14.33 32-32v-32c0-17.67-14.33-32-32-32z\"><\/path><\/svg><\/span>\n\t\t<\/span>\n\n\t\t\t\t\t\t<\/summary>\n\t\t\t\t<div role=\"region\" aria-labelledby=\"e-n-accordion-item-2021\" class=\"elementor-element elementor-element-677dd15 e-flex e-con-boxed lakit-col-width-auto-no e-container e-con e-child\" data-id=\"677dd15\" data-element_type=\"container\" data-e-type=\"container\">\n\t\t\t\t\t<div class=\"e-con-inner\">\n\t\t\t\t<div class=\"elementor-element elementor-element-26914a4 elementor-widget elementor-widget-heading\" data-id=\"26914a4\" data-element_type=\"widget\" data-e-type=\"widget\" data-widget_type=\"heading.default\">\n\t\t\t\t<div class=\"elementor-widget-container\">\n\t\t\t\t\t<h2 class=\"elementor-heading-title elementor-size-default\">Pieg\u0101des termi\u0146i:<\/h2>\t\t\t\t<\/div>\n\t\t\t\t<\/div>\n\t\t\t\t<div class=\"elementor-element elementor-element-a3b1ad7 elementor-widget elementor-widget-text-editor\" data-id=\"a3b1ad7\" data-element_type=\"widget\" data-e-type=\"widget\" data-widget_type=\"text-editor.default\">\n\t\t\t\t<div class=\"elementor-widget-container\">\n\t\t\t\t\t\t\t\t\t21 apr\u012blis\t\t\t\t\t\t\t\t<\/div>\n\t\t\t\t<\/div>\n\t\t\t\t<div class=\"elementor-element elementor-element-ee5c4b7 elementor-widget elementor-widget-text-editor\" data-id=\"ee5c4b7\" data-element_type=\"widget\" data-e-type=\"widget\" data-widget_type=\"text-editor.default\">\n\t\t\t\t<div class=\"elementor-widget-container\">\n\t\t\t\t\t\t\t\t\t<p><strong>Katru otro otrdienu<\/strong><\/p><table><thead><tr><th>\u00a0<\/th><th><strong>Laiks<\/strong><\/th><\/tr><\/thead><tbody><tr><td>Panev\u0117\u017eys<br \/>R\u012bga Vien\u012bbas iela 113 PC MAXIMA<br \/>Elijas iela 21 LKF<br \/>Berzaunes 13\/1 PC DOMINA<br \/>Kekava<\/td><td>08:00<br \/>10:30-11:00<br \/>12:00-12:30<br \/>13:00-14:00<br \/>14:30<\/td><\/tr><\/tbody><\/table>\t\t\t\t\t\t\t\t<\/div>\n\t\t\t\t<\/div>\n\t\t\t\t\t<\/div>\n\t\t\t\t<\/div>\n\t\t\t\t\t<\/details>\n\t\t\t\t\t\t<details id=\"e-n-accordion-item-2022\" class=\"e-n-accordion-item\" >\n\t\t\t\t<summary class=\"e-n-accordion-item-title\" data-accordion-index=\"3\" tabindex=\"-1\" aria-expanded=\"false\" aria-controls=\"e-n-accordion-item-2022\" >\n\t\t\t\t\t<span class='e-n-accordion-item-title-header'><div class=\"e-n-accordion-item-title-text\"> Uz R\u012bgu, Ogre -Katru otro ceturtdiena <\/div><\/span>\n\t\t\t\t\t\t\t<span class='e-n-accordion-item-title-icon'>\n\t\t\t<span class='e-opened' ><svg aria-hidden=\"true\" class=\"e-font-icon-svg e-fas-minus\" viewBox=\"0 0 448 512\" xmlns=\"http:\/\/www.w3.org\/2000\/svg\"><path d=\"M416 208H32c-17.67 0-32 14.33-32 32v32c0 17.67 14.33 32 32 32h384c17.67 0 32-14.33 32-32v-32c0-17.67-14.33-32-32-32z\"><\/path><\/svg><\/span>\n\t\t\t<span class='e-closed'><svg aria-hidden=\"true\" class=\"e-font-icon-svg e-fas-plus\" viewBox=\"0 0 448 512\" xmlns=\"http:\/\/www.w3.org\/2000\/svg\"><path d=\"M416 208H272V64c0-17.67-14.33-32-32-32h-32c-17.67 0-32 14.33-32 32v144H32c-17.67 0-32 14.33-32 32v32c0 17.67 14.33 32 32 32h144v144c0 17.67 14.33 32 32 32h32c17.67 0 32-14.33 32-32V304h144c17.67 0 32-14.33 32-32v-32c0-17.67-14.33-32-32-32z\"><\/path><\/svg><\/span>\n\t\t<\/span>\n\n\t\t\t\t\t\t<\/summary>\n\t\t\t\t<div role=\"region\" aria-labelledby=\"e-n-accordion-item-2022\" class=\"elementor-element elementor-element-5014142 e-flex e-con-boxed lakit-col-width-auto-no e-container e-con e-child\" data-id=\"5014142\" data-element_type=\"container\" data-e-type=\"container\">\n\t\t\t\t\t<div class=\"e-con-inner\">\n\t\t\t\t<div class=\"elementor-element elementor-element-23e910f elementor-widget elementor-widget-heading\" data-id=\"23e910f\" data-element_type=\"widget\" data-e-type=\"widget\" data-widget_type=\"heading.default\">\n\t\t\t\t<div class=\"elementor-widget-container\">\n\t\t\t\t\t<h2 class=\"elementor-heading-title elementor-size-default\">Pieg\u0101des termi\u0146i:<\/h2>\t\t\t\t<\/div>\n\t\t\t\t<\/div>\n\t\t\t\t<div class=\"elementor-element elementor-element-81afba2 elementor-widget elementor-widget-text-editor\" data-id=\"81afba2\" data-element_type=\"widget\" data-e-type=\"widget\" data-widget_type=\"text-editor.default\">\n\t\t\t\t<div class=\"elementor-widget-container\">\n\t\t\t\t\t\t\t\t\t30 apr\u012blis\t\t\t\t\t\t\t\t<\/div>\n\t\t\t\t<\/div>\n\t\t\t\t<div class=\"elementor-element elementor-element-7fb7859 elementor-widget elementor-widget-text-editor\" data-id=\"7fb7859\" data-element_type=\"widget\" data-e-type=\"widget\" data-widget_type=\"text-editor.default\">\n\t\t\t\t<div class=\"elementor-widget-container\">\n\t\t\t\t\t\t\t\t\t<p><strong>Katru otro ceturtdienu<\/strong><\/p><table><thead><tr><th>\u00a0<\/th><th><strong>Laiks<\/strong><\/th><\/tr><\/thead><tbody><tr><td><p>Panev\u0117\u017eys<br \/>Paliuniskis<br \/>Vabalninkas<br \/>Bir\u017eai<br \/>Ogre<br \/>Ulbroka\u00a0 \u00a0 \u00a0 12:00<\/p><p>Riga Ilukstes 107 K1\u00a0 \u00a0 \u00a0 \u00a0 12:30\u00a0 \u00a0MAXIMA parking(Salu tilts roundabout)\u00a0 13-13:30(approx.)\u00a0 \u00a0 \u00a0 \u00a0<\/p><p>Kekava (Vir\u0161i)\u00a0 \u00a0 \u00a0 \u00a0 \u00a014:00<\/p><\/td><td><p>09:00<br \/>09:30<br \/>10:00<br \/>10:30<br \/>11:30<\/p><\/td><\/tr><\/tbody><\/table>\t\t\t\t\t\t\t\t<\/div>\n\t\t\t\t<\/div>\n\t\t\t\t\t<\/div>\n\t\t\t\t<\/div>\n\t\t\t\t\t<\/details>\n\t\t\t\t\t<\/div>\n\t\t\t\t\t\t<\/div>\n\t\t\t\t<\/div>\n\t\t\t\t\t<\/div>\n\t\t\t\t<\/div>\n\t\t<div class=\"elementor-element elementor-element-9b9bb30 e-flex e-con-boxed lakit-col-width-auto-no e-container e-root-container elementor-top-section e-con e-parent\" data-id=\"9b9bb30\" data-element_type=\"container\" data-e-type=\"container\">\n\t\t\t\t\t<div class=\"e-con-inner\">\n\t\t\t\t<div class=\"elementor-element elementor-element-12ed336 elementor-widget elementor-widget-spacer\" data-id=\"12ed336\" data-element_type=\"widget\" data-e-type=\"widget\" data-widget_type=\"spacer.default\">\n\t\t\t\t<div class=\"elementor-widget-container\">\n\t\t\t\t\t\t\t<div class=\"elementor-spacer\">\n\t\t\t<div class=\"elementor-spacer-inner\"><\/div>\n\t\t<\/div>\n\t\t\t\t\t\t<\/div>\n\t\t\t\t<\/div>\n\t\t\t\t\t<\/div>\n\t\t\t\t<\/div>\n\t\t\t\t<\/div>\n\t\t","protected":false},"excerpt":{"rendered":"<p>Pirc\u0113jiem no LATVIJAS Pieg\u0101de R\u012bg\u0101 tiek veikta Bauskas-Kekavas ce\u013c\u0101 un 3 viet\u0101s R\u012aG\u0100: Vien\u012bbas gatve 113, Elijas iela 21, B\u0113rzaunes iela 13\/1 \u2013 otrdien\u0101s.Ceturtdien\u0101s \u2013 Ogr\u0113, R\u012bg\u0101, Il\u016bkstes iel\u0101 107, degvielas uzpildes stacij\u0101 \u201eVir\u0161i\u201c (pie Kekavas).Pieg\u0101de uz Daugavpili \u2013 viena vieta: T\/C DEPO autost\u0101vviet\u0101, no plkst. 12:00 l\u012bdz 13:00, reizi 4&hellip;<\/p>\n","protected":false},"author":1,"featured_media":0,"parent":0,"menu_order":0,"comment_status":"closed","ping_status":"closed","template":"","meta":{"_acf_changed":false,"footnotes":""},"class_list":["post-1136","page","type-page","status-publish","hentry"],"acf":[],"yoast_head":"<!-- This site is optimized with the Yoast SEO plugin v27.3 - https:\/\/yoast.com\/product\/yoast-seo-wordpress\/ -->\n<title>Pieg\u0101de - Ledana<\/title>\n<meta name=\"robots\" content=\"index, follow, max-snippet:-1, max-image-preview:large, max-video-preview:-1\" \/>\n<link rel=\"canonical\" href=\"https:\/\/ledana.lt\/lv\/piegade\/\" \/>\n<meta property=\"og:locale\" content=\"lv_LV\" \/>\n<meta property=\"og:type\" content=\"article\" \/>\n<meta property=\"og:title\" content=\"Pieg\u0101de - Ledana\" \/>\n<meta property=\"og:description\" content=\"Pirc\u0113jiem no LATVIJAS Pieg\u0101de R\u012bg\u0101 tiek veikta Bauskas-Kekavas ce\u013c\u0101 un 3 viet\u0101s R\u012aG\u0100: Vien\u012bbas gatve 113, Elijas iela 21, B\u0113rzaunes iela 13\/1 \u2013 otrdien\u0101s.Ceturtdien\u0101s \u2013 Ogr\u0113, R\u012bg\u0101, Il\u016bkstes iel\u0101 107, degvielas uzpildes stacij\u0101 \u201eVir\u0161i\u201c (pie Kekavas).Pieg\u0101de uz Daugavpili \u2013 viena vieta: T\/C DEPO autost\u0101vviet\u0101, no plkst. 12:00 l\u012bdz 13:00, reizi 4&hellip;\" \/>\n<meta property=\"og:url\" content=\"https:\/\/ledana.lt\/lv\/piegade\/\" \/>\n<meta property=\"og:site_name\" content=\"Ledana\" \/>\n<meta property=\"article:publisher\" content=\"https:\/\/www.facebook.com\/uabledana\" \/>\n<meta property=\"article:modified_time\" content=\"2025-11-07T05:22:34+00:00\" \/>\n<meta property=\"og:image\" content=\"https:\/\/ledana.lt\/wp-content\/uploads\/2023\/08\/suo-atsidedes-pre-stalo.jpg\" \/>\n\t<meta property=\"og:image:width\" content=\"1177\" \/>\n\t<meta property=\"og:image:height\" content=\"627\" \/>\n\t<meta property=\"og:image:type\" content=\"image\/jpeg\" \/>\n<meta name=\"twitter:card\" content=\"summary_large_image\" \/>\n<meta name=\"twitter:label1\" content=\"Est. reading time\" \/>\n\t<meta name=\"twitter:data1\" content=\"3 minutes\" \/>\n<script type=\"application\/ld+json\" class=\"yoast-schema-graph\">{\"@context\":\"https:\\\/\\\/schema.org\",\"@graph\":[{\"@type\":\"WebPage\",\"@id\":\"https:\\\/\\\/ledana.lt\\\/lv\\\/piegade\\\/\",\"url\":\"https:\\\/\\\/ledana.lt\\\/lv\\\/piegade\\\/\",\"name\":\"Pieg\u0101de - Ledana\",\"isPartOf\":{\"@id\":\"https:\\\/\\\/ledana.lt\\\/lv\\\/#website\"},\"datePublished\":\"2023-08-17T05:58:00+00:00\",\"dateModified\":\"2025-11-07T05:22:34+00:00\",\"breadcrumb\":{\"@id\":\"https:\\\/\\\/ledana.lt\\\/lv\\\/piegade\\\/#breadcrumb\"},\"inLanguage\":\"lv-LV\",\"potentialAction\":[{\"@type\":\"ReadAction\",\"target\":[\"https:\\\/\\\/ledana.lt\\\/lv\\\/piegade\\\/\"]}]},{\"@type\":\"BreadcrumbList\",\"@id\":\"https:\\\/\\\/ledana.lt\\\/lv\\\/piegade\\\/#breadcrumb\",\"itemListElement\":[{\"@type\":\"ListItem\",\"position\":1,\"name\":\"Home\",\"item\":\"https:\\\/\\\/ledana.lt\\\/lv\\\/\"},{\"@type\":\"ListItem\",\"position\":2,\"name\":\"Pieg\u0101de\"}]},{\"@type\":\"WebSite\",\"@id\":\"https:\\\/\\\/ledana.lt\\\/lv\\\/#website\",\"url\":\"https:\\\/\\\/ledana.lt\\\/lv\\\/\",\"name\":\"Ledana\",\"description\":\"Naturalus \u0161un\u0173 \u0117dalas\",\"publisher\":{\"@id\":\"https:\\\/\\\/ledana.lt\\\/lv\\\/#organization\"},\"potentialAction\":[{\"@type\":\"SearchAction\",\"target\":{\"@type\":\"EntryPoint\",\"urlTemplate\":\"https:\\\/\\\/ledana.lt\\\/lv\\\/?s={search_term_string}\"},\"query-input\":{\"@type\":\"PropertyValueSpecification\",\"valueRequired\":true,\"valueName\":\"search_term_string\"}}],\"inLanguage\":\"lv-LV\"},{\"@type\":\"Organization\",\"@id\":\"https:\\\/\\\/ledana.lt\\\/lv\\\/#organization\",\"name\":\"Ledana\",\"url\":\"https:\\\/\\\/ledana.lt\\\/lv\\\/\",\"logo\":{\"@type\":\"ImageObject\",\"inLanguage\":\"lv-LV\",\"@id\":\"https:\\\/\\\/ledana.lt\\\/lv\\\/#\\\/schema\\\/logo\\\/image\\\/\",\"url\":\"https:\\\/\\\/ledana.lt\\\/wp-content\\\/uploads\\\/2023\\\/08\\\/Ledana-Logo.png\",\"contentUrl\":\"https:\\\/\\\/ledana.lt\\\/wp-content\\\/uploads\\\/2023\\\/08\\\/Ledana-Logo.png\",\"width\":534,\"height\":355,\"caption\":\"Ledana\"},\"image\":{\"@id\":\"https:\\\/\\\/ledana.lt\\\/lv\\\/#\\\/schema\\\/logo\\\/image\\\/\"},\"sameAs\":[\"https:\\\/\\\/www.facebook.com\\\/uabledana\"]}]}<\/script>\n<!-- \/ Yoast SEO plugin. -->","yoast_head_json":{"title":"Pieg\u0101de - Ledana","robots":{"index":"index","follow":"follow","max-snippet":"max-snippet:-1","max-image-preview":"max-image-preview:large","max-video-preview":"max-video-preview:-1"},"canonical":"https:\/\/ledana.lt\/lv\/piegade\/","og_locale":"lv_LV","og_type":"article","og_title":"Pieg\u0101de - Ledana","og_description":"Pirc\u0113jiem no LATVIJAS Pieg\u0101de R\u012bg\u0101 tiek veikta Bauskas-Kekavas ce\u013c\u0101 un 3 viet\u0101s R\u012aG\u0100: Vien\u012bbas gatve 113, Elijas iela 21, B\u0113rzaunes iela 13\/1 \u2013 otrdien\u0101s.Ceturtdien\u0101s \u2013 Ogr\u0113, R\u012bg\u0101, Il\u016bkstes iel\u0101 107, degvielas uzpildes stacij\u0101 \u201eVir\u0161i\u201c (pie Kekavas).Pieg\u0101de uz Daugavpili \u2013 viena vieta: T\/C DEPO autost\u0101vviet\u0101, no plkst. 12:00 l\u012bdz 13:00, reizi 4&hellip;","og_url":"https:\/\/ledana.lt\/lv\/piegade\/","og_site_name":"Ledana","article_publisher":"https:\/\/www.facebook.com\/uabledana","article_modified_time":"2025-11-07T05:22:34+00:00","og_image":[{"width":1177,"height":627,"url":"https:\/\/ledana.lt\/wp-content\/uploads\/2023\/08\/suo-atsidedes-pre-stalo.jpg","type":"image\/jpeg"}],"twitter_card":"summary_large_image","twitter_misc":{"Est. reading time":"3 minutes"},"schema":{"@context":"https:\/\/schema.org","@graph":[{"@type":"WebPage","@id":"https:\/\/ledana.lt\/lv\/piegade\/","url":"https:\/\/ledana.lt\/lv\/piegade\/","name":"Pieg\u0101de - Ledana","isPartOf":{"@id":"https:\/\/ledana.lt\/lv\/#website"},"datePublished":"2023-08-17T05:58:00+00:00","dateModified":"2025-11-07T05:22:34+00:00","breadcrumb":{"@id":"https:\/\/ledana.lt\/lv\/piegade\/#breadcrumb"},"inLanguage":"lv-LV","potentialAction":[{"@type":"ReadAction","target":["https:\/\/ledana.lt\/lv\/piegade\/"]}]},{"@type":"BreadcrumbList","@id":"https:\/\/ledana.lt\/lv\/piegade\/#breadcrumb","itemListElement":[{"@type":"ListItem","position":1,"name":"Home","item":"https:\/\/ledana.lt\/lv\/"},{"@type":"ListItem","position":2,"name":"Pieg\u0101de"}]},{"@type":"WebSite","@id":"https:\/\/ledana.lt\/lv\/#website","url":"https:\/\/ledana.lt\/lv\/","name":"Ledana","description":"Naturalus \u0161un\u0173 \u0117dalas","publisher":{"@id":"https:\/\/ledana.lt\/lv\/#organization"},"potentialAction":[{"@type":"SearchAction","target":{"@type":"EntryPoint","urlTemplate":"https:\/\/ledana.lt\/lv\/?s={search_term_string}"},"query-input":{"@type":"PropertyValueSpecification","valueRequired":true,"valueName":"search_term_string"}}],"inLanguage":"lv-LV"},{"@type":"Organization","@id":"https:\/\/ledana.lt\/lv\/#organization","name":"Ledana","url":"https:\/\/ledana.lt\/lv\/","logo":{"@type":"ImageObject","inLanguage":"lv-LV","@id":"https:\/\/ledana.lt\/lv\/#\/schema\/logo\/image\/","url":"https:\/\/ledana.lt\/wp-content\/uploads\/2023\/08\/Ledana-Logo.png","contentUrl":"https:\/\/ledana.lt\/wp-content\/uploads\/2023\/08\/Ledana-Logo.png","width":534,"height":355,"caption":"Ledana"},"image":{"@id":"https:\/\/ledana.lt\/lv\/#\/schema\/logo\/image\/"},"sameAs":["https:\/\/www.facebook.com\/uabledana"]}]}},"jetpack_sharing_enabled":true,"_links":{"self":[{"href":"https:\/\/ledana.lt\/lv\/wp-json\/wp\/v2\/pages\/1136","targetHints":{"allow":["GET"]}}],"collection":[{"href":"https:\/\/ledana.lt\/lv\/wp-json\/wp\/v2\/pages"}],"about":[{"href":"https:\/\/ledana.lt\/lv\/wp-json\/wp\/v2\/types\/page"}],"author":[{"embeddable":true,"href":"https:\/\/ledana.lt\/lv\/wp-json\/wp\/v2\/users\/1"}],"replies":[{"embeddable":true,"href":"https:\/\/ledana.lt\/lv\/wp-json\/wp\/v2\/comments?post=1136"}],"version-history":[{"count":238,"href":"https:\/\/ledana.lt\/lv\/wp-json\/wp\/v2\/pages\/1136\/revisions"}],"predecessor-version":[{"id":7709,"href":"https:\/\/ledana.lt\/lv\/wp-json\/wp\/v2\/pages\/1136\/revisions\/7709"}],"wp:attachment":[{"href":"https:\/\/ledana.lt\/lv\/wp-json\/wp\/v2\/media?parent=1136"}],"curies":[{"name":"wp","href":"https:\/\/api.w.org\/{rel}","templated":true}]}}