{"id":1110,"date":"2023-08-14T10:16:15","date_gmt":"2023-08-14T10:16:15","guid":{"rendered":"https:\/\/ledana.lt\/konfidencialitates-politika\/"},"modified":"2024-02-08T08:20:08","modified_gmt":"2024-02-08T08:20:08","slug":"konfidencialitates-politika","status":"publish","type":"page","link":"https:\/\/ledana.lt\/lv\/konfidencialitates-politika\/","title":{"rendered":"Konfidencialit\u0101tes politika"},"content":{"rendered":"\n<p>UAB &#8220;Ledana&#8221; (turpm\u0101k tekst\u0101 &#8211; &#8220;Datu p\u0101rzinis&#8221;) ar \u0161o nosaka personas datu apstr\u0101des noteikumus un nosac\u012bjumus, kas attiecas uz personas datu apstr\u0101di, izmantojot Datu p\u0101rzi\u0146a p\u0101rvald\u012bt\u0101s t\u012bmek\u013ca vietnes. Noteikumi un nosac\u012bjumi, kas izkl\u0101st\u012bti lieto\u0161anas noteikumos, ir sp\u0113k\u0101 katru reizi, kad piek\u013c\u016bstat m\u016bsu sniegtajam saturam un\/vai pakalpojumam, neatkar\u012bgi no t\u0101, k\u0101du ier\u012bci (datoru, mobilo t\u0101lruni, plan\u0161etdatoru, televizoru u. c.) izmantojat.<\/p>\n\n<p><strong>Inform\u0101cija par datu p\u0101rzini:  <\/strong><br\/>Plento iel\u0101. 16,  <br\/>U\u017elied\u017ei\u0173 k.,  <br\/>Giraites pasta noda\u013ca,  <br\/>Kau\u0146as rajons,  <br\/>Lietuva, LT-54302  <br\/>T\u0101lrunis: 837-479625  <br\/>El. E-pasts: <a href=\"mailto:info@ledana.lt\">info@ledana.lt<\/a><\/p>\n\n<p>Ir \u013coti svar\u012bgi, lai j\u016bs r\u016bp\u012bgi izlas\u012btu lieto\u0161anas noteikumus, jo katru reizi, kad apmekl\u0113jat Datu p\u0101rzinim piedero\u0161\u0101s vietnes vai soci\u0101lo t\u012bklu kontus, j\u016bs piekr\u012btat \u0161aj\u0101 lieto\u0161anas noteikumos aprakst\u012btajiem noteikumiem un nosac\u012bjumiem. Ja nepiekr\u012btat \u0161iem noteikumiem, l\u016bdzu, neapmekl\u0113jiet m\u016bsu vietnes\/soci\u0101lo t\u012bklu kontus un neizmantojiet m\u016bsu saturu un\/vai pakalpojumus.<\/p>\n\n<p>M\u0113s apliecin\u0101m, ka Datu p\u0101rzi\u0146a t\u012bmek\u013ca viet\u0146u un soci\u0101lo t\u012bklu kontu apmekl\u0113t\u0101ju dati tiks v\u0101kti saska\u0146\u0101 ar piem\u0113rojamo Eiropas Savien\u012bbas un Lietuvas Republikas ties\u012bbu aktu pras\u012bb\u0101m, k\u0101 ar\u012b kontrol\u0113jo\u0161o iest\u0101\u017eu nor\u0101d\u012bjumiem.<\/p>\n\n<p>\u0160ajos Noteikumos un nosac\u012bjumos lietotie termini ir j\u0101saprot t\u0101, k\u0101 tie defin\u0113ti Visp\u0101r\u012bgaj\u0101 datu aizsardz\u012bbas regul\u0101 2016\/679 (ES).<\/p>\n\n<p>Datu p\u0101rzinis atz\u012bst un respekt\u0113 katra Klienta ties\u012bbas uz priv\u0101tumu, kur\u0161 veic pas\u016bt\u012bjumu <a href=\"http:\/\/www.ledana.lt\/\">www.ledana.lt<\/a> tie\u0161saistes veikal\u0101. Datu p\u0101rzinis v\u0101c un izmanto Pirc\u0113ja personas datus (v\u0101rdu vai v\u0101rdu un uzv\u0101rdu, adresi, t\u0101lru\u0146a numuru, e-pasta adresi un citu inform\u0101ciju, kas sniegta, veicot pas\u016bt\u012bjumu interneta veikal\u0101), lai apstr\u0101d\u0101tu pre\u010du vai pakalpojumu pas\u016bt\u012bjumus vai izpild\u012btu citas uz\u0146emt\u0101s l\u012bgumsaist\u012bbas. J\u016bs varat izv\u0113l\u0113ties nesniegt mums noteiktu inform\u0101ciju, ta\u010du t\u0101d\u0101 gad\u012bjum\u0101 jums var tikt liegts ieg\u0101d\u0101ties preces un\/vai izmantot m\u016bsu pied\u0101v\u0101tos pakalpojumus. Veicot pas\u016bt\u012bjumu, klients var dot savu piekri\u0161anu\/nepiekri\u0161anu savu personas datu izmanto\u0161anai tie\u0161\u0101 m\u0101rketinga nol\u016bkos. To var izdar\u012bt, atz\u012bm\u0113jot (Es piekr\u012btu, ka mani personas dati tiek izmantoti tie\u0161\u0101 m\u0101rketinga m\u0113r\u0137iem) vai izv\u0113loties (Es nepiekr\u012btu). Uz klienta nor\u0101d\u012bto e-pasta adresi m\u0113s nos\u016bt\u0101m bi\u013cetenu. e-pasta vai t\u0101lru\u0146a numuru un nodro\u0161in\u0101t iesp\u0113ju atteikties no bi\u013cetena vai SMS (bi\u013cetena beig\u0101s ir iesp\u0113ja &#8220;atteikties no abon\u0113\u0161anas&#8221; &#8211; noklik\u0161\u0137inot uz pogas, klients vairs nesa\u0146ems bi\u013cetenu, un atteikties no SMS zi\u0146ojumiem, atbildot uz zi\u0146ojumu ar v\u0101rdu &#8220;STOP&#8221;).<\/p>\n\n<p>Datu p\u0101rzinis ap\u0146emas neizpaust Pirc\u0113ja personas datus tre\u0161aj\u0101m person\u0101m, iz\u0146emot Datu p\u0101rzi\u0146a partnerus, kas sniedz pieg\u0101des vai citus ar Pirc\u0113ja pas\u016bt\u012bjuma pien\u0101c\u012bgu izpildi saist\u012btus pakalpojumus. KAD M\u0112S VARAM ATKL\u0100ST J\u016aSU INFORM\u0100CIJU CIT\u0100M VALST\u012aM, lai izpild\u012btu likumu vai tiesas procesa oblig\u0101tu pras\u012bbu (piem\u0113ram, p\u0113c likum\u012bga krat\u012b\u0161anas ordera, r\u012bkojuma vai cita tiesas l\u0113muma). Lai apstiprin\u0101tu savu darb\u012bbu likum\u012bbu. Lai aizsarg\u0101tu Datu p\u0101rzini. M\u0113s varam izpaust j\u016bsu inform\u0101ciju saist\u012btai tre\u0161ai pusei apvieno\u0161an\u0101s, nodo\u0161anas vai bankrota gad\u012bjum\u0101. Citos gad\u012bjumos &#8211; ar j\u016bsu piekri\u0161anu vai p\u0113c j\u016bsu likum\u012bga piepras\u012bjuma.<\/p>\n\n<p>Klienta ties\u012bbas: datu subjektam, kura dati tiek apstr\u0101d\u0101ti Datu p\u0101rzi\u0146a uz\u0146\u0113m\u0113jdarb\u012bbas gait\u0101, ir \u0161\u0101das ties\u012bbas:<\/p>\n\n<p>zin\u0101t (b\u016bt inform\u0113tam) par savu datu apstr\u0101di (ties\u012bbas zin\u0101t); piek\u013c\u016bt saviem datiem un to, k\u0101 tie tiek apstr\u0101d\u0101ti (piek\u013cuves ties\u012bbas); piepras\u012bt savu personas datu labo\u0161anu vai, \u0146emot v\u0113r\u0101 j\u016bsu personas datu apstr\u0101des nol\u016bkus, nepiln\u012bgu personas datu papildin\u0101\u0161anu (labo\u0161anas ties\u012bbas); piepras\u012bt savu personas datu dz\u0113\u0161anu vai p\u0101rtraukt savu personas datu apstr\u0101di (iz\u0146emot j\u016bsu personas datu saglab\u0101\u0161anu) (dz\u0113\u0161anas ties\u012bbas un ties\u012bbas &#8220;tikt aizmirstam&#8221;); piepras\u012bt, lai datu p\u0101rzinis ierobe\u017eo personas datu apstr\u0101di, pamatojoties uz k\u0101du no le\u0123it\u012bmajiem pamatojumiem (ties\u012bbas ierobe\u017eot); ties\u012bbas uz datu p\u0101rnesam\u012bbu (ties\u012bbas p\u0101rnest); ties\u012bbas iebilst pret savu personas datu apstr\u0101di vai jebkur\u0101 laik\u0101 atsaukt savu piekri\u0161anu savu personas datu apstr\u0101dei, lai vi\u0146a personas dati tiktu apstr\u0101d\u0101ti vienam vai vair\u0101kiem konkr\u0113tiem nol\u016bkiem, neietekm\u0113jot uz piekri\u0161anu balst\u012bt\u0101s apstr\u0101des likum\u012bbu l\u012bdz piekri\u0161anas atsauk\u0161anai. Datu p\u0101rzinis var izsl\u0113gt datu subjektus no iepriek\u0161 min\u0113to ties\u012bbu izmanto\u0161anas, ja likum\u0101 noteiktajos gad\u012bjumos tas ir nepiecie\u0161ams, lai nodro\u0161in\u0101tu noziedz\u012bgu nodar\u012bjumu, dienesta vai profesion\u0101l\u0101s \u0113tikas p\u0101rk\u0101pumu nov\u0113r\u0161anu, izmekl\u0113\u0161anu un atkl\u0101\u0161anu, k\u0101 ar\u012b datu subjekta vai citu personu ties\u012bbu un br\u012bv\u012bbu aizsardz\u012bbu.<\/p>\n\n<p>S\u012bkfaili.<\/p>\n\n<p>S\u012bkfails ir neliels teksta dokuments ar unik\u0101lu identifik\u0101cijas numuru, ko t\u012bmek\u013ca vietne nos\u016bta uz personas datoru, lai var\u0113tu at\u0161\u0137irt personas datoru un p\u0101rl\u016bkprogrammas tipu un redz\u0113t personas darb\u012bbas tie\u0161saist\u0113. Unik\u0101lais numurs identific\u0113 personas p\u0101rl\u016bkprogrammu katru reizi, kad t\u0101 apmekl\u0113 t\u012bmek\u013ca vietni. S\u012bkfaili ne\u013cauj atcer\u0113ties personisku inform\u0101ciju (piem\u0113ram, personas v\u0101rdu un adresi). T\u012bmek\u013ca vietnes izmanto s\u012bkfailus, lai uztur\u0113tu statistiku, piem\u0113ram, par to, cik daudz un cik reizes personas apmekl\u0113 t\u012bmek\u013ca vietni. \u0160\u0101da inform\u0101cija nav saist\u012bta ar personas datiem. Persona jebkur\u0101 laik\u0101 var atsp\u0113jot s\u012bkdat\u0146u izmanto\u0161anu, ta\u010du bez s\u012bkdatn\u0113m da\u017eas t\u012bmek\u013ca vietnes <a href=\"http:\/\/www.ledana.lt\/\">www.ledana.lt<\/a> funkcijas var nedarboties vai darboties nepareizi.<\/p>\n\n<p>S\u012bkfailu izmanto\u0161anas m\u0113r\u0137i:<\/p>\n\n<p>Iepirkumu groza izveidei (t\u012bmek\u013ca vietnes pamatdarb\u012bbai) un t\u012bmek\u013ca vietnes apmekl\u0113t\u0101ju statistikas apr\u0113\u0137in\u0101\u0161anai. Lietojot t\u012bmek\u013ca vietni, klientam var b\u016bt j\u0101re\u0123istr\u0113jas, lai pas\u016bt\u012btu preces. \u0160\u0101d\u0101 gad\u012bjum\u0101 klientam tiek l\u016bgts sniegt personas datus (piem\u0113ram, v\u0101rdu, uzv\u0101rdu, e-pasta adresi, t\u0101lru\u0146a numuru u. c.). Sabiedr\u012bbai ir ties\u012bbas p\u0113c saviem ieskatiem jebkur\u0101 likum\u012bg\u0101 veid\u0101 izmantot visu inform\u0101ciju un datus, ko persona sniegusi re\u0123istr\u0101cijas laik\u0101 vai cit\u0101di. Iepirkumu groza izveides s\u012bkfails tiek izveidots, kad lietot\u0101js aug\u0161upiel\u0101d\u0113 preces iepirkumu groz\u0101, un dz\u0113sts, kad lietot\u0101js aizver (iziet) vietnes logu (izbeidz sesiju).<\/p>\n\n<p>J\u016bs varat at\u013caut vai atteikt s\u012bkfailu ierakst\u012b\u0161anu. Liel\u0101k\u0101 da\u013ca t\u012bmek\u013ca p\u0101rl\u016bkprogrammu autom\u0101tiski pie\u0146em s\u012bkfailus, ta\u010du varat main\u012bt p\u0101rl\u016bkprogrammas preferences, ja v\u0113laties nepie\u0146emt s\u012bkfailus vai sa\u0146emt br\u012bdin\u0101juma pazi\u0146ojumu pirms to iestat\u012b\u0161anas. Izlasiet p\u0101rl\u016bkprogrammas nor\u0101d\u012bjumus vai vienk\u0101r\u0161i uzziniet vair\u0101k par \u0161\u012bm funkcij\u0101m. Pla\u0161\u0101ku inform\u0101ciju par s\u012bkfailiem un to p\u0101rvald\u012b\u0161anu var atrast vietn\u0113 AboutCookies.org.<\/p>\n\n<p>Datu subjekta piekri\u0161ana nav nepiecie\u0161ama, ja tie\u0161saistes veikala t\u012bmek\u013ca vietn\u0113 tiek izmantotas s\u012bkdatnes, lai izveidotu iepirkumu grozu klienta izv\u0113l\u0113taj\u0101m prec\u0113m utt.<\/p>\n\n<p>L\u016bdzu, \u0146emiet v\u0113r\u0101, ka uz UAB Ledana p\u0101rvald\u012btajiem Facebook un Instagram kontiem attiecas \u0161o soci\u0101lo t\u012bklu s\u012bkfailu politika.<\/p>\n\n<p>Nepiecie\u0161amo s\u012bkfailu ierakst\u012b\u0161anas laik\u0101 nevienai tre\u0161ai pusei netiek sniegta nek\u0101da inform\u0101cija.<\/p>\n\n<p><strong>E-veikals apstr\u0101d\u0101 maks\u0101jumus, izmantojot makecommerce.lt platformu, kuru p\u0101rvalda Maksekeskus AS (Niine 11, Tallina 10414, Igaunija, re\u0123. Nr.: 12268475), un t\u0101p\u0113c Maksekeskus AS tiks nos\u016bt\u012bta j\u016bsu personisk\u0101 inform\u0101cija, kas nepiecie\u0161ama maks\u0101juma veik\u0161anai un apstiprin\u0101\u0161anai.<\/strong><\/p>\n","protected":false},"excerpt":{"rendered":"<p>UAB &#8220;Ledana&#8221; (turpm\u0101k tekst\u0101 &#8211; &#8220;Datu p\u0101rzinis&#8221;) ar \u0161o nosaka personas datu apstr\u0101des noteikumus un nosac\u012bjumus, kas attiecas uz personas datu apstr\u0101di, izmantojot Datu p\u0101rzi\u0146a p\u0101rvald\u012bt\u0101s t\u012bmek\u013ca vietnes. Noteikumi un nosac\u012bjumi, kas izkl\u0101st\u012bti lieto\u0161anas noteikumos, ir sp\u0113k\u0101 katru reizi, kad piek\u013c\u016bstat m\u016bsu sniegtajam saturam un\/vai pakalpojumam, neatkar\u012bgi no t\u0101, k\u0101du ier\u012bci&hellip;<\/p>\n","protected":false},"author":1,"featured_media":0,"parent":0,"menu_order":0,"comment_status":"closed","ping_status":"closed","template":"templates\/no-sidebar.php","meta":{"_acf_changed":false,"footnotes":""},"class_list":["post-1110","page","type-page","status-publish","hentry"],"acf":[],"yoast_head":"<!-- This site is optimized with the Yoast SEO plugin v26.8 - https:\/\/yoast.com\/product\/yoast-seo-wordpress\/ -->\n<title>Konfidencialit\u0101tes politika - Ledana<\/title>\n<meta name=\"robots\" content=\"index, follow, max-snippet:-1, max-image-preview:large, max-video-preview:-1\" \/>\n<link rel=\"canonical\" href=\"https:\/\/ledana.lt\/lv\/konfidencialitates-politika\/\" \/>\n<meta property=\"og:locale\" content=\"lv_LV\" \/>\n<meta property=\"og:type\" content=\"article\" \/>\n<meta property=\"og:title\" content=\"Konfidencialit\u0101tes politika - Ledana\" \/>\n<meta property=\"og:description\" content=\"UAB &#8220;Ledana&#8221; (turpm\u0101k tekst\u0101 &#8211; &#8220;Datu p\u0101rzinis&#8221;) ar \u0161o nosaka personas datu apstr\u0101des noteikumus un nosac\u012bjumus, kas attiecas uz personas datu apstr\u0101di, izmantojot Datu p\u0101rzi\u0146a p\u0101rvald\u012bt\u0101s t\u012bmek\u013ca vietnes. Noteikumi un nosac\u012bjumi, kas izkl\u0101st\u012bti lieto\u0161anas noteikumos, ir sp\u0113k\u0101 katru reizi, kad piek\u013c\u016bstat m\u016bsu sniegtajam saturam un\/vai pakalpojumam, neatkar\u012bgi no t\u0101, k\u0101du ier\u012bci&hellip;\" \/>\n<meta property=\"og:url\" content=\"https:\/\/ledana.lt\/lv\/konfidencialitates-politika\/\" \/>\n<meta property=\"og:site_name\" content=\"Ledana\" \/>\n<meta property=\"article:publisher\" content=\"https:\/\/www.facebook.com\/uabledana\" \/>\n<meta property=\"article:modified_time\" content=\"2024-02-08T08:20:08+00:00\" \/>\n<meta property=\"og:image\" content=\"https:\/\/ledana.lt\/wp-content\/uploads\/2023\/08\/suo-atsidedes-pre-stalo.jpg\" \/>\n\t<meta property=\"og:image:width\" content=\"1177\" \/>\n\t<meta property=\"og:image:height\" content=\"627\" \/>\n\t<meta property=\"og:image:type\" content=\"image\/jpeg\" \/>\n<meta name=\"twitter:card\" content=\"summary_large_image\" \/>\n<meta name=\"twitter:label1\" content=\"Est. reading time\" \/>\n\t<meta name=\"twitter:data1\" content=\"7 minutes\" \/>\n<script type=\"application\/ld+json\" class=\"yoast-schema-graph\">{\"@context\":\"https:\/\/schema.org\",\"@graph\":[{\"@type\":\"WebPage\",\"@id\":\"https:\/\/ledana.lt\/lv\/konfidencialitates-politika\/\",\"url\":\"https:\/\/ledana.lt\/lv\/konfidencialitates-politika\/\",\"name\":\"Konfidencialit\u0101tes politika - Ledana\",\"isPartOf\":{\"@id\":\"https:\/\/ledana.lt\/lv\/#website\"},\"datePublished\":\"2023-08-14T10:16:15+00:00\",\"dateModified\":\"2024-02-08T08:20:08+00:00\",\"breadcrumb\":{\"@id\":\"https:\/\/ledana.lt\/lv\/konfidencialitates-politika\/#breadcrumb\"},\"inLanguage\":\"lv-LV\",\"potentialAction\":[{\"@type\":\"ReadAction\",\"target\":[\"https:\/\/ledana.lt\/lv\/konfidencialitates-politika\/\"]}]},{\"@type\":\"BreadcrumbList\",\"@id\":\"https:\/\/ledana.lt\/lv\/konfidencialitates-politika\/#breadcrumb\",\"itemListElement\":[{\"@type\":\"ListItem\",\"position\":1,\"name\":\"Home\",\"item\":\"https:\/\/ledana.lt\/lv\/\"},{\"@type\":\"ListItem\",\"position\":2,\"name\":\"Konfidencialit\u0101tes politika\"}]},{\"@type\":\"WebSite\",\"@id\":\"https:\/\/ledana.lt\/lv\/#website\",\"url\":\"https:\/\/ledana.lt\/lv\/\",\"name\":\"Ledana\",\"description\":\"Naturalus \u0161un\u0173 \u0117dalas\",\"publisher\":{\"@id\":\"https:\/\/ledana.lt\/lv\/#organization\"},\"potentialAction\":[{\"@type\":\"SearchAction\",\"target\":{\"@type\":\"EntryPoint\",\"urlTemplate\":\"https:\/\/ledana.lt\/lv\/?s={search_term_string}\"},\"query-input\":{\"@type\":\"PropertyValueSpecification\",\"valueRequired\":true,\"valueName\":\"search_term_string\"}}],\"inLanguage\":\"lv-LV\"},{\"@type\":\"Organization\",\"@id\":\"https:\/\/ledana.lt\/lv\/#organization\",\"name\":\"Ledana\",\"url\":\"https:\/\/ledana.lt\/lv\/\",\"logo\":{\"@type\":\"ImageObject\",\"inLanguage\":\"lv-LV\",\"@id\":\"https:\/\/ledana.lt\/lv\/#\/schema\/logo\/image\/\",\"url\":\"https:\/\/ledana.lt\/wp-content\/uploads\/2023\/08\/Ledana-Logo.png\",\"contentUrl\":\"https:\/\/ledana.lt\/wp-content\/uploads\/2023\/08\/Ledana-Logo.png\",\"width\":534,\"height\":355,\"caption\":\"Ledana\"},\"image\":{\"@id\":\"https:\/\/ledana.lt\/lv\/#\/schema\/logo\/image\/\"},\"sameAs\":[\"https:\/\/www.facebook.com\/uabledana\"]}]}<\/script>\n<!-- \/ Yoast SEO plugin. -->","yoast_head_json":{"title":"Konfidencialit\u0101tes politika - Ledana","robots":{"index":"index","follow":"follow","max-snippet":"max-snippet:-1","max-image-preview":"max-image-preview:large","max-video-preview":"max-video-preview:-1"},"canonical":"https:\/\/ledana.lt\/lv\/konfidencialitates-politika\/","og_locale":"lv_LV","og_type":"article","og_title":"Konfidencialit\u0101tes politika - Ledana","og_description":"UAB &#8220;Ledana&#8221; (turpm\u0101k tekst\u0101 &#8211; &#8220;Datu p\u0101rzinis&#8221;) ar \u0161o nosaka personas datu apstr\u0101des noteikumus un nosac\u012bjumus, kas attiecas uz personas datu apstr\u0101di, izmantojot Datu p\u0101rzi\u0146a p\u0101rvald\u012bt\u0101s t\u012bmek\u013ca vietnes. Noteikumi un nosac\u012bjumi, kas izkl\u0101st\u012bti lieto\u0161anas noteikumos, ir sp\u0113k\u0101 katru reizi, kad piek\u013c\u016bstat m\u016bsu sniegtajam saturam un\/vai pakalpojumam, neatkar\u012bgi no t\u0101, k\u0101du ier\u012bci&hellip;","og_url":"https:\/\/ledana.lt\/lv\/konfidencialitates-politika\/","og_site_name":"Ledana","article_publisher":"https:\/\/www.facebook.com\/uabledana","article_modified_time":"2024-02-08T08:20:08+00:00","og_image":[{"width":1177,"height":627,"url":"https:\/\/ledana.lt\/wp-content\/uploads\/2023\/08\/suo-atsidedes-pre-stalo.jpg","type":"image\/jpeg"}],"twitter_card":"summary_large_image","twitter_misc":{"Est. reading time":"7 minutes"},"schema":{"@context":"https:\/\/schema.org","@graph":[{"@type":"WebPage","@id":"https:\/\/ledana.lt\/lv\/konfidencialitates-politika\/","url":"https:\/\/ledana.lt\/lv\/konfidencialitates-politika\/","name":"Konfidencialit\u0101tes politika - Ledana","isPartOf":{"@id":"https:\/\/ledana.lt\/lv\/#website"},"datePublished":"2023-08-14T10:16:15+00:00","dateModified":"2024-02-08T08:20:08+00:00","breadcrumb":{"@id":"https:\/\/ledana.lt\/lv\/konfidencialitates-politika\/#breadcrumb"},"inLanguage":"lv-LV","potentialAction":[{"@type":"ReadAction","target":["https:\/\/ledana.lt\/lv\/konfidencialitates-politika\/"]}]},{"@type":"BreadcrumbList","@id":"https:\/\/ledana.lt\/lv\/konfidencialitates-politika\/#breadcrumb","itemListElement":[{"@type":"ListItem","position":1,"name":"Home","item":"https:\/\/ledana.lt\/lv\/"},{"@type":"ListItem","position":2,"name":"Konfidencialit\u0101tes politika"}]},{"@type":"WebSite","@id":"https:\/\/ledana.lt\/lv\/#website","url":"https:\/\/ledana.lt\/lv\/","name":"Ledana","description":"Naturalus \u0161un\u0173 \u0117dalas","publisher":{"@id":"https:\/\/ledana.lt\/lv\/#organization"},"potentialAction":[{"@type":"SearchAction","target":{"@type":"EntryPoint","urlTemplate":"https:\/\/ledana.lt\/lv\/?s={search_term_string}"},"query-input":{"@type":"PropertyValueSpecification","valueRequired":true,"valueName":"search_term_string"}}],"inLanguage":"lv-LV"},{"@type":"Organization","@id":"https:\/\/ledana.lt\/lv\/#organization","name":"Ledana","url":"https:\/\/ledana.lt\/lv\/","logo":{"@type":"ImageObject","inLanguage":"lv-LV","@id":"https:\/\/ledana.lt\/lv\/#\/schema\/logo\/image\/","url":"https:\/\/ledana.lt\/wp-content\/uploads\/2023\/08\/Ledana-Logo.png","contentUrl":"https:\/\/ledana.lt\/wp-content\/uploads\/2023\/08\/Ledana-Logo.png","width":534,"height":355,"caption":"Ledana"},"image":{"@id":"https:\/\/ledana.lt\/lv\/#\/schema\/logo\/image\/"},"sameAs":["https:\/\/www.facebook.com\/uabledana"]}]}},"jetpack_sharing_enabled":true,"_links":{"self":[{"href":"https:\/\/ledana.lt\/lv\/wp-json\/wp\/v2\/pages\/1110","targetHints":{"allow":["GET"]}}],"collection":[{"href":"https:\/\/ledana.lt\/lv\/wp-json\/wp\/v2\/pages"}],"about":[{"href":"https:\/\/ledana.lt\/lv\/wp-json\/wp\/v2\/types\/page"}],"author":[{"embeddable":true,"href":"https:\/\/ledana.lt\/lv\/wp-json\/wp\/v2\/users\/1"}],"replies":[{"embeddable":true,"href":"https:\/\/ledana.lt\/lv\/wp-json\/wp\/v2\/comments?post=1110"}],"version-history":[{"count":1,"href":"https:\/\/ledana.lt\/lv\/wp-json\/wp\/v2\/pages\/1110\/revisions"}],"predecessor-version":[{"id":1111,"href":"https:\/\/ledana.lt\/lv\/wp-json\/wp\/v2\/pages\/1110\/revisions\/1111"}],"wp:attachment":[{"href":"https:\/\/ledana.lt\/lv\/wp-json\/wp\/v2\/media?parent=1110"}],"curies":[{"name":"wp","href":"https:\/\/api.w.org\/{rel}","templated":true}]}}