{"id":1103,"date":"2023-08-14T10:03:00","date_gmt":"2023-08-14T07:03:00","guid":{"rendered":"https:\/\/ledana.lt\/iepirkuma-noteikumi\/"},"modified":"2024-03-29T12:17:09","modified_gmt":"2024-03-29T12:17:09","slug":"iepirkuma-noteikumi","status":"publish","type":"page","link":"https:\/\/ledana.lt\/lv\/iepirkuma-noteikumi\/","title":{"rendered":"Iepirkuma noteikumi"},"content":{"rendered":"\t\t<div data-elementor-type=\"wp-page\" data-elementor-id=\"1103\" class=\"elementor elementor-1103 elementor-231\" data-elementor-post-type=\"page\">\n\t\t\t\t<div class=\"elementor-element elementor-element-274e6199 e-flex e-con-boxed lakit-col-width-auto-no e-container e-root-container elementor-top-section e-con e-parent\" data-id=\"274e6199\" data-element_type=\"container\" data-e-type=\"container\">\n\t\t\t\t\t<div class=\"e-con-inner\">\n\t\t\t\t<div class=\"elementor-element elementor-element-65e55169 elementor-widget elementor-widget-text-editor\" data-id=\"65e55169\" data-element_type=\"widget\" data-e-type=\"widget\" data-widget_type=\"text-editor.default\">\n\t\t\t\t<div class=\"elementor-widget-container\">\n\t\t\t\t\t\t\t\t\t\n<p><strong>Visp\u0101r\u012bgi noteikumi<\/strong><br>\u0160ie Pre\u010du pirk\u0161anas un p\u0101rdo\u0161anas noteikumi (turpm\u0101k tekst\u0101 &#8211; &#8220;Noteikumi&#8221;) p\u0113c to apstiprin\u0101\u0161anas Pirc\u0113jam ir pus\u0113m saisto\u0161s juridisks dokuments, kas nosaka Pirc\u0113ja un P\u0101rdev\u0113ja ties\u012bbas un pien\u0101kumus, pre\u010du ieg\u0101des nosac\u012bjumus un pre\u010du apmaksas nosac\u012bjumus, pre\u010du pieg\u0101des un atgrie\u0161anas k\u0101rt\u012bbu, pu\u0161u atbild\u012bbu, k\u0101 ar\u012b citus noteikumus, kas saist\u012bti ar pre\u010du ieg\u0101di un p\u0101rdo\u0161anu interneta veikal\u0101 www.ledana.lt.  <\/p>\n\n<ul>\n<li>P\u0101rdev\u0113js patur ties\u012bbas jebkur\u0101 laik\u0101 main\u012bt, groz\u012bt vai papildin\u0101t Noteikumus un nosac\u012bjumus, \u0146emot v\u0113r\u0101 likum\u0101 noteikt\u0101s pras\u012bbas.<\/li>\n\n<li>Visos gad\u012bjumos tiek uzskat\u012bts, ka, veicot pas\u016bt\u012bjumu, pirc\u0113js ir iepazinies ar noteikumiem un nosac\u012bjumiem un tos ir pie\u0146\u0113mis.<\/li>\n\n<li>Visas r\u012bc\u012bbsp\u0113j\u012bg\u0101s fizisk\u0101s personas (personas, kas sasniegu\u0161as pilngad\u012bbu un kuru r\u012bc\u012bbsp\u0113ja nav ierobe\u017eota ar tiesas nol\u0113mumu); nepilngad\u012bgie vecum\u0101 no 14 l\u012bdz 18 gadiem tikai ar vec\u0101ku vai aizbild\u0146u piekri\u0161anu, iz\u0146emot gad\u012bjumus, kad vi\u0146i patst\u0101v\u012bgi r\u012bkojas ar saviem ien\u0101kumiem; juridisk\u0101s personas un visu iepriek\u0161 min\u0113to personu pilnvarotie p\u0101rst\u0101vji.<\/li>\n<\/ul>\n\n<p><strong>  Pirkuma un p\u0101rdo\u0161anas l\u012bguma nosl\u0113g\u0161anas br\u012bdis<\/strong><\/p>\n\n<ul>\n<li>Pirkuma l\u012bgums starp Pirc\u0113ju un P\u0101rdev\u0113ju tiek uzskat\u012bts par nosl\u0113gtu no br\u012b\u017ea, kad Pirc\u0113js veic pas\u016bt\u012bjumu e-veikal\u0101 un apmaks\u0101 to.<\/li>\n\n<li>P\u0101rdev\u0113js patur ties\u012bbas anul\u0113t veiktos pas\u016bt\u012bjumus, ja Pirc\u0113js nesamaks\u0101 par pas\u016bt\u012btaj\u0101m prec\u0113m 3 stundu laik\u0101. p\u0113c tam, kad sa\u0146emts P\u0101rdev\u0113ja apstiprin\u0101jums par veikto pas\u016bt\u012bjumu.<\/li>\n<\/ul>\n\n<p><strong>K\u0100 PIRKT<\/strong><\/p>\n\n<p>Lai ieg\u0101d\u0101tos, izv\u0113lieties v\u0113lamo produktu, daudzumu un noklik\u0161\u0137iniet uz &#8220;Pirkt&#8221;. Lai turpin\u0101tu izv\u0113li, noklik\u0161\u0137iniet uz &#8220;Turpin\u0101t iepirkties&#8221;. Lai samaks\u0101tu par pas\u016bt\u012bjumu, noklik\u0161\u0137iniet uz &#8220;Apmaks\u0101t&#8221;. Groz\u0101 varat ievietot da\u017e\u0101das preces &#8211; visas groz\u0101 pievienot\u0101s preces tiks saglab\u0101tas groz\u0101 l\u012bdz pas\u016bt\u012bjuma izveidei.<br><br>Pas\u016bt\u012bjums tiek veidots \u010detros vienk\u0101r\u0161os so\u013cos:<br>2.1. Izveidojiet grozu ar v\u0113lamajiem r\u012bkiem;<br>2.2. Pieg\u0101des veidu nor\u0101diet iepirkumu groz\u0101;<br>2.3. Ievadiet kontaktinform\u0101ciju, kas nepiecie\u0161ama pas\u016bt\u012bjuma pabeig\u0161anai. Jums b\u016bs nepiecie\u0161ama tikai t\u0101 inform\u0101cija, kas nepiecie\u0161ama pre\u010du pieg\u0101dei. Personas inform\u0101cija netiks izmantota citiem m\u0113r\u0137iem, iz\u0146emot pas\u016bt\u012bjuma izpildi.<br>2.3.1. Ja p\u0113rkat uz\u0146\u0113muma v\u0101rd\u0101, atz\u012bm\u0113jiet lodzi\u0146u &#8220;Pirkumu veic uz\u0146\u0113mums&#8221; un ievadiet uz\u0146\u0113muma inform\u0101ciju;<br>2.4. Izv\u0113lieties maks\u0101juma veidu un noklik\u0161\u0137iniet uz &#8220;Maks\u0101t&#8221;.<br>P\u0113c pas\u016bt\u012bjuma apstiprin\u0101\u0161anas uz j\u016bsu e-pasta adresi tiks nos\u016bt\u012bts e-pasts. J\u016bsu pastkast\u012bt\u0113 tiks sa\u0146emts pas\u016bt\u012bjuma apstiprin\u0101juma e-pasts, kur\u0101 b\u016bs nor\u0101d\u012bta visa inform\u0101cija par j\u016bsu pas\u016bt\u012bjumu.<br>Atkar\u012bb\u0101 no izv\u0113l\u0113t\u0101s pieg\u0101des un apmaksas metodes j\u016bs veiksiet maks\u0101jumu, un m\u0113s izpild\u012bsim j\u016bsu pas\u016bt\u012bjumu.<\/p>\n\n<p><br><strong>Pieg\u0101de:<\/strong><\/p>\n\n<ul>\n<li>Preces pieg\u0101d\u0101 UAB Ledana vai VENIPAK kurjeri.<\/li>\n\n<li>Pirc\u0113js, izv\u0113loties VENIPAK pieg\u0101des pakalpojumu pas\u016bt\u012bjuma br\u012bd\u012b, ap\u0146emas nor\u0101d\u012bt prec\u012bzu pieg\u0101des vietas adresi un pasta indeksu.Neprec\u012bzu datu nor\u0101d\u012b\u0161anas gad\u012bjum\u0101 s\u016bt\u012bjums netiks pieg\u0101d\u0101ts Pirc\u0113jam vai atgriezts P\u0101rdev\u0113jam un tiks izn\u012bcin\u0101ts.Pirc\u0113js sedz no t\u0101 radu\u0161os zaud\u0113jumus.<\/li>\n\n<li>Pas\u016bt\u012bjuma nos\u016bt\u012b\u0161ana aiz\u0146em l\u012bdz 5 dien\u0101m.<\/li>\n\n<li>UAB LEDANA iekas\u0113 3-5 Eur par s\u016bt\u012bjumu<\/li>\n<li>VENIPAK tarifs ir atkar\u012bgs no s\u016bt\u012bjuma svara un ir nor\u0101d\u012bts tabul\u0101 sada\u013c\u0101 &#8220;Pieg\u0101de&#8221;.<\/li>\n\n<li>Pas\u016bt\u012bjuma sa\u0146\u0113m\u0113js ir atbild\u012bgs par visiem sav\u0101 valst\u012b piem\u0113rojamajiem importa, muitas un viet\u0113jiem nodok\u013ciem.<\/li>\n\n<li>Pirc\u0113js ap\u0146emas nor\u0101d\u012bt prec\u012bzu pieg\u0101des vietu un kontaktinform\u0101ciju.<\/li>\n\n<li>Pirc\u0113jam nekav\u0113joties j\u0101inform\u0113 P\u0101rdev\u0113js, ja s\u016bt\u012bjums ir sa\u0146emts boj\u0101t\u0101 iepakojum\u0101, ja s\u016bt\u012bjum\u0101 ir neieg\u0101d\u0101tas preces vai nepareizs pre\u010du daudzums, vai ja s\u016bt\u012bjums ir nepiln\u012bgs.<\/li>\n\n<li>Pirc\u0113jam j\u0101nos\u016bta e-pasts. pa pastu nos\u016bt\u012bt P\u0101rdev\u0113jam boj\u0101t\u0101 s\u016bt\u012bjuma un\/vai s\u016bt\u012bjuma(-u) fotogr\u0101fijas.<\/li>\n<\/ul>\n\n<p><strong>Maks\u0101juma metodes:<\/strong><\/p>\n\n<p>Maks\u0101jumi tie\u0161saist\u0113 &#8211; J\u016bs varat nor\u0113\u0137in\u0101ties, izmantojot Swedbank, Seb, Luminor, Citadele un \u0160iauli\u0173 bankas e-bankas pakalpojumus. Maks\u0101jumi ir pieejami eiro. Maks\u0101jumi tiek apstr\u0101d\u0101ti, izmantojot <a href=\"http:\/\/makecommerce.lt\/\" target=\"_blank\" rel=\"noreferrer noopener\">\n  <strong>MakeCommerce.lt<\/strong>\n<\/a> maks\u0101jumu platformu.<\/p>\n\n<p> <\/p>\n\n<p> <\/p>\n\t\t\t\t\t\t\t\t<\/div>\n\t\t\t\t<\/div>\n\t\t\t\t\t<\/div>\n\t\t\t\t<\/div>\n\t\t\t\t<\/div>\n\t\t","protected":false},"excerpt":{"rendered":"<p>Visp\u0101r\u012bgi noteikumi\u0160ie Pre\u010du pirk\u0161anas un p\u0101rdo\u0161anas noteikumi (turpm\u0101k tekst\u0101 &#8211; &#8220;Noteikumi&#8221;) p\u0113c to apstiprin\u0101\u0161anas Pirc\u0113jam ir pus\u0113m saisto\u0161s juridisks dokuments, kas nosaka Pirc\u0113ja un P\u0101rdev\u0113ja ties\u012bbas un pien\u0101kumus, pre\u010du ieg\u0101des nosac\u012bjumus un pre\u010du apmaksas nosac\u012bjumus, pre\u010du pieg\u0101des un atgrie\u0161anas k\u0101rt\u012bbu, pu\u0161u atbild\u012bbu, k\u0101 ar\u012b citus noteikumus, kas saist\u012bti ar pre\u010du ieg\u0101di&hellip;<\/p>\n","protected":false},"author":1,"featured_media":0,"parent":0,"menu_order":0,"comment_status":"closed","ping_status":"closed","template":"templates\/no-sidebar.php","meta":{"_acf_changed":false,"footnotes":""},"class_list":["post-1103","page","type-page","status-publish","hentry"],"acf":[],"yoast_head":"<!-- This site is optimized with the Yoast SEO plugin v27.3 - https:\/\/yoast.com\/product\/yoast-seo-wordpress\/ -->\n<title>Iepirkuma noteikumi - Ledana<\/title>\n<meta name=\"robots\" content=\"index, follow, max-snippet:-1, max-image-preview:large, max-video-preview:-1\" \/>\n<link rel=\"canonical\" href=\"https:\/\/ledana.lt\/lv\/iepirkuma-noteikumi\/\" \/>\n<meta property=\"og:locale\" content=\"lv_LV\" \/>\n<meta property=\"og:type\" content=\"article\" \/>\n<meta property=\"og:title\" content=\"Iepirkuma noteikumi - Ledana\" \/>\n<meta property=\"og:description\" content=\"Visp\u0101r\u012bgi noteikumi\u0160ie Pre\u010du pirk\u0161anas un p\u0101rdo\u0161anas noteikumi (turpm\u0101k tekst\u0101 &#8211; &#8220;Noteikumi&#8221;) p\u0113c to apstiprin\u0101\u0161anas Pirc\u0113jam ir pus\u0113m saisto\u0161s juridisks dokuments, kas nosaka Pirc\u0113ja un P\u0101rdev\u0113ja ties\u012bbas un pien\u0101kumus, pre\u010du ieg\u0101des nosac\u012bjumus un pre\u010du apmaksas nosac\u012bjumus, pre\u010du pieg\u0101des un atgrie\u0161anas k\u0101rt\u012bbu, pu\u0161u atbild\u012bbu, k\u0101 ar\u012b citus noteikumus, kas saist\u012bti ar pre\u010du ieg\u0101di&hellip;\" \/>\n<meta property=\"og:url\" content=\"https:\/\/ledana.lt\/lv\/iepirkuma-noteikumi\/\" \/>\n<meta property=\"og:site_name\" content=\"Ledana\" \/>\n<meta property=\"article:publisher\" content=\"https:\/\/www.facebook.com\/uabledana\" \/>\n<meta property=\"article:modified_time\" content=\"2024-03-29T12:17:09+00:00\" \/>\n<meta property=\"og:image\" content=\"https:\/\/ledana.lt\/wp-content\/uploads\/2023\/08\/suo-atsidedes-pre-stalo.jpg\" \/>\n\t<meta property=\"og:image:width\" content=\"1177\" \/>\n\t<meta property=\"og:image:height\" content=\"627\" \/>\n\t<meta property=\"og:image:type\" content=\"image\/jpeg\" \/>\n<meta name=\"twitter:card\" content=\"summary_large_image\" \/>\n<meta name=\"twitter:label1\" content=\"Est. reading time\" \/>\n\t<meta name=\"twitter:data1\" content=\"4 minutes\" \/>\n<script type=\"application\/ld+json\" class=\"yoast-schema-graph\">{\"@context\":\"https:\\\/\\\/schema.org\",\"@graph\":[{\"@type\":\"WebPage\",\"@id\":\"https:\\\/\\\/ledana.lt\\\/lv\\\/iepirkuma-noteikumi\\\/\",\"url\":\"https:\\\/\\\/ledana.lt\\\/lv\\\/iepirkuma-noteikumi\\\/\",\"name\":\"Iepirkuma noteikumi - Ledana\",\"isPartOf\":{\"@id\":\"https:\\\/\\\/ledana.lt\\\/lv\\\/#website\"},\"datePublished\":\"2023-08-14T07:03:00+00:00\",\"dateModified\":\"2024-03-29T12:17:09+00:00\",\"breadcrumb\":{\"@id\":\"https:\\\/\\\/ledana.lt\\\/lv\\\/iepirkuma-noteikumi\\\/#breadcrumb\"},\"inLanguage\":\"lv-LV\",\"potentialAction\":[{\"@type\":\"ReadAction\",\"target\":[\"https:\\\/\\\/ledana.lt\\\/lv\\\/iepirkuma-noteikumi\\\/\"]}]},{\"@type\":\"BreadcrumbList\",\"@id\":\"https:\\\/\\\/ledana.lt\\\/lv\\\/iepirkuma-noteikumi\\\/#breadcrumb\",\"itemListElement\":[{\"@type\":\"ListItem\",\"position\":1,\"name\":\"Home\",\"item\":\"https:\\\/\\\/ledana.lt\\\/lv\\\/\"},{\"@type\":\"ListItem\",\"position\":2,\"name\":\"Iepirkuma noteikumi\"}]},{\"@type\":\"WebSite\",\"@id\":\"https:\\\/\\\/ledana.lt\\\/lv\\\/#website\",\"url\":\"https:\\\/\\\/ledana.lt\\\/lv\\\/\",\"name\":\"Ledana\",\"description\":\"Naturalus \u0161un\u0173 \u0117dalas\",\"publisher\":{\"@id\":\"https:\\\/\\\/ledana.lt\\\/lv\\\/#organization\"},\"potentialAction\":[{\"@type\":\"SearchAction\",\"target\":{\"@type\":\"EntryPoint\",\"urlTemplate\":\"https:\\\/\\\/ledana.lt\\\/lv\\\/?s={search_term_string}\"},\"query-input\":{\"@type\":\"PropertyValueSpecification\",\"valueRequired\":true,\"valueName\":\"search_term_string\"}}],\"inLanguage\":\"lv-LV\"},{\"@type\":\"Organization\",\"@id\":\"https:\\\/\\\/ledana.lt\\\/lv\\\/#organization\",\"name\":\"Ledana\",\"url\":\"https:\\\/\\\/ledana.lt\\\/lv\\\/\",\"logo\":{\"@type\":\"ImageObject\",\"inLanguage\":\"lv-LV\",\"@id\":\"https:\\\/\\\/ledana.lt\\\/lv\\\/#\\\/schema\\\/logo\\\/image\\\/\",\"url\":\"https:\\\/\\\/ledana.lt\\\/wp-content\\\/uploads\\\/2023\\\/08\\\/Ledana-Logo.png\",\"contentUrl\":\"https:\\\/\\\/ledana.lt\\\/wp-content\\\/uploads\\\/2023\\\/08\\\/Ledana-Logo.png\",\"width\":534,\"height\":355,\"caption\":\"Ledana\"},\"image\":{\"@id\":\"https:\\\/\\\/ledana.lt\\\/lv\\\/#\\\/schema\\\/logo\\\/image\\\/\"},\"sameAs\":[\"https:\\\/\\\/www.facebook.com\\\/uabledana\"]}]}<\/script>\n<!-- \/ Yoast SEO plugin. -->","yoast_head_json":{"title":"Iepirkuma noteikumi - Ledana","robots":{"index":"index","follow":"follow","max-snippet":"max-snippet:-1","max-image-preview":"max-image-preview:large","max-video-preview":"max-video-preview:-1"},"canonical":"https:\/\/ledana.lt\/lv\/iepirkuma-noteikumi\/","og_locale":"lv_LV","og_type":"article","og_title":"Iepirkuma noteikumi - Ledana","og_description":"Visp\u0101r\u012bgi noteikumi\u0160ie Pre\u010du pirk\u0161anas un p\u0101rdo\u0161anas noteikumi (turpm\u0101k tekst\u0101 &#8211; &#8220;Noteikumi&#8221;) p\u0113c to apstiprin\u0101\u0161anas Pirc\u0113jam ir pus\u0113m saisto\u0161s juridisks dokuments, kas nosaka Pirc\u0113ja un P\u0101rdev\u0113ja ties\u012bbas un pien\u0101kumus, pre\u010du ieg\u0101des nosac\u012bjumus un pre\u010du apmaksas nosac\u012bjumus, pre\u010du pieg\u0101des un atgrie\u0161anas k\u0101rt\u012bbu, pu\u0161u atbild\u012bbu, k\u0101 ar\u012b citus noteikumus, kas saist\u012bti ar pre\u010du ieg\u0101di&hellip;","og_url":"https:\/\/ledana.lt\/lv\/iepirkuma-noteikumi\/","og_site_name":"Ledana","article_publisher":"https:\/\/www.facebook.com\/uabledana","article_modified_time":"2024-03-29T12:17:09+00:00","og_image":[{"width":1177,"height":627,"url":"https:\/\/ledana.lt\/wp-content\/uploads\/2023\/08\/suo-atsidedes-pre-stalo.jpg","type":"image\/jpeg"}],"twitter_card":"summary_large_image","twitter_misc":{"Est. reading time":"4 minutes"},"schema":{"@context":"https:\/\/schema.org","@graph":[{"@type":"WebPage","@id":"https:\/\/ledana.lt\/lv\/iepirkuma-noteikumi\/","url":"https:\/\/ledana.lt\/lv\/iepirkuma-noteikumi\/","name":"Iepirkuma noteikumi - Ledana","isPartOf":{"@id":"https:\/\/ledana.lt\/lv\/#website"},"datePublished":"2023-08-14T07:03:00+00:00","dateModified":"2024-03-29T12:17:09+00:00","breadcrumb":{"@id":"https:\/\/ledana.lt\/lv\/iepirkuma-noteikumi\/#breadcrumb"},"inLanguage":"lv-LV","potentialAction":[{"@type":"ReadAction","target":["https:\/\/ledana.lt\/lv\/iepirkuma-noteikumi\/"]}]},{"@type":"BreadcrumbList","@id":"https:\/\/ledana.lt\/lv\/iepirkuma-noteikumi\/#breadcrumb","itemListElement":[{"@type":"ListItem","position":1,"name":"Home","item":"https:\/\/ledana.lt\/lv\/"},{"@type":"ListItem","position":2,"name":"Iepirkuma noteikumi"}]},{"@type":"WebSite","@id":"https:\/\/ledana.lt\/lv\/#website","url":"https:\/\/ledana.lt\/lv\/","name":"Ledana","description":"Naturalus \u0161un\u0173 \u0117dalas","publisher":{"@id":"https:\/\/ledana.lt\/lv\/#organization"},"potentialAction":[{"@type":"SearchAction","target":{"@type":"EntryPoint","urlTemplate":"https:\/\/ledana.lt\/lv\/?s={search_term_string}"},"query-input":{"@type":"PropertyValueSpecification","valueRequired":true,"valueName":"search_term_string"}}],"inLanguage":"lv-LV"},{"@type":"Organization","@id":"https:\/\/ledana.lt\/lv\/#organization","name":"Ledana","url":"https:\/\/ledana.lt\/lv\/","logo":{"@type":"ImageObject","inLanguage":"lv-LV","@id":"https:\/\/ledana.lt\/lv\/#\/schema\/logo\/image\/","url":"https:\/\/ledana.lt\/wp-content\/uploads\/2023\/08\/Ledana-Logo.png","contentUrl":"https:\/\/ledana.lt\/wp-content\/uploads\/2023\/08\/Ledana-Logo.png","width":534,"height":355,"caption":"Ledana"},"image":{"@id":"https:\/\/ledana.lt\/lv\/#\/schema\/logo\/image\/"},"sameAs":["https:\/\/www.facebook.com\/uabledana"]}]}},"jetpack_sharing_enabled":true,"_links":{"self":[{"href":"https:\/\/ledana.lt\/lv\/wp-json\/wp\/v2\/pages\/1103","targetHints":{"allow":["GET"]}}],"collection":[{"href":"https:\/\/ledana.lt\/lv\/wp-json\/wp\/v2\/pages"}],"about":[{"href":"https:\/\/ledana.lt\/lv\/wp-json\/wp\/v2\/types\/page"}],"author":[{"embeddable":true,"href":"https:\/\/ledana.lt\/lv\/wp-json\/wp\/v2\/users\/1"}],"replies":[{"embeddable":true,"href":"https:\/\/ledana.lt\/lv\/wp-json\/wp\/v2\/comments?post=1103"}],"version-history":[{"count":3,"href":"https:\/\/ledana.lt\/lv\/wp-json\/wp\/v2\/pages\/1103\/revisions"}],"predecessor-version":[{"id":3337,"href":"https:\/\/ledana.lt\/lv\/wp-json\/wp\/v2\/pages\/1103\/revisions\/3337"}],"wp:attachment":[{"href":"https:\/\/ledana.lt\/lv\/wp-json\/wp\/v2\/media?parent=1103"}],"curies":[{"name":"wp","href":"https:\/\/api.w.org\/{rel}","templated":true}]}}