{"id":1102,"date":"2023-09-04T06:20:45","date_gmt":"2023-09-04T06:20:45","guid":{"rendered":"https:\/\/ledana.lt\/kur-iegadaties\/"},"modified":"2023-11-21T08:34:01","modified_gmt":"2023-11-21T08:34:01","slug":"kur-iegadaties","status":"publish","type":"page","link":"https:\/\/ledana.lt\/lv\/kur-iegadaties\/","title":{"rendered":"Kur ieg\u0101d\u0101ties"},"content":{"rendered":"\t\t<div data-elementor-type=\"wp-page\" data-elementor-id=\"1102\" class=\"elementor elementor-1102 elementor-758\" data-elementor-post-type=\"page\">\n\t\t\t\t<div class=\"elementor-element elementor-element-d3da79c e-flex e-con-boxed lakit-col-width-auto-no e-container e-root-container elementor-top-section e-con e-parent\" data-id=\"d3da79c\" data-element_type=\"container\" data-e-type=\"container\">\n\t\t\t\t\t<div class=\"e-con-inner\">\n\t\t\t\t<div class=\"elementor-element elementor-element-380df1d elementor-widget elementor-widget-text-editor\" data-id=\"380df1d\" data-element_type=\"widget\" data-e-type=\"widget\" data-widget_type=\"text-editor.default\">\n\t\t\t\t<div class=\"elementor-widget-container\">\n\t\t\t\t\t\t\t\t\t<p><\/p>\n<h5><span style=\"color: #874600;\"><strong>J\u016bs varat ieg\u0101d\u0101ties m\u016bsu produktus <a href=\"\/parduotuve\/\">\n  <span style=\"text-decoration: underline;\">m\u016bsu tie\u0161saistes veikal\u0101<\/span>\n<\/a> vai:<\/strong><\/span><\/h5>\n<p><\/p>\n<p>1<strong>.Uz\u0146\u0113mum\u0101 &#8211; darba<\/strong> dien\u0101s 08.00-16.30 Plento g.16,U\u017elied\u017eiai,Kau\u0146as rajons (bez nelielas piemaksas) vai&nbsp;<strong>pieg\u0101de uz m\u0101j\u0101m<\/strong>.<\/p>\n<p><\/p>\n<p>2<strong>.Kau\u0146\u0101<\/strong>: Dainavas, Girstupio, Vilijampoles tirgi.<\/p>\n<p><\/p>\n<p>3<strong>.Prienai-UAB<\/strong>&#8220;Osmedas&#8221;<\/p>\n<p><\/p>\n<p>4<strong>.Alytus-UAB<\/strong>&#8220;Alytus vet.vaistin\u0117&#8221;<\/p>\n<p><\/p>\n<p>-Canis Dina Iest\u0101de Statybnieku g.76<\/p>\n<p><\/p>\n<p>5<strong>.Vi\u013c\u0146a<\/strong>:<\/p>\n<p><\/p>\n<p>1. UAB &#8220;VET-1&#8221; \u017demynos g.30<\/p>\n<p><\/p>\n<p>2.UAB Kamanu su\u0146i Baltic pard. Algirdas 37&nbsp;&nbsp;&nbsp;&nbsp;&nbsp;&nbsp;&nbsp;&nbsp;&nbsp;&nbsp;&nbsp;&nbsp;&nbsp;&nbsp;&nbsp;&nbsp;&nbsp;&nbsp;&nbsp;&nbsp;&nbsp;&nbsp;&nbsp;&nbsp;&nbsp;&nbsp;  10.00-18.00<\/p>\n<p><\/p>\n<p><\/p>\n<p>3.<strong>Jonava-UAB &#8220;<\/strong>Katsas&#8221; tirgus<\/p>\n<p><\/p>\n<p><\/p>\n<p>4<strong>.Raudondvar\u012b(<\/strong>Kau\u0146as rajons<strong>)-MB<\/strong>&#8220;Netonis&#8221; Naujalio g.4<\/p>\n<p><\/p>\n<p><\/p>\n<p>7<strong>.Vilkija-UAB &#8220;<\/strong>Rau\u010dulys&#8221;<\/p>\n<p><\/p>\n<p>8.<strong>Vievyas &#8211; veterin\u0101r\u0101<\/strong> aptieka Vilniaus g.38<\/p>\n<p><\/p>\n<p>9<strong>.Elektrenai &#8211; veterin\u0101r\u0101<\/strong> aptieka PC &#8220;IKI&#8221; Draugyst\u0117s 14<\/p>\n<p><\/p>\t\t\t\t\t\t\t\t<\/div>\n\t\t\t\t<\/div>\n\t\t\t\t<div class=\"elementor-element elementor-element-668a771 elementor-widget elementor-widget-spacer\" data-id=\"668a771\" data-element_type=\"widget\" data-e-type=\"widget\" data-widget_type=\"spacer.default\">\n\t\t\t\t<div class=\"elementor-widget-container\">\n\t\t\t\t\t\t\t<div class=\"elementor-spacer\">\n\t\t\t<div class=\"elementor-spacer-inner\"><\/div>\n\t\t<\/div>\n\t\t\t\t\t\t<\/div>\n\t\t\t\t<\/div>\n\t\t\t\t\t<\/div>\n\t\t\t\t<\/div>\n\t\t\t\t<\/div>\n\t\t","protected":false},"excerpt":{"rendered":"<p>J\u016bs varat ieg\u0101d\u0101ties m\u016bsu produktus m\u016bsu tie\u0161saistes veikal\u0101 vai: 1.Uz\u0146\u0113mum\u0101 &#8211; darba dien\u0101s 08.00-16.30 Plento g.16,U\u017elied\u017eiai,Kau\u0146as rajons (bez nelielas piemaksas) vai&nbsp;pieg\u0101de uz m\u0101j\u0101m. 2.Kau\u0146\u0101: Dainavas, Girstupio, Vilijampoles tirgi. 3.Prienai-UAB&#8220;Osmedas&#8221; 4.Alytus-UAB&#8220;Alytus vet.vaistin\u0117&#8221; -Canis Dina Iest\u0101de Statybnieku g.76 5.Vi\u013c\u0146a: 1. UAB &#8220;VET-1&#8221; \u017demynos g.30 2.UAB Kamanu su\u0146i Baltic pard. Algirdas 37&nbsp;&nbsp;&nbsp;&nbsp;&nbsp;&nbsp;&nbsp;&nbsp;&nbsp;&nbsp;&nbsp;&nbsp;&nbsp;&nbsp;&nbsp;&nbsp;&nbsp;&nbsp;&nbsp;&nbsp;&nbsp;&nbsp;&nbsp;&nbsp;&nbsp;&nbsp; 10.00-18.00 3.Jonava-UAB&hellip;<\/p>\n","protected":false},"author":1,"featured_media":0,"parent":0,"menu_order":0,"comment_status":"closed","ping_status":"closed","template":"","meta":{"_acf_changed":false,"footnotes":""},"class_list":["post-1102","page","type-page","status-publish","hentry"],"acf":[],"yoast_head":"<!-- This site is optimized with the Yoast SEO plugin v27.3 - https:\/\/yoast.com\/product\/yoast-seo-wordpress\/ -->\n<title>Kur ieg\u0101d\u0101ties - Ledana<\/title>\n<meta name=\"robots\" content=\"index, follow, max-snippet:-1, max-image-preview:large, max-video-preview:-1\" \/>\n<link rel=\"canonical\" href=\"https:\/\/ledana.lt\/lv\/kur-iegadaties\/\" \/>\n<meta property=\"og:locale\" content=\"lv_LV\" \/>\n<meta property=\"og:type\" content=\"article\" \/>\n<meta property=\"og:title\" content=\"Kur ieg\u0101d\u0101ties - Ledana\" \/>\n<meta property=\"og:description\" content=\"J\u016bs varat ieg\u0101d\u0101ties m\u016bsu produktus m\u016bsu tie\u0161saistes veikal\u0101 vai: 1.Uz\u0146\u0113mum\u0101 &#8211; darba dien\u0101s 08.00-16.30 Plento g.16,U\u017elied\u017eiai,Kau\u0146as rajons (bez nelielas piemaksas) vai&nbsp;pieg\u0101de uz m\u0101j\u0101m. 2.Kau\u0146\u0101: Dainavas, Girstupio, Vilijampoles tirgi. 3.Prienai-UAB&#8220;Osmedas&#8221; 4.Alytus-UAB&#8220;Alytus vet.vaistin\u0117&#8221; -Canis Dina Iest\u0101de Statybnieku g.76 5.Vi\u013c\u0146a: 1. UAB &#8220;VET-1&#8221; \u017demynos g.30 2.UAB Kamanu su\u0146i Baltic pard. Algirdas 37&nbsp;&nbsp;&nbsp;&nbsp;&nbsp;&nbsp;&nbsp;&nbsp;&nbsp;&nbsp;&nbsp;&nbsp;&nbsp;&nbsp;&nbsp;&nbsp;&nbsp;&nbsp;&nbsp;&nbsp;&nbsp;&nbsp;&nbsp;&nbsp;&nbsp;&nbsp; 10.00-18.00 3.Jonava-UAB&hellip;\" \/>\n<meta property=\"og:url\" content=\"https:\/\/ledana.lt\/lv\/kur-iegadaties\/\" \/>\n<meta property=\"og:site_name\" content=\"Ledana\" \/>\n<meta property=\"article:publisher\" content=\"https:\/\/www.facebook.com\/uabledana\" \/>\n<meta property=\"article:modified_time\" content=\"2023-11-21T08:34:01+00:00\" \/>\n<meta property=\"og:image\" content=\"https:\/\/ledana.lt\/wp-content\/uploads\/2023\/08\/suo-atsidedes-pre-stalo.jpg\" \/>\n\t<meta property=\"og:image:width\" content=\"1177\" \/>\n\t<meta property=\"og:image:height\" content=\"627\" \/>\n\t<meta property=\"og:image:type\" content=\"image\/jpeg\" \/>\n<meta name=\"twitter:card\" content=\"summary_large_image\" \/>\n<meta name=\"twitter:label1\" content=\"Est. reading time\" \/>\n\t<meta name=\"twitter:data1\" content=\"1 minute\" \/>\n<script type=\"application\/ld+json\" class=\"yoast-schema-graph\">{\"@context\":\"https:\\\/\\\/schema.org\",\"@graph\":[{\"@type\":\"WebPage\",\"@id\":\"https:\\\/\\\/ledana.lt\\\/lv\\\/kur-iegadaties\\\/\",\"url\":\"https:\\\/\\\/ledana.lt\\\/lv\\\/kur-iegadaties\\\/\",\"name\":\"Kur ieg\u0101d\u0101ties - Ledana\",\"isPartOf\":{\"@id\":\"https:\\\/\\\/ledana.lt\\\/lv\\\/#website\"},\"datePublished\":\"2023-09-04T06:20:45+00:00\",\"dateModified\":\"2023-11-21T08:34:01+00:00\",\"breadcrumb\":{\"@id\":\"https:\\\/\\\/ledana.lt\\\/lv\\\/kur-iegadaties\\\/#breadcrumb\"},\"inLanguage\":\"lv-LV\",\"potentialAction\":[{\"@type\":\"ReadAction\",\"target\":[\"https:\\\/\\\/ledana.lt\\\/lv\\\/kur-iegadaties\\\/\"]}]},{\"@type\":\"BreadcrumbList\",\"@id\":\"https:\\\/\\\/ledana.lt\\\/lv\\\/kur-iegadaties\\\/#breadcrumb\",\"itemListElement\":[{\"@type\":\"ListItem\",\"position\":1,\"name\":\"Home\",\"item\":\"https:\\\/\\\/ledana.lt\\\/lv\\\/\"},{\"@type\":\"ListItem\",\"position\":2,\"name\":\"Kur ieg\u0101d\u0101ties\"}]},{\"@type\":\"WebSite\",\"@id\":\"https:\\\/\\\/ledana.lt\\\/lv\\\/#website\",\"url\":\"https:\\\/\\\/ledana.lt\\\/lv\\\/\",\"name\":\"Ledana\",\"description\":\"Naturalus \u0161un\u0173 \u0117dalas\",\"publisher\":{\"@id\":\"https:\\\/\\\/ledana.lt\\\/lv\\\/#organization\"},\"potentialAction\":[{\"@type\":\"SearchAction\",\"target\":{\"@type\":\"EntryPoint\",\"urlTemplate\":\"https:\\\/\\\/ledana.lt\\\/lv\\\/?s={search_term_string}\"},\"query-input\":{\"@type\":\"PropertyValueSpecification\",\"valueRequired\":true,\"valueName\":\"search_term_string\"}}],\"inLanguage\":\"lv-LV\"},{\"@type\":\"Organization\",\"@id\":\"https:\\\/\\\/ledana.lt\\\/lv\\\/#organization\",\"name\":\"Ledana\",\"url\":\"https:\\\/\\\/ledana.lt\\\/lv\\\/\",\"logo\":{\"@type\":\"ImageObject\",\"inLanguage\":\"lv-LV\",\"@id\":\"https:\\\/\\\/ledana.lt\\\/lv\\\/#\\\/schema\\\/logo\\\/image\\\/\",\"url\":\"https:\\\/\\\/ledana.lt\\\/wp-content\\\/uploads\\\/2023\\\/08\\\/Ledana-Logo.png\",\"contentUrl\":\"https:\\\/\\\/ledana.lt\\\/wp-content\\\/uploads\\\/2023\\\/08\\\/Ledana-Logo.png\",\"width\":534,\"height\":355,\"caption\":\"Ledana\"},\"image\":{\"@id\":\"https:\\\/\\\/ledana.lt\\\/lv\\\/#\\\/schema\\\/logo\\\/image\\\/\"},\"sameAs\":[\"https:\\\/\\\/www.facebook.com\\\/uabledana\"]}]}<\/script>\n<!-- \/ Yoast SEO plugin. -->","yoast_head_json":{"title":"Kur ieg\u0101d\u0101ties - Ledana","robots":{"index":"index","follow":"follow","max-snippet":"max-snippet:-1","max-image-preview":"max-image-preview:large","max-video-preview":"max-video-preview:-1"},"canonical":"https:\/\/ledana.lt\/lv\/kur-iegadaties\/","og_locale":"lv_LV","og_type":"article","og_title":"Kur ieg\u0101d\u0101ties - Ledana","og_description":"J\u016bs varat ieg\u0101d\u0101ties m\u016bsu produktus m\u016bsu tie\u0161saistes veikal\u0101 vai: 1.Uz\u0146\u0113mum\u0101 &#8211; darba dien\u0101s 08.00-16.30 Plento g.16,U\u017elied\u017eiai,Kau\u0146as rajons (bez nelielas piemaksas) vai&nbsp;pieg\u0101de uz m\u0101j\u0101m. 2.Kau\u0146\u0101: Dainavas, Girstupio, Vilijampoles tirgi. 3.Prienai-UAB&#8220;Osmedas&#8221; 4.Alytus-UAB&#8220;Alytus vet.vaistin\u0117&#8221; -Canis Dina Iest\u0101de Statybnieku g.76 5.Vi\u013c\u0146a: 1. UAB &#8220;VET-1&#8221; \u017demynos g.30 2.UAB Kamanu su\u0146i Baltic pard. Algirdas 37&nbsp;&nbsp;&nbsp;&nbsp;&nbsp;&nbsp;&nbsp;&nbsp;&nbsp;&nbsp;&nbsp;&nbsp;&nbsp;&nbsp;&nbsp;&nbsp;&nbsp;&nbsp;&nbsp;&nbsp;&nbsp;&nbsp;&nbsp;&nbsp;&nbsp;&nbsp; 10.00-18.00 3.Jonava-UAB&hellip;","og_url":"https:\/\/ledana.lt\/lv\/kur-iegadaties\/","og_site_name":"Ledana","article_publisher":"https:\/\/www.facebook.com\/uabledana","article_modified_time":"2023-11-21T08:34:01+00:00","og_image":[{"width":1177,"height":627,"url":"https:\/\/ledana.lt\/wp-content\/uploads\/2023\/08\/suo-atsidedes-pre-stalo.jpg","type":"image\/jpeg"}],"twitter_card":"summary_large_image","twitter_misc":{"Est. reading time":"1 minute"},"schema":{"@context":"https:\/\/schema.org","@graph":[{"@type":"WebPage","@id":"https:\/\/ledana.lt\/lv\/kur-iegadaties\/","url":"https:\/\/ledana.lt\/lv\/kur-iegadaties\/","name":"Kur ieg\u0101d\u0101ties - Ledana","isPartOf":{"@id":"https:\/\/ledana.lt\/lv\/#website"},"datePublished":"2023-09-04T06:20:45+00:00","dateModified":"2023-11-21T08:34:01+00:00","breadcrumb":{"@id":"https:\/\/ledana.lt\/lv\/kur-iegadaties\/#breadcrumb"},"inLanguage":"lv-LV","potentialAction":[{"@type":"ReadAction","target":["https:\/\/ledana.lt\/lv\/kur-iegadaties\/"]}]},{"@type":"BreadcrumbList","@id":"https:\/\/ledana.lt\/lv\/kur-iegadaties\/#breadcrumb","itemListElement":[{"@type":"ListItem","position":1,"name":"Home","item":"https:\/\/ledana.lt\/lv\/"},{"@type":"ListItem","position":2,"name":"Kur ieg\u0101d\u0101ties"}]},{"@type":"WebSite","@id":"https:\/\/ledana.lt\/lv\/#website","url":"https:\/\/ledana.lt\/lv\/","name":"Ledana","description":"Naturalus \u0161un\u0173 \u0117dalas","publisher":{"@id":"https:\/\/ledana.lt\/lv\/#organization"},"potentialAction":[{"@type":"SearchAction","target":{"@type":"EntryPoint","urlTemplate":"https:\/\/ledana.lt\/lv\/?s={search_term_string}"},"query-input":{"@type":"PropertyValueSpecification","valueRequired":true,"valueName":"search_term_string"}}],"inLanguage":"lv-LV"},{"@type":"Organization","@id":"https:\/\/ledana.lt\/lv\/#organization","name":"Ledana","url":"https:\/\/ledana.lt\/lv\/","logo":{"@type":"ImageObject","inLanguage":"lv-LV","@id":"https:\/\/ledana.lt\/lv\/#\/schema\/logo\/image\/","url":"https:\/\/ledana.lt\/wp-content\/uploads\/2023\/08\/Ledana-Logo.png","contentUrl":"https:\/\/ledana.lt\/wp-content\/uploads\/2023\/08\/Ledana-Logo.png","width":534,"height":355,"caption":"Ledana"},"image":{"@id":"https:\/\/ledana.lt\/lv\/#\/schema\/logo\/image\/"},"sameAs":["https:\/\/www.facebook.com\/uabledana"]}]}},"jetpack_sharing_enabled":true,"_links":{"self":[{"href":"https:\/\/ledana.lt\/lv\/wp-json\/wp\/v2\/pages\/1102","targetHints":{"allow":["GET"]}}],"collection":[{"href":"https:\/\/ledana.lt\/lv\/wp-json\/wp\/v2\/pages"}],"about":[{"href":"https:\/\/ledana.lt\/lv\/wp-json\/wp\/v2\/types\/page"}],"author":[{"embeddable":true,"href":"https:\/\/ledana.lt\/lv\/wp-json\/wp\/v2\/users\/1"}],"replies":[{"embeddable":true,"href":"https:\/\/ledana.lt\/lv\/wp-json\/wp\/v2\/comments?post=1102"}],"version-history":[{"count":4,"href":"https:\/\/ledana.lt\/lv\/wp-json\/wp\/v2\/pages\/1102\/revisions"}],"predecessor-version":[{"id":1956,"href":"https:\/\/ledana.lt\/lv\/wp-json\/wp\/v2\/pages\/1102\/revisions\/1956"}],"wp:attachment":[{"href":"https:\/\/ledana.lt\/lv\/wp-json\/wp\/v2\/media?parent=1102"}],"curies":[{"name":"wp","href":"https:\/\/api.w.org\/{rel}","templated":true}]}}