{"id":7520,"date":"2025-10-15T13:45:08","date_gmt":"2025-10-15T10:45:08","guid":{"rendered":"https:\/\/ledana.lt\/produktas\/new-raw-mix-5-mix-of-stomachs-and-meat-chopping-%e2%88%85-16-mm\/"},"modified":"2025-11-05T13:11:41","modified_gmt":"2025-11-05T11:11:41","slug":"new-raw-mix-5-mix-of-stomachs-and-meat-chopping-%e2%88%85-16-mm","status":"publish","type":"product","link":"https:\/\/ledana.lt\/en\/produktas\/new-raw-mix-5-mix-of-stomachs-and-meat-chopping-%e2%88%85-16-mm\/","title":{"rendered":"NEW!!! Raw MIX-5, mix of stomachs and meat, chopping-\u2205 16 mm"},"content":{"rendered":"<p>\u2205\u2205Mixture made from (bovine) :various stomachs-30 %,kidneys-15 %,hearts-10 %,meat trimmings-15 %,stomachs-20 %,tracheas-20 %,udders-10 %,for adult dogs.Fat-11,1 %,crude protein-15,8 %,crude ash-1,04 %<\/p>\n","protected":false},"excerpt":{"rendered":"<p>\u2205\u2205Mixture made from (bovine) :various stomachs-30 %,kidneys-15 %,hearts-10 %,meat trimmings-15 %,stomachs-20 %,tracheas-20 %,udders-10 %,for adult dogs.Fat-11,1 %,crude protein-15,8 %,crude ash-1,04 %<\/p>\n","protected":false},"featured_media":7679,"comment_status":"closed","ping_status":"closed","template":"","meta":{"_acf_changed":false},"product_brand":[],"product_cat":[60,63],"product_tag":[],"class_list":{"0":"post-7520","1":"product","2":"type-product","3":"status-publish","4":"has-post-thumbnail","6":"product_cat-beef","7":"product_cat-blends","9":"first","10":"instock","11":"taxable","12":"shipping-taxable","13":"purchasable","14":"product-type-simple"},"acf":[],"yoast_head":"<!-- This site is optimized with the Yoast SEO plugin v27.3 - https:\/\/yoast.com\/product\/yoast-seo-wordpress\/ -->\n<title>NEW!!! Raw MIX-5, mix of stomachs and meat, chopping-\u2205 16 mm - Ledana<\/title>\n<meta name=\"robots\" content=\"index, follow, max-snippet:-1, max-image-preview:large, max-video-preview:-1\" \/>\n<link rel=\"canonical\" href=\"https:\/\/ledana.lt\/en\/produktas\/new-raw-mix-5-mix-of-stomachs-and-meat-chopping-%e2%88%85-16-mm\/\" \/>\n<meta property=\"og:locale\" content=\"en_US\" \/>\n<meta property=\"og:type\" content=\"article\" \/>\n<meta property=\"og:title\" content=\"NEW!!! Raw MIX-5, mix of stomachs and meat, chopping-\u2205 16 mm - Ledana\" \/>\n<meta property=\"og:description\" content=\"\u2205\u2205Mixture made from (bovine) :various stomachs-30 %,kidneys-15 %,hearts-10 %,meat trimmings-15 %,stomachs-20 %,tracheas-20 %,udders-10 %,for adult dogs.Fat-11,1 %,crude protein-15,8 %,crude ash-1,04 %\" \/>\n<meta property=\"og:url\" content=\"https:\/\/ledana.lt\/en\/produktas\/new-raw-mix-5-mix-of-stomachs-and-meat-chopping-%e2%88%85-16-mm\/\" \/>\n<meta property=\"og:site_name\" content=\"Ledana\" \/>\n<meta property=\"article:publisher\" content=\"https:\/\/www.facebook.com\/uabledana\" \/>\n<meta property=\"article:modified_time\" content=\"2025-11-05T11:11:41+00:00\" \/>\n<meta property=\"og:image\" content=\"https:\/\/ledana.lt\/wp-content\/uploads\/2023\/08\/suo-atsidedes-pre-stalo.jpg\" \/>\n\t<meta property=\"og:image:width\" content=\"1177\" \/>\n\t<meta property=\"og:image:height\" content=\"627\" \/>\n\t<meta property=\"og:image:type\" content=\"image\/jpeg\" \/>\n<meta name=\"twitter:card\" content=\"summary_large_image\" \/>\n<script type=\"application\/ld+json\" class=\"yoast-schema-graph\">{\"@context\":\"https:\\\/\\\/schema.org\",\"@graph\":[{\"@type\":\"WebPage\",\"@id\":\"https:\\\/\\\/ledana.lt\\\/en\\\/produktas\\\/new-raw-mix-5-mix-of-stomachs-and-meat-chopping-%e2%88%85-16-mm\\\/\",\"url\":\"https:\\\/\\\/ledana.lt\\\/en\\\/produktas\\\/new-raw-mix-5-mix-of-stomachs-and-meat-chopping-%e2%88%85-16-mm\\\/\",\"name\":\"NEW!!! Raw MIX-5, mix of stomachs and meat, chopping-\u2205 16 mm - Ledana\",\"isPartOf\":{\"@id\":\"https:\\\/\\\/ledana.lt\\\/en\\\/#website\"},\"primaryImageOfPage\":{\"@id\":\"https:\\\/\\\/ledana.lt\\\/en\\\/produktas\\\/new-raw-mix-5-mix-of-stomachs-and-meat-chopping-%e2%88%85-16-mm\\\/#primaryimage\"},\"image\":{\"@id\":\"https:\\\/\\\/ledana.lt\\\/en\\\/produktas\\\/new-raw-mix-5-mix-of-stomachs-and-meat-chopping-%e2%88%85-16-mm\\\/#primaryimage\"},\"thumbnailUrl\":\"https:\\\/\\\/ledana.lt\\\/wp-content\\\/uploads\\\/2025\\\/10\\\/dsc4047-2-scaled.jpeg\",\"datePublished\":\"2025-10-15T10:45:08+00:00\",\"dateModified\":\"2025-11-05T11:11:41+00:00\",\"breadcrumb\":{\"@id\":\"https:\\\/\\\/ledana.lt\\\/en\\\/produktas\\\/new-raw-mix-5-mix-of-stomachs-and-meat-chopping-%e2%88%85-16-mm\\\/#breadcrumb\"},\"inLanguage\":\"en-US\",\"potentialAction\":[{\"@type\":\"ReadAction\",\"target\":[\"https:\\\/\\\/ledana.lt\\\/en\\\/produktas\\\/new-raw-mix-5-mix-of-stomachs-and-meat-chopping-%e2%88%85-16-mm\\\/\"]}]},{\"@type\":\"ImageObject\",\"inLanguage\":\"en-US\",\"@id\":\"https:\\\/\\\/ledana.lt\\\/en\\\/produktas\\\/new-raw-mix-5-mix-of-stomachs-and-meat-chopping-%e2%88%85-16-mm\\\/#primaryimage\",\"url\":\"https:\\\/\\\/ledana.lt\\\/wp-content\\\/uploads\\\/2025\\\/10\\\/dsc4047-2-scaled.jpeg\",\"contentUrl\":\"https:\\\/\\\/ledana.lt\\\/wp-content\\\/uploads\\\/2025\\\/10\\\/dsc4047-2-scaled.jpeg\",\"width\":2560,\"height\":1726},{\"@type\":\"BreadcrumbList\",\"@id\":\"https:\\\/\\\/ledana.lt\\\/en\\\/produktas\\\/new-raw-mix-5-mix-of-stomachs-and-meat-chopping-%e2%88%85-16-mm\\\/#breadcrumb\",\"itemListElement\":[{\"@type\":\"ListItem\",\"position\":1,\"name\":\"Home\",\"item\":\"https:\\\/\\\/ledana.lt\\\/en\\\/\"},{\"@type\":\"ListItem\",\"position\":2,\"name\":\"Parduotuv\u0117\",\"item\":\"https:\\\/\\\/ledana.lt\\\/parduotuve\\\/\"},{\"@type\":\"ListItem\",\"position\":3,\"name\":\"NEW!!! Raw MIX-5, mix of stomachs and meat, chopping-\u2205 16 mm\"}]},{\"@type\":\"WebSite\",\"@id\":\"https:\\\/\\\/ledana.lt\\\/en\\\/#website\",\"url\":\"https:\\\/\\\/ledana.lt\\\/en\\\/\",\"name\":\"Ledana\",\"description\":\"Naturalus \u0161un\u0173 \u0117dalas\",\"publisher\":{\"@id\":\"https:\\\/\\\/ledana.lt\\\/en\\\/#organization\"},\"potentialAction\":[{\"@type\":\"SearchAction\",\"target\":{\"@type\":\"EntryPoint\",\"urlTemplate\":\"https:\\\/\\\/ledana.lt\\\/en\\\/?s={search_term_string}\"},\"query-input\":{\"@type\":\"PropertyValueSpecification\",\"valueRequired\":true,\"valueName\":\"search_term_string\"}}],\"inLanguage\":\"en-US\"},{\"@type\":\"Organization\",\"@id\":\"https:\\\/\\\/ledana.lt\\\/en\\\/#organization\",\"name\":\"Ledana\",\"url\":\"https:\\\/\\\/ledana.lt\\\/en\\\/\",\"logo\":{\"@type\":\"ImageObject\",\"inLanguage\":\"en-US\",\"@id\":\"https:\\\/\\\/ledana.lt\\\/en\\\/#\\\/schema\\\/logo\\\/image\\\/\",\"url\":\"https:\\\/\\\/ledana.lt\\\/wp-content\\\/uploads\\\/2023\\\/08\\\/Ledana-Logo.png\",\"contentUrl\":\"https:\\\/\\\/ledana.lt\\\/wp-content\\\/uploads\\\/2023\\\/08\\\/Ledana-Logo.png\",\"width\":534,\"height\":355,\"caption\":\"Ledana\"},\"image\":{\"@id\":\"https:\\\/\\\/ledana.lt\\\/en\\\/#\\\/schema\\\/logo\\\/image\\\/\"},\"sameAs\":[\"https:\\\/\\\/www.facebook.com\\\/uabledana\"]}]}<\/script>\n<!-- \/ Yoast SEO plugin. -->","yoast_head_json":{"title":"NEW!!! Raw MIX-5, mix of stomachs and meat, chopping-\u2205 16 mm - Ledana","robots":{"index":"index","follow":"follow","max-snippet":"max-snippet:-1","max-image-preview":"max-image-preview:large","max-video-preview":"max-video-preview:-1"},"canonical":"https:\/\/ledana.lt\/en\/produktas\/new-raw-mix-5-mix-of-stomachs-and-meat-chopping-%e2%88%85-16-mm\/","og_locale":"en_US","og_type":"article","og_title":"NEW!!! Raw MIX-5, mix of stomachs and meat, chopping-\u2205 16 mm - Ledana","og_description":"\u2205\u2205Mixture made from (bovine) :various stomachs-30 %,kidneys-15 %,hearts-10 %,meat trimmings-15 %,stomachs-20 %,tracheas-20 %,udders-10 %,for adult dogs.Fat-11,1 %,crude protein-15,8 %,crude ash-1,04 %","og_url":"https:\/\/ledana.lt\/en\/produktas\/new-raw-mix-5-mix-of-stomachs-and-meat-chopping-%e2%88%85-16-mm\/","og_site_name":"Ledana","article_publisher":"https:\/\/www.facebook.com\/uabledana","article_modified_time":"2025-11-05T11:11:41+00:00","og_image":[{"width":1177,"height":627,"url":"https:\/\/ledana.lt\/wp-content\/uploads\/2023\/08\/suo-atsidedes-pre-stalo.jpg","type":"image\/jpeg"}],"twitter_card":"summary_large_image","schema":{"@context":"https:\/\/schema.org","@graph":[{"@type":"WebPage","@id":"https:\/\/ledana.lt\/en\/produktas\/new-raw-mix-5-mix-of-stomachs-and-meat-chopping-%e2%88%85-16-mm\/","url":"https:\/\/ledana.lt\/en\/produktas\/new-raw-mix-5-mix-of-stomachs-and-meat-chopping-%e2%88%85-16-mm\/","name":"NEW!!! Raw MIX-5, mix of stomachs and meat, chopping-\u2205 16 mm - Ledana","isPartOf":{"@id":"https:\/\/ledana.lt\/en\/#website"},"primaryImageOfPage":{"@id":"https:\/\/ledana.lt\/en\/produktas\/new-raw-mix-5-mix-of-stomachs-and-meat-chopping-%e2%88%85-16-mm\/#primaryimage"},"image":{"@id":"https:\/\/ledana.lt\/en\/produktas\/new-raw-mix-5-mix-of-stomachs-and-meat-chopping-%e2%88%85-16-mm\/#primaryimage"},"thumbnailUrl":"https:\/\/ledana.lt\/wp-content\/uploads\/2025\/10\/dsc4047-2-scaled.jpeg","datePublished":"2025-10-15T10:45:08+00:00","dateModified":"2025-11-05T11:11:41+00:00","breadcrumb":{"@id":"https:\/\/ledana.lt\/en\/produktas\/new-raw-mix-5-mix-of-stomachs-and-meat-chopping-%e2%88%85-16-mm\/#breadcrumb"},"inLanguage":"en-US","potentialAction":[{"@type":"ReadAction","target":["https:\/\/ledana.lt\/en\/produktas\/new-raw-mix-5-mix-of-stomachs-and-meat-chopping-%e2%88%85-16-mm\/"]}]},{"@type":"ImageObject","inLanguage":"en-US","@id":"https:\/\/ledana.lt\/en\/produktas\/new-raw-mix-5-mix-of-stomachs-and-meat-chopping-%e2%88%85-16-mm\/#primaryimage","url":"https:\/\/ledana.lt\/wp-content\/uploads\/2025\/10\/dsc4047-2-scaled.jpeg","contentUrl":"https:\/\/ledana.lt\/wp-content\/uploads\/2025\/10\/dsc4047-2-scaled.jpeg","width":2560,"height":1726},{"@type":"BreadcrumbList","@id":"https:\/\/ledana.lt\/en\/produktas\/new-raw-mix-5-mix-of-stomachs-and-meat-chopping-%e2%88%85-16-mm\/#breadcrumb","itemListElement":[{"@type":"ListItem","position":1,"name":"Home","item":"https:\/\/ledana.lt\/en\/"},{"@type":"ListItem","position":2,"name":"Parduotuv\u0117","item":"https:\/\/ledana.lt\/parduotuve\/"},{"@type":"ListItem","position":3,"name":"NEW!!! Raw MIX-5, mix of stomachs and meat, chopping-\u2205 16 mm"}]},{"@type":"WebSite","@id":"https:\/\/ledana.lt\/en\/#website","url":"https:\/\/ledana.lt\/en\/","name":"Ledana","description":"Naturalus \u0161un\u0173 \u0117dalas","publisher":{"@id":"https:\/\/ledana.lt\/en\/#organization"},"potentialAction":[{"@type":"SearchAction","target":{"@type":"EntryPoint","urlTemplate":"https:\/\/ledana.lt\/en\/?s={search_term_string}"},"query-input":{"@type":"PropertyValueSpecification","valueRequired":true,"valueName":"search_term_string"}}],"inLanguage":"en-US"},{"@type":"Organization","@id":"https:\/\/ledana.lt\/en\/#organization","name":"Ledana","url":"https:\/\/ledana.lt\/en\/","logo":{"@type":"ImageObject","inLanguage":"en-US","@id":"https:\/\/ledana.lt\/en\/#\/schema\/logo\/image\/","url":"https:\/\/ledana.lt\/wp-content\/uploads\/2023\/08\/Ledana-Logo.png","contentUrl":"https:\/\/ledana.lt\/wp-content\/uploads\/2023\/08\/Ledana-Logo.png","width":534,"height":355,"caption":"Ledana"},"image":{"@id":"https:\/\/ledana.lt\/en\/#\/schema\/logo\/image\/"},"sameAs":["https:\/\/www.facebook.com\/uabledana"]}]}},"jetpack_sharing_enabled":true,"_links":{"self":[{"href":"https:\/\/ledana.lt\/en\/wp-json\/wp\/v2\/product\/7520","targetHints":{"allow":["GET"]}}],"collection":[{"href":"https:\/\/ledana.lt\/en\/wp-json\/wp\/v2\/product"}],"about":[{"href":"https:\/\/ledana.lt\/en\/wp-json\/wp\/v2\/types\/product"}],"replies":[{"embeddable":true,"href":"https:\/\/ledana.lt\/en\/wp-json\/wp\/v2\/comments?post=7520"}],"wp:featuredmedia":[{"embeddable":true,"href":"https:\/\/ledana.lt\/en\/wp-json\/wp\/v2\/media\/7679"}],"wp:attachment":[{"href":"https:\/\/ledana.lt\/en\/wp-json\/wp\/v2\/media?parent=7520"}],"wp:term":[{"taxonomy":"product_brand","embeddable":true,"href":"https:\/\/ledana.lt\/en\/wp-json\/wp\/v2\/product_brand?post=7520"},{"taxonomy":"product_cat","embeddable":true,"href":"https:\/\/ledana.lt\/en\/wp-json\/wp\/v2\/product_cat?post=7520"},{"taxonomy":"product_tag","embeddable":true,"href":"https:\/\/ledana.lt\/en\/wp-json\/wp\/v2\/product_tag?post=7520"}],"curies":[{"name":"wp","href":"https:\/\/api.w.org\/{rel}","templated":true}]}}