{"id":2287,"date":"2023-12-07T11:44:50","date_gmt":"2023-12-07T09:44:50","guid":{"rendered":"https:\/\/ledana.lt\/produktas\/game-beef-and-vegetable-mix-mix-4\/"},"modified":"2026-04-05T00:33:11","modified_gmt":"2026-04-04T21:33:11","slug":"venison-beef-and-sausage-blend-mix-4","status":"publish","type":"product","link":"https:\/\/ledana.lt\/en\/produktas\/venison-beef-and-sausage-blend-mix-4\/","title":{"rendered":"MIX-4  raw blend with venison, beef meat and butternut, minced \u00d816 mm or 25-30 mm"},"content":{"rendered":"<p>We use deer and doe meat, beef trimmings, cattle by-products: liver ,hearts, green tripe, tracheas, butternut squash, turkey backbone paste.<\/p>\n","protected":false},"excerpt":{"rendered":"<p>Venison-25 %<\/p>\n<p>Beef trimmings -25%<\/p>\n<p>Green tripe, liver, butternut squash &#8211; 5% each<\/p>\n<p>Bovine hearts, turkey backbone paste &#8211; 10% each<\/p>\n<p>Trachea with gullet -15 %<\/p>\n","protected":false},"featured_media":3266,"comment_status":"open","ping_status":"closed","template":"","meta":{"_acf_changed":false},"product_brand":[],"product_cat":[63],"product_tag":[],"class_list":{"0":"post-2287","1":"product","2":"type-product","3":"status-publish","4":"has-post-thumbnail","6":"product_cat-blends","8":"first","9":"instock","10":"taxable","11":"shipping-taxable","12":"purchasable","13":"product-type-simple"},"acf":[],"yoast_head":"<!-- This site is optimized with the Yoast SEO plugin v26.8 - https:\/\/yoast.com\/product\/yoast-seo-wordpress\/ -->\n<title>MIX-4 raw blend with venison, beef meat and butternut, minced \u00d816 mm or 25-30 mm - Ledana<\/title>\n<meta name=\"robots\" content=\"index, follow, max-snippet:-1, max-image-preview:large, max-video-preview:-1\" \/>\n<link rel=\"canonical\" href=\"https:\/\/ledana.lt\/en\/produktas\/venison-beef-and-sausage-blend-mix-4\/\" \/>\n<meta property=\"og:locale\" content=\"en_US\" \/>\n<meta property=\"og:type\" content=\"article\" \/>\n<meta property=\"og:title\" content=\"MIX-4 raw blend with venison, beef meat and butternut, minced \u00d816 mm or 25-30 mm - Ledana\" \/>\n<meta property=\"og:description\" content=\"Venison-25 %  Beef trimmings -25%  Green tripe, liver, butternut squash - 5% each  Bovine hearts, turkey backbone paste - 10% each  Trachea with gullet -15 %\" \/>\n<meta property=\"og:url\" content=\"https:\/\/ledana.lt\/en\/produktas\/venison-beef-and-sausage-blend-mix-4\/\" \/>\n<meta property=\"og:site_name\" content=\"Ledana\" \/>\n<meta property=\"article:publisher\" content=\"https:\/\/www.facebook.com\/uabledana\" \/>\n<meta property=\"article:modified_time\" content=\"2026-04-04T21:33:11+00:00\" \/>\n<meta property=\"og:image\" content=\"https:\/\/ledana.lt\/wp-content\/uploads\/2023\/09\/DSC6313-scaled.jpg\" \/>\n\t<meta property=\"og:image:width\" content=\"2560\" \/>\n\t<meta property=\"og:image:height\" content=\"1606\" \/>\n\t<meta property=\"og:image:type\" content=\"image\/jpeg\" \/>\n<meta name=\"twitter:card\" content=\"summary_large_image\" \/>\n<meta name=\"twitter:label1\" content=\"Est. reading time\" \/>\n\t<meta name=\"twitter:data1\" content=\"1 minute\" \/>\n<script type=\"application\/ld+json\" class=\"yoast-schema-graph\">{\"@context\":\"https:\/\/schema.org\",\"@graph\":[{\"@type\":\"WebPage\",\"@id\":\"https:\/\/ledana.lt\/en\/produktas\/venison-beef-and-sausage-blend-mix-4\/\",\"url\":\"https:\/\/ledana.lt\/en\/produktas\/venison-beef-and-sausage-blend-mix-4\/\",\"name\":\"MIX-4 raw blend with venison, beef meat and butternut, minced \u00d816 mm or 25-30 mm - Ledana\",\"isPartOf\":{\"@id\":\"https:\/\/ledana.lt\/en\/#website\"},\"primaryImageOfPage\":{\"@id\":\"https:\/\/ledana.lt\/en\/produktas\/venison-beef-and-sausage-blend-mix-4\/#primaryimage\"},\"image\":{\"@id\":\"https:\/\/ledana.lt\/en\/produktas\/venison-beef-and-sausage-blend-mix-4\/#primaryimage\"},\"thumbnailUrl\":\"https:\/\/ledana.lt\/wp-content\/uploads\/2023\/09\/DSC6313-scaled.jpg\",\"datePublished\":\"2023-12-07T09:44:50+00:00\",\"dateModified\":\"2026-04-04T21:33:11+00:00\",\"breadcrumb\":{\"@id\":\"https:\/\/ledana.lt\/en\/produktas\/venison-beef-and-sausage-blend-mix-4\/#breadcrumb\"},\"inLanguage\":\"en-US\",\"potentialAction\":[{\"@type\":\"ReadAction\",\"target\":[\"https:\/\/ledana.lt\/en\/produktas\/venison-beef-and-sausage-blend-mix-4\/\"]}]},{\"@type\":\"ImageObject\",\"inLanguage\":\"en-US\",\"@id\":\"https:\/\/ledana.lt\/en\/produktas\/venison-beef-and-sausage-blend-mix-4\/#primaryimage\",\"url\":\"https:\/\/ledana.lt\/wp-content\/uploads\/2023\/09\/DSC6313-scaled.jpg\",\"contentUrl\":\"https:\/\/ledana.lt\/wp-content\/uploads\/2023\/09\/DSC6313-scaled.jpg\",\"width\":2560,\"height\":1606},{\"@type\":\"BreadcrumbList\",\"@id\":\"https:\/\/ledana.lt\/en\/produktas\/venison-beef-and-sausage-blend-mix-4\/#breadcrumb\",\"itemListElement\":[{\"@type\":\"ListItem\",\"position\":1,\"name\":\"Home\",\"item\":\"https:\/\/ledana.lt\/en\/\"},{\"@type\":\"ListItem\",\"position\":2,\"name\":\"Parduotuv\u0117\",\"item\":\"https:\/\/ledana.lt\/parduotuve\/\"},{\"@type\":\"ListItem\",\"position\":3,\"name\":\"MIX-4 raw blend with venison, beef meat and butternut, minced \u00d816 mm or 25-30 mm\"}]},{\"@type\":\"WebSite\",\"@id\":\"https:\/\/ledana.lt\/en\/#website\",\"url\":\"https:\/\/ledana.lt\/en\/\",\"name\":\"Ledana\",\"description\":\"Naturalus \u0161un\u0173 \u0117dalas\",\"publisher\":{\"@id\":\"https:\/\/ledana.lt\/en\/#organization\"},\"potentialAction\":[{\"@type\":\"SearchAction\",\"target\":{\"@type\":\"EntryPoint\",\"urlTemplate\":\"https:\/\/ledana.lt\/en\/?s={search_term_string}\"},\"query-input\":{\"@type\":\"PropertyValueSpecification\",\"valueRequired\":true,\"valueName\":\"search_term_string\"}}],\"inLanguage\":\"en-US\"},{\"@type\":\"Organization\",\"@id\":\"https:\/\/ledana.lt\/en\/#organization\",\"name\":\"Ledana\",\"url\":\"https:\/\/ledana.lt\/en\/\",\"logo\":{\"@type\":\"ImageObject\",\"inLanguage\":\"en-US\",\"@id\":\"https:\/\/ledana.lt\/en\/#\/schema\/logo\/image\/\",\"url\":\"https:\/\/ledana.lt\/wp-content\/uploads\/2023\/08\/Ledana-Logo.png\",\"contentUrl\":\"https:\/\/ledana.lt\/wp-content\/uploads\/2023\/08\/Ledana-Logo.png\",\"width\":534,\"height\":355,\"caption\":\"Ledana\"},\"image\":{\"@id\":\"https:\/\/ledana.lt\/en\/#\/schema\/logo\/image\/\"},\"sameAs\":[\"https:\/\/www.facebook.com\/uabledana\"]}]}<\/script>\n<!-- \/ Yoast SEO plugin. -->","yoast_head_json":{"title":"MIX-4 raw blend with venison, beef meat and butternut, minced \u00d816 mm or 25-30 mm - Ledana","robots":{"index":"index","follow":"follow","max-snippet":"max-snippet:-1","max-image-preview":"max-image-preview:large","max-video-preview":"max-video-preview:-1"},"canonical":"https:\/\/ledana.lt\/en\/produktas\/venison-beef-and-sausage-blend-mix-4\/","og_locale":"en_US","og_type":"article","og_title":"MIX-4 raw blend with venison, beef meat and butternut, minced \u00d816 mm or 25-30 mm - Ledana","og_description":"Venison-25 %  Beef trimmings -25%  Green tripe, liver, butternut squash - 5% each  Bovine hearts, turkey backbone paste - 10% each  Trachea with gullet -15 %","og_url":"https:\/\/ledana.lt\/en\/produktas\/venison-beef-and-sausage-blend-mix-4\/","og_site_name":"Ledana","article_publisher":"https:\/\/www.facebook.com\/uabledana","article_modified_time":"2026-04-04T21:33:11+00:00","og_image":[{"width":2560,"height":1606,"url":"https:\/\/ledana.lt\/wp-content\/uploads\/2023\/09\/DSC6313-scaled.jpg","type":"image\/jpeg"}],"twitter_card":"summary_large_image","twitter_misc":{"Est. reading time":"1 minute"},"schema":{"@context":"https:\/\/schema.org","@graph":[{"@type":"WebPage","@id":"https:\/\/ledana.lt\/en\/produktas\/venison-beef-and-sausage-blend-mix-4\/","url":"https:\/\/ledana.lt\/en\/produktas\/venison-beef-and-sausage-blend-mix-4\/","name":"MIX-4 raw blend with venison, beef meat and butternut, minced \u00d816 mm or 25-30 mm - Ledana","isPartOf":{"@id":"https:\/\/ledana.lt\/en\/#website"},"primaryImageOfPage":{"@id":"https:\/\/ledana.lt\/en\/produktas\/venison-beef-and-sausage-blend-mix-4\/#primaryimage"},"image":{"@id":"https:\/\/ledana.lt\/en\/produktas\/venison-beef-and-sausage-blend-mix-4\/#primaryimage"},"thumbnailUrl":"https:\/\/ledana.lt\/wp-content\/uploads\/2023\/09\/DSC6313-scaled.jpg","datePublished":"2023-12-07T09:44:50+00:00","dateModified":"2026-04-04T21:33:11+00:00","breadcrumb":{"@id":"https:\/\/ledana.lt\/en\/produktas\/venison-beef-and-sausage-blend-mix-4\/#breadcrumb"},"inLanguage":"en-US","potentialAction":[{"@type":"ReadAction","target":["https:\/\/ledana.lt\/en\/produktas\/venison-beef-and-sausage-blend-mix-4\/"]}]},{"@type":"ImageObject","inLanguage":"en-US","@id":"https:\/\/ledana.lt\/en\/produktas\/venison-beef-and-sausage-blend-mix-4\/#primaryimage","url":"https:\/\/ledana.lt\/wp-content\/uploads\/2023\/09\/DSC6313-scaled.jpg","contentUrl":"https:\/\/ledana.lt\/wp-content\/uploads\/2023\/09\/DSC6313-scaled.jpg","width":2560,"height":1606},{"@type":"BreadcrumbList","@id":"https:\/\/ledana.lt\/en\/produktas\/venison-beef-and-sausage-blend-mix-4\/#breadcrumb","itemListElement":[{"@type":"ListItem","position":1,"name":"Home","item":"https:\/\/ledana.lt\/en\/"},{"@type":"ListItem","position":2,"name":"Parduotuv\u0117","item":"https:\/\/ledana.lt\/parduotuve\/"},{"@type":"ListItem","position":3,"name":"MIX-4 raw blend with venison, beef meat and butternut, minced \u00d816 mm or 25-30 mm"}]},{"@type":"WebSite","@id":"https:\/\/ledana.lt\/en\/#website","url":"https:\/\/ledana.lt\/en\/","name":"Ledana","description":"Naturalus \u0161un\u0173 \u0117dalas","publisher":{"@id":"https:\/\/ledana.lt\/en\/#organization"},"potentialAction":[{"@type":"SearchAction","target":{"@type":"EntryPoint","urlTemplate":"https:\/\/ledana.lt\/en\/?s={search_term_string}"},"query-input":{"@type":"PropertyValueSpecification","valueRequired":true,"valueName":"search_term_string"}}],"inLanguage":"en-US"},{"@type":"Organization","@id":"https:\/\/ledana.lt\/en\/#organization","name":"Ledana","url":"https:\/\/ledana.lt\/en\/","logo":{"@type":"ImageObject","inLanguage":"en-US","@id":"https:\/\/ledana.lt\/en\/#\/schema\/logo\/image\/","url":"https:\/\/ledana.lt\/wp-content\/uploads\/2023\/08\/Ledana-Logo.png","contentUrl":"https:\/\/ledana.lt\/wp-content\/uploads\/2023\/08\/Ledana-Logo.png","width":534,"height":355,"caption":"Ledana"},"image":{"@id":"https:\/\/ledana.lt\/en\/#\/schema\/logo\/image\/"},"sameAs":["https:\/\/www.facebook.com\/uabledana"]}]}},"jetpack_sharing_enabled":true,"_links":{"self":[{"href":"https:\/\/ledana.lt\/en\/wp-json\/wp\/v2\/product\/2287","targetHints":{"allow":["GET"]}}],"collection":[{"href":"https:\/\/ledana.lt\/en\/wp-json\/wp\/v2\/product"}],"about":[{"href":"https:\/\/ledana.lt\/en\/wp-json\/wp\/v2\/types\/product"}],"replies":[{"embeddable":true,"href":"https:\/\/ledana.lt\/en\/wp-json\/wp\/v2\/comments?post=2287"}],"wp:featuredmedia":[{"embeddable":true,"href":"https:\/\/ledana.lt\/en\/wp-json\/wp\/v2\/media\/3266"}],"wp:attachment":[{"href":"https:\/\/ledana.lt\/en\/wp-json\/wp\/v2\/media?parent=2287"}],"wp:term":[{"taxonomy":"product_brand","embeddable":true,"href":"https:\/\/ledana.lt\/en\/wp-json\/wp\/v2\/product_brand?post=2287"},{"taxonomy":"product_cat","embeddable":true,"href":"https:\/\/ledana.lt\/en\/wp-json\/wp\/v2\/product_cat?post=2287"},{"taxonomy":"product_tag","embeddable":true,"href":"https:\/\/ledana.lt\/en\/wp-json\/wp\/v2\/product_tag?post=2287"}],"curies":[{"name":"wp","href":"https:\/\/api.w.org\/{rel}","templated":true}]}}