{"id":1657,"date":"2023-09-25T14:59:07","date_gmt":"2023-09-25T11:59:07","guid":{"rendered":"https:\/\/ledana.lt\/produktas\/theodore\/"},"modified":"2026-04-05T00:33:12","modified_gmt":"2026-04-04T21:33:12","slug":"theodore","status":"publish","type":"product","link":"https:\/\/ledana.lt\/en\/produktas\/theodore\/","title":{"rendered":"TORAS  beef meat and by-products blend,minced \u00d8 25-30 mm"},"content":{"rendered":"<p>&#8220;TORAS &#8221; is a balanced and nutritious dog food blend, designed to meet the health and nutritional needs of pets:<\/p>\n<ul>\n<li><strong>Green beef tripe (5%)<\/strong> are a source of probiotics and enzymes that help improve digestion.<\/li>\n<li><strong>Beef trachea and gullet (5%)<\/strong> are natural and healthy snacks that help clean dogs&#8217; teeth and improve oral health.<\/li>\n<li><strong>Beef kidneys (10%)<\/strong> is an excellent source of essential nutrients such as iron, zinc and B vitamins.<\/li>\n<li><strong>Ox testicles (5%)<\/strong> are a high quality source of protein, which is essential for growth and muscle maintenance in dogs.<\/li>\n<li><strong>Beef trimmings HQ (40%)<\/strong> is a high quality source of protein which is essential for growth and muscle maintenance in dogs.<\/li>\n<li><strong>Beef head meat (20%)<\/strong> is an excellent source of protein, which is essential for growth and muscle maintenance in dogs.<\/li>\n<li><strong>Turkey bone paste (10%)<\/strong> is a natural source of calcium and phosphorus, which are essential for strong and healthy bones.<\/li>\n<li><strong>Carrots (2.5%)<\/strong> and <strong>Butternut Squash (2.5%)<\/strong> are excellent sources of fibre, which help to regulate digestion and are useful for dogs with digestive problems.<\/li>\n<\/ul>\n<p>This formula is designed to provide a complete and balanced diet for your pet, taking into account its age, weight and health status.<\/p>\n","protected":false},"excerpt":{"rendered":"<table>\n<thead>\n<tr>\n<th><strong>Ingredient<\/strong><\/th>\n<th><strong>Percentages (%)<\/strong><\/th>\n<\/tr>\n<\/thead>\n<tbody>\n<tr>\n<td>Green tripe<\/td>\n<td>5<\/td>\n<\/tr>\n<tr>\n<td>Beef trachea, gullet<\/td>\n<td>5<\/td>\n<\/tr>\n<tr>\n<td>Beef kidneys<\/td>\n<td>10<\/td>\n<\/tr>\n<tr>\n<td>Testicles of bulls<\/td>\n<td>5<\/td>\n<\/tr>\n<tr>\n<td>Beef meat trimmingsHQ<\/td>\n<td>40<\/td>\n<\/tr>\n<tr>\n<td>Bovine poly-fish meat<\/td>\n<td>20<\/td>\n<\/tr>\n<tr>\n<td>Turkey bone paste<\/td>\n<td>10<\/td>\n<\/tr>\n<tr>\n<td>Carrots<\/td>\n<td>2.5<\/td>\n<\/tr>\n<tr>\n<td>Butternut squash<\/td>\n<td>2.5<\/td>\n<\/tr>\n<\/tbody>\n<\/table>\n","protected":false},"featured_media":1649,"comment_status":"open","ping_status":"closed","template":"","meta":{"_acf_changed":false},"product_brand":[],"product_cat":[63],"product_tag":[],"class_list":{"0":"post-1657","1":"product","2":"type-product","3":"status-publish","4":"has-post-thumbnail","6":"product_cat-blends","8":"first","9":"outofstock","10":"taxable","11":"shipping-taxable","12":"purchasable","13":"product-type-simple"},"acf":[],"yoast_head":"<!-- This site is optimized with the Yoast SEO plugin v26.8 - https:\/\/yoast.com\/product\/yoast-seo-wordpress\/ -->\n<title>TORAS beef meat and by-products blend,minced \u00d8 25-30 mm - Ledana<\/title>\n<meta name=\"robots\" content=\"index, follow, max-snippet:-1, max-image-preview:large, max-video-preview:-1\" \/>\n<link rel=\"canonical\" href=\"https:\/\/ledana.lt\/en\/produktas\/theodore\/\" \/>\n<meta property=\"og:locale\" content=\"en_US\" \/>\n<meta property=\"og:type\" content=\"article\" \/>\n<meta property=\"og:title\" content=\"TORAS beef meat and by-products blend,minced \u00d8 25-30 mm - Ledana\" \/>\n<meta property=\"og:description\" content=\"Ingredient Percentages (%)     Green tripe 5   Beef trachea, gullet 5   Beef kidneys 10   Testicles of bulls 5   Beef meat trimmingsHQ 40   Bovine poly-fish meat 20   Turkey bone paste 10   Carrots 2.5   Butternut squash 2.5\" \/>\n<meta property=\"og:url\" content=\"https:\/\/ledana.lt\/en\/produktas\/theodore\/\" \/>\n<meta property=\"og:site_name\" content=\"Ledana\" \/>\n<meta property=\"article:publisher\" content=\"https:\/\/www.facebook.com\/uabledana\" \/>\n<meta property=\"article:modified_time\" content=\"2026-04-04T21:33:12+00:00\" \/>\n<meta property=\"og:image\" content=\"https:\/\/ledana.lt\/wp-content\/uploads\/2023\/08\/DSC3698-copy-scaled.jpg\" \/>\n\t<meta property=\"og:image:width\" content=\"2560\" \/>\n\t<meta property=\"og:image:height\" content=\"1649\" \/>\n\t<meta property=\"og:image:type\" content=\"image\/jpeg\" \/>\n<meta name=\"twitter:card\" content=\"summary_large_image\" \/>\n<meta name=\"twitter:label1\" content=\"Est. reading time\" \/>\n\t<meta name=\"twitter:data1\" content=\"2 minutes\" \/>\n<script type=\"application\/ld+json\" class=\"yoast-schema-graph\">{\"@context\":\"https:\/\/schema.org\",\"@graph\":[{\"@type\":\"WebPage\",\"@id\":\"https:\/\/ledana.lt\/en\/produktas\/theodore\/\",\"url\":\"https:\/\/ledana.lt\/en\/produktas\/theodore\/\",\"name\":\"TORAS beef meat and by-products blend,minced \u00d8 25-30 mm - Ledana\",\"isPartOf\":{\"@id\":\"https:\/\/ledana.lt\/en\/#website\"},\"primaryImageOfPage\":{\"@id\":\"https:\/\/ledana.lt\/en\/produktas\/theodore\/#primaryimage\"},\"image\":{\"@id\":\"https:\/\/ledana.lt\/en\/produktas\/theodore\/#primaryimage\"},\"thumbnailUrl\":\"https:\/\/ledana.lt\/wp-content\/uploads\/2023\/08\/DSC3698-copy-scaled.jpg\",\"datePublished\":\"2023-09-25T11:59:07+00:00\",\"dateModified\":\"2026-04-04T21:33:12+00:00\",\"breadcrumb\":{\"@id\":\"https:\/\/ledana.lt\/en\/produktas\/theodore\/#breadcrumb\"},\"inLanguage\":\"en-US\",\"potentialAction\":[{\"@type\":\"ReadAction\",\"target\":[\"https:\/\/ledana.lt\/en\/produktas\/theodore\/\"]}]},{\"@type\":\"ImageObject\",\"inLanguage\":\"en-US\",\"@id\":\"https:\/\/ledana.lt\/en\/produktas\/theodore\/#primaryimage\",\"url\":\"https:\/\/ledana.lt\/wp-content\/uploads\/2023\/08\/DSC3698-copy-scaled.jpg\",\"contentUrl\":\"https:\/\/ledana.lt\/wp-content\/uploads\/2023\/08\/DSC3698-copy-scaled.jpg\",\"width\":2560,\"height\":1649},{\"@type\":\"BreadcrumbList\",\"@id\":\"https:\/\/ledana.lt\/en\/produktas\/theodore\/#breadcrumb\",\"itemListElement\":[{\"@type\":\"ListItem\",\"position\":1,\"name\":\"Home\",\"item\":\"https:\/\/ledana.lt\/en\/\"},{\"@type\":\"ListItem\",\"position\":2,\"name\":\"Parduotuv\u0117\",\"item\":\"https:\/\/ledana.lt\/parduotuve\/\"},{\"@type\":\"ListItem\",\"position\":3,\"name\":\"TORAS beef meat and by-products blend,minced \u00d8 25-30 mm\"}]},{\"@type\":\"WebSite\",\"@id\":\"https:\/\/ledana.lt\/en\/#website\",\"url\":\"https:\/\/ledana.lt\/en\/\",\"name\":\"Ledana\",\"description\":\"Naturalus \u0161un\u0173 \u0117dalas\",\"publisher\":{\"@id\":\"https:\/\/ledana.lt\/en\/#organization\"},\"potentialAction\":[{\"@type\":\"SearchAction\",\"target\":{\"@type\":\"EntryPoint\",\"urlTemplate\":\"https:\/\/ledana.lt\/en\/?s={search_term_string}\"},\"query-input\":{\"@type\":\"PropertyValueSpecification\",\"valueRequired\":true,\"valueName\":\"search_term_string\"}}],\"inLanguage\":\"en-US\"},{\"@type\":\"Organization\",\"@id\":\"https:\/\/ledana.lt\/en\/#organization\",\"name\":\"Ledana\",\"url\":\"https:\/\/ledana.lt\/en\/\",\"logo\":{\"@type\":\"ImageObject\",\"inLanguage\":\"en-US\",\"@id\":\"https:\/\/ledana.lt\/en\/#\/schema\/logo\/image\/\",\"url\":\"https:\/\/ledana.lt\/wp-content\/uploads\/2023\/08\/Ledana-Logo.png\",\"contentUrl\":\"https:\/\/ledana.lt\/wp-content\/uploads\/2023\/08\/Ledana-Logo.png\",\"width\":534,\"height\":355,\"caption\":\"Ledana\"},\"image\":{\"@id\":\"https:\/\/ledana.lt\/en\/#\/schema\/logo\/image\/\"},\"sameAs\":[\"https:\/\/www.facebook.com\/uabledana\"]}]}<\/script>\n<!-- \/ Yoast SEO plugin. -->","yoast_head_json":{"title":"TORAS beef meat and by-products blend,minced \u00d8 25-30 mm - Ledana","robots":{"index":"index","follow":"follow","max-snippet":"max-snippet:-1","max-image-preview":"max-image-preview:large","max-video-preview":"max-video-preview:-1"},"canonical":"https:\/\/ledana.lt\/en\/produktas\/theodore\/","og_locale":"en_US","og_type":"article","og_title":"TORAS beef meat and by-products blend,minced \u00d8 25-30 mm - Ledana","og_description":"Ingredient Percentages (%)     Green tripe 5   Beef trachea, gullet 5   Beef kidneys 10   Testicles of bulls 5   Beef meat trimmingsHQ 40   Bovine poly-fish meat 20   Turkey bone paste 10   Carrots 2.5   Butternut squash 2.5","og_url":"https:\/\/ledana.lt\/en\/produktas\/theodore\/","og_site_name":"Ledana","article_publisher":"https:\/\/www.facebook.com\/uabledana","article_modified_time":"2026-04-04T21:33:12+00:00","og_image":[{"width":2560,"height":1649,"url":"https:\/\/ledana.lt\/wp-content\/uploads\/2023\/08\/DSC3698-copy-scaled.jpg","type":"image\/jpeg"}],"twitter_card":"summary_large_image","twitter_misc":{"Est. reading time":"2 minutes"},"schema":{"@context":"https:\/\/schema.org","@graph":[{"@type":"WebPage","@id":"https:\/\/ledana.lt\/en\/produktas\/theodore\/","url":"https:\/\/ledana.lt\/en\/produktas\/theodore\/","name":"TORAS beef meat and by-products blend,minced \u00d8 25-30 mm - Ledana","isPartOf":{"@id":"https:\/\/ledana.lt\/en\/#website"},"primaryImageOfPage":{"@id":"https:\/\/ledana.lt\/en\/produktas\/theodore\/#primaryimage"},"image":{"@id":"https:\/\/ledana.lt\/en\/produktas\/theodore\/#primaryimage"},"thumbnailUrl":"https:\/\/ledana.lt\/wp-content\/uploads\/2023\/08\/DSC3698-copy-scaled.jpg","datePublished":"2023-09-25T11:59:07+00:00","dateModified":"2026-04-04T21:33:12+00:00","breadcrumb":{"@id":"https:\/\/ledana.lt\/en\/produktas\/theodore\/#breadcrumb"},"inLanguage":"en-US","potentialAction":[{"@type":"ReadAction","target":["https:\/\/ledana.lt\/en\/produktas\/theodore\/"]}]},{"@type":"ImageObject","inLanguage":"en-US","@id":"https:\/\/ledana.lt\/en\/produktas\/theodore\/#primaryimage","url":"https:\/\/ledana.lt\/wp-content\/uploads\/2023\/08\/DSC3698-copy-scaled.jpg","contentUrl":"https:\/\/ledana.lt\/wp-content\/uploads\/2023\/08\/DSC3698-copy-scaled.jpg","width":2560,"height":1649},{"@type":"BreadcrumbList","@id":"https:\/\/ledana.lt\/en\/produktas\/theodore\/#breadcrumb","itemListElement":[{"@type":"ListItem","position":1,"name":"Home","item":"https:\/\/ledana.lt\/en\/"},{"@type":"ListItem","position":2,"name":"Parduotuv\u0117","item":"https:\/\/ledana.lt\/parduotuve\/"},{"@type":"ListItem","position":3,"name":"TORAS beef meat and by-products blend,minced \u00d8 25-30 mm"}]},{"@type":"WebSite","@id":"https:\/\/ledana.lt\/en\/#website","url":"https:\/\/ledana.lt\/en\/","name":"Ledana","description":"Naturalus \u0161un\u0173 \u0117dalas","publisher":{"@id":"https:\/\/ledana.lt\/en\/#organization"},"potentialAction":[{"@type":"SearchAction","target":{"@type":"EntryPoint","urlTemplate":"https:\/\/ledana.lt\/en\/?s={search_term_string}"},"query-input":{"@type":"PropertyValueSpecification","valueRequired":true,"valueName":"search_term_string"}}],"inLanguage":"en-US"},{"@type":"Organization","@id":"https:\/\/ledana.lt\/en\/#organization","name":"Ledana","url":"https:\/\/ledana.lt\/en\/","logo":{"@type":"ImageObject","inLanguage":"en-US","@id":"https:\/\/ledana.lt\/en\/#\/schema\/logo\/image\/","url":"https:\/\/ledana.lt\/wp-content\/uploads\/2023\/08\/Ledana-Logo.png","contentUrl":"https:\/\/ledana.lt\/wp-content\/uploads\/2023\/08\/Ledana-Logo.png","width":534,"height":355,"caption":"Ledana"},"image":{"@id":"https:\/\/ledana.lt\/en\/#\/schema\/logo\/image\/"},"sameAs":["https:\/\/www.facebook.com\/uabledana"]}]}},"jetpack_sharing_enabled":true,"_links":{"self":[{"href":"https:\/\/ledana.lt\/en\/wp-json\/wp\/v2\/product\/1657","targetHints":{"allow":["GET"]}}],"collection":[{"href":"https:\/\/ledana.lt\/en\/wp-json\/wp\/v2\/product"}],"about":[{"href":"https:\/\/ledana.lt\/en\/wp-json\/wp\/v2\/types\/product"}],"replies":[{"embeddable":true,"href":"https:\/\/ledana.lt\/en\/wp-json\/wp\/v2\/comments?post=1657"}],"wp:featuredmedia":[{"embeddable":true,"href":"https:\/\/ledana.lt\/en\/wp-json\/wp\/v2\/media\/1649"}],"wp:attachment":[{"href":"https:\/\/ledana.lt\/en\/wp-json\/wp\/v2\/media?parent=1657"}],"wp:term":[{"taxonomy":"product_brand","embeddable":true,"href":"https:\/\/ledana.lt\/en\/wp-json\/wp\/v2\/product_brand?post=1657"},{"taxonomy":"product_cat","embeddable":true,"href":"https:\/\/ledana.lt\/en\/wp-json\/wp\/v2\/product_cat?post=1657"},{"taxonomy":"product_tag","embeddable":true,"href":"https:\/\/ledana.lt\/en\/wp-json\/wp\/v2\/product_tag?post=1657"}],"curies":[{"name":"wp","href":"https:\/\/api.w.org\/{rel}","templated":true}]}}