{"id":1653,"date":"2023-09-25T15:14:57","date_gmt":"2023-09-25T12:14:57","guid":{"rendered":"https:\/\/ledana.lt\/produktas\/ryga-mix-for-kennels\/"},"modified":"2026-04-16T21:28:52","modified_gmt":"2026-04-16T18:28:52","slug":"for-kennels","status":"publish","type":"product","link":"https:\/\/ledana.lt\/en\/produktas\/for-kennels\/","title":{"rendered":"RYGA mix for kennels"},"content":{"rendered":"<p>RYGA kennel mix is produced according to the receturation of Svetlana KRAV\u010cENKO, an experienced breeder from Latvia, and is a balanced and nutritious mix, designed to meet the health and nutritional needs of growing and adult pets:<\/p>\n<ul>\n<li><strong>Green tripe (10%)<\/strong> are a source of probiotics and enzymes that help improve digestion.<\/li>\n<li><strong>Beef trachea and gullet (12%)<\/strong> are natural and healthy snacks that help clean dogs&#8217; teeth and improve oral health.<\/li>\n<li><strong>Beef liver (5%)<\/strong> is an excellent source of vitamin A, which is essential for vision, growth and immune system support.<\/li>\n<li><strong>Udder (5%)<\/strong> is a fatty product for rapid weight gain. Rich in minerals and vitamins.<\/li>\n<li><strong>Beef hearts (18%)<\/strong> are an excellent source of coenzyme Q10, taurine and B vitamins, which are important for heart health.<\/li>\n<li><strong>Beef meat trimmings HQ (25%)<\/strong> and <strong>MQ (25%<\/strong> ) are high quality sources of protein which are essential for growth and maintenance of muscle mass in dogs.<\/li>\n<\/ul>\n<p>This formula is designed to provide a complete and balanced diet for kennel dogs, taking into account their age, weight and health status.<\/p>\n","protected":false},"excerpt":{"rendered":"<table>\n<thead>\n<tr>\n<th><strong>Ingredient<\/strong><\/th>\n<th><strong>Percentages (%)<\/strong><\/th>\n<\/tr>\n<\/thead>\n<tbody>\n<tr>\n<td>Cattle stomachs<\/td>\n<td>10<\/td>\n<\/tr>\n<tr>\n<td>Bovine trachea, atria<\/td>\n<td>12<\/td>\n<\/tr>\n<tr>\n<td>Bovine liver<\/td>\n<td>5<\/td>\n<\/tr>\n<tr>\n<td>Carrier<\/td>\n<td>5<\/td>\n<\/tr>\n<tr>\n<td>Cattle hearts<\/td>\n<td>18<\/td>\n<\/tr>\n<tr>\n<td>Offcuts of meat of bovine animals I\/r<\/td>\n<td>25<\/td>\n<\/tr>\n<tr>\n<td>Offcuts of meat of bovine animals II\/r<\/td>\n<td>25<\/td>\n<\/tr>\n<\/tbody>\n<\/table>\n<p>Milling 25-30mm.<\/p>\n","protected":false},"featured_media":2322,"comment_status":"open","ping_status":"closed","template":"","meta":{"_acf_changed":false},"product_brand":[],"product_cat":[63],"product_tag":[],"class_list":{"0":"post-1653","1":"product","2":"type-product","3":"status-publish","4":"has-post-thumbnail","6":"product_cat-blends","8":"first","9":"instock","10":"taxable","11":"shipping-taxable","12":"purchasable","13":"product-type-simple"},"acf":[],"yoast_head":"<!-- This site is optimized with the Yoast SEO plugin v27.3 - https:\/\/yoast.com\/product\/yoast-seo-wordpress\/ -->\n<title>RYGA mix for kennels - Ledana<\/title>\n<meta name=\"robots\" content=\"index, follow, max-snippet:-1, max-image-preview:large, max-video-preview:-1\" \/>\n<link rel=\"canonical\" href=\"https:\/\/ledana.lt\/en\/produktas\/for-kennels\/\" \/>\n<meta property=\"og:locale\" content=\"en_US\" \/>\n<meta property=\"og:type\" content=\"article\" \/>\n<meta property=\"og:title\" content=\"RYGA mix for kennels - Ledana\" \/>\n<meta property=\"og:description\" content=\"Ingredient Percentages (%)     Cattle stomachs 10   Bovine trachea, atria 12   Bovine liver 5   Carrier 5   Cattle hearts 18   Offcuts of meat of bovine animals I\/r 25   Offcuts of meat of bovine animals II\/r 25    Milling 25-30mm.\" \/>\n<meta property=\"og:url\" content=\"https:\/\/ledana.lt\/en\/produktas\/for-kennels\/\" \/>\n<meta property=\"og:site_name\" content=\"Ledana\" \/>\n<meta property=\"article:publisher\" content=\"https:\/\/www.facebook.com\/uabledana\" \/>\n<meta property=\"article:modified_time\" content=\"2026-04-16T18:28:52+00:00\" \/>\n<meta property=\"og:image\" content=\"https:\/\/ledana.lt\/wp-content\/uploads\/2023\/12\/dsc3701-copy-scaled.jpeg\" \/>\n\t<meta property=\"og:image:width\" content=\"2560\" \/>\n\t<meta property=\"og:image:height\" content=\"1708\" \/>\n\t<meta property=\"og:image:type\" content=\"image\/jpeg\" \/>\n<meta name=\"twitter:card\" content=\"summary_large_image\" \/>\n<meta name=\"twitter:label1\" content=\"Est. reading time\" \/>\n\t<meta name=\"twitter:data1\" content=\"1 minute\" \/>\n<script type=\"application\/ld+json\" class=\"yoast-schema-graph\">{\"@context\":\"https:\\\/\\\/schema.org\",\"@graph\":[{\"@type\":\"WebPage\",\"@id\":\"https:\\\/\\\/ledana.lt\\\/en\\\/produktas\\\/for-kennels\\\/\",\"url\":\"https:\\\/\\\/ledana.lt\\\/en\\\/produktas\\\/for-kennels\\\/\",\"name\":\"RYGA mix for kennels - Ledana\",\"isPartOf\":{\"@id\":\"https:\\\/\\\/ledana.lt\\\/en\\\/#website\"},\"primaryImageOfPage\":{\"@id\":\"https:\\\/\\\/ledana.lt\\\/en\\\/produktas\\\/for-kennels\\\/#primaryimage\"},\"image\":{\"@id\":\"https:\\\/\\\/ledana.lt\\\/en\\\/produktas\\\/for-kennels\\\/#primaryimage\"},\"thumbnailUrl\":\"https:\\\/\\\/ledana.lt\\\/wp-content\\\/uploads\\\/2023\\\/12\\\/dsc3701-copy-scaled.jpeg\",\"datePublished\":\"2023-09-25T12:14:57+00:00\",\"dateModified\":\"2026-04-16T18:28:52+00:00\",\"breadcrumb\":{\"@id\":\"https:\\\/\\\/ledana.lt\\\/en\\\/produktas\\\/for-kennels\\\/#breadcrumb\"},\"inLanguage\":\"en-US\",\"potentialAction\":[{\"@type\":\"ReadAction\",\"target\":[\"https:\\\/\\\/ledana.lt\\\/en\\\/produktas\\\/for-kennels\\\/\"]}]},{\"@type\":\"ImageObject\",\"inLanguage\":\"en-US\",\"@id\":\"https:\\\/\\\/ledana.lt\\\/en\\\/produktas\\\/for-kennels\\\/#primaryimage\",\"url\":\"https:\\\/\\\/ledana.lt\\\/wp-content\\\/uploads\\\/2023\\\/12\\\/dsc3701-copy-scaled.jpeg\",\"contentUrl\":\"https:\\\/\\\/ledana.lt\\\/wp-content\\\/uploads\\\/2023\\\/12\\\/dsc3701-copy-scaled.jpeg\",\"width\":2560,\"height\":1708},{\"@type\":\"BreadcrumbList\",\"@id\":\"https:\\\/\\\/ledana.lt\\\/en\\\/produktas\\\/for-kennels\\\/#breadcrumb\",\"itemListElement\":[{\"@type\":\"ListItem\",\"position\":1,\"name\":\"Home\",\"item\":\"https:\\\/\\\/ledana.lt\\\/en\\\/\"},{\"@type\":\"ListItem\",\"position\":2,\"name\":\"Parduotuv\u0117\",\"item\":\"https:\\\/\\\/ledana.lt\\\/parduotuve\\\/\"},{\"@type\":\"ListItem\",\"position\":3,\"name\":\"RYGA mix for kennels\"}]},{\"@type\":\"WebSite\",\"@id\":\"https:\\\/\\\/ledana.lt\\\/en\\\/#website\",\"url\":\"https:\\\/\\\/ledana.lt\\\/en\\\/\",\"name\":\"Ledana\",\"description\":\"Naturalus \u0161un\u0173 \u0117dalas\",\"publisher\":{\"@id\":\"https:\\\/\\\/ledana.lt\\\/en\\\/#organization\"},\"potentialAction\":[{\"@type\":\"SearchAction\",\"target\":{\"@type\":\"EntryPoint\",\"urlTemplate\":\"https:\\\/\\\/ledana.lt\\\/en\\\/?s={search_term_string}\"},\"query-input\":{\"@type\":\"PropertyValueSpecification\",\"valueRequired\":true,\"valueName\":\"search_term_string\"}}],\"inLanguage\":\"en-US\"},{\"@type\":\"Organization\",\"@id\":\"https:\\\/\\\/ledana.lt\\\/en\\\/#organization\",\"name\":\"Ledana\",\"url\":\"https:\\\/\\\/ledana.lt\\\/en\\\/\",\"logo\":{\"@type\":\"ImageObject\",\"inLanguage\":\"en-US\",\"@id\":\"https:\\\/\\\/ledana.lt\\\/en\\\/#\\\/schema\\\/logo\\\/image\\\/\",\"url\":\"https:\\\/\\\/ledana.lt\\\/wp-content\\\/uploads\\\/2023\\\/08\\\/Ledana-Logo.png\",\"contentUrl\":\"https:\\\/\\\/ledana.lt\\\/wp-content\\\/uploads\\\/2023\\\/08\\\/Ledana-Logo.png\",\"width\":534,\"height\":355,\"caption\":\"Ledana\"},\"image\":{\"@id\":\"https:\\\/\\\/ledana.lt\\\/en\\\/#\\\/schema\\\/logo\\\/image\\\/\"},\"sameAs\":[\"https:\\\/\\\/www.facebook.com\\\/uabledana\"]}]}<\/script>\n<!-- \/ Yoast SEO plugin. -->","yoast_head_json":{"title":"RYGA mix for kennels - Ledana","robots":{"index":"index","follow":"follow","max-snippet":"max-snippet:-1","max-image-preview":"max-image-preview:large","max-video-preview":"max-video-preview:-1"},"canonical":"https:\/\/ledana.lt\/en\/produktas\/for-kennels\/","og_locale":"en_US","og_type":"article","og_title":"RYGA mix for kennels - Ledana","og_description":"Ingredient Percentages (%)     Cattle stomachs 10   Bovine trachea, atria 12   Bovine liver 5   Carrier 5   Cattle hearts 18   Offcuts of meat of bovine animals I\/r 25   Offcuts of meat of bovine animals II\/r 25    Milling 25-30mm.","og_url":"https:\/\/ledana.lt\/en\/produktas\/for-kennels\/","og_site_name":"Ledana","article_publisher":"https:\/\/www.facebook.com\/uabledana","article_modified_time":"2026-04-16T18:28:52+00:00","og_image":[{"width":2560,"height":1708,"url":"https:\/\/ledana.lt\/wp-content\/uploads\/2023\/12\/dsc3701-copy-scaled.jpeg","type":"image\/jpeg"}],"twitter_card":"summary_large_image","twitter_misc":{"Est. reading time":"1 minute"},"schema":{"@context":"https:\/\/schema.org","@graph":[{"@type":"WebPage","@id":"https:\/\/ledana.lt\/en\/produktas\/for-kennels\/","url":"https:\/\/ledana.lt\/en\/produktas\/for-kennels\/","name":"RYGA mix for kennels - Ledana","isPartOf":{"@id":"https:\/\/ledana.lt\/en\/#website"},"primaryImageOfPage":{"@id":"https:\/\/ledana.lt\/en\/produktas\/for-kennels\/#primaryimage"},"image":{"@id":"https:\/\/ledana.lt\/en\/produktas\/for-kennels\/#primaryimage"},"thumbnailUrl":"https:\/\/ledana.lt\/wp-content\/uploads\/2023\/12\/dsc3701-copy-scaled.jpeg","datePublished":"2023-09-25T12:14:57+00:00","dateModified":"2026-04-16T18:28:52+00:00","breadcrumb":{"@id":"https:\/\/ledana.lt\/en\/produktas\/for-kennels\/#breadcrumb"},"inLanguage":"en-US","potentialAction":[{"@type":"ReadAction","target":["https:\/\/ledana.lt\/en\/produktas\/for-kennels\/"]}]},{"@type":"ImageObject","inLanguage":"en-US","@id":"https:\/\/ledana.lt\/en\/produktas\/for-kennels\/#primaryimage","url":"https:\/\/ledana.lt\/wp-content\/uploads\/2023\/12\/dsc3701-copy-scaled.jpeg","contentUrl":"https:\/\/ledana.lt\/wp-content\/uploads\/2023\/12\/dsc3701-copy-scaled.jpeg","width":2560,"height":1708},{"@type":"BreadcrumbList","@id":"https:\/\/ledana.lt\/en\/produktas\/for-kennels\/#breadcrumb","itemListElement":[{"@type":"ListItem","position":1,"name":"Home","item":"https:\/\/ledana.lt\/en\/"},{"@type":"ListItem","position":2,"name":"Parduotuv\u0117","item":"https:\/\/ledana.lt\/parduotuve\/"},{"@type":"ListItem","position":3,"name":"RYGA mix for kennels"}]},{"@type":"WebSite","@id":"https:\/\/ledana.lt\/en\/#website","url":"https:\/\/ledana.lt\/en\/","name":"Ledana","description":"Naturalus \u0161un\u0173 \u0117dalas","publisher":{"@id":"https:\/\/ledana.lt\/en\/#organization"},"potentialAction":[{"@type":"SearchAction","target":{"@type":"EntryPoint","urlTemplate":"https:\/\/ledana.lt\/en\/?s={search_term_string}"},"query-input":{"@type":"PropertyValueSpecification","valueRequired":true,"valueName":"search_term_string"}}],"inLanguage":"en-US"},{"@type":"Organization","@id":"https:\/\/ledana.lt\/en\/#organization","name":"Ledana","url":"https:\/\/ledana.lt\/en\/","logo":{"@type":"ImageObject","inLanguage":"en-US","@id":"https:\/\/ledana.lt\/en\/#\/schema\/logo\/image\/","url":"https:\/\/ledana.lt\/wp-content\/uploads\/2023\/08\/Ledana-Logo.png","contentUrl":"https:\/\/ledana.lt\/wp-content\/uploads\/2023\/08\/Ledana-Logo.png","width":534,"height":355,"caption":"Ledana"},"image":{"@id":"https:\/\/ledana.lt\/en\/#\/schema\/logo\/image\/"},"sameAs":["https:\/\/www.facebook.com\/uabledana"]}]}},"jetpack_sharing_enabled":true,"_links":{"self":[{"href":"https:\/\/ledana.lt\/en\/wp-json\/wp\/v2\/product\/1653","targetHints":{"allow":["GET"]}}],"collection":[{"href":"https:\/\/ledana.lt\/en\/wp-json\/wp\/v2\/product"}],"about":[{"href":"https:\/\/ledana.lt\/en\/wp-json\/wp\/v2\/types\/product"}],"replies":[{"embeddable":true,"href":"https:\/\/ledana.lt\/en\/wp-json\/wp\/v2\/comments?post=1653"}],"wp:featuredmedia":[{"embeddable":true,"href":"https:\/\/ledana.lt\/en\/wp-json\/wp\/v2\/media\/2322"}],"wp:attachment":[{"href":"https:\/\/ledana.lt\/en\/wp-json\/wp\/v2\/media?parent=1653"}],"wp:term":[{"taxonomy":"product_brand","embeddable":true,"href":"https:\/\/ledana.lt\/en\/wp-json\/wp\/v2\/product_brand?post=1653"},{"taxonomy":"product_cat","embeddable":true,"href":"https:\/\/ledana.lt\/en\/wp-json\/wp\/v2\/product_cat?post=1653"},{"taxonomy":"product_tag","embeddable":true,"href":"https:\/\/ledana.lt\/en\/wp-json\/wp\/v2\/product_tag?post=1653"}],"curies":[{"name":"wp","href":"https:\/\/api.w.org\/{rel}","templated":true}]}}