{"id":1628,"date":"2023-08-16T18:40:07","date_gmt":"2023-08-16T15:40:07","guid":{"rendered":"https:\/\/ledana.lt\/produktas\/green-mix-2-dargo\/"},"modified":"2026-04-10T11:46:16","modified_gmt":"2026-04-10T08:46:16","slug":"zalias-mix-2-dargo","status":"publish","type":"product","link":"https:\/\/ledana.lt\/en\/produktas\/zalias-mix-2-dargo\/","title":{"rendered":"MIX-2 raw blend"},"content":{"rendered":"<p>&#8221; MIX-2 is a balanced and nutritious dog food blend, designed to meet the health and nutritional needs of pets.<\/p>\n<ul>\n<li><strong>Green tripe (10%)<\/strong> are an excellent source of protein, which helps maintain muscle mass and energy levels.<\/li>\n<li><strong>Beef trachea and gullet (20%)<\/strong> are natural and healthy snacks that help clean dogs&#8217; teeth and improve oral health.<\/li>\n<li><strong>Beef liver (5%)<\/strong> is an excellent source of vitamin A, which is essential for vision, growth and immune system support.<\/li>\n<li><strong>Beef lungs (5%)<\/strong> is a light and low-calorie snack that is an excellent option for obese or elderly dogs.<\/li>\n<li><strong>Bees hearts (10%)<\/strong> is an excellent source of coenzyme Q10, taurine and B vitamins, which are important for heart health.<\/li>\n<li><strong>Beef trimmings MQ (25%)<\/strong> is a high quality source of protein which is essential for growth and muscle maintenance in dogs.<\/li>\n<li><strong>Turkey bone paste (10%)<\/strong> is a natural source of calcium and phosphorus, which are essential for strong and healthy bones.<\/li>\n<li><strong>Carrots (4%)<\/strong> are an excellent source of beta-carotene, which is good for eyesight and skin health.<\/li>\n<li><strong>Butternut squash (6%)<\/strong> is an excellent source of fibre which helps regulate digestion and is beneficial for dogs with digestive problems.<\/li>\n<li><strong>Coocked rice (uncooked 2%)<\/strong> is an easily digestible source of carbohydrates that provides energy and helps maintain a stable weight.<\/li>\n<\/ul>\n<p>This formula is designed to provide a complete and balanced diet for your pet, taking into account its age, weight and health status.<\/p>\n","protected":false},"excerpt":{"rendered":"<p>Packaged in 1 kg or 0.5 kg<\/p>\n<table>\n<thead>\n<tr>\n<th><strong>Ingredient<\/strong><\/th>\n<th><strong>Percentages (%)<\/strong><\/th>\n<\/tr>\n<\/thead>\n<tbody>\n<tr>\n<td>Green tripe<\/td>\n<td>10<\/td>\n<\/tr>\n<tr>\n<td>Beef trachea, gullet<\/td>\n<td>20<\/td>\n<\/tr>\n<tr>\n<td>Beef liver<\/td>\n<td>5<\/td>\n<\/tr>\n<tr>\n<td>Beef lungs<\/td>\n<td>5<\/td>\n<\/tr>\n<tr>\n<td>Beef hearts<\/td>\n<td>10<\/td>\n<\/tr>\n<tr>\n<td>Beef trimmings MQ<\/td>\n<td>25<\/td>\n<\/tr>\n<tr>\n<td>Turkey bone paste<\/td>\n<td>10<\/td>\n<\/tr>\n<tr>\n<td>Carrots<\/td>\n<td>4<\/td>\n<\/tr>\n<tr>\n<td>Butternut squash<\/td>\n<td>6<\/td>\n<\/tr>\n<tr>\n<td>Rice (uncooked)<\/td>\n<td>2<\/td>\n<\/tr>\n<\/tbody>\n<\/table>\n<p>Milling 10-12mm<\/p>\n","protected":false},"featured_media":1645,"comment_status":"open","ping_status":"closed","template":"","meta":{"_acf_changed":false},"product_brand":[],"product_cat":[63],"product_tag":[],"class_list":{"0":"post-1628","1":"product","2":"type-product","3":"status-publish","4":"has-post-thumbnail","6":"product_cat-blends","8":"first","9":"instock","10":"taxable","11":"shipping-taxable","12":"purchasable","13":"product-type-simple"},"acf":[],"yoast_head":"<!-- This site is optimized with the Yoast SEO plugin v27.3 - https:\/\/yoast.com\/product\/yoast-seo-wordpress\/ -->\n<title>MIX-2 raw blend - Ledana<\/title>\n<meta name=\"robots\" content=\"index, follow, max-snippet:-1, max-image-preview:large, max-video-preview:-1\" \/>\n<link rel=\"canonical\" href=\"https:\/\/ledana.lt\/en\/produktas\/zalias-mix-2-dargo\/\" \/>\n<meta property=\"og:locale\" content=\"en_US\" \/>\n<meta property=\"og:type\" content=\"article\" \/>\n<meta property=\"og:title\" content=\"MIX-2 raw blend - Ledana\" \/>\n<meta property=\"og:description\" content=\"Packaged in 1 kg or 0.5 kg    Ingredient Percentages (%)     Green tripe 10   Beef trachea, gullet 20   Beef liver 5   Beef lungs 5   Beef hearts 10   Beef trimmings MQ 25   Turkey bone paste 10   Carrots 4   Butternut squash 6   Rice (uncooked) 2    Milling 10-12mm\" \/>\n<meta property=\"og:url\" content=\"https:\/\/ledana.lt\/en\/produktas\/zalias-mix-2-dargo\/\" \/>\n<meta property=\"og:site_name\" content=\"Ledana\" \/>\n<meta property=\"article:publisher\" content=\"https:\/\/www.facebook.com\/uabledana\" \/>\n<meta property=\"article:modified_time\" content=\"2026-04-10T08:46:16+00:00\" \/>\n<meta property=\"og:image\" content=\"https:\/\/ledana.lt\/wp-content\/uploads\/2023\/08\/DSC3686-copy-scaled.jpg\" \/>\n\t<meta property=\"og:image:width\" content=\"2560\" \/>\n\t<meta property=\"og:image:height\" content=\"1708\" \/>\n\t<meta property=\"og:image:type\" content=\"image\/jpeg\" \/>\n<meta name=\"twitter:card\" content=\"summary_large_image\" \/>\n<meta name=\"twitter:label1\" content=\"Est. reading time\" \/>\n\t<meta name=\"twitter:data1\" content=\"2 minutes\" \/>\n<script type=\"application\/ld+json\" class=\"yoast-schema-graph\">{\"@context\":\"https:\\\/\\\/schema.org\",\"@graph\":[{\"@type\":\"WebPage\",\"@id\":\"https:\\\/\\\/ledana.lt\\\/en\\\/produktas\\\/zalias-mix-2-dargo\\\/\",\"url\":\"https:\\\/\\\/ledana.lt\\\/en\\\/produktas\\\/zalias-mix-2-dargo\\\/\",\"name\":\"MIX-2 raw blend - Ledana\",\"isPartOf\":{\"@id\":\"https:\\\/\\\/ledana.lt\\\/en\\\/#website\"},\"primaryImageOfPage\":{\"@id\":\"https:\\\/\\\/ledana.lt\\\/en\\\/produktas\\\/zalias-mix-2-dargo\\\/#primaryimage\"},\"image\":{\"@id\":\"https:\\\/\\\/ledana.lt\\\/en\\\/produktas\\\/zalias-mix-2-dargo\\\/#primaryimage\"},\"thumbnailUrl\":\"https:\\\/\\\/ledana.lt\\\/wp-content\\\/uploads\\\/2023\\\/08\\\/DSC3686-copy-scaled.jpg\",\"datePublished\":\"2023-08-16T15:40:07+00:00\",\"dateModified\":\"2026-04-10T08:46:16+00:00\",\"breadcrumb\":{\"@id\":\"https:\\\/\\\/ledana.lt\\\/en\\\/produktas\\\/zalias-mix-2-dargo\\\/#breadcrumb\"},\"inLanguage\":\"en-US\",\"potentialAction\":[{\"@type\":\"ReadAction\",\"target\":[\"https:\\\/\\\/ledana.lt\\\/en\\\/produktas\\\/zalias-mix-2-dargo\\\/\"]}]},{\"@type\":\"ImageObject\",\"inLanguage\":\"en-US\",\"@id\":\"https:\\\/\\\/ledana.lt\\\/en\\\/produktas\\\/zalias-mix-2-dargo\\\/#primaryimage\",\"url\":\"https:\\\/\\\/ledana.lt\\\/wp-content\\\/uploads\\\/2023\\\/08\\\/DSC3686-copy-scaled.jpg\",\"contentUrl\":\"https:\\\/\\\/ledana.lt\\\/wp-content\\\/uploads\\\/2023\\\/08\\\/DSC3686-copy-scaled.jpg\",\"width\":2560,\"height\":1708},{\"@type\":\"BreadcrumbList\",\"@id\":\"https:\\\/\\\/ledana.lt\\\/en\\\/produktas\\\/zalias-mix-2-dargo\\\/#breadcrumb\",\"itemListElement\":[{\"@type\":\"ListItem\",\"position\":1,\"name\":\"Home\",\"item\":\"https:\\\/\\\/ledana.lt\\\/en\\\/\"},{\"@type\":\"ListItem\",\"position\":2,\"name\":\"Parduotuv\u0117\",\"item\":\"https:\\\/\\\/ledana.lt\\\/parduotuve\\\/\"},{\"@type\":\"ListItem\",\"position\":3,\"name\":\"MIX-2 raw blend\"}]},{\"@type\":\"WebSite\",\"@id\":\"https:\\\/\\\/ledana.lt\\\/en\\\/#website\",\"url\":\"https:\\\/\\\/ledana.lt\\\/en\\\/\",\"name\":\"Ledana\",\"description\":\"Naturalus \u0161un\u0173 \u0117dalas\",\"publisher\":{\"@id\":\"https:\\\/\\\/ledana.lt\\\/en\\\/#organization\"},\"potentialAction\":[{\"@type\":\"SearchAction\",\"target\":{\"@type\":\"EntryPoint\",\"urlTemplate\":\"https:\\\/\\\/ledana.lt\\\/en\\\/?s={search_term_string}\"},\"query-input\":{\"@type\":\"PropertyValueSpecification\",\"valueRequired\":true,\"valueName\":\"search_term_string\"}}],\"inLanguage\":\"en-US\"},{\"@type\":\"Organization\",\"@id\":\"https:\\\/\\\/ledana.lt\\\/en\\\/#organization\",\"name\":\"Ledana\",\"url\":\"https:\\\/\\\/ledana.lt\\\/en\\\/\",\"logo\":{\"@type\":\"ImageObject\",\"inLanguage\":\"en-US\",\"@id\":\"https:\\\/\\\/ledana.lt\\\/en\\\/#\\\/schema\\\/logo\\\/image\\\/\",\"url\":\"https:\\\/\\\/ledana.lt\\\/wp-content\\\/uploads\\\/2023\\\/08\\\/Ledana-Logo.png\",\"contentUrl\":\"https:\\\/\\\/ledana.lt\\\/wp-content\\\/uploads\\\/2023\\\/08\\\/Ledana-Logo.png\",\"width\":534,\"height\":355,\"caption\":\"Ledana\"},\"image\":{\"@id\":\"https:\\\/\\\/ledana.lt\\\/en\\\/#\\\/schema\\\/logo\\\/image\\\/\"},\"sameAs\":[\"https:\\\/\\\/www.facebook.com\\\/uabledana\"]}]}<\/script>\n<!-- \/ Yoast SEO plugin. -->","yoast_head_json":{"title":"MIX-2 raw blend - Ledana","robots":{"index":"index","follow":"follow","max-snippet":"max-snippet:-1","max-image-preview":"max-image-preview:large","max-video-preview":"max-video-preview:-1"},"canonical":"https:\/\/ledana.lt\/en\/produktas\/zalias-mix-2-dargo\/","og_locale":"en_US","og_type":"article","og_title":"MIX-2 raw blend - Ledana","og_description":"Packaged in 1 kg or 0.5 kg    Ingredient Percentages (%)     Green tripe 10   Beef trachea, gullet 20   Beef liver 5   Beef lungs 5   Beef hearts 10   Beef trimmings MQ 25   Turkey bone paste 10   Carrots 4   Butternut squash 6   Rice (uncooked) 2    Milling 10-12mm","og_url":"https:\/\/ledana.lt\/en\/produktas\/zalias-mix-2-dargo\/","og_site_name":"Ledana","article_publisher":"https:\/\/www.facebook.com\/uabledana","article_modified_time":"2026-04-10T08:46:16+00:00","og_image":[{"width":2560,"height":1708,"url":"https:\/\/ledana.lt\/wp-content\/uploads\/2023\/08\/DSC3686-copy-scaled.jpg","type":"image\/jpeg"}],"twitter_card":"summary_large_image","twitter_misc":{"Est. reading time":"2 minutes"},"schema":{"@context":"https:\/\/schema.org","@graph":[{"@type":"WebPage","@id":"https:\/\/ledana.lt\/en\/produktas\/zalias-mix-2-dargo\/","url":"https:\/\/ledana.lt\/en\/produktas\/zalias-mix-2-dargo\/","name":"MIX-2 raw blend - Ledana","isPartOf":{"@id":"https:\/\/ledana.lt\/en\/#website"},"primaryImageOfPage":{"@id":"https:\/\/ledana.lt\/en\/produktas\/zalias-mix-2-dargo\/#primaryimage"},"image":{"@id":"https:\/\/ledana.lt\/en\/produktas\/zalias-mix-2-dargo\/#primaryimage"},"thumbnailUrl":"https:\/\/ledana.lt\/wp-content\/uploads\/2023\/08\/DSC3686-copy-scaled.jpg","datePublished":"2023-08-16T15:40:07+00:00","dateModified":"2026-04-10T08:46:16+00:00","breadcrumb":{"@id":"https:\/\/ledana.lt\/en\/produktas\/zalias-mix-2-dargo\/#breadcrumb"},"inLanguage":"en-US","potentialAction":[{"@type":"ReadAction","target":["https:\/\/ledana.lt\/en\/produktas\/zalias-mix-2-dargo\/"]}]},{"@type":"ImageObject","inLanguage":"en-US","@id":"https:\/\/ledana.lt\/en\/produktas\/zalias-mix-2-dargo\/#primaryimage","url":"https:\/\/ledana.lt\/wp-content\/uploads\/2023\/08\/DSC3686-copy-scaled.jpg","contentUrl":"https:\/\/ledana.lt\/wp-content\/uploads\/2023\/08\/DSC3686-copy-scaled.jpg","width":2560,"height":1708},{"@type":"BreadcrumbList","@id":"https:\/\/ledana.lt\/en\/produktas\/zalias-mix-2-dargo\/#breadcrumb","itemListElement":[{"@type":"ListItem","position":1,"name":"Home","item":"https:\/\/ledana.lt\/en\/"},{"@type":"ListItem","position":2,"name":"Parduotuv\u0117","item":"https:\/\/ledana.lt\/parduotuve\/"},{"@type":"ListItem","position":3,"name":"MIX-2 raw blend"}]},{"@type":"WebSite","@id":"https:\/\/ledana.lt\/en\/#website","url":"https:\/\/ledana.lt\/en\/","name":"Ledana","description":"Naturalus \u0161un\u0173 \u0117dalas","publisher":{"@id":"https:\/\/ledana.lt\/en\/#organization"},"potentialAction":[{"@type":"SearchAction","target":{"@type":"EntryPoint","urlTemplate":"https:\/\/ledana.lt\/en\/?s={search_term_string}"},"query-input":{"@type":"PropertyValueSpecification","valueRequired":true,"valueName":"search_term_string"}}],"inLanguage":"en-US"},{"@type":"Organization","@id":"https:\/\/ledana.lt\/en\/#organization","name":"Ledana","url":"https:\/\/ledana.lt\/en\/","logo":{"@type":"ImageObject","inLanguage":"en-US","@id":"https:\/\/ledana.lt\/en\/#\/schema\/logo\/image\/","url":"https:\/\/ledana.lt\/wp-content\/uploads\/2023\/08\/Ledana-Logo.png","contentUrl":"https:\/\/ledana.lt\/wp-content\/uploads\/2023\/08\/Ledana-Logo.png","width":534,"height":355,"caption":"Ledana"},"image":{"@id":"https:\/\/ledana.lt\/en\/#\/schema\/logo\/image\/"},"sameAs":["https:\/\/www.facebook.com\/uabledana"]}]}},"jetpack_sharing_enabled":true,"_links":{"self":[{"href":"https:\/\/ledana.lt\/en\/wp-json\/wp\/v2\/product\/1628","targetHints":{"allow":["GET"]}}],"collection":[{"href":"https:\/\/ledana.lt\/en\/wp-json\/wp\/v2\/product"}],"about":[{"href":"https:\/\/ledana.lt\/en\/wp-json\/wp\/v2\/types\/product"}],"replies":[{"embeddable":true,"href":"https:\/\/ledana.lt\/en\/wp-json\/wp\/v2\/comments?post=1628"}],"wp:featuredmedia":[{"embeddable":true,"href":"https:\/\/ledana.lt\/en\/wp-json\/wp\/v2\/media\/1645"}],"wp:attachment":[{"href":"https:\/\/ledana.lt\/en\/wp-json\/wp\/v2\/media?parent=1628"}],"wp:term":[{"taxonomy":"product_brand","embeddable":true,"href":"https:\/\/ledana.lt\/en\/wp-json\/wp\/v2\/product_brand?post=1628"},{"taxonomy":"product_cat","embeddable":true,"href":"https:\/\/ledana.lt\/en\/wp-json\/wp\/v2\/product_cat?post=1628"},{"taxonomy":"product_tag","embeddable":true,"href":"https:\/\/ledana.lt\/en\/wp-json\/wp\/v2\/product_tag?post=1628"}],"curies":[{"name":"wp","href":"https:\/\/api.w.org\/{rel}","templated":true}]}}