{"id":1612,"date":"2023-08-16T20:33:30","date_gmt":"2023-08-16T17:33:30","guid":{"rendered":"https:\/\/ledana.lt\/produktas\/farmslt\/"},"modified":"2025-07-09T20:25:35","modified_gmt":"2025-07-09T17:25:35","slug":"jaut-farsaslt","status":"publish","type":"product","link":"https:\/\/ledana.lt\/en\/produktas\/jaut-farsaslt\/","title":{"rendered":"Beef meat and by-products blend LT,minced \u00d8 5 mm"},"content":{"rendered":"<p>Blend\u00a0 (LT)&#8217; is a balanced and nutritious dog food blend, designed to meet the health and nutritional needs of pets:<\/p>\n<ul>\n<li><strong>Beef trachea and gullet (35%)<\/strong> are natural and healthy snacks that help clean dogs&#8217; teeth and improve oral health. They are also an excellent source of protein.<\/li>\n<li><strong>Beef hearts (20%)<\/strong> are an excellent source of coenzyme Q10, taurine and B vitamins which are important for heart health.<\/li>\n<li><strong>Beef trimmings LQ (30%)<\/strong> is a\u00a0 source of protein which is essential for growth and muscle maintenance in dogs.<\/li>\n<li><strong>Beef testicles (15%)<\/strong> are a high quality source of protein, which is essential for growth and muscle maintenance in dogs.<\/li>\n<\/ul>\n<p>This formula is designed to provide a complete and balanced diet for your pet, taking into account its age, weight and health status. Grinding to a particle size of 5 mm ensures that the product is easily digestible and suitable even for sensitive dogs.<\/p>\n","protected":false},"excerpt":{"rendered":"<table>\n<thead>\n<tr>\n<th>Ingredient<\/th>\n<th>Percentages (%)<\/th>\n<\/tr>\n<\/thead>\n<tbody>\n<tr>\n<td>Beef trachea, gullet<\/td>\n<td>35<\/td>\n<\/tr>\n<tr>\n<td>Cattle hearts<\/td>\n<td>20<\/td>\n<\/tr>\n<tr>\n<td>Beef trimmings LQ<\/td>\n<td>30<\/td>\n<\/tr>\n<tr>\n<td>Beefe testicles<\/td>\n<td>15<\/td>\n<\/tr>\n<\/tbody>\n<\/table>\n<p><strong>Mincing:<\/strong> 5 mm<\/p>\n","protected":false},"featured_media":1895,"comment_status":"open","ping_status":"closed","template":"","meta":{"_acf_changed":false},"product_brand":[],"product_cat":[63],"product_tag":[],"class_list":{"0":"post-1612","1":"product","2":"type-product","3":"status-publish","4":"has-post-thumbnail","6":"product_cat-blends","8":"first","9":"instock","10":"taxable","11":"shipping-taxable","12":"purchasable","13":"product-type-simple"},"acf":[],"yoast_head":"<!-- This site is optimized with the Yoast SEO plugin v27.3 - https:\/\/yoast.com\/product\/yoast-seo-wordpress\/ -->\n<title>Beef meat and by-products blend LT,minced \u00d8 5 mm - Ledana<\/title>\n<meta name=\"robots\" content=\"index, follow, max-snippet:-1, max-image-preview:large, max-video-preview:-1\" \/>\n<link rel=\"canonical\" href=\"https:\/\/ledana.lt\/en\/produktas\/jaut-farsaslt\/\" \/>\n<meta property=\"og:locale\" content=\"en_US\" \/>\n<meta property=\"og:type\" content=\"article\" \/>\n<meta property=\"og:title\" content=\"Beef meat and by-products blend LT,minced \u00d8 5 mm - Ledana\" \/>\n<meta property=\"og:description\" content=\"Ingredient Percentages (%)     Beef trachea, gullet 35   Cattle hearts 20   Beef trimmings LQ 30   Beefe testicles 15    Mincing: 5 mm\" \/>\n<meta property=\"og:url\" content=\"https:\/\/ledana.lt\/en\/produktas\/jaut-farsaslt\/\" \/>\n<meta property=\"og:site_name\" content=\"Ledana\" \/>\n<meta property=\"article:publisher\" content=\"https:\/\/www.facebook.com\/uabledana\" \/>\n<meta property=\"article:modified_time\" content=\"2025-07-09T17:25:35+00:00\" \/>\n<meta property=\"og:image\" content=\"https:\/\/ledana.lt\/wp-content\/uploads\/2023\/11\/img_0035-scaled.jpeg\" \/>\n\t<meta property=\"og:image:width\" content=\"2560\" \/>\n\t<meta property=\"og:image:height\" content=\"1707\" \/>\n\t<meta property=\"og:image:type\" content=\"image\/jpeg\" \/>\n<meta name=\"twitter:card\" content=\"summary_large_image\" \/>\n<meta name=\"twitter:label1\" content=\"Est. reading time\" \/>\n\t<meta name=\"twitter:data1\" content=\"1 minute\" \/>\n<script type=\"application\/ld+json\" class=\"yoast-schema-graph\">{\"@context\":\"https:\\\/\\\/schema.org\",\"@graph\":[{\"@type\":\"WebPage\",\"@id\":\"https:\\\/\\\/ledana.lt\\\/en\\\/produktas\\\/jaut-farsaslt\\\/\",\"url\":\"https:\\\/\\\/ledana.lt\\\/en\\\/produktas\\\/jaut-farsaslt\\\/\",\"name\":\"Beef meat and by-products blend LT,minced \u00d8 5 mm - Ledana\",\"isPartOf\":{\"@id\":\"https:\\\/\\\/ledana.lt\\\/en\\\/#website\"},\"primaryImageOfPage\":{\"@id\":\"https:\\\/\\\/ledana.lt\\\/en\\\/produktas\\\/jaut-farsaslt\\\/#primaryimage\"},\"image\":{\"@id\":\"https:\\\/\\\/ledana.lt\\\/en\\\/produktas\\\/jaut-farsaslt\\\/#primaryimage\"},\"thumbnailUrl\":\"https:\\\/\\\/ledana.lt\\\/wp-content\\\/uploads\\\/2023\\\/11\\\/img_0035-scaled.jpeg\",\"datePublished\":\"2023-08-16T17:33:30+00:00\",\"dateModified\":\"2025-07-09T17:25:35+00:00\",\"breadcrumb\":{\"@id\":\"https:\\\/\\\/ledana.lt\\\/en\\\/produktas\\\/jaut-farsaslt\\\/#breadcrumb\"},\"inLanguage\":\"en-US\",\"potentialAction\":[{\"@type\":\"ReadAction\",\"target\":[\"https:\\\/\\\/ledana.lt\\\/en\\\/produktas\\\/jaut-farsaslt\\\/\"]}]},{\"@type\":\"ImageObject\",\"inLanguage\":\"en-US\",\"@id\":\"https:\\\/\\\/ledana.lt\\\/en\\\/produktas\\\/jaut-farsaslt\\\/#primaryimage\",\"url\":\"https:\\\/\\\/ledana.lt\\\/wp-content\\\/uploads\\\/2023\\\/11\\\/img_0035-scaled.jpeg\",\"contentUrl\":\"https:\\\/\\\/ledana.lt\\\/wp-content\\\/uploads\\\/2023\\\/11\\\/img_0035-scaled.jpeg\",\"width\":2560,\"height\":1707},{\"@type\":\"BreadcrumbList\",\"@id\":\"https:\\\/\\\/ledana.lt\\\/en\\\/produktas\\\/jaut-farsaslt\\\/#breadcrumb\",\"itemListElement\":[{\"@type\":\"ListItem\",\"position\":1,\"name\":\"Home\",\"item\":\"https:\\\/\\\/ledana.lt\\\/en\\\/\"},{\"@type\":\"ListItem\",\"position\":2,\"name\":\"Parduotuv\u0117\",\"item\":\"https:\\\/\\\/ledana.lt\\\/parduotuve\\\/\"},{\"@type\":\"ListItem\",\"position\":3,\"name\":\"Beef meat and by-products blend LT,minced \u00d8 5 mm\"}]},{\"@type\":\"WebSite\",\"@id\":\"https:\\\/\\\/ledana.lt\\\/en\\\/#website\",\"url\":\"https:\\\/\\\/ledana.lt\\\/en\\\/\",\"name\":\"Ledana\",\"description\":\"Naturalus \u0161un\u0173 \u0117dalas\",\"publisher\":{\"@id\":\"https:\\\/\\\/ledana.lt\\\/en\\\/#organization\"},\"potentialAction\":[{\"@type\":\"SearchAction\",\"target\":{\"@type\":\"EntryPoint\",\"urlTemplate\":\"https:\\\/\\\/ledana.lt\\\/en\\\/?s={search_term_string}\"},\"query-input\":{\"@type\":\"PropertyValueSpecification\",\"valueRequired\":true,\"valueName\":\"search_term_string\"}}],\"inLanguage\":\"en-US\"},{\"@type\":\"Organization\",\"@id\":\"https:\\\/\\\/ledana.lt\\\/en\\\/#organization\",\"name\":\"Ledana\",\"url\":\"https:\\\/\\\/ledana.lt\\\/en\\\/\",\"logo\":{\"@type\":\"ImageObject\",\"inLanguage\":\"en-US\",\"@id\":\"https:\\\/\\\/ledana.lt\\\/en\\\/#\\\/schema\\\/logo\\\/image\\\/\",\"url\":\"https:\\\/\\\/ledana.lt\\\/wp-content\\\/uploads\\\/2023\\\/08\\\/Ledana-Logo.png\",\"contentUrl\":\"https:\\\/\\\/ledana.lt\\\/wp-content\\\/uploads\\\/2023\\\/08\\\/Ledana-Logo.png\",\"width\":534,\"height\":355,\"caption\":\"Ledana\"},\"image\":{\"@id\":\"https:\\\/\\\/ledana.lt\\\/en\\\/#\\\/schema\\\/logo\\\/image\\\/\"},\"sameAs\":[\"https:\\\/\\\/www.facebook.com\\\/uabledana\"]}]}<\/script>\n<!-- \/ Yoast SEO plugin. -->","yoast_head_json":{"title":"Beef meat and by-products blend LT,minced \u00d8 5 mm - Ledana","robots":{"index":"index","follow":"follow","max-snippet":"max-snippet:-1","max-image-preview":"max-image-preview:large","max-video-preview":"max-video-preview:-1"},"canonical":"https:\/\/ledana.lt\/en\/produktas\/jaut-farsaslt\/","og_locale":"en_US","og_type":"article","og_title":"Beef meat and by-products blend LT,minced \u00d8 5 mm - Ledana","og_description":"Ingredient Percentages (%)     Beef trachea, gullet 35   Cattle hearts 20   Beef trimmings LQ 30   Beefe testicles 15    Mincing: 5 mm","og_url":"https:\/\/ledana.lt\/en\/produktas\/jaut-farsaslt\/","og_site_name":"Ledana","article_publisher":"https:\/\/www.facebook.com\/uabledana","article_modified_time":"2025-07-09T17:25:35+00:00","og_image":[{"width":2560,"height":1707,"url":"https:\/\/ledana.lt\/wp-content\/uploads\/2023\/11\/img_0035-scaled.jpeg","type":"image\/jpeg"}],"twitter_card":"summary_large_image","twitter_misc":{"Est. reading time":"1 minute"},"schema":{"@context":"https:\/\/schema.org","@graph":[{"@type":"WebPage","@id":"https:\/\/ledana.lt\/en\/produktas\/jaut-farsaslt\/","url":"https:\/\/ledana.lt\/en\/produktas\/jaut-farsaslt\/","name":"Beef meat and by-products blend LT,minced \u00d8 5 mm - Ledana","isPartOf":{"@id":"https:\/\/ledana.lt\/en\/#website"},"primaryImageOfPage":{"@id":"https:\/\/ledana.lt\/en\/produktas\/jaut-farsaslt\/#primaryimage"},"image":{"@id":"https:\/\/ledana.lt\/en\/produktas\/jaut-farsaslt\/#primaryimage"},"thumbnailUrl":"https:\/\/ledana.lt\/wp-content\/uploads\/2023\/11\/img_0035-scaled.jpeg","datePublished":"2023-08-16T17:33:30+00:00","dateModified":"2025-07-09T17:25:35+00:00","breadcrumb":{"@id":"https:\/\/ledana.lt\/en\/produktas\/jaut-farsaslt\/#breadcrumb"},"inLanguage":"en-US","potentialAction":[{"@type":"ReadAction","target":["https:\/\/ledana.lt\/en\/produktas\/jaut-farsaslt\/"]}]},{"@type":"ImageObject","inLanguage":"en-US","@id":"https:\/\/ledana.lt\/en\/produktas\/jaut-farsaslt\/#primaryimage","url":"https:\/\/ledana.lt\/wp-content\/uploads\/2023\/11\/img_0035-scaled.jpeg","contentUrl":"https:\/\/ledana.lt\/wp-content\/uploads\/2023\/11\/img_0035-scaled.jpeg","width":2560,"height":1707},{"@type":"BreadcrumbList","@id":"https:\/\/ledana.lt\/en\/produktas\/jaut-farsaslt\/#breadcrumb","itemListElement":[{"@type":"ListItem","position":1,"name":"Home","item":"https:\/\/ledana.lt\/en\/"},{"@type":"ListItem","position":2,"name":"Parduotuv\u0117","item":"https:\/\/ledana.lt\/parduotuve\/"},{"@type":"ListItem","position":3,"name":"Beef meat and by-products blend LT,minced \u00d8 5 mm"}]},{"@type":"WebSite","@id":"https:\/\/ledana.lt\/en\/#website","url":"https:\/\/ledana.lt\/en\/","name":"Ledana","description":"Naturalus \u0161un\u0173 \u0117dalas","publisher":{"@id":"https:\/\/ledana.lt\/en\/#organization"},"potentialAction":[{"@type":"SearchAction","target":{"@type":"EntryPoint","urlTemplate":"https:\/\/ledana.lt\/en\/?s={search_term_string}"},"query-input":{"@type":"PropertyValueSpecification","valueRequired":true,"valueName":"search_term_string"}}],"inLanguage":"en-US"},{"@type":"Organization","@id":"https:\/\/ledana.lt\/en\/#organization","name":"Ledana","url":"https:\/\/ledana.lt\/en\/","logo":{"@type":"ImageObject","inLanguage":"en-US","@id":"https:\/\/ledana.lt\/en\/#\/schema\/logo\/image\/","url":"https:\/\/ledana.lt\/wp-content\/uploads\/2023\/08\/Ledana-Logo.png","contentUrl":"https:\/\/ledana.lt\/wp-content\/uploads\/2023\/08\/Ledana-Logo.png","width":534,"height":355,"caption":"Ledana"},"image":{"@id":"https:\/\/ledana.lt\/en\/#\/schema\/logo\/image\/"},"sameAs":["https:\/\/www.facebook.com\/uabledana"]}]}},"jetpack_sharing_enabled":true,"_links":{"self":[{"href":"https:\/\/ledana.lt\/en\/wp-json\/wp\/v2\/product\/1612","targetHints":{"allow":["GET"]}}],"collection":[{"href":"https:\/\/ledana.lt\/en\/wp-json\/wp\/v2\/product"}],"about":[{"href":"https:\/\/ledana.lt\/en\/wp-json\/wp\/v2\/types\/product"}],"replies":[{"embeddable":true,"href":"https:\/\/ledana.lt\/en\/wp-json\/wp\/v2\/comments?post=1612"}],"wp:featuredmedia":[{"embeddable":true,"href":"https:\/\/ledana.lt\/en\/wp-json\/wp\/v2\/media\/1895"}],"wp:attachment":[{"href":"https:\/\/ledana.lt\/en\/wp-json\/wp\/v2\/media?parent=1612"}],"wp:term":[{"taxonomy":"product_brand","embeddable":true,"href":"https:\/\/ledana.lt\/en\/wp-json\/wp\/v2\/product_brand?post=1612"},{"taxonomy":"product_cat","embeddable":true,"href":"https:\/\/ledana.lt\/en\/wp-json\/wp\/v2\/product_cat?post=1612"},{"taxonomy":"product_tag","embeddable":true,"href":"https:\/\/ledana.lt\/en\/wp-json\/wp\/v2\/product_tag?post=1612"}],"curies":[{"name":"wp","href":"https:\/\/api.w.org\/{rel}","templated":true}]}}