{"id":1595,"date":"2023-08-16T10:44:45","date_gmt":"2023-08-16T07:44:45","guid":{"rendered":"https:\/\/ledana.lt\/produktas\/pork-mince\/"},"modified":"2023-11-13T10:32:12","modified_gmt":"2023-11-13T10:32:12","slug":"minced-pork","status":"publish","type":"product","link":"https:\/\/ledana.lt\/en\/produktas\/minced-pork\/","title":{"rendered":"Pork meat and by-products blend,minced \u00d8 5 mm"},"content":{"rendered":"<p>\u00d8Our minced pork is the perfect choice for your pet&#8217;s diet.<br \/>\nIt is made from high quality pork ham pieces that are shredded through an 8 mm sieve, ensuring an even and easily digestible consistency.<\/p>\n<p>This product is low in fat, with a maximum fat content of 20%, making it an excellent choice for dogs requiring a lower fat diet. Our minced pork is a natural and healthy way to add high-quality meat to your pet&#8217;s diet.<\/p>\n","protected":false},"excerpt":{"rendered":"<p>Bblend of pork meat,trachea with gullet and hearts, minced through an 5 mm sieve. Fat content not exceeding 20%.<\/p>\n","protected":false},"featured_media":1899,"comment_status":"open","ping_status":"closed","template":"","meta":{"_acf_changed":false},"product_brand":[],"product_cat":[62],"product_tag":[],"class_list":{"0":"post-1595","1":"product","2":"type-product","3":"status-publish","4":"has-post-thumbnail","6":"product_cat-pork","8":"first","9":"instock","10":"taxable","11":"shipping-taxable","12":"purchasable","13":"product-type-simple"},"acf":[],"yoast_head":"<!-- This site is optimized with the Yoast SEO plugin v27.3 - https:\/\/yoast.com\/product\/yoast-seo-wordpress\/ -->\n<title>Pork meat and by-products blend,minced \u00d8 5 mm - Ledana<\/title>\n<meta name=\"robots\" content=\"index, follow, max-snippet:-1, max-image-preview:large, max-video-preview:-1\" \/>\n<link rel=\"canonical\" href=\"https:\/\/ledana.lt\/en\/produktas\/minced-pork\/\" \/>\n<meta property=\"og:locale\" content=\"en_US\" \/>\n<meta property=\"og:type\" content=\"article\" \/>\n<meta property=\"og:title\" content=\"Pork meat and by-products blend,minced \u00d8 5 mm - Ledana\" \/>\n<meta property=\"og:description\" content=\"Bblend of pork meat,trachea with gullet and hearts, minced through an 5 mm sieve. Fat content not exceeding 20%.\" \/>\n<meta property=\"og:url\" content=\"https:\/\/ledana.lt\/en\/produktas\/minced-pork\/\" \/>\n<meta property=\"og:site_name\" content=\"Ledana\" \/>\n<meta property=\"article:publisher\" content=\"https:\/\/www.facebook.com\/uabledana\" \/>\n<meta property=\"article:modified_time\" content=\"2023-11-13T10:32:12+00:00\" \/>\n<meta property=\"og:image\" content=\"https:\/\/ledana.lt\/wp-content\/uploads\/2023\/11\/img_0045-scaled.jpeg\" \/>\n\t<meta property=\"og:image:width\" content=\"2560\" \/>\n\t<meta property=\"og:image:height\" content=\"1707\" \/>\n\t<meta property=\"og:image:type\" content=\"image\/jpeg\" \/>\n<meta name=\"twitter:card\" content=\"summary_large_image\" \/>\n<meta name=\"twitter:label1\" content=\"Est. reading time\" \/>\n\t<meta name=\"twitter:data1\" content=\"1 minute\" \/>\n<script type=\"application\/ld+json\" class=\"yoast-schema-graph\">{\"@context\":\"https:\\\/\\\/schema.org\",\"@graph\":[{\"@type\":\"WebPage\",\"@id\":\"https:\\\/\\\/ledana.lt\\\/en\\\/produktas\\\/minced-pork\\\/\",\"url\":\"https:\\\/\\\/ledana.lt\\\/en\\\/produktas\\\/minced-pork\\\/\",\"name\":\"Pork meat and by-products blend,minced \u00d8 5 mm - Ledana\",\"isPartOf\":{\"@id\":\"https:\\\/\\\/ledana.lt\\\/en\\\/#website\"},\"primaryImageOfPage\":{\"@id\":\"https:\\\/\\\/ledana.lt\\\/en\\\/produktas\\\/minced-pork\\\/#primaryimage\"},\"image\":{\"@id\":\"https:\\\/\\\/ledana.lt\\\/en\\\/produktas\\\/minced-pork\\\/#primaryimage\"},\"thumbnailUrl\":\"https:\\\/\\\/ledana.lt\\\/wp-content\\\/uploads\\\/2023\\\/11\\\/img_0045-scaled.jpeg\",\"datePublished\":\"2023-08-16T07:44:45+00:00\",\"dateModified\":\"2023-11-13T10:32:12+00:00\",\"breadcrumb\":{\"@id\":\"https:\\\/\\\/ledana.lt\\\/en\\\/produktas\\\/minced-pork\\\/#breadcrumb\"},\"inLanguage\":\"en-US\",\"potentialAction\":[{\"@type\":\"ReadAction\",\"target\":[\"https:\\\/\\\/ledana.lt\\\/en\\\/produktas\\\/minced-pork\\\/\"]}]},{\"@type\":\"ImageObject\",\"inLanguage\":\"en-US\",\"@id\":\"https:\\\/\\\/ledana.lt\\\/en\\\/produktas\\\/minced-pork\\\/#primaryimage\",\"url\":\"https:\\\/\\\/ledana.lt\\\/wp-content\\\/uploads\\\/2023\\\/11\\\/img_0045-scaled.jpeg\",\"contentUrl\":\"https:\\\/\\\/ledana.lt\\\/wp-content\\\/uploads\\\/2023\\\/11\\\/img_0045-scaled.jpeg\",\"width\":2560,\"height\":1707},{\"@type\":\"BreadcrumbList\",\"@id\":\"https:\\\/\\\/ledana.lt\\\/en\\\/produktas\\\/minced-pork\\\/#breadcrumb\",\"itemListElement\":[{\"@type\":\"ListItem\",\"position\":1,\"name\":\"Home\",\"item\":\"https:\\\/\\\/ledana.lt\\\/en\\\/\"},{\"@type\":\"ListItem\",\"position\":2,\"name\":\"Parduotuv\u0117\",\"item\":\"https:\\\/\\\/ledana.lt\\\/parduotuve\\\/\"},{\"@type\":\"ListItem\",\"position\":3,\"name\":\"Pork meat and by-products blend,minced \u00d8 5 mm\"}]},{\"@type\":\"WebSite\",\"@id\":\"https:\\\/\\\/ledana.lt\\\/en\\\/#website\",\"url\":\"https:\\\/\\\/ledana.lt\\\/en\\\/\",\"name\":\"Ledana\",\"description\":\"Naturalus \u0161un\u0173 \u0117dalas\",\"publisher\":{\"@id\":\"https:\\\/\\\/ledana.lt\\\/en\\\/#organization\"},\"potentialAction\":[{\"@type\":\"SearchAction\",\"target\":{\"@type\":\"EntryPoint\",\"urlTemplate\":\"https:\\\/\\\/ledana.lt\\\/en\\\/?s={search_term_string}\"},\"query-input\":{\"@type\":\"PropertyValueSpecification\",\"valueRequired\":true,\"valueName\":\"search_term_string\"}}],\"inLanguage\":\"en-US\"},{\"@type\":\"Organization\",\"@id\":\"https:\\\/\\\/ledana.lt\\\/en\\\/#organization\",\"name\":\"Ledana\",\"url\":\"https:\\\/\\\/ledana.lt\\\/en\\\/\",\"logo\":{\"@type\":\"ImageObject\",\"inLanguage\":\"en-US\",\"@id\":\"https:\\\/\\\/ledana.lt\\\/en\\\/#\\\/schema\\\/logo\\\/image\\\/\",\"url\":\"https:\\\/\\\/ledana.lt\\\/wp-content\\\/uploads\\\/2023\\\/08\\\/Ledana-Logo.png\",\"contentUrl\":\"https:\\\/\\\/ledana.lt\\\/wp-content\\\/uploads\\\/2023\\\/08\\\/Ledana-Logo.png\",\"width\":534,\"height\":355,\"caption\":\"Ledana\"},\"image\":{\"@id\":\"https:\\\/\\\/ledana.lt\\\/en\\\/#\\\/schema\\\/logo\\\/image\\\/\"},\"sameAs\":[\"https:\\\/\\\/www.facebook.com\\\/uabledana\"]}]}<\/script>\n<!-- \/ Yoast SEO plugin. -->","yoast_head_json":{"title":"Pork meat and by-products blend,minced \u00d8 5 mm - Ledana","robots":{"index":"index","follow":"follow","max-snippet":"max-snippet:-1","max-image-preview":"max-image-preview:large","max-video-preview":"max-video-preview:-1"},"canonical":"https:\/\/ledana.lt\/en\/produktas\/minced-pork\/","og_locale":"en_US","og_type":"article","og_title":"Pork meat and by-products blend,minced \u00d8 5 mm - Ledana","og_description":"Bblend of pork meat,trachea with gullet and hearts, minced through an 5 mm sieve. Fat content not exceeding 20%.","og_url":"https:\/\/ledana.lt\/en\/produktas\/minced-pork\/","og_site_name":"Ledana","article_publisher":"https:\/\/www.facebook.com\/uabledana","article_modified_time":"2023-11-13T10:32:12+00:00","og_image":[{"width":2560,"height":1707,"url":"https:\/\/ledana.lt\/wp-content\/uploads\/2023\/11\/img_0045-scaled.jpeg","type":"image\/jpeg"}],"twitter_card":"summary_large_image","twitter_misc":{"Est. reading time":"1 minute"},"schema":{"@context":"https:\/\/schema.org","@graph":[{"@type":"WebPage","@id":"https:\/\/ledana.lt\/en\/produktas\/minced-pork\/","url":"https:\/\/ledana.lt\/en\/produktas\/minced-pork\/","name":"Pork meat and by-products blend,minced \u00d8 5 mm - Ledana","isPartOf":{"@id":"https:\/\/ledana.lt\/en\/#website"},"primaryImageOfPage":{"@id":"https:\/\/ledana.lt\/en\/produktas\/minced-pork\/#primaryimage"},"image":{"@id":"https:\/\/ledana.lt\/en\/produktas\/minced-pork\/#primaryimage"},"thumbnailUrl":"https:\/\/ledana.lt\/wp-content\/uploads\/2023\/11\/img_0045-scaled.jpeg","datePublished":"2023-08-16T07:44:45+00:00","dateModified":"2023-11-13T10:32:12+00:00","breadcrumb":{"@id":"https:\/\/ledana.lt\/en\/produktas\/minced-pork\/#breadcrumb"},"inLanguage":"en-US","potentialAction":[{"@type":"ReadAction","target":["https:\/\/ledana.lt\/en\/produktas\/minced-pork\/"]}]},{"@type":"ImageObject","inLanguage":"en-US","@id":"https:\/\/ledana.lt\/en\/produktas\/minced-pork\/#primaryimage","url":"https:\/\/ledana.lt\/wp-content\/uploads\/2023\/11\/img_0045-scaled.jpeg","contentUrl":"https:\/\/ledana.lt\/wp-content\/uploads\/2023\/11\/img_0045-scaled.jpeg","width":2560,"height":1707},{"@type":"BreadcrumbList","@id":"https:\/\/ledana.lt\/en\/produktas\/minced-pork\/#breadcrumb","itemListElement":[{"@type":"ListItem","position":1,"name":"Home","item":"https:\/\/ledana.lt\/en\/"},{"@type":"ListItem","position":2,"name":"Parduotuv\u0117","item":"https:\/\/ledana.lt\/parduotuve\/"},{"@type":"ListItem","position":3,"name":"Pork meat and by-products blend,minced \u00d8 5 mm"}]},{"@type":"WebSite","@id":"https:\/\/ledana.lt\/en\/#website","url":"https:\/\/ledana.lt\/en\/","name":"Ledana","description":"Naturalus \u0161un\u0173 \u0117dalas","publisher":{"@id":"https:\/\/ledana.lt\/en\/#organization"},"potentialAction":[{"@type":"SearchAction","target":{"@type":"EntryPoint","urlTemplate":"https:\/\/ledana.lt\/en\/?s={search_term_string}"},"query-input":{"@type":"PropertyValueSpecification","valueRequired":true,"valueName":"search_term_string"}}],"inLanguage":"en-US"},{"@type":"Organization","@id":"https:\/\/ledana.lt\/en\/#organization","name":"Ledana","url":"https:\/\/ledana.lt\/en\/","logo":{"@type":"ImageObject","inLanguage":"en-US","@id":"https:\/\/ledana.lt\/en\/#\/schema\/logo\/image\/","url":"https:\/\/ledana.lt\/wp-content\/uploads\/2023\/08\/Ledana-Logo.png","contentUrl":"https:\/\/ledana.lt\/wp-content\/uploads\/2023\/08\/Ledana-Logo.png","width":534,"height":355,"caption":"Ledana"},"image":{"@id":"https:\/\/ledana.lt\/en\/#\/schema\/logo\/image\/"},"sameAs":["https:\/\/www.facebook.com\/uabledana"]}]}},"jetpack_sharing_enabled":true,"_links":{"self":[{"href":"https:\/\/ledana.lt\/en\/wp-json\/wp\/v2\/product\/1595","targetHints":{"allow":["GET"]}}],"collection":[{"href":"https:\/\/ledana.lt\/en\/wp-json\/wp\/v2\/product"}],"about":[{"href":"https:\/\/ledana.lt\/en\/wp-json\/wp\/v2\/types\/product"}],"replies":[{"embeddable":true,"href":"https:\/\/ledana.lt\/en\/wp-json\/wp\/v2\/comments?post=1595"}],"wp:featuredmedia":[{"embeddable":true,"href":"https:\/\/ledana.lt\/en\/wp-json\/wp\/v2\/media\/1899"}],"wp:attachment":[{"href":"https:\/\/ledana.lt\/en\/wp-json\/wp\/v2\/media?parent=1595"}],"wp:term":[{"taxonomy":"product_brand","embeddable":true,"href":"https:\/\/ledana.lt\/en\/wp-json\/wp\/v2\/product_brand?post=1595"},{"taxonomy":"product_cat","embeddable":true,"href":"https:\/\/ledana.lt\/en\/wp-json\/wp\/v2\/product_cat?post=1595"},{"taxonomy":"product_tag","embeddable":true,"href":"https:\/\/ledana.lt\/en\/wp-json\/wp\/v2\/product_tag?post=1595"}],"curies":[{"name":"wp","href":"https:\/\/api.w.org\/{rel}","templated":true}]}}