{"id":1576,"date":"2023-08-16T11:16:06","date_gmt":"2023-08-16T08:16:06","guid":{"rendered":"https:\/\/ledana.lt\/produktas\/minced-beef-lt\/"},"modified":"2026-04-10T11:46:41","modified_gmt":"2026-04-10T08:46:41","slug":"malta-jautien-juniors-and-cats","status":"publish","type":"product","link":"https:\/\/ledana.lt\/en\/produktas\/malta-jautien-juniors-and-cats\/","title":{"rendered":"Beef  trimmings LQ (low quality) ,minced \u00d8 5 mm"},"content":{"rendered":"<p>Our ground beef is an excellent and complete food for growing and adult dogs and cats.<br \/>\nThese are made from lower quality beef trimmings(fat content about 12 ), which are pieces of muscle tissue.<\/p>\n<p>It is low in fat but enriched with minerals and B vitamins that are essential for the health and well-being of pets. It is the perfect choice for those looking for a natural and healthy food for their pets.<\/p>\n","protected":false},"excerpt":{"rendered":"<p class=\"p1\">Packaged in 1 kg or 0.5 kg<\/p>\n<p>Pieces of muscle tissue. Complete feed, low in fat, rich in minerals and B vitamins.<\/p>\n","protected":false},"featured_media":1577,"comment_status":"open","ping_status":"closed","template":"","meta":{"_acf_changed":false},"product_brand":[],"product_cat":[60],"product_tag":[],"class_list":{"0":"post-1576","1":"product","2":"type-product","3":"status-publish","4":"has-post-thumbnail","6":"product_cat-beef","8":"first","9":"instock","10":"taxable","11":"shipping-taxable","12":"purchasable","13":"product-type-simple"},"acf":[],"yoast_head":"<!-- This site is optimized with the Yoast SEO plugin v27.3 - https:\/\/yoast.com\/product\/yoast-seo-wordpress\/ -->\n<title>Beef trimmings LQ (low quality) ,minced \u00d8 5 mm - Ledana<\/title>\n<meta name=\"robots\" content=\"index, follow, max-snippet:-1, max-image-preview:large, max-video-preview:-1\" \/>\n<link rel=\"canonical\" href=\"https:\/\/ledana.lt\/en\/produktas\/malta-jautien-juniors-and-cats\/\" \/>\n<meta property=\"og:locale\" content=\"en_US\" \/>\n<meta property=\"og:type\" content=\"article\" \/>\n<meta property=\"og:title\" content=\"Beef trimmings LQ (low quality) ,minced \u00d8 5 mm - Ledana\" \/>\n<meta property=\"og:description\" content=\"Packaged in 1 kg or 0.5 kg Pieces of muscle tissue. Complete feed, low in fat, rich in minerals and B vitamins.\" \/>\n<meta property=\"og:url\" content=\"https:\/\/ledana.lt\/en\/produktas\/malta-jautien-juniors-and-cats\/\" \/>\n<meta property=\"og:site_name\" content=\"Ledana\" \/>\n<meta property=\"article:publisher\" content=\"https:\/\/www.facebook.com\/uabledana\" \/>\n<meta property=\"article:modified_time\" content=\"2026-04-10T08:46:41+00:00\" \/>\n<meta property=\"og:image\" content=\"https:\/\/ledana.lt\/wp-content\/uploads\/2023\/08\/galviju-mesos-nuopjovos.jpg\" \/>\n\t<meta property=\"og:image:width\" content=\"445\" \/>\n\t<meta property=\"og:image:height\" content=\"332\" \/>\n\t<meta property=\"og:image:type\" content=\"image\/jpeg\" \/>\n<meta name=\"twitter:card\" content=\"summary_large_image\" \/>\n<meta name=\"twitter:label1\" content=\"Est. reading time\" \/>\n\t<meta name=\"twitter:data1\" content=\"1 minute\" \/>\n<script type=\"application\/ld+json\" class=\"yoast-schema-graph\">{\"@context\":\"https:\\\/\\\/schema.org\",\"@graph\":[{\"@type\":\"WebPage\",\"@id\":\"https:\\\/\\\/ledana.lt\\\/en\\\/produktas\\\/malta-jautien-juniors-and-cats\\\/\",\"url\":\"https:\\\/\\\/ledana.lt\\\/en\\\/produktas\\\/malta-jautien-juniors-and-cats\\\/\",\"name\":\"Beef trimmings LQ (low quality) ,minced \u00d8 5 mm - Ledana\",\"isPartOf\":{\"@id\":\"https:\\\/\\\/ledana.lt\\\/en\\\/#website\"},\"primaryImageOfPage\":{\"@id\":\"https:\\\/\\\/ledana.lt\\\/en\\\/produktas\\\/malta-jautien-juniors-and-cats\\\/#primaryimage\"},\"image\":{\"@id\":\"https:\\\/\\\/ledana.lt\\\/en\\\/produktas\\\/malta-jautien-juniors-and-cats\\\/#primaryimage\"},\"thumbnailUrl\":\"https:\\\/\\\/ledana.lt\\\/wp-content\\\/uploads\\\/2023\\\/08\\\/galviju-mesos-nuopjovos.jpg\",\"datePublished\":\"2023-08-16T08:16:06+00:00\",\"dateModified\":\"2026-04-10T08:46:41+00:00\",\"breadcrumb\":{\"@id\":\"https:\\\/\\\/ledana.lt\\\/en\\\/produktas\\\/malta-jautien-juniors-and-cats\\\/#breadcrumb\"},\"inLanguage\":\"en-US\",\"potentialAction\":[{\"@type\":\"ReadAction\",\"target\":[\"https:\\\/\\\/ledana.lt\\\/en\\\/produktas\\\/malta-jautien-juniors-and-cats\\\/\"]}]},{\"@type\":\"ImageObject\",\"inLanguage\":\"en-US\",\"@id\":\"https:\\\/\\\/ledana.lt\\\/en\\\/produktas\\\/malta-jautien-juniors-and-cats\\\/#primaryimage\",\"url\":\"https:\\\/\\\/ledana.lt\\\/wp-content\\\/uploads\\\/2023\\\/08\\\/galviju-mesos-nuopjovos.jpg\",\"contentUrl\":\"https:\\\/\\\/ledana.lt\\\/wp-content\\\/uploads\\\/2023\\\/08\\\/galviju-mesos-nuopjovos.jpg\",\"width\":445,\"height\":332},{\"@type\":\"BreadcrumbList\",\"@id\":\"https:\\\/\\\/ledana.lt\\\/en\\\/produktas\\\/malta-jautien-juniors-and-cats\\\/#breadcrumb\",\"itemListElement\":[{\"@type\":\"ListItem\",\"position\":1,\"name\":\"Home\",\"item\":\"https:\\\/\\\/ledana.lt\\\/en\\\/\"},{\"@type\":\"ListItem\",\"position\":2,\"name\":\"Parduotuv\u0117\",\"item\":\"https:\\\/\\\/ledana.lt\\\/parduotuve\\\/\"},{\"@type\":\"ListItem\",\"position\":3,\"name\":\"Beef trimmings LQ (low quality) ,minced \u00d8 5 mm\"}]},{\"@type\":\"WebSite\",\"@id\":\"https:\\\/\\\/ledana.lt\\\/en\\\/#website\",\"url\":\"https:\\\/\\\/ledana.lt\\\/en\\\/\",\"name\":\"Ledana\",\"description\":\"Naturalus \u0161un\u0173 \u0117dalas\",\"publisher\":{\"@id\":\"https:\\\/\\\/ledana.lt\\\/en\\\/#organization\"},\"potentialAction\":[{\"@type\":\"SearchAction\",\"target\":{\"@type\":\"EntryPoint\",\"urlTemplate\":\"https:\\\/\\\/ledana.lt\\\/en\\\/?s={search_term_string}\"},\"query-input\":{\"@type\":\"PropertyValueSpecification\",\"valueRequired\":true,\"valueName\":\"search_term_string\"}}],\"inLanguage\":\"en-US\"},{\"@type\":\"Organization\",\"@id\":\"https:\\\/\\\/ledana.lt\\\/en\\\/#organization\",\"name\":\"Ledana\",\"url\":\"https:\\\/\\\/ledana.lt\\\/en\\\/\",\"logo\":{\"@type\":\"ImageObject\",\"inLanguage\":\"en-US\",\"@id\":\"https:\\\/\\\/ledana.lt\\\/en\\\/#\\\/schema\\\/logo\\\/image\\\/\",\"url\":\"https:\\\/\\\/ledana.lt\\\/wp-content\\\/uploads\\\/2023\\\/08\\\/Ledana-Logo.png\",\"contentUrl\":\"https:\\\/\\\/ledana.lt\\\/wp-content\\\/uploads\\\/2023\\\/08\\\/Ledana-Logo.png\",\"width\":534,\"height\":355,\"caption\":\"Ledana\"},\"image\":{\"@id\":\"https:\\\/\\\/ledana.lt\\\/en\\\/#\\\/schema\\\/logo\\\/image\\\/\"},\"sameAs\":[\"https:\\\/\\\/www.facebook.com\\\/uabledana\"]}]}<\/script>\n<!-- \/ Yoast SEO plugin. -->","yoast_head_json":{"title":"Beef trimmings LQ (low quality) ,minced \u00d8 5 mm - Ledana","robots":{"index":"index","follow":"follow","max-snippet":"max-snippet:-1","max-image-preview":"max-image-preview:large","max-video-preview":"max-video-preview:-1"},"canonical":"https:\/\/ledana.lt\/en\/produktas\/malta-jautien-juniors-and-cats\/","og_locale":"en_US","og_type":"article","og_title":"Beef trimmings LQ (low quality) ,minced \u00d8 5 mm - Ledana","og_description":"Packaged in 1 kg or 0.5 kg Pieces of muscle tissue. Complete feed, low in fat, rich in minerals and B vitamins.","og_url":"https:\/\/ledana.lt\/en\/produktas\/malta-jautien-juniors-and-cats\/","og_site_name":"Ledana","article_publisher":"https:\/\/www.facebook.com\/uabledana","article_modified_time":"2026-04-10T08:46:41+00:00","og_image":[{"width":445,"height":332,"url":"https:\/\/ledana.lt\/wp-content\/uploads\/2023\/08\/galviju-mesos-nuopjovos.jpg","type":"image\/jpeg"}],"twitter_card":"summary_large_image","twitter_misc":{"Est. reading time":"1 minute"},"schema":{"@context":"https:\/\/schema.org","@graph":[{"@type":"WebPage","@id":"https:\/\/ledana.lt\/en\/produktas\/malta-jautien-juniors-and-cats\/","url":"https:\/\/ledana.lt\/en\/produktas\/malta-jautien-juniors-and-cats\/","name":"Beef trimmings LQ (low quality) ,minced \u00d8 5 mm - Ledana","isPartOf":{"@id":"https:\/\/ledana.lt\/en\/#website"},"primaryImageOfPage":{"@id":"https:\/\/ledana.lt\/en\/produktas\/malta-jautien-juniors-and-cats\/#primaryimage"},"image":{"@id":"https:\/\/ledana.lt\/en\/produktas\/malta-jautien-juniors-and-cats\/#primaryimage"},"thumbnailUrl":"https:\/\/ledana.lt\/wp-content\/uploads\/2023\/08\/galviju-mesos-nuopjovos.jpg","datePublished":"2023-08-16T08:16:06+00:00","dateModified":"2026-04-10T08:46:41+00:00","breadcrumb":{"@id":"https:\/\/ledana.lt\/en\/produktas\/malta-jautien-juniors-and-cats\/#breadcrumb"},"inLanguage":"en-US","potentialAction":[{"@type":"ReadAction","target":["https:\/\/ledana.lt\/en\/produktas\/malta-jautien-juniors-and-cats\/"]}]},{"@type":"ImageObject","inLanguage":"en-US","@id":"https:\/\/ledana.lt\/en\/produktas\/malta-jautien-juniors-and-cats\/#primaryimage","url":"https:\/\/ledana.lt\/wp-content\/uploads\/2023\/08\/galviju-mesos-nuopjovos.jpg","contentUrl":"https:\/\/ledana.lt\/wp-content\/uploads\/2023\/08\/galviju-mesos-nuopjovos.jpg","width":445,"height":332},{"@type":"BreadcrumbList","@id":"https:\/\/ledana.lt\/en\/produktas\/malta-jautien-juniors-and-cats\/#breadcrumb","itemListElement":[{"@type":"ListItem","position":1,"name":"Home","item":"https:\/\/ledana.lt\/en\/"},{"@type":"ListItem","position":2,"name":"Parduotuv\u0117","item":"https:\/\/ledana.lt\/parduotuve\/"},{"@type":"ListItem","position":3,"name":"Beef trimmings LQ (low quality) ,minced \u00d8 5 mm"}]},{"@type":"WebSite","@id":"https:\/\/ledana.lt\/en\/#website","url":"https:\/\/ledana.lt\/en\/","name":"Ledana","description":"Naturalus \u0161un\u0173 \u0117dalas","publisher":{"@id":"https:\/\/ledana.lt\/en\/#organization"},"potentialAction":[{"@type":"SearchAction","target":{"@type":"EntryPoint","urlTemplate":"https:\/\/ledana.lt\/en\/?s={search_term_string}"},"query-input":{"@type":"PropertyValueSpecification","valueRequired":true,"valueName":"search_term_string"}}],"inLanguage":"en-US"},{"@type":"Organization","@id":"https:\/\/ledana.lt\/en\/#organization","name":"Ledana","url":"https:\/\/ledana.lt\/en\/","logo":{"@type":"ImageObject","inLanguage":"en-US","@id":"https:\/\/ledana.lt\/en\/#\/schema\/logo\/image\/","url":"https:\/\/ledana.lt\/wp-content\/uploads\/2023\/08\/Ledana-Logo.png","contentUrl":"https:\/\/ledana.lt\/wp-content\/uploads\/2023\/08\/Ledana-Logo.png","width":534,"height":355,"caption":"Ledana"},"image":{"@id":"https:\/\/ledana.lt\/en\/#\/schema\/logo\/image\/"},"sameAs":["https:\/\/www.facebook.com\/uabledana"]}]}},"jetpack_sharing_enabled":true,"_links":{"self":[{"href":"https:\/\/ledana.lt\/en\/wp-json\/wp\/v2\/product\/1576","targetHints":{"allow":["GET"]}}],"collection":[{"href":"https:\/\/ledana.lt\/en\/wp-json\/wp\/v2\/product"}],"about":[{"href":"https:\/\/ledana.lt\/en\/wp-json\/wp\/v2\/types\/product"}],"replies":[{"embeddable":true,"href":"https:\/\/ledana.lt\/en\/wp-json\/wp\/v2\/comments?post=1576"}],"wp:featuredmedia":[{"embeddable":true,"href":"https:\/\/ledana.lt\/en\/wp-json\/wp\/v2\/media\/1577"}],"wp:attachment":[{"href":"https:\/\/ledana.lt\/en\/wp-json\/wp\/v2\/media?parent=1576"}],"wp:term":[{"taxonomy":"product_brand","embeddable":true,"href":"https:\/\/ledana.lt\/en\/wp-json\/wp\/v2\/product_brand?post=1576"},{"taxonomy":"product_cat","embeddable":true,"href":"https:\/\/ledana.lt\/en\/wp-json\/wp\/v2\/product_cat?post=1576"},{"taxonomy":"product_tag","embeddable":true,"href":"https:\/\/ledana.lt\/en\/wp-json\/wp\/v2\/product_tag?post=1576"}],"curies":[{"name":"wp","href":"https:\/\/api.w.org\/{rel}","templated":true}]}}