{"id":1529,"date":"2023-09-04T06:20:45","date_gmt":"2023-09-04T06:20:45","guid":{"rendered":"https:\/\/ledana.lt\/where-to-buy\/"},"modified":"2023-11-21T08:34:00","modified_gmt":"2023-11-21T08:34:00","slug":"where-to-buy","status":"publish","type":"page","link":"https:\/\/ledana.lt\/en\/where-to-buy\/","title":{"rendered":"Where to buy"},"content":{"rendered":"\t\t<div data-elementor-type=\"wp-page\" data-elementor-id=\"1529\" class=\"elementor elementor-1529 elementor-758\" data-elementor-post-type=\"page\">\n\t\t\t\t<div class=\"elementor-element elementor-element-d3da79c e-flex e-con-boxed lakit-col-width-auto-no e-container e-root-container elementor-top-section e-con e-parent\" data-id=\"d3da79c\" data-element_type=\"container\">\n\t\t\t\t\t<div class=\"e-con-inner\">\n\t\t\t\t<div class=\"elementor-element elementor-element-380df1d elementor-widget elementor-widget-text-editor\" data-id=\"380df1d\" data-element_type=\"widget\" data-widget_type=\"text-editor.default\">\n\t\t\t\t<div class=\"elementor-widget-container\">\n\t\t\t\t\t\t\t\t\t<p><\/p>\n<h5><span style=\"color: #874600;\"><strong>You can buy our products <a href=\"\/parduotuve\/\">\n  <span style=\"text-decoration: underline;\">in our online shop<\/span>\n<\/a> or:<\/strong><\/span><\/h5>\n<p><\/p>\n<p>1<strong>.In the company &#8211; working<\/strong> days 08.00-16.30 Plento g.16,U\u017elied\u017eiai,Kaunas district (without a small surcharge) or&nbsp;<strong>for home delivery<\/strong><\/p>\n<p><\/p>\n<p>2<strong>.In Kaunas<\/strong>:Dainava, Girstupio, Vilijampol\u0117 marketplaces<\/p>\n<p><\/p>\n<p>3<strong>.Prienai-UAB<\/strong>&#8220;Osmedas&#8221;<\/p>\n<p><\/p>\n<p>4<strong>.Alytus-UAB<\/strong>&#8220;Alytus vet.vaistin\u0117&#8221;<\/p>\n<p><\/p>\n<p>-Canis Dina Institution Statybinink\u0173 g.76<\/p>\n<p><\/p>\n<p>5<strong>.Vilnius<\/strong>:<\/p>\n<p><\/p>\n<p>1. UAB &#8220;VET-1&#8221; \u017demynos g.30<\/p>\n<p><\/p>\n<p>2.UAB Sled dogs Baltic pard. Algirdas 37&nbsp;&nbsp;&nbsp;&nbsp;&nbsp;&nbsp;&nbsp;&nbsp;&nbsp;&nbsp;&nbsp;&nbsp;&nbsp;&nbsp;&nbsp;&nbsp;&nbsp;&nbsp;&nbsp;&nbsp;&nbsp;&nbsp;&nbsp;&nbsp;&nbsp;&nbsp;  10.00-18.00<\/p>\n<p><\/p>\n<p><\/p>\n<p>3<strong>.Jonava-UAB<\/strong>&#8220;Katsas&#8221; market<\/p>\n<p><\/p>\n<p><\/p>\n<p>4<strong>.In Raudondvaris(<\/strong>Kaunas district<strong>)-MB<\/strong>&#8220;Netonis&#8221; Naujalio g.4<\/p>\n<p><\/p>\n<p><\/p>\n<p>7<strong>.Vilkija-UAB<\/strong>&#8220;Rau\u010dulys&#8221;<\/p>\n<p><\/p>\n<p>8<strong>.Vievyas &#8211; veterinary<\/strong> pharmacy Vilniaus g.38<\/p>\n<p><\/p>\n<p>9<strong>.Elektrenai &#8211; veterinary<\/strong> pharmacy PC &#8220;IKI&#8221; Draugyst\u0117s 14<\/p>\n<p><\/p>\t\t\t\t\t\t\t\t<\/div>\n\t\t\t\t<\/div>\n\t\t\t\t<div class=\"elementor-element elementor-element-668a771 elementor-widget elementor-widget-spacer\" data-id=\"668a771\" data-element_type=\"widget\" data-widget_type=\"spacer.default\">\n\t\t\t\t<div class=\"elementor-widget-container\">\n\t\t\t\t\t\t\t<div class=\"elementor-spacer\">\n\t\t\t<div class=\"elementor-spacer-inner\"><\/div>\n\t\t<\/div>\n\t\t\t\t\t\t<\/div>\n\t\t\t\t<\/div>\n\t\t\t\t\t<\/div>\n\t\t\t\t<\/div>\n\t\t\t\t<\/div>\n\t\t","protected":false},"excerpt":{"rendered":"<p>You can buy our products in our online shop or: 1.In the company &#8211; working days 08.00-16.30 Plento g.16,U\u017elied\u017eiai,Kaunas district (without a small surcharge) or&nbsp;for home delivery 2.In Kaunas:Dainava, Girstupio, Vilijampol\u0117 marketplaces 3.Prienai-UAB&#8220;Osmedas&#8221; 4.Alytus-UAB&#8220;Alytus vet.vaistin\u0117&#8221; -Canis Dina Institution Statybinink\u0173 g.76 5.Vilnius: 1. UAB &#8220;VET-1&#8221; \u017demynos g.30 2.UAB Sled dogs Baltic pard.&hellip;<\/p>\n","protected":false},"author":1,"featured_media":0,"parent":0,"menu_order":0,"comment_status":"closed","ping_status":"closed","template":"","meta":{"_acf_changed":false,"footnotes":""},"class_list":["post-1529","page","type-page","status-publish","hentry"],"acf":[],"yoast_head":"<!-- This site is optimized with the Yoast SEO plugin v26.8 - https:\/\/yoast.com\/product\/yoast-seo-wordpress\/ -->\n<title>Where to buy - Ledana<\/title>\n<meta name=\"robots\" content=\"index, follow, max-snippet:-1, max-image-preview:large, max-video-preview:-1\" \/>\n<link rel=\"canonical\" href=\"https:\/\/ledana.lt\/en\/where-to-buy\/\" \/>\n<meta property=\"og:locale\" content=\"en_US\" \/>\n<meta property=\"og:type\" content=\"article\" \/>\n<meta property=\"og:title\" content=\"Where to buy - Ledana\" \/>\n<meta property=\"og:description\" content=\"You can buy our products in our online shop or: 1.In the company &#8211; working days 08.00-16.30 Plento g.16,U\u017elied\u017eiai,Kaunas district (without a small surcharge) or&nbsp;for home delivery 2.In Kaunas:Dainava, Girstupio, Vilijampol\u0117 marketplaces 3.Prienai-UAB&#8220;Osmedas&#8221; 4.Alytus-UAB&#8220;Alytus vet.vaistin\u0117&#8221; -Canis Dina Institution Statybinink\u0173 g.76 5.Vilnius: 1. UAB &#8220;VET-1&#8221; \u017demynos g.30 2.UAB Sled dogs Baltic pard.&hellip;\" \/>\n<meta property=\"og:url\" content=\"https:\/\/ledana.lt\/en\/where-to-buy\/\" \/>\n<meta property=\"og:site_name\" content=\"Ledana\" \/>\n<meta property=\"article:publisher\" content=\"https:\/\/www.facebook.com\/uabledana\" \/>\n<meta property=\"article:modified_time\" content=\"2023-11-21T08:34:00+00:00\" \/>\n<meta property=\"og:image\" content=\"https:\/\/ledana.lt\/wp-content\/uploads\/2023\/08\/suo-atsidedes-pre-stalo.jpg\" \/>\n\t<meta property=\"og:image:width\" content=\"1177\" \/>\n\t<meta property=\"og:image:height\" content=\"627\" \/>\n\t<meta property=\"og:image:type\" content=\"image\/jpeg\" \/>\n<meta name=\"twitter:card\" content=\"summary_large_image\" \/>\n<meta name=\"twitter:label1\" content=\"Est. reading time\" \/>\n\t<meta name=\"twitter:data1\" content=\"1 minute\" \/>\n<script type=\"application\/ld+json\" class=\"yoast-schema-graph\">{\"@context\":\"https:\/\/schema.org\",\"@graph\":[{\"@type\":\"WebPage\",\"@id\":\"https:\/\/ledana.lt\/en\/where-to-buy\/\",\"url\":\"https:\/\/ledana.lt\/en\/where-to-buy\/\",\"name\":\"Where to buy - Ledana\",\"isPartOf\":{\"@id\":\"https:\/\/ledana.lt\/en\/#website\"},\"datePublished\":\"2023-09-04T06:20:45+00:00\",\"dateModified\":\"2023-11-21T08:34:00+00:00\",\"breadcrumb\":{\"@id\":\"https:\/\/ledana.lt\/en\/where-to-buy\/#breadcrumb\"},\"inLanguage\":\"en-US\",\"potentialAction\":[{\"@type\":\"ReadAction\",\"target\":[\"https:\/\/ledana.lt\/en\/where-to-buy\/\"]}]},{\"@type\":\"BreadcrumbList\",\"@id\":\"https:\/\/ledana.lt\/en\/where-to-buy\/#breadcrumb\",\"itemListElement\":[{\"@type\":\"ListItem\",\"position\":1,\"name\":\"Home\",\"item\":\"https:\/\/ledana.lt\/en\/\"},{\"@type\":\"ListItem\",\"position\":2,\"name\":\"Where to buy\"}]},{\"@type\":\"WebSite\",\"@id\":\"https:\/\/ledana.lt\/en\/#website\",\"url\":\"https:\/\/ledana.lt\/en\/\",\"name\":\"Ledana\",\"description\":\"Naturalus \u0161un\u0173 \u0117dalas\",\"publisher\":{\"@id\":\"https:\/\/ledana.lt\/en\/#organization\"},\"potentialAction\":[{\"@type\":\"SearchAction\",\"target\":{\"@type\":\"EntryPoint\",\"urlTemplate\":\"https:\/\/ledana.lt\/en\/?s={search_term_string}\"},\"query-input\":{\"@type\":\"PropertyValueSpecification\",\"valueRequired\":true,\"valueName\":\"search_term_string\"}}],\"inLanguage\":\"en-US\"},{\"@type\":\"Organization\",\"@id\":\"https:\/\/ledana.lt\/en\/#organization\",\"name\":\"Ledana\",\"url\":\"https:\/\/ledana.lt\/en\/\",\"logo\":{\"@type\":\"ImageObject\",\"inLanguage\":\"en-US\",\"@id\":\"https:\/\/ledana.lt\/en\/#\/schema\/logo\/image\/\",\"url\":\"https:\/\/ledana.lt\/wp-content\/uploads\/2023\/08\/Ledana-Logo.png\",\"contentUrl\":\"https:\/\/ledana.lt\/wp-content\/uploads\/2023\/08\/Ledana-Logo.png\",\"width\":534,\"height\":355,\"caption\":\"Ledana\"},\"image\":{\"@id\":\"https:\/\/ledana.lt\/en\/#\/schema\/logo\/image\/\"},\"sameAs\":[\"https:\/\/www.facebook.com\/uabledana\"]}]}<\/script>\n<!-- \/ Yoast SEO plugin. -->","yoast_head_json":{"title":"Where to buy - Ledana","robots":{"index":"index","follow":"follow","max-snippet":"max-snippet:-1","max-image-preview":"max-image-preview:large","max-video-preview":"max-video-preview:-1"},"canonical":"https:\/\/ledana.lt\/en\/where-to-buy\/","og_locale":"en_US","og_type":"article","og_title":"Where to buy - Ledana","og_description":"You can buy our products in our online shop or: 1.In the company &#8211; working days 08.00-16.30 Plento g.16,U\u017elied\u017eiai,Kaunas district (without a small surcharge) or&nbsp;for home delivery 2.In Kaunas:Dainava, Girstupio, Vilijampol\u0117 marketplaces 3.Prienai-UAB&#8220;Osmedas&#8221; 4.Alytus-UAB&#8220;Alytus vet.vaistin\u0117&#8221; -Canis Dina Institution Statybinink\u0173 g.76 5.Vilnius: 1. UAB &#8220;VET-1&#8221; \u017demynos g.30 2.UAB Sled dogs Baltic pard.&hellip;","og_url":"https:\/\/ledana.lt\/en\/where-to-buy\/","og_site_name":"Ledana","article_publisher":"https:\/\/www.facebook.com\/uabledana","article_modified_time":"2023-11-21T08:34:00+00:00","og_image":[{"width":1177,"height":627,"url":"https:\/\/ledana.lt\/wp-content\/uploads\/2023\/08\/suo-atsidedes-pre-stalo.jpg","type":"image\/jpeg"}],"twitter_card":"summary_large_image","twitter_misc":{"Est. reading time":"1 minute"},"schema":{"@context":"https:\/\/schema.org","@graph":[{"@type":"WebPage","@id":"https:\/\/ledana.lt\/en\/where-to-buy\/","url":"https:\/\/ledana.lt\/en\/where-to-buy\/","name":"Where to buy - Ledana","isPartOf":{"@id":"https:\/\/ledana.lt\/en\/#website"},"datePublished":"2023-09-04T06:20:45+00:00","dateModified":"2023-11-21T08:34:00+00:00","breadcrumb":{"@id":"https:\/\/ledana.lt\/en\/where-to-buy\/#breadcrumb"},"inLanguage":"en-US","potentialAction":[{"@type":"ReadAction","target":["https:\/\/ledana.lt\/en\/where-to-buy\/"]}]},{"@type":"BreadcrumbList","@id":"https:\/\/ledana.lt\/en\/where-to-buy\/#breadcrumb","itemListElement":[{"@type":"ListItem","position":1,"name":"Home","item":"https:\/\/ledana.lt\/en\/"},{"@type":"ListItem","position":2,"name":"Where to buy"}]},{"@type":"WebSite","@id":"https:\/\/ledana.lt\/en\/#website","url":"https:\/\/ledana.lt\/en\/","name":"Ledana","description":"Naturalus \u0161un\u0173 \u0117dalas","publisher":{"@id":"https:\/\/ledana.lt\/en\/#organization"},"potentialAction":[{"@type":"SearchAction","target":{"@type":"EntryPoint","urlTemplate":"https:\/\/ledana.lt\/en\/?s={search_term_string}"},"query-input":{"@type":"PropertyValueSpecification","valueRequired":true,"valueName":"search_term_string"}}],"inLanguage":"en-US"},{"@type":"Organization","@id":"https:\/\/ledana.lt\/en\/#organization","name":"Ledana","url":"https:\/\/ledana.lt\/en\/","logo":{"@type":"ImageObject","inLanguage":"en-US","@id":"https:\/\/ledana.lt\/en\/#\/schema\/logo\/image\/","url":"https:\/\/ledana.lt\/wp-content\/uploads\/2023\/08\/Ledana-Logo.png","contentUrl":"https:\/\/ledana.lt\/wp-content\/uploads\/2023\/08\/Ledana-Logo.png","width":534,"height":355,"caption":"Ledana"},"image":{"@id":"https:\/\/ledana.lt\/en\/#\/schema\/logo\/image\/"},"sameAs":["https:\/\/www.facebook.com\/uabledana"]}]}},"jetpack_sharing_enabled":true,"_links":{"self":[{"href":"https:\/\/ledana.lt\/en\/wp-json\/wp\/v2\/pages\/1529","targetHints":{"allow":["GET"]}}],"collection":[{"href":"https:\/\/ledana.lt\/en\/wp-json\/wp\/v2\/pages"}],"about":[{"href":"https:\/\/ledana.lt\/en\/wp-json\/wp\/v2\/types\/page"}],"author":[{"embeddable":true,"href":"https:\/\/ledana.lt\/en\/wp-json\/wp\/v2\/users\/1"}],"replies":[{"embeddable":true,"href":"https:\/\/ledana.lt\/en\/wp-json\/wp\/v2\/comments?post=1529"}],"version-history":[{"count":4,"href":"https:\/\/ledana.lt\/en\/wp-json\/wp\/v2\/pages\/1529\/revisions"}],"predecessor-version":[{"id":1954,"href":"https:\/\/ledana.lt\/en\/wp-json\/wp\/v2\/pages\/1529\/revisions\/1954"}],"wp:attachment":[{"href":"https:\/\/ledana.lt\/en\/wp-json\/wp\/v2\/media?parent=1529"}],"curies":[{"name":"wp","href":"https:\/\/api.w.org\/{rel}","templated":true}]}}